{"id":54,"date":"2017-02-22T10:16:50","date_gmt":"2017-02-22T13:16:50","guid":{"rendered":"http:\/\/blog.ufes.br\/mostradeprofissoes\/?page_id=54"},"modified":"2017-02-22T10:16:50","modified_gmt":"2017-02-22T13:16:50","slug":"ciencias-da-computacao","status":"publish","type":"page","link":"https:\/\/blog.ufes.br\/mostradeprofissoes\/ciencias-da-computacao\/","title":{"rendered":"Ci\u00eancias da Computa\u00e7\u00e3o"},"content":{"rendered":"<p>O Curso de Ci\u00eancia da Computa\u00e7\u00e3o aborda de maneira aprofundada os conceitos e teorias da computa\u00e7\u00e3o, dando uma s\u00f3lida forma\u00e7\u00e3o em \u00e1reas como estruturas de informa\u00e7\u00e3o, linguagens de programa\u00e7\u00e3o, desenvolvimento e analise de sistemas. O curso \u00e9 focado essencialmente em software e tem um forte embasamento em fundamentos matem\u00e1ticos e em c\u00e1lculos. O estudante de Ci\u00eancias da Computa\u00e7\u00e3o \u00e9 preparado para resolver problemas reais, aplicando solu\u00e7\u00f5es que envolvam computa\u00e7\u00e3o. Quem se forma nesta \u00e1rea tem uma variedade grande de carreiras profissionais a seguir, uma vez que a computa\u00e7\u00e3o \u00e9 aplicada em diversas \u00e1reas do conhecimento.<\/p>\n<p>Assim, de forma geral, o curso visa a uma forma\u00e7\u00e3o de desenvolvimento tecnol\u00f3gico, portanto, o curso n\u00e3o \u00e9 voltado apenas para o mercado de trabalho imediato, mas tamb\u00e9m para a pesquisa cient\u00edfica, buscando o desenvolvimento de novas tecnologias. Al\u00e9m disso, de estimula os alunos a prosseguir em seus estudos em n\u00edvel de mestrado e doutorado.<\/p>\n<p><strong>\u00c1reas de atua\u00e7\u00e3o<\/strong><\/p>\n<p>O bacharel em Ci\u00eancias da Computa\u00e7\u00e3o pode atuar nas seguintes \u00e1reas:<\/p>\n<ul>\n<li>Programador<\/li>\n<li>Analista de Sistemas<\/li>\n<li>Help-desk<\/li>\n<li>Testador de Software<\/li>\n<li>Desenvolvimento de Sistemas para web<\/li>\n<li>Desenvolvimento de Software embarcado<\/li>\n<li>Aplica\u00e7\u00f5es cient\u00edficas<\/li>\n<li>\u00c1rea acad\u00eamica<\/li>\n<li>Arquiteto\/projetista<\/li>\n<li>Database Administrador (DBA)<\/li>\n<li>Empreendedor<\/li>\n<li>Consultor (ou Freenlancer)<\/li>\n<li>Auditor de sistemas<\/li>\n<li>Pesquisador<\/li>\n<li>Seguran\u00e7a e Auditoria<\/li>\n<li>Desenvolvimento de Jogos.<\/li>\n<\/ul>\n<p><strong>Dura\u00e7\u00e3o de 4 anos (8 semestres).<\/strong><br \/>\n<strong> Per\u00edodo integral.<\/strong><\/p>\n<p>&nbsp;<\/p>\n","protected":false},"excerpt":{"rendered":"<p>O Curso de Ci\u00eancia da Computa\u00e7\u00e3o aborda de maneira aprofundada os conceitos e teorias da computa\u00e7\u00e3o, dando uma s\u00f3lida forma\u00e7\u00e3o em \u00e1reas como estruturas de informa\u00e7\u00e3o, linguagens de programa\u00e7\u00e3o, desenvolvimento e analise de sistemas. O curso \u00e9 focado essencialmente em &hellip; <a href=\"https:\/\/blog.ufes.br\/mostradeprofissoes\/ciencias-da-computacao\/\">Continue lendo <span class=\"meta-nav\">&rarr;<\/span><\/a><\/p>\n","protected":false},"author":289,"featured_media":0,"parent":0,"menu_order":0,"comment_status":"closed","ping_status":"closed","template":"","meta":{"_bbp_topic_count":0,"_bbp_reply_count":0,"_bbp_total_topic_count":0,"_bbp_total_reply_count":0,"_bbp_voice_count":0,"_bbp_anonymous_reply_count":0,"_bbp_topic_count_hidden":0,"_bbp_reply_count_hidden":0,"_bbp_forum_subforum_count":0,"_uag_custom_page_level_css":"","footnotes":""},"class_list":["post-54","page","type-page","status-publish","hentry"],"uagb_featured_image_src":{"full":false,"thumbnail":false,"medium":false,"medium_large":false,"large":false,"1536x1536":false,"2048x2048":false,"post-thumbnail":false,"large-feature":false,"small-feature":false},"uagb_author_info":{"display_name":"josileia.oliveira","author_link":"https:\/\/blog.ufes.br\/mostradeprofissoes\/author\/josilia_curty-de-oliveira\/"},"uagb_comment_info":0,"uagb_excerpt":"O Curso de Ci\u00eancia da Computa\u00e7\u00e3o aborda de maneira aprofundada os conceitos e teorias da computa\u00e7\u00e3o, dando uma s\u00f3lida forma\u00e7\u00e3o em \u00e1reas como estruturas de informa\u00e7\u00e3o, linguagens de programa\u00e7\u00e3o, desenvolvimento e analise de sistemas. O curso \u00e9 focado essencialmente em &hellip; Continue lendo &rarr;","_links":{"self":[{"href":"https:\/\/blog.ufes.br\/mostradeprofissoes\/wp-json\/wp\/v2\/pages\/54","targetHints":{"allow":["GET"]}}],"collection":[{"href":"https:\/\/blog.ufes.br\/mostradeprofissoes\/wp-json\/wp\/v2\/pages"}],"about":[{"href":"https:\/\/blog.ufes.br\/mostradeprofissoes\/wp-json\/wp\/v2\/types\/page"}],"author":[{"embeddable":true,"href":"https:\/\/blog.ufes.br\/mostradeprofissoes\/wp-json\/wp\/v2\/users\/289"}],"replies":[{"embeddable":true,"href":"https:\/\/blog.ufes.br\/mostradeprofissoes\/wp-json\/wp\/v2\/comments?post=54"}],"version-history":[{"count":1,"href":"https:\/\/blog.ufes.br\/mostradeprofissoes\/wp-json\/wp\/v2\/pages\/54\/revisions"}],"predecessor-version":[{"id":55,"href":"https:\/\/blog.ufes.br\/mostradeprofissoes\/wp-json\/wp\/v2\/pages\/54\/revisions\/55"}],"wp:attachment":[{"href":"https:\/\/blog.ufes.br\/mostradeprofissoes\/wp-json\/wp\/v2\/media?parent=54"}],"curies":[{"name":"wp","href":"https:\/\/api.w.org\/{rel}","templated":true}]}}