{"id":60,"date":"2017-02-22T10:22:45","date_gmt":"2017-02-22T13:22:45","guid":{"rendered":"http:\/\/blog.ufes.br\/mostradeprofissoes\/?page_id=60"},"modified":"2017-02-22T10:22:45","modified_gmt":"2017-02-22T13:22:45","slug":"engenharia-quimica","status":"publish","type":"page","link":"https:\/\/blog.ufes.br\/mostradeprofissoes\/engenharia-quimica\/","title":{"rendered":"Engenharia Qu\u00edmica"},"content":{"rendered":"<p>A Engenharia Qu\u00edmica possui foco no desenvolvimento, na an\u00e1lise e no projeto de processos industriais f\u00edsicos, qu\u00edmicos e bioqu\u00edmicos, nos quais mat\u00e9rias-primas s\u00e3o transformadas em produtos industriais. O curso \u00e9 fundamentado nos princ\u00edpios da qu\u00edmica, f\u00edsica e matem\u00e1tica e estuda processos e produtos da engenharia onde fen\u00f4menos f\u00edsico-qu\u00edmicos s\u00e3o relevantes.<\/p>\n<p>O engenheiro qu\u00edmico est\u00e1 habilitado para atuar nas \u00e1reas de planejamento, projeto, constru\u00e7\u00e3o, opera\u00e7\u00e3o, processo e ger\u00eancia de plantas qu\u00edmicas industriais e correlatas. Tamb\u00e9m s\u00e3o importantes \u00e1reas de atua\u00e7\u00e3o do engenheiro qu\u00edmico: pesquisa e desenvolvimento de processos e produtos, engenharia ambiental, seguran\u00e7a do trabalho, engenharia de qualidade, vendas e assist\u00eancia t\u00e9cnicas,\u00a0<em>marketing<\/em>, gest\u00e3o de neg\u00f3cios e \u00e1rea financeira. Paralelamente \u00e0 s\u00f3lida forma\u00e7\u00e3o te\u00f3rica, o curso de Engenharia Qu\u00edmica possui uma intensa atividade pr\u00e1tica em laborat\u00f3rios did\u00e1ticos e em ind\u00fastrias diversas.<\/p>\n<p>O Curso de Engenharia Qu\u00edmica do CCAE\/UFES objetiva, principalmente, contribuir para a forma\u00e7\u00e3o de engenheiros qu\u00edmicos que ir\u00e3o atuar no estado do Esp\u00edrito Santo e em seus vizinhos. Nesta regi\u00e3o geogr\u00e1fica, \u00e9 poss\u00edvel destacar atividades que envolvem intensivamente: ind\u00fastrias de celulose, ind\u00fastria petrol\u00edfera, ind\u00fastrias sider\u00fargicas e atividades relacionadas \u00e0 avalia\u00e7\u00e3o e \u00e0 mitiga\u00e7\u00e3o de impactos ambientais, causados pela interven\u00e7\u00e3o do homem no meio ambiente. Diante desta realidade, as disciplinas ministradas no Curso s\u00e3o trabalhadas, na medida do poss\u00edvel, com \u00eanfase nestas \u00e1reas.<\/p>\n<p>No CCAE\/UFES, o Curso de Engenharia Qu\u00edmica \u00e9 idealizado de forma a permitir uma ampla interface com os demais cursos oferecidos por esta institui\u00e7\u00e3o. Desta forma, o discente possui a oportunidade de absorver conhecimentos tradicionalmente trabalhados em outras \u00e1reas de conhecimento. Tal caracter\u00edstica valoriza as habilidades e os interesses individuais do aluno, possibilitando a forma\u00e7\u00e3o de um profissional diferenciado.<\/p>\n<p><strong>Dura\u00e7\u00e3o de 5 ano (10 semestres).<\/strong><br \/>\n<strong> Per\u00edodo Integral.<\/strong><\/p>\n","protected":false},"excerpt":{"rendered":"<p>A Engenharia Qu\u00edmica possui foco no desenvolvimento, na an\u00e1lise e no projeto de processos industriais f\u00edsicos, qu\u00edmicos e bioqu\u00edmicos, nos quais mat\u00e9rias-primas s\u00e3o transformadas em produtos industriais. O curso \u00e9 fundamentado nos princ\u00edpios da qu\u00edmica, f\u00edsica e matem\u00e1tica e estuda &hellip; <a href=\"https:\/\/blog.ufes.br\/mostradeprofissoes\/engenharia-quimica\/\">Continue lendo <span class=\"meta-nav\">&rarr;<\/span><\/a><\/p>\n","protected":false},"author":289,"featured_media":0,"parent":0,"menu_order":0,"comment_status":"closed","ping_status":"closed","template":"","meta":{"_bbp_topic_count":0,"_bbp_reply_count":0,"_bbp_total_topic_count":0,"_bbp_total_reply_count":0,"_bbp_voice_count":0,"_bbp_anonymous_reply_count":0,"_bbp_topic_count_hidden":0,"_bbp_reply_count_hidden":0,"_bbp_forum_subforum_count":0,"_uag_custom_page_level_css":"","footnotes":""},"class_list":["post-60","page","type-page","status-publish","hentry"],"uagb_featured_image_src":{"full":false,"thumbnail":false,"medium":false,"medium_large":false,"large":false,"1536x1536":false,"2048x2048":false,"post-thumbnail":false,"large-feature":false,"small-feature":false},"uagb_author_info":{"display_name":"josileia.oliveira","author_link":"https:\/\/blog.ufes.br\/mostradeprofissoes\/author\/josilia_curty-de-oliveira\/"},"uagb_comment_info":0,"uagb_excerpt":"A Engenharia Qu\u00edmica possui foco no desenvolvimento, na an\u00e1lise e no projeto de processos industriais f\u00edsicos, qu\u00edmicos e bioqu\u00edmicos, nos quais mat\u00e9rias-primas s\u00e3o transformadas em produtos industriais. O curso \u00e9 fundamentado nos princ\u00edpios da qu\u00edmica, f\u00edsica e matem\u00e1tica e estuda &hellip; Continue lendo &rarr;","_links":{"self":[{"href":"https:\/\/blog.ufes.br\/mostradeprofissoes\/wp-json\/wp\/v2\/pages\/60","targetHints":{"allow":["GET"]}}],"collection":[{"href":"https:\/\/blog.ufes.br\/mostradeprofissoes\/wp-json\/wp\/v2\/pages"}],"about":[{"href":"https:\/\/blog.ufes.br\/mostradeprofissoes\/wp-json\/wp\/v2\/types\/page"}],"author":[{"embeddable":true,"href":"https:\/\/blog.ufes.br\/mostradeprofissoes\/wp-json\/wp\/v2\/users\/289"}],"replies":[{"embeddable":true,"href":"https:\/\/blog.ufes.br\/mostradeprofissoes\/wp-json\/wp\/v2\/comments?post=60"}],"version-history":[{"count":1,"href":"https:\/\/blog.ufes.br\/mostradeprofissoes\/wp-json\/wp\/v2\/pages\/60\/revisions"}],"predecessor-version":[{"id":61,"href":"https:\/\/blog.ufes.br\/mostradeprofissoes\/wp-json\/wp\/v2\/pages\/60\/revisions\/61"}],"wp:attachment":[{"href":"https:\/\/blog.ufes.br\/mostradeprofissoes\/wp-json\/wp\/v2\/media?parent=60"}],"curies":[{"name":"wp","href":"https:\/\/api.w.org\/{rel}","templated":true}]}}