{"id":62,"date":"2017-02-22T10:24:07","date_gmt":"2017-02-22T13:24:07","guid":{"rendered":"http:\/\/blog.ufes.br\/mostradeprofissoes\/?page_id=62"},"modified":"2017-02-22T10:24:07","modified_gmt":"2017-02-22T13:24:07","slug":"engenharia-de-alimentos","status":"publish","type":"page","link":"https:\/\/blog.ufes.br\/mostradeprofissoes\/engenharia-de-alimentos\/","title":{"rendered":"Engenharia de Alimentos"},"content":{"rendered":"<p>O curso de Engenharia de Alimentos do CCAE-UFES tem por objetivo formar o engenheiro para atuar nos processos de industrializa\u00e7\u00e3o de alimentos de origem vegetal e animal.<\/p>\n<p>Para tanto, o profissional conta com s\u00f3lida forma\u00e7\u00e3o em: (i) ci\u00eancia e tecnologia de alimentos; e (ii) engenharia. Isso para atua\u00e7\u00e3o em processos que envolvem: (i) caracteriza\u00e7\u00e3o e sele\u00e7\u00e3o da mat\u00e9ria-prima; (ii) defini\u00e7\u00e3o de processos e opera\u00e7\u00f5es; e (iii) elabora\u00e7\u00e3o de projetos de instala\u00e7\u00f5es industriais.<\/p>\n<p>A atua\u00e7\u00e3o profissional pode ocorrer em: (i)Ind\u00fastrias de produtos l\u00e1cteos, produtos c\u00e1rneos e pescados, produtos panificados e massas, processamento de frutas e hortali\u00e7as, bebidas, cereais e sementes oleaginosas, embalagens, aditivos, equipamentos paro o setor aliment\u00edcio; (ii) Empresas prestadoras de servi\u00e7os em controle de qualidade qu\u00edmica, microbiol\u00f3gica e sensorial de alimentos, tratamento de res\u00edduos de agroind\u00fastrias e consultoria t\u00e9cnica; (iii) \u00d3rg\u00e3os e institui\u00e7\u00f5es p\u00fablicas; (iv) Servi\u00e7o aut\u00f4nomo; e (v) Universidade e outros \u00f3rg\u00e3os de ensino e, ou, pesquisa.<\/p>\n<p>O curso de\u00a0 Engenharia de Alimentos da UFES \u00e9 sediado no Centro de Ci\u00eancias Agr\u00e1rias e Engenharias em Alegre. S\u00e3o oferecidas 40 vagas anuais. O ciclo b\u00e1sico tem disciplinas das \u00e1reas de matem\u00e1tica, f\u00edsica, qu\u00edmica, biologia, inform\u00e1tica e humanas. No ciclo profissionalizante, as disciplinas s\u00e3o das \u00e1reas de conserva\u00e7\u00e3o de alimentos, opera\u00e7\u00f5es de processamento de alimentos, processamento de produtos de origem vegetal e animal, instala\u00e7\u00f5es industriais, gest\u00e3o de qualidade nas ind\u00fastrias de alimentos, higiene industrial, legisla\u00e7\u00e3o de alimentos, higiene industrial, legisla\u00e7\u00e3o de alimentos, toxicologia, seguran\u00e7a alimentar e embalagens de alimentos. O aluno poder\u00e1 ainda optar entre determinadas disciplinas nas \u00e1reas de produtos l\u00e1cteos, produtos c\u00e1rneos, produtos do amido, tecnologia de bebidas e refrigerantes, tecnologia de pescados, tecnologia de vinhos, tecnologia de queijos e tecnologia de aguardentes.<\/p>\n<p><strong>Turno integral.<\/strong><br \/>\n<strong> Per\u00edodo: 5 anos (10 semestres).<\/strong><\/p>\n","protected":false},"excerpt":{"rendered":"<p>O curso de Engenharia de Alimentos do CCAE-UFES tem por objetivo formar o engenheiro para atuar nos processos de industrializa\u00e7\u00e3o de alimentos de origem vegetal e animal. Para tanto, o profissional conta com s\u00f3lida forma\u00e7\u00e3o em: (i) ci\u00eancia e tecnologia &hellip; <a href=\"https:\/\/blog.ufes.br\/mostradeprofissoes\/engenharia-de-alimentos\/\">Continue lendo <span class=\"meta-nav\">&rarr;<\/span><\/a><\/p>\n","protected":false},"author":289,"featured_media":0,"parent":0,"menu_order":0,"comment_status":"closed","ping_status":"closed","template":"","meta":{"_bbp_topic_count":0,"_bbp_reply_count":0,"_bbp_total_topic_count":0,"_bbp_total_reply_count":0,"_bbp_voice_count":0,"_bbp_anonymous_reply_count":0,"_bbp_topic_count_hidden":0,"_bbp_reply_count_hidden":0,"_bbp_forum_subforum_count":0,"_uag_custom_page_level_css":"","footnotes":""},"class_list":["post-62","page","type-page","status-publish","hentry"],"uagb_featured_image_src":{"full":false,"thumbnail":false,"medium":false,"medium_large":false,"large":false,"1536x1536":false,"2048x2048":false,"post-thumbnail":false,"large-feature":false,"small-feature":false},"uagb_author_info":{"display_name":"josileia.oliveira","author_link":"https:\/\/blog.ufes.br\/mostradeprofissoes\/author\/josilia_curty-de-oliveira\/"},"uagb_comment_info":0,"uagb_excerpt":"O curso de Engenharia de Alimentos do CCAE-UFES tem por objetivo formar o engenheiro para atuar nos processos de industrializa\u00e7\u00e3o de alimentos de origem vegetal e animal. Para tanto, o profissional conta com s\u00f3lida forma\u00e7\u00e3o em: (i) ci\u00eancia e tecnologia &hellip; Continue lendo &rarr;","_links":{"self":[{"href":"https:\/\/blog.ufes.br\/mostradeprofissoes\/wp-json\/wp\/v2\/pages\/62","targetHints":{"allow":["GET"]}}],"collection":[{"href":"https:\/\/blog.ufes.br\/mostradeprofissoes\/wp-json\/wp\/v2\/pages"}],"about":[{"href":"https:\/\/blog.ufes.br\/mostradeprofissoes\/wp-json\/wp\/v2\/types\/page"}],"author":[{"embeddable":true,"href":"https:\/\/blog.ufes.br\/mostradeprofissoes\/wp-json\/wp\/v2\/users\/289"}],"replies":[{"embeddable":true,"href":"https:\/\/blog.ufes.br\/mostradeprofissoes\/wp-json\/wp\/v2\/comments?post=62"}],"version-history":[{"count":1,"href":"https:\/\/blog.ufes.br\/mostradeprofissoes\/wp-json\/wp\/v2\/pages\/62\/revisions"}],"predecessor-version":[{"id":63,"href":"https:\/\/blog.ufes.br\/mostradeprofissoes\/wp-json\/wp\/v2\/pages\/62\/revisions\/63"}],"wp:attachment":[{"href":"https:\/\/blog.ufes.br\/mostradeprofissoes\/wp-json\/wp\/v2\/media?parent=62"}],"curies":[{"name":"wp","href":"https:\/\/api.w.org\/{rel}","templated":true}]}}