{"id":64,"date":"2017-02-22T10:25:42","date_gmt":"2017-02-22T13:25:42","guid":{"rendered":"http:\/\/blog.ufes.br\/mostradeprofissoes\/?page_id=64"},"modified":"2017-02-22T10:25:42","modified_gmt":"2017-02-22T13:25:42","slug":"farmacia","status":"publish","type":"page","link":"https:\/\/blog.ufes.br\/mostradeprofissoes\/farmacia\/","title":{"rendered":"Farm\u00e1cia"},"content":{"rendered":"<p>Os farmac\u00eauticos brasileiros atuam em 74 diferentes campos de atividade regulados por meio de resolu\u00e7\u00e3o pelo Conselho Federal Farm\u00e1cia (CFF). As atividades v\u00e3o da Farm\u00e1cia Magistral (manipula\u00e7\u00e3o alop\u00e1tica e homeop\u00e1tica) \u00e0 engenharia gen\u00e9tica; da aten\u00e7\u00e3o e assist\u00eancia farmac\u00eautica \u00e0 criopreserva\u00e7\u00e3o de c\u00e9lulas-tronco, v\u00e1lvulas e \u00f3rg\u00e3os; das an\u00e1lises cl\u00ednicas \u00e0 citopatologia; da gest\u00e3o da Farm\u00e1cia Hospitalar \u00e0 Farm\u00e1cia Oncol\u00f3gica; da Radiofarm\u00e1cia \u00e0 Farm\u00e1cia Cl\u00ednica; do armazenamento e distribui\u00e7\u00e3o de insumos, medicamentos e correlatos \u00e0 bioequival\u00eancia e biodisponibilidade.<\/p>\n<p>O curso de Farm\u00e1cia do Centro de Ci\u00eancias Exatas, Naturais e da Sa\u00fade da UFES em Alegre-ES (CCENS\/UFES) foi criado em 2009 a partir do Plano de Reestrutura\u00e7\u00e3o e Expans\u00e3o das Universidades Federais (REUNI), oferecendo turmas apenas no per\u00edodo noturno. Forma o farmac\u00eautico generalista para o amplo exerc\u00edcio profissional com suficiente base te\u00f3rica e t\u00e9cnico-cient\u00edfica que permita assegurar uma atua\u00e7\u00e3o competente na identifica\u00e7\u00e3o e resolu\u00e7\u00e3o de problemas, tomada de decis\u00f5es, planejamento e orienta\u00e7\u00e3o em sua esfera profissional.<\/p>\n<p><strong>Dura\u00e7\u00e3o de 5 anos (10 semestres).<\/strong><br \/>\n<strong> Per\u00edodo Noturno.<\/strong><\/p>\n","protected":false},"excerpt":{"rendered":"<p>Os farmac\u00eauticos brasileiros atuam em 74 diferentes campos de atividade regulados por meio de resolu\u00e7\u00e3o pelo Conselho Federal Farm\u00e1cia (CFF). As atividades v\u00e3o da Farm\u00e1cia Magistral (manipula\u00e7\u00e3o alop\u00e1tica e homeop\u00e1tica) \u00e0 engenharia gen\u00e9tica; da aten\u00e7\u00e3o e assist\u00eancia farmac\u00eautica \u00e0 criopreserva\u00e7\u00e3o &hellip; <a href=\"https:\/\/blog.ufes.br\/mostradeprofissoes\/farmacia\/\">Continue lendo <span class=\"meta-nav\">&rarr;<\/span><\/a><\/p>\n","protected":false},"author":289,"featured_media":0,"parent":0,"menu_order":0,"comment_status":"closed","ping_status":"closed","template":"","meta":{"_bbp_topic_count":0,"_bbp_reply_count":0,"_bbp_total_topic_count":0,"_bbp_total_reply_count":0,"_bbp_voice_count":0,"_bbp_anonymous_reply_count":0,"_bbp_topic_count_hidden":0,"_bbp_reply_count_hidden":0,"_bbp_forum_subforum_count":0,"_uag_custom_page_level_css":"","footnotes":""},"class_list":["post-64","page","type-page","status-publish","hentry"],"uagb_featured_image_src":{"full":false,"thumbnail":false,"medium":false,"medium_large":false,"large":false,"1536x1536":false,"2048x2048":false,"post-thumbnail":false,"large-feature":false,"small-feature":false},"uagb_author_info":{"display_name":"josileia.oliveira","author_link":"https:\/\/blog.ufes.br\/mostradeprofissoes\/author\/josilia_curty-de-oliveira\/"},"uagb_comment_info":0,"uagb_excerpt":"Os farmac\u00eauticos brasileiros atuam em 74 diferentes campos de atividade regulados por meio de resolu\u00e7\u00e3o pelo Conselho Federal Farm\u00e1cia (CFF). As atividades v\u00e3o da Farm\u00e1cia Magistral (manipula\u00e7\u00e3o alop\u00e1tica e homeop\u00e1tica) \u00e0 engenharia gen\u00e9tica; da aten\u00e7\u00e3o e assist\u00eancia farmac\u00eautica \u00e0 criopreserva\u00e7\u00e3o &hellip; Continue lendo &rarr;","_links":{"self":[{"href":"https:\/\/blog.ufes.br\/mostradeprofissoes\/wp-json\/wp\/v2\/pages\/64","targetHints":{"allow":["GET"]}}],"collection":[{"href":"https:\/\/blog.ufes.br\/mostradeprofissoes\/wp-json\/wp\/v2\/pages"}],"about":[{"href":"https:\/\/blog.ufes.br\/mostradeprofissoes\/wp-json\/wp\/v2\/types\/page"}],"author":[{"embeddable":true,"href":"https:\/\/blog.ufes.br\/mostradeprofissoes\/wp-json\/wp\/v2\/users\/289"}],"replies":[{"embeddable":true,"href":"https:\/\/blog.ufes.br\/mostradeprofissoes\/wp-json\/wp\/v2\/comments?post=64"}],"version-history":[{"count":1,"href":"https:\/\/blog.ufes.br\/mostradeprofissoes\/wp-json\/wp\/v2\/pages\/64\/revisions"}],"predecessor-version":[{"id":65,"href":"https:\/\/blog.ufes.br\/mostradeprofissoes\/wp-json\/wp\/v2\/pages\/64\/revisions\/65"}],"wp:attachment":[{"href":"https:\/\/blog.ufes.br\/mostradeprofissoes\/wp-json\/wp\/v2\/media?parent=64"}],"curies":[{"name":"wp","href":"https:\/\/api.w.org\/{rel}","templated":true}]}}