{"id":68,"date":"2017-02-22T10:28:42","date_gmt":"2017-02-22T13:28:42","guid":{"rendered":"http:\/\/blog.ufes.br\/mostradeprofissoes\/?page_id=68"},"modified":"2017-02-22T10:28:42","modified_gmt":"2017-02-22T13:28:42","slug":"geologia","status":"publish","type":"page","link":"https:\/\/blog.ufes.br\/mostradeprofissoes\/geologia\/","title":{"rendered":"Geologia"},"content":{"rendered":"<p>A Geologia estuda a Terra quanto \u00e0 sua origem, composi\u00e7\u00e3o, estrutura e evolu\u00e7\u00e3o, por meio do entendimento dos processos internos e externos respons\u00e1veis por suas transforma\u00e7\u00f5es.<\/p>\n<p>\u00c9 parte das Ci\u00eancias Naturais e das Ci\u00eancias da Terra (ou Geoci\u00eancias) e interage com outras \u00e1reas como F\u00edsica, Qu\u00edmica, Matem\u00e1tica e Biologia.<\/p>\n<p>As atividades de campo e de laborat\u00f3rio s\u00e3o fundamentais para estudos que variam do n\u00edvel global ao microsc\u00f3pio e abrangem processos que ocorreram h\u00e1 bilh\u00f5es de anos atr\u00e1s ou que ocorrem atualmente.<\/p>\n<p>A Geologia possibilita a compreens\u00e3o de fen\u00f4menos como a forma\u00e7\u00e3o de minerais e rochas; o significado dos f\u00f3sseis; a origem de vulc\u00f5es, terremotos, maremotos e montanhas; a forma\u00e7\u00e3o de solos; o transporte e deposi\u00e7\u00e3o de sedimentos; e a acumula\u00e7\u00e3o de \u00e1gua subterr\u00e2nea.<\/p>\n<p>As atividades profissionais englobam o mapeamento geol\u00f3gico e os levantamentos geoqu\u00edmicos e geof\u00edsicos; a descoberta e o aproveitamento de recursos minerais, energ\u00e9ticos e h\u00eddricos; a indica\u00e7\u00e3o de locais adequados para a implanta\u00e7\u00e3o de \u00e1reas urbanas, estradas e barragens; e a preven\u00e7\u00e3o de impactos ambientais, naturais ou n\u00e3o, como eros\u00e3o, deslizamentos de encostas e inunda\u00e7\u00f5es.<\/p>\n<p>O Ge\u00f3logo pode atuar em empresas p\u00fablicas e privadas do setor mineral, companhias de petr\u00f3leo, empresas de engenharia e meio ambiente, \u00f3rg\u00e3os governamentais e institui\u00e7\u00f5es de ensino e pesquisa ou como aut\u00f4nomo, sendo que atualmente o mercado de trabalho apresenta grande demanda por profissionais de Geologia.<\/p>\n<p>Dentre as principais atividades exercidas pelo ge\u00f3logo em sua vida profissional destacam-se: os levantamentos geol\u00f3gicos, geoqu\u00edmicos, geof\u00edsicos e geomorfol\u00f3gicos; os estudos relativos \u00e0s ci\u00eancias da terra; estudos mineral\u00f3gicos, petrol\u00f3gicos e paleontol\u00f3gicos; trabalhos de prospec\u00e7\u00e3o e pesquisa para localiza\u00e7\u00e3o de jazidas minerais e determina\u00e7\u00e3o do seu valor econ\u00f4mico; elabora\u00e7\u00e3o de mapas geol\u00f3gicos para extra\u00e7\u00e3o de bens minerais como \u00e1gua subterr\u00e2nea, petr\u00f3leo, ouro e diamantes; estudos de maci\u00e7os rochosos, subsolo e solo para abertura de ruas, estradas, t\u00faneis, constru\u00e7\u00e3o de barragens, hidrel\u00e9tricas, aeroportos, portos, etc; estudos geol\u00f3gicos do meio ambiente para planejamento de ocupa\u00e7\u00e3o e uso do solo; ensino das ci\u00eancias geol\u00f3gicas nos estabelecimentos de ensino superior; pesquisas na \u00e1rea de Geologia; etc.<\/p>\n<p>O curso de gradua\u00e7\u00e3o em\u00a0<strong>Geologia da UFES<\/strong>\u00a0possui dura\u00e7\u00e3o m\u00ednima de cinco e m\u00e1xima de sete anos, conferindo ao profissional o t\u00edtulo de Ge\u00f3logo, com atribui\u00e7\u00f5es e compet\u00eancias regulamentadas pelo CONFEA &#8211; Conselho Federal de Engenharia, Arquitetura e Agronomia e fiscalizadas pelos CREA&#8217;s em cada estado.<\/p>\n<p><strong>Dura\u00e7\u00e3o: 5 anos (10 semestres).<\/strong><br \/>\n<strong>Per\u00edodo: Integral.<\/strong><\/p>\n","protected":false},"excerpt":{"rendered":"<p>A Geologia estuda a Terra quanto \u00e0 sua origem, composi\u00e7\u00e3o, estrutura e evolu\u00e7\u00e3o, por meio do entendimento dos processos internos e externos respons\u00e1veis por suas transforma\u00e7\u00f5es. \u00c9 parte das Ci\u00eancias Naturais e das Ci\u00eancias da Terra (ou Geoci\u00eancias) e interage &hellip; <a href=\"https:\/\/blog.ufes.br\/mostradeprofissoes\/geologia\/\">Continue lendo <span class=\"meta-nav\">&rarr;<\/span><\/a><\/p>\n","protected":false},"author":289,"featured_media":0,"parent":0,"menu_order":0,"comment_status":"closed","ping_status":"closed","template":"","meta":{"_bbp_topic_count":0,"_bbp_reply_count":0,"_bbp_total_topic_count":0,"_bbp_total_reply_count":0,"_bbp_voice_count":0,"_bbp_anonymous_reply_count":0,"_bbp_topic_count_hidden":0,"_bbp_reply_count_hidden":0,"_bbp_forum_subforum_count":0,"_uag_custom_page_level_css":"","footnotes":""},"class_list":["post-68","page","type-page","status-publish","hentry"],"uagb_featured_image_src":{"full":false,"thumbnail":false,"medium":false,"medium_large":false,"large":false,"1536x1536":false,"2048x2048":false,"post-thumbnail":false,"large-feature":false,"small-feature":false},"uagb_author_info":{"display_name":"josileia.oliveira","author_link":"https:\/\/blog.ufes.br\/mostradeprofissoes\/author\/josilia_curty-de-oliveira\/"},"uagb_comment_info":0,"uagb_excerpt":"A Geologia estuda a Terra quanto \u00e0 sua origem, composi\u00e7\u00e3o, estrutura e evolu\u00e7\u00e3o, por meio do entendimento dos processos internos e externos respons\u00e1veis por suas transforma\u00e7\u00f5es. \u00c9 parte das Ci\u00eancias Naturais e das Ci\u00eancias da Terra (ou Geoci\u00eancias) e interage &hellip; Continue lendo &rarr;","_links":{"self":[{"href":"https:\/\/blog.ufes.br\/mostradeprofissoes\/wp-json\/wp\/v2\/pages\/68","targetHints":{"allow":["GET"]}}],"collection":[{"href":"https:\/\/blog.ufes.br\/mostradeprofissoes\/wp-json\/wp\/v2\/pages"}],"about":[{"href":"https:\/\/blog.ufes.br\/mostradeprofissoes\/wp-json\/wp\/v2\/types\/page"}],"author":[{"embeddable":true,"href":"https:\/\/blog.ufes.br\/mostradeprofissoes\/wp-json\/wp\/v2\/users\/289"}],"replies":[{"embeddable":true,"href":"https:\/\/blog.ufes.br\/mostradeprofissoes\/wp-json\/wp\/v2\/comments?post=68"}],"version-history":[{"count":1,"href":"https:\/\/blog.ufes.br\/mostradeprofissoes\/wp-json\/wp\/v2\/pages\/68\/revisions"}],"predecessor-version":[{"id":69,"href":"https:\/\/blog.ufes.br\/mostradeprofissoes\/wp-json\/wp\/v2\/pages\/68\/revisions\/69"}],"wp:attachment":[{"href":"https:\/\/blog.ufes.br\/mostradeprofissoes\/wp-json\/wp\/v2\/media?parent=68"}],"curies":[{"name":"wp","href":"https:\/\/api.w.org\/{rel}","templated":true}]}}