{"id":72,"date":"2017-02-22T10:31:23","date_gmt":"2017-02-22T13:31:23","guid":{"rendered":"http:\/\/blog.ufes.br\/mostradeprofissoes\/?page_id=72"},"modified":"2017-02-22T10:31:23","modified_gmt":"2017-02-22T13:31:23","slug":"medicina-veterinaria","status":"publish","type":"page","link":"https:\/\/blog.ufes.br\/mostradeprofissoes\/medicina-veterinaria\/","title":{"rendered":"Medicina Veterin\u00e1ria"},"content":{"rendered":"<p>O Curso de Medicina Veterin\u00e1ria almeja evoluir, cultivando saber e transformar-se em um centro de produ\u00e7\u00e3o de conhecimentos e de tecnologia em Medicina Veterin\u00e1ria.<\/p>\n<p>Comprometido com a realidade social, o curso proporciona aos estudantes uma forma\u00e7\u00e3o te\u00f3rica conceitual e pr\u00e1tica, com o desenvolvimento de valores \u00e9ticos e sociais, bem como a convic\u00e7\u00e3o da import\u00e2ncia social do m\u00e9dico veterin\u00e1rio. Atrav\u00e9s da interdisciplinaridade, pretende-se formar profissionais com grande conhecimento nas \u00e1reas de atua\u00e7\u00e3o concernentes ao m\u00e9dico veterin\u00e1rio.<\/p>\n<p>Atualmente conta com entrada anual de 40 alunos que dever\u00e3o integralizar as disciplinas em 5 anos. Possui nota 4 no Exame Nacional de Desempenho do Estudante (Enade) e foi indicado como um dos\u00a0 10 melhores cursos de Medicina Veterin\u00e1ria do Brasil. Tamb\u00e9m conta com um programa de P\u00f3s-gradua\u00e7\u00e3o em Ci\u00eancias Veterin\u00e1rias, n\u00edvel mestrado. Pretende-se uma forma\u00e7\u00e3o de aluno generalista, humanista, cr\u00edtica e reflexiva, apto a compreender e traduzir as necessidades de indiv\u00edduos, grupos ou comunidades, com rela\u00e7\u00e3o \u00e0s atividades inerentes ao exerc\u00edcio profissional, no \u00e2mbito de seus campos espec\u00edficos de atua\u00e7\u00e3o.<\/p>\n<p><strong>Dura\u00e7\u00e3o de 5 anos (10 semestres).<\/strong><br \/>\n<strong> Per\u00edodo Integral.<\/strong><\/p>\n<p><strong>\u00c1reas de Atua\u00e7\u00e3o <\/strong><\/p>\n<p>O bacharel em Medicina Veterin\u00e1ria pode atuar nas seguintes \u00e1reas:<\/p>\n<ul>\n<li>Cl\u00ednica M\u00e9dica e Cir\u00fargica;<\/li>\n<li>Obstetr\u00edcia;<\/li>\n<li>Laborat\u00f3rio Clinico Veterin\u00e1rio;<\/li>\n<li>Sa\u00fade Coletiva;<\/li>\n<li>Per\u00edcia Veterin\u00e1ria;<\/li>\n<li>Zool\u00f3gicos, parques e reservas;<\/li>\n<li>Planejamento e execu\u00e7\u00e3o de projetos agropecu\u00e1rios;<\/li>\n<li>Manejo Reprodutivo e Insemina\u00e7\u00e3o Artificial.<\/li>\n<\/ul>\n","protected":false},"excerpt":{"rendered":"<p>O Curso de Medicina Veterin\u00e1ria almeja evoluir, cultivando saber e transformar-se em um centro de produ\u00e7\u00e3o de conhecimentos e de tecnologia em Medicina Veterin\u00e1ria. Comprometido com a realidade social, o curso proporciona aos estudantes uma forma\u00e7\u00e3o te\u00f3rica conceitual e pr\u00e1tica, &hellip; <a href=\"https:\/\/blog.ufes.br\/mostradeprofissoes\/medicina-veterinaria\/\">Continue lendo <span class=\"meta-nav\">&rarr;<\/span><\/a><\/p>\n","protected":false},"author":289,"featured_media":0,"parent":0,"menu_order":0,"comment_status":"closed","ping_status":"closed","template":"","meta":{"_bbp_topic_count":0,"_bbp_reply_count":0,"_bbp_total_topic_count":0,"_bbp_total_reply_count":0,"_bbp_voice_count":0,"_bbp_anonymous_reply_count":0,"_bbp_topic_count_hidden":0,"_bbp_reply_count_hidden":0,"_bbp_forum_subforum_count":0,"_uag_custom_page_level_css":"","footnotes":""},"class_list":["post-72","page","type-page","status-publish","hentry"],"uagb_featured_image_src":{"full":false,"thumbnail":false,"medium":false,"medium_large":false,"large":false,"1536x1536":false,"2048x2048":false,"post-thumbnail":false,"large-feature":false,"small-feature":false},"uagb_author_info":{"display_name":"josileia.oliveira","author_link":"https:\/\/blog.ufes.br\/mostradeprofissoes\/author\/josilia_curty-de-oliveira\/"},"uagb_comment_info":0,"uagb_excerpt":"O Curso de Medicina Veterin\u00e1ria almeja evoluir, cultivando saber e transformar-se em um centro de produ\u00e7\u00e3o de conhecimentos e de tecnologia em Medicina Veterin\u00e1ria. Comprometido com a realidade social, o curso proporciona aos estudantes uma forma\u00e7\u00e3o te\u00f3rica conceitual e pr\u00e1tica, &hellip; Continue lendo &rarr;","_links":{"self":[{"href":"https:\/\/blog.ufes.br\/mostradeprofissoes\/wp-json\/wp\/v2\/pages\/72","targetHints":{"allow":["GET"]}}],"collection":[{"href":"https:\/\/blog.ufes.br\/mostradeprofissoes\/wp-json\/wp\/v2\/pages"}],"about":[{"href":"https:\/\/blog.ufes.br\/mostradeprofissoes\/wp-json\/wp\/v2\/types\/page"}],"author":[{"embeddable":true,"href":"https:\/\/blog.ufes.br\/mostradeprofissoes\/wp-json\/wp\/v2\/users\/289"}],"replies":[{"embeddable":true,"href":"https:\/\/blog.ufes.br\/mostradeprofissoes\/wp-json\/wp\/v2\/comments?post=72"}],"version-history":[{"count":1,"href":"https:\/\/blog.ufes.br\/mostradeprofissoes\/wp-json\/wp\/v2\/pages\/72\/revisions"}],"predecessor-version":[{"id":73,"href":"https:\/\/blog.ufes.br\/mostradeprofissoes\/wp-json\/wp\/v2\/pages\/72\/revisions\/73"}],"wp:attachment":[{"href":"https:\/\/blog.ufes.br\/mostradeprofissoes\/wp-json\/wp\/v2\/media?parent=72"}],"curies":[{"name":"wp","href":"https:\/\/api.w.org\/{rel}","templated":true}]}}