{"id":78,"date":"2017-02-22T10:35:39","date_gmt":"2017-02-22T13:35:39","guid":{"rendered":"http:\/\/blog.ufes.br\/mostradeprofissoes\/?page_id=78"},"modified":"2017-02-22T10:35:39","modified_gmt":"2017-02-22T13:35:39","slug":"sistema-de-informacao","status":"publish","type":"page","link":"https:\/\/blog.ufes.br\/mostradeprofissoes\/sistema-de-informacao\/","title":{"rendered":"Sistema de Informa\u00e7\u00e3o"},"content":{"rendered":"<p>O curso de Sistemas de Informa\u00e7\u00e3o \u00e9 focado no planejamento e desenvolvimento de sistemas de informa\u00e7\u00e3o e automa\u00e7\u00e3o, ou seja, visa a aplica\u00e7\u00e3o da inform\u00e1tica na sociedade, por meio da organiza\u00e7\u00e3o e uso do conhecimento (informa\u00e7\u00e3o).<\/p>\n<p>O estudante de Sistema da Informa\u00e7\u00e3o recebe preparo para atuar no desenvolvimento e suporte de software. Tamb\u00e9m s\u00e3o aplicados conhecimentos de administra\u00e7\u00e3o, neg\u00f3cios e rela\u00e7\u00f5es humanas.<\/p>\n<p>Quem se forma nesta \u00e1rea tem uma variedade grande de carreiras profissionais a seguir, uma vez que a inform\u00e1tica \u00e9 aplicada em diversas \u00e1reas do conhecimento.<\/p>\n<p>Assim, de forma geral, Sistemas de Informa\u00e7\u00e3o \u00e9 um curso din\u00e2mico, e essencialmente voltado para o mercado de trabalho imediato, preparando o estudante para aplicar recursos de inform\u00e1tica na solu\u00e7\u00e3o de problemas em empresas. Logo, os alunos de Sistemas de Informa\u00e7\u00e3o s\u00e3o estimulados a ingressar diretamente no mercado de trabalho.<\/p>\n<p><strong>Dura\u00e7\u00e3o de 4,5 anos (9 semestres).<\/strong><br \/>\n<strong> Per\u00edodo noturno<\/strong>.<\/p>\n","protected":false},"excerpt":{"rendered":"<p>O curso de Sistemas de Informa\u00e7\u00e3o \u00e9 focado no planejamento e desenvolvimento de sistemas de informa\u00e7\u00e3o e automa\u00e7\u00e3o, ou seja, visa a aplica\u00e7\u00e3o da inform\u00e1tica na sociedade, por meio da organiza\u00e7\u00e3o e uso do conhecimento (informa\u00e7\u00e3o). O estudante de Sistema &hellip; <a href=\"https:\/\/blog.ufes.br\/mostradeprofissoes\/sistema-de-informacao\/\">Continue lendo <span class=\"meta-nav\">&rarr;<\/span><\/a><\/p>\n","protected":false},"author":289,"featured_media":0,"parent":0,"menu_order":0,"comment_status":"closed","ping_status":"closed","template":"","meta":{"_bbp_topic_count":0,"_bbp_reply_count":0,"_bbp_total_topic_count":0,"_bbp_total_reply_count":0,"_bbp_voice_count":0,"_bbp_anonymous_reply_count":0,"_bbp_topic_count_hidden":0,"_bbp_reply_count_hidden":0,"_bbp_forum_subforum_count":0,"_uag_custom_page_level_css":"","footnotes":""},"class_list":["post-78","page","type-page","status-publish","hentry"],"uagb_featured_image_src":{"full":false,"thumbnail":false,"medium":false,"medium_large":false,"large":false,"1536x1536":false,"2048x2048":false,"post-thumbnail":false,"large-feature":false,"small-feature":false},"uagb_author_info":{"display_name":"josileia.oliveira","author_link":"https:\/\/blog.ufes.br\/mostradeprofissoes\/author\/josilia_curty-de-oliveira\/"},"uagb_comment_info":0,"uagb_excerpt":"O curso de Sistemas de Informa\u00e7\u00e3o \u00e9 focado no planejamento e desenvolvimento de sistemas de informa\u00e7\u00e3o e automa\u00e7\u00e3o, ou seja, visa a aplica\u00e7\u00e3o da inform\u00e1tica na sociedade, por meio da organiza\u00e7\u00e3o e uso do conhecimento (informa\u00e7\u00e3o). O estudante de Sistema &hellip; Continue lendo &rarr;","_links":{"self":[{"href":"https:\/\/blog.ufes.br\/mostradeprofissoes\/wp-json\/wp\/v2\/pages\/78","targetHints":{"allow":["GET"]}}],"collection":[{"href":"https:\/\/blog.ufes.br\/mostradeprofissoes\/wp-json\/wp\/v2\/pages"}],"about":[{"href":"https:\/\/blog.ufes.br\/mostradeprofissoes\/wp-json\/wp\/v2\/types\/page"}],"author":[{"embeddable":true,"href":"https:\/\/blog.ufes.br\/mostradeprofissoes\/wp-json\/wp\/v2\/users\/289"}],"replies":[{"embeddable":true,"href":"https:\/\/blog.ufes.br\/mostradeprofissoes\/wp-json\/wp\/v2\/comments?post=78"}],"version-history":[{"count":1,"href":"https:\/\/blog.ufes.br\/mostradeprofissoes\/wp-json\/wp\/v2\/pages\/78\/revisions"}],"predecessor-version":[{"id":79,"href":"https:\/\/blog.ufes.br\/mostradeprofissoes\/wp-json\/wp\/v2\/pages\/78\/revisions\/79"}],"wp:attachment":[{"href":"https:\/\/blog.ufes.br\/mostradeprofissoes\/wp-json\/wp\/v2\/media?parent=78"}],"curies":[{"name":"wp","href":"https:\/\/api.w.org\/{rel}","templated":true}]}}