{"id":80,"date":"2017-02-22T10:36:26","date_gmt":"2017-02-22T13:36:26","guid":{"rendered":"http:\/\/blog.ufes.br\/mostradeprofissoes\/?page_id=80"},"modified":"2017-02-22T10:36:26","modified_gmt":"2017-02-22T13:36:26","slug":"zootecnia","status":"publish","type":"page","link":"https:\/\/blog.ufes.br\/mostradeprofissoes\/zootecnia\/","title":{"rendered":"Zootecnia"},"content":{"rendered":"<p>O curso de Zootecnia do Centro de Ci\u00eancias Agr\u00e1rias e Engenharia da Universidade Federal do Esp\u00edrito Santo (CCAE UFES), apresenta\u00a0qualidade e excel\u00eancia no ensino. O curso tem um per\u00edodo de dura\u00e7\u00e3o de cinco anos, sendo composto por dez per\u00edodos. Para que a forma\u00e7\u00e3o profissional em Zootecnia seja poss\u00edvel \u00e9 necess\u00e1rio 3270 horas de mat\u00e9rias obrigat\u00f3rias, 240 horas de mat\u00e9rias optativas, 300 horas de est\u00e1gio supervisionado (no d\u00e9cimo per\u00edodo) e 120 horas de atividades complementares n\u00e3o obrigat\u00f3rias (congressos, palestras, projetos, entre outras atividades).<\/p>\n<p>O aluno do curso de Zootecnia tem no m\u00e1ximo cerca de 30 horas semanais de aula, podendo ser te\u00f3ricas ou pr\u00e1ticas, de acordo com o conte\u00fado program\u00e1tico apresentado pelo professor da disciplina no in\u00edcio do per\u00edodo.<\/p>\n<p>Do primeiro ao quinto per\u00edodo o curso \u00e9 composto por sete mat\u00e9rias obrigat\u00f3rias. Do sexto ao oitavo s\u00e3o seis as disciplinas obrigat\u00f3rias, sendo inclusa uma optativa por per\u00edodo (\u00e0 escolha do acad\u00eamico de acordo a sua afinidade e com a oferta de disciplinas). No nono per\u00edodo s\u00e3o tr\u00eas disciplinas obrigat\u00f3rias e uma optativa. Dentre as obrigat\u00f3rias est\u00e1 o Trabalho de Conclus\u00e3o (TC), que dever\u00e1 ser apresentado pelo graduando a uma banca composta por tr\u00eas professores, sendo um deles, obrigatoriamente, Zootecnista. No \u00faltimo per\u00edodo, ap\u00f3s a apresenta\u00e7\u00e3o do semin\u00e1rio de TC, o aluno far\u00e1 um est\u00e1gio supervisionado. Com o cumprimento da carga hor\u00e1rio descrito seguido da entrega do diploma ser\u00e1 obtida a gradua\u00e7\u00e3o de profissional em Zootecnia.<\/p>\n<p><strong>Atua\u00e7\u00e3o do profissional<\/strong><\/p>\n<ul>\n<li>Atuar na cria\u00e7\u00e3o de animais de produ\u00e7\u00e3o;<\/li>\n<li>Planejar e administrar empreendimentos agropecu\u00e1rios;<\/li>\n<li>Prover ao consumidor produtos de origem animal com qualidade e biosseguran\u00e7a;<\/li>\n<li>Entre outros.<\/li>\n<\/ul>\n<p>O agroneg\u00f3cio \u00e9 um dos setores mais importantes da economia brasileira e o Zootecnista \u00e9 um profissional fundamental na consolida\u00e7\u00e3o da expressiva produ\u00e7\u00e3o pecu\u00e1ria nacional.<\/p>\n<p><strong>Per\u00edodo Integral.<\/strong><br \/>\n<strong> Dura\u00e7\u00e3o de 5 anos (10 semestres).<\/strong><\/p>\n","protected":false},"excerpt":{"rendered":"<p>O curso de Zootecnia do Centro de Ci\u00eancias Agr\u00e1rias e Engenharia da Universidade Federal do Esp\u00edrito Santo (CCAE UFES), apresenta\u00a0qualidade e excel\u00eancia no ensino. O curso tem um per\u00edodo de dura\u00e7\u00e3o de cinco anos, sendo composto por dez per\u00edodos. Para &hellip; <a href=\"https:\/\/blog.ufes.br\/mostradeprofissoes\/zootecnia\/\">Continue lendo <span class=\"meta-nav\">&rarr;<\/span><\/a><\/p>\n","protected":false},"author":289,"featured_media":0,"parent":0,"menu_order":0,"comment_status":"closed","ping_status":"closed","template":"","meta":{"_bbp_topic_count":0,"_bbp_reply_count":0,"_bbp_total_topic_count":0,"_bbp_total_reply_count":0,"_bbp_voice_count":0,"_bbp_anonymous_reply_count":0,"_bbp_topic_count_hidden":0,"_bbp_reply_count_hidden":0,"_bbp_forum_subforum_count":0,"_uag_custom_page_level_css":"","footnotes":""},"class_list":["post-80","page","type-page","status-publish","hentry"],"uagb_featured_image_src":{"full":false,"thumbnail":false,"medium":false,"medium_large":false,"large":false,"1536x1536":false,"2048x2048":false,"post-thumbnail":false,"large-feature":false,"small-feature":false},"uagb_author_info":{"display_name":"josileia.oliveira","author_link":"https:\/\/blog.ufes.br\/mostradeprofissoes\/author\/josilia_curty-de-oliveira\/"},"uagb_comment_info":0,"uagb_excerpt":"O curso de Zootecnia do Centro de Ci\u00eancias Agr\u00e1rias e Engenharia da Universidade Federal do Esp\u00edrito Santo (CCAE UFES), apresenta\u00a0qualidade e excel\u00eancia no ensino. O curso tem um per\u00edodo de dura\u00e7\u00e3o de cinco anos, sendo composto por dez per\u00edodos. Para &hellip; Continue lendo &rarr;","_links":{"self":[{"href":"https:\/\/blog.ufes.br\/mostradeprofissoes\/wp-json\/wp\/v2\/pages\/80","targetHints":{"allow":["GET"]}}],"collection":[{"href":"https:\/\/blog.ufes.br\/mostradeprofissoes\/wp-json\/wp\/v2\/pages"}],"about":[{"href":"https:\/\/blog.ufes.br\/mostradeprofissoes\/wp-json\/wp\/v2\/types\/page"}],"author":[{"embeddable":true,"href":"https:\/\/blog.ufes.br\/mostradeprofissoes\/wp-json\/wp\/v2\/users\/289"}],"replies":[{"embeddable":true,"href":"https:\/\/blog.ufes.br\/mostradeprofissoes\/wp-json\/wp\/v2\/comments?post=80"}],"version-history":[{"count":1,"href":"https:\/\/blog.ufes.br\/mostradeprofissoes\/wp-json\/wp\/v2\/pages\/80\/revisions"}],"predecessor-version":[{"id":81,"href":"https:\/\/blog.ufes.br\/mostradeprofissoes\/wp-json\/wp\/v2\/pages\/80\/revisions\/81"}],"wp:attachment":[{"href":"https:\/\/blog.ufes.br\/mostradeprofissoes\/wp-json\/wp\/v2\/media?parent=80"}],"curies":[{"name":"wp","href":"https:\/\/api.w.org\/{rel}","templated":true}]}}