{"id":136,"date":"2018-06-15T19:41:32","date_gmt":"2018-06-15T22:41:32","guid":{"rendered":"http:\/\/blog.ufes.br\/neples\/?page_id=136"},"modified":"2018-06-15T20:58:16","modified_gmt":"2018-06-15T23:58:16","slug":"links","status":"publish","type":"page","link":"https:\/\/blog.ufes.br\/neples\/?page_id=136","title":{"rendered":"Links"},"content":{"rendered":"<p><img loading=\"lazy\" decoding=\"async\" class=\"alignnone  wp-image-151\" src=\"http:\/\/blog.ufes.br\/neples\/files\/2018\/06\/PPGL-Logo.png\" alt=\"\" width=\"160\" height=\"79\" \/><\/p>\n<p><strong>Programa de P\u00f3s-gradua\u00e7\u00e3o em Letras (PPGL)<\/strong> do Centro de Ci\u00eancias Humanas e Naturais (CCHN) da Universidade Federal do Esp\u00edrito Santo (Ufes)<\/p>\n<p>&#8220;O Programa de P\u00f3s-Gradua\u00e7\u00e3o em Letras (PPGL) da Universidade Federal do Esp\u00edrito Santo (UFES) \u00e9 reconhecido pela Coordena\u00e7\u00e3o de Aperfei\u00e7oamento de Pessoal de N\u00edvel Superior (CAPES), conforme Parecer 1057\/99, de 10\/11\/1999, da Comiss\u00e3o de Educa\u00e7\u00e3o Superior (CES) do Conselho Nacional de Educa\u00e7\u00e3o (CNE), homologado pelo Minist\u00e9rio da Educa\u00e7\u00e3o (MEC), conforme Portaria n\u00famero 1762, de 16\/12\/1999, publicada no Di\u00e1rio Oficial da Uni\u00e3o (DOU) em 17\/12\/1999. O Doutorado foi reconhecido via Parecer do CNE\/CES 78\/2010, de 07\/04\/2010, e homologado atrav\u00e9s da Portaria n\u00famero 1045, publicada no D.O.U. de 19\/8\/2010, Se\u00e7\u00e3o 1, P\u00e1g.10. Na \u00faltima avalia\u00e7\u00e3o realizada pela CAPES, o PPGL obteve o conceito 5 (Muito bom). Atualmente, o PPGL oferece os cursos de Mestrado Acad\u00eamico e de Doutorado e implementa um projeto de expans\u00e3o, melhoria e consolida\u00e7\u00e3o&#8221;.<\/p>\n<p><a href=\"http:\/\/www.letras.ufes.br\/\">http:\/\/www.letras.ufes.br\/<\/a><\/p>\n<p>&nbsp;<\/p>\n<p><img loading=\"lazy\" decoding=\"async\" class=\"alignnone  wp-image-146\" src=\"http:\/\/blog.ufes.br\/neples\/files\/2018\/06\/AESL-logo.jpg\" alt=\"\" width=\"148\" height=\"148\" \/><\/p>\n<p><strong>Academia Esp\u00edrito-santense de Letras (AESL)<\/strong><\/p>\n<p><a href=\"https:\/\/www.facebook.com\/academiaespiritosantensedeletras\/\">https:\/\/www.facebook.com\/academiaespiritosantensedeletras\/<\/a><\/p>\n<p>&#8220;No in\u00edcio dos anos 20, era grande o movimento art\u00edstico, especialmente o liter\u00e1rio, no Estado. Foi assim que, em julho de 1921, um grupo de intelectuais, homens p\u00fablicos e educadores, entre eles Alarico de Freitas (advogado e parlamentar) e Garcia de Rezende (escritor e jornalista), idealizaram a funda\u00e7\u00e3o de uma Academia de Letras, com a finalidade de congregar os intelectuais e orientar o movimento art\u00edstico. \u00c9 convidado para compor o grupo inicial Elp\u00eddio Pimentel (publicit\u00e1rio e educador)&#8221;.<\/p>\n<p>&nbsp;<\/p>\n<p><img loading=\"lazy\" decoding=\"async\" class=\"alignnone  wp-image-147\" src=\"http:\/\/blog.ufes.br\/neples\/files\/2018\/06\/AFEL-logo.jpg\" alt=\"\" width=\"162\" height=\"162\" \/><\/p>\n<p><strong>Academia Feminina Esp\u00edrito-santense de Letras (AFEL)<\/strong><\/p>\n<p><a href=\"https:\/\/pt-br.facebook.com\/NossaAcademiaES\/\">https:\/\/pt-br.facebook.com\/NossaAcademiaES\/<\/a><\/p>\n<p>&#8220;A Academia Feminina Esp\u00edrito-santense de Letras foi criada a 18 de Julho de 1949, sob patroc\u00ednio da Academia Esp\u00edrito-santense de Letras, e contou com 12 acad\u00eam<span class=\"text_exposed_show\">icas, inicialmente. Atuou em v\u00e1rios eventos intelectuais durante a longa gest\u00e3o de Annette de Castro Mattos. Apesar disso, apresentou v\u00e1rios per\u00edodos de recesso e completa inatividade. Nesse seu per\u00edodo inicial, a AFEL teve dois casos de censura, sendo impedidas de ser acad\u00eamicas as escritoras Hayd\u00e9e Nicolussi e Carm\u00e9lia Maria de Souza. Essa injusti\u00e7a foi reparada, ao se efetuar a reorganiza\u00e7\u00e3o da AFEL, em 1992, quando as duas escritoras tornaram-se Patronas das cadeiras n\u00ba 6 e n\u00ba 30, respectivamente. Ap\u00f3s a sua reorganiza\u00e7\u00e3o, a AFEL vem tendo atividade mais constante, sempre participando de eventos culturais no estado&#8221;.<br \/>\n<\/span><\/p>\n<p>&nbsp;<\/p>\n<p><img loading=\"lazy\" decoding=\"async\" class=\"alignnone  wp-image-152\" src=\"http:\/\/blog.ufes.br\/neples\/files\/2018\/06\/Esta\u00e7\u00e3o-Capixaba-logo.png\" alt=\"\" width=\"147\" height=\"147\" \/><\/p>\n<p><strong>Esta\u00e7\u00e3o Capixaba<\/strong><\/p>\n<p><a href=\"http:\/\/www.estacaocapixaba.com.br\/\">http:\/\/www.estacaocapixaba.com.br\/<\/a><\/p>\n<p>&#8220;O site\u00a0ESTA\u00c7\u00c3O CAPIXABA\u00a0foi concebido e criado pela muse\u00f3loga Maria Clara Medeiros Santos Neves e levado ao ar em agosto de 2000, sob a chancela da CULTURAL-ES, tendo como proposta a divulga\u00e7\u00e3o de conte\u00fados relacionados com a Hist\u00f3ria, Geografia, Literatura e Cultura do Estado do Esp\u00edrito Santo&#8221;.<\/p>\n<p>&nbsp;<\/p>\n<p><img loading=\"lazy\" decoding=\"async\" class=\"alignnone size-full wp-image-148\" src=\"http:\/\/blog.ufes.br\/neples\/files\/2018\/06\/Graciano-logo.jpg\" alt=\"\" width=\"160\" height=\"160\" \/><\/p>\n<p><strong>Revista Graciano<\/strong><\/p>\n<p><a href=\"https:\/\/issuu.com\/revistagraciano\">https:\/\/issuu.com\/revistagraciano<\/a><\/p>\n<div class=\"DocumentInfo__description--19zE9\" lang=\"pt\">\n<p class=\"ixu-paragraph ixu-paragraph--small\">&#8220;<em>Graciano<\/em> \u00e9 uma publica\u00e7\u00e3o mensal do Cron\u00f3pio \u2013 Discuss\u00e3o e Produ\u00e7\u00e3o Liter\u00e1ria, projeto de extens\u00e3o do Departamento de Comunica\u00e7\u00e3o da Ufes e vinculado \u00e0 RELer&amp;Fazer \u2013 Rede de Experi\u00eancias em Leitura. A equipe editorial \u00e9 formada principalmente por estudantes universit\u00e1rios, sob a orienta\u00e7\u00e3o do professor Erly Vieira Jr.&#8221;<\/p>\n<\/div>\n<div class=\"PublisherInfo__root--3qmrK\"><\/div>\n<div><img loading=\"lazy\" decoding=\"async\" class=\"alignnone  wp-image-149\" src=\"http:\/\/blog.ufes.br\/neples\/files\/2018\/06\/Tert\u00falia-logo.jpg\" alt=\"\" width=\"207\" height=\"74\" \/><\/div>\n<p><strong>Tert\u00falia: livros e autores do Esp\u00edrito Santo<\/strong><\/p>\n<p><a href=\"http:\/\/www.tertuliacapixaba.com.br\/index.html\">http:\/\/www.tertuliacapixaba.com.br\/index.html<\/a><\/p>\n<p>&#8220;O site oferece material de pesquisa, informa\u00e7\u00f5es sobre eventos liter\u00e1rios e lan\u00e7amentos, interc\u00e2mbio com escritores e entre os usu\u00e1rios do site, pretendendo ser um meio de comunica\u00e7\u00e3o entre escritores e leitores, contando os usu\u00e1rios com links de acesso a p\u00e1ginas de redes sociais e formul\u00e1rio de contato&#8221;.<\/p>\n","protected":false},"excerpt":{"rendered":"<p>Programa de P\u00f3s-gradua\u00e7\u00e3o em Letras (PPGL) do Centro de Ci\u00eancias Humanas e Naturais (CCHN) da Universidade Federal do Esp\u00edrito Santo (Ufes) &#8220;O Programa de P\u00f3s-Gradua\u00e7\u00e3o em Letras (PPGL) da Universidade Federal do Esp\u00edrito Santo (UFES) \u00e9 reconhecido pela Coordena\u00e7\u00e3o de &hellip; <a href=\"https:\/\/blog.ufes.br\/neples\/?page_id=136\">Continue lendo <span class=\"meta-nav\">&rarr;<\/span><\/a><\/p>\n","protected":false},"author":342,"featured_media":0,"parent":0,"menu_order":0,"comment_status":"closed","ping_status":"closed","template":"","meta":{"_bbp_topic_count":0,"_bbp_reply_count":0,"_bbp_total_topic_count":0,"_bbp_total_reply_count":0,"_bbp_voice_count":0,"_bbp_anonymous_reply_count":0,"_bbp_topic_count_hidden":0,"_bbp_reply_count_hidden":0,"_bbp_forum_subforum_count":0,"_uag_custom_page_level_css":"","footnotes":""},"class_list":["post-136","page","type-page","status-publish","hentry"],"uagb_featured_image_src":{"full":false,"thumbnail":false,"medium":false,"medium_large":false,"large":false,"1536x1536":false,"2048x2048":false,"post-thumbnail":false},"uagb_author_info":{"display_name":"paulo.sodre","author_link":"https:\/\/blog.ufes.br\/neples\/?author=342"},"uagb_comment_info":0,"uagb_excerpt":"Programa de P\u00f3s-gradua\u00e7\u00e3o em Letras (PPGL) do Centro de Ci\u00eancias Humanas e Naturais (CCHN) da Universidade Federal do Esp\u00edrito Santo (Ufes) &#8220;O Programa de P\u00f3s-Gradua\u00e7\u00e3o em Letras (PPGL) da Universidade Federal do Esp\u00edrito Santo (UFES) \u00e9 reconhecido pela Coordena\u00e7\u00e3o de &hellip; Continue lendo &rarr;","_links":{"self":[{"href":"https:\/\/blog.ufes.br\/neples\/index.php?rest_route=\/wp\/v2\/pages\/136","targetHints":{"allow":["GET"]}}],"collection":[{"href":"https:\/\/blog.ufes.br\/neples\/index.php?rest_route=\/wp\/v2\/pages"}],"about":[{"href":"https:\/\/blog.ufes.br\/neples\/index.php?rest_route=\/wp\/v2\/types\/page"}],"author":[{"embeddable":true,"href":"https:\/\/blog.ufes.br\/neples\/index.php?rest_route=\/wp\/v2\/users\/342"}],"replies":[{"embeddable":true,"href":"https:\/\/blog.ufes.br\/neples\/index.php?rest_route=%2Fwp%2Fv2%2Fcomments&post=136"}],"version-history":[{"count":4,"href":"https:\/\/blog.ufes.br\/neples\/index.php?rest_route=\/wp\/v2\/pages\/136\/revisions"}],"predecessor-version":[{"id":153,"href":"https:\/\/blog.ufes.br\/neples\/index.php?rest_route=\/wp\/v2\/pages\/136\/revisions\/153"}],"wp:attachment":[{"href":"https:\/\/blog.ufes.br\/neples\/index.php?rest_route=%2Fwp%2Fv2%2Fmedia&parent=136"}],"curies":[{"name":"wp","href":"https:\/\/api.w.org\/{rel}","templated":true}]}}