{"id":2,"date":"2018-06-12T17:37:15","date_gmt":"2018-06-12T20:37:15","guid":{"rendered":"http:\/\/blog.ufes.br\/neples\/?page_id=2"},"modified":"2019-10-18T15:10:33","modified_gmt":"2019-10-18T18:10:33","slug":"pagina-exemplo","status":"publish","type":"page","link":"https:\/\/blog.ufes.br\/neples\/?page_id=2","title":{"rendered":"Regimento"},"content":{"rendered":"<p>UNIVERSIDADE FEDERAL DO ESP\u00cdRITO SANTO<br \/>\nCENTRO DE CI\u00caNCIAS HUMANAS E NATURAIS<\/p>\n<p>PROGRAMA DE P\u00d3S-GRADUA\u00c7\u00c3O EM LETRAS<\/p>\n<p>N\u00daCLEO DE ESTUDOS E PESQUISAS DA LITERATURA DO ESP\u00cdRITO SANTO<\/p>\n<p><strong>REGIMENTO INTERNO <\/strong><\/p>\n<p><strong>DO N\u00daCLEO DE ESTUDOS E PESQUISAS DA LITERATURA DO ESP\u00cdRITO SANTO<\/strong><\/p>\n<p><strong>T\u00cdTULO I<\/strong><\/p>\n<p><strong>DO OBJETIVO E DA NATUREZA DO DOCUMENTO<\/strong><\/p>\n<p>Art. 1\u00ba O presente Regimento constitui-se, em conjunto com os demais dispositivos legais e normativos da Universidade Federal do Esp\u00edrito Santo, no documento regulador e disciplinador do N\u00facleo de Estudos e Pesquisas da Literatura do Esp\u00edrito Santo (Neples) do Programa de P\u00f3s-gradua\u00e7\u00e3o em Letras (PPGL) do Centro de Ci\u00eancias Humanas e Naturais (CCHN) da Universidade Federal do Esp\u00edrito Santo (Ufes).<\/p>\n<p><strong>T\u00cdTULO II<\/strong><\/p>\n<p><strong>DA CARACTERIZA\u00c7\u00c3O, DOS OBJETIVOS E DA ORGANIZA\u00c7\u00c3O DO NEPLES<\/strong><\/p>\n<p>Art. 2\u00ba O Neples, criado no ano de 1996 por Francisco Aurelio Ribeiro, na altura em que se instituiu o Mestrado em Letras, e coordenado inauguralmente por Reinaldo Santos Neves, \u00e9 parte da estrutura acad\u00eamica do PPGL, estando vinculado, por conseguinte, ao CCHN e \u00e0 Ufes.<\/p>\n<p>1\u00ba O Neples possui autonomia para as atividades de ensino, pesquisa e extens\u00e3o, desde que respeitados os dispositivos legais e normativos pertinentes, ouvidas as inst\u00e2ncias a que se vincula institucionalmente.<\/p>\n<p>Art. 3\u00ba O Neples tem como objetivo geral promover reflex\u00f5es cr\u00edticas sobre as manifesta\u00e7\u00f5es liter\u00e1rias no Esp\u00edrito Santo e organizar documenta\u00e7\u00e3o sobre seus principais autores e obras, divulgando-os junto ao p\u00fablico cr\u00edtico e leitor em geral.<\/p>\n<p>Art. 4\u00ba O Neples tem como objetivos espec\u00edficos desenvolver atividades relacionadas a:<\/p>\n<ol>\n<li>Incentivo \u00e0 forma\u00e7\u00e3o de pesquisadores da literatura feita no Esp\u00edrito Santo, seja na Gradua\u00e7\u00e3o, seja na P\u00f3s-gradua\u00e7\u00e3o;<\/li>\n<li>Promo\u00e7\u00e3o de projetos de pesquisa e de semin\u00e1rios bienais;<\/li>\n<\/ol>\n<p>III. Colabora\u00e7\u00e3o e participa\u00e7\u00e3o em eventos liter\u00e1rios e culturais;<\/p>\n<ol>\n<li>Publica\u00e7\u00e3o de material impresso e\/ou eletr\u00f4nico sobre a literatura feita no Esp\u00edrito Santo;<\/li>\n<li>Apresenta\u00e7\u00e3o de projetos visando \u00e0 obten\u00e7\u00e3o de recursos para realiza\u00e7\u00e3o de seus objetivos.<\/li>\n<\/ol>\n<p>Art. 5\u00ba O Neples organiza-se sob a forma de uma coordena\u00e7\u00e3o eleita pelo Colegiado do PPGL e composta por coordenador(a) e coordenador(a) adjunto(a), al\u00e9m de membros (internos e externos) vinculados a projetos peri\u00f3dicos de pesquisadores do N\u00facleo, preferencialmente registrados na Pr\u00f3-reitoria de Pesquisa e P\u00f3s-gradua\u00e7\u00e3o (PRPPG) da Ufes.<\/p>\n<p><strong>T\u00cdTULO III<\/strong><\/p>\n<p><strong>DOS MEMBROS DO NEPLES<\/strong><\/p>\n<p>Art. 6\u00ba O Neples constitui-se, em rela\u00e7\u00e3o \u00e0 sua Coordena\u00e7\u00e3o, a partir de membros vinculados a projetos de seus pesquisadores, no per\u00edodo estrito de sua realiza\u00e7\u00e3o.<\/p>\n<p>1\u00ba Todos os membros do Neples devem ter expl\u00edcita e p\u00fablica vincula\u00e7\u00e3o ao escopo do N\u00facleo, como professores e pesquisadores na \u00e1rea de Literatura Brasileira produzida no Esp\u00edrito Santo.<\/p>\n<p>Art. 7\u00ba Os membros se comprometem a apresentar \u00e0 Coordena\u00e7\u00e3o relat\u00f3rio de suas atividades atinentes ao prop\u00f3sito do Neples sempre que solicitados, sob pena de, n\u00e3o o fazendo, serem desligados do N\u00facleo.<\/p>\n<p><strong>T\u00cdTULO IV<\/strong><\/p>\n<p><strong>DO COLEGIADO DO NEPLES<\/strong><\/p>\n<p>Art. 8\u00ba Comp\u00f5em o Colegiado do Neples a Coordena\u00e7\u00e3o e os membros vinculados periodicamente a projetos de pesquisa desenvolvidos por pesquisadores inscritos no N\u00facleo.<\/p>\n<p>Art. 9\u00ba S\u00e3o atribui\u00e7\u00f5es do Colegiado:<\/p>\n<ol>\n<li>Analisar e aprovar ou n\u00e3o os pedidos de ingresso de membros no Neples;<\/li>\n<li>Validar a perman\u00eancia ou n\u00e3o dos membros do Neples, com base na contribui\u00e7\u00e3o efetiva \u00e0s a\u00e7\u00f5es atinentes ao objetivo do N\u00facleo;<\/li>\n<\/ol>\n<p>III. Discutir, deliberar e atuar em rela\u00e7\u00e3o a quaisquer quest\u00f5es concernentes \u00e0 finalidade do Neples, respeitando os dispositivos legais e normativos da Ufes e as decis\u00f5es democr\u00e1ticas;<\/p>\n<ol>\n<li>Viabilizar ou buscar viabilizar tudo o que for necess\u00e1rio para o cumprimento dos objetivos do Neples;<\/li>\n<li>Acompanhar a Coordena\u00e7\u00e3o do Neples (coordena\u00e7\u00e3o e coordena\u00e7\u00e3o adjunta) em seu trabalho.<\/li>\n<\/ol>\n<p>Art. 10\u00ba O Colegiado do Neples reunir-se-\u00e1 ordinariamente ao menos uma vez por semestre, sempre que houver pauta, e extraordinariamente, quando e se necess\u00e1rio.<\/p>\n<p><strong>T\u00cdTULO V<\/strong><\/p>\n<p><strong>DA COORDENA\u00c7\u00c3O E DAS ELEI\u00c7\u00d5ES PARA COORDENA\u00c7\u00c3O<\/strong><\/p>\n<p>Art. 11\u00ba A Coordena\u00e7\u00e3o do Neples constitui-se de um(a) coordenador(a) e um(a) coordenador(a) adjunto(a).<\/p>\n<p>Art. 12\u00ba Cada gest\u00e3o de Coordena\u00e7\u00e3o \u00e9 eleita por um mandato de quatro anos (48 meses), pelo voto direto dos membros do Colegiado do PPGL, podendo ser reeleita.<\/p>\n<p>Art. 13\u00ba S\u00e3o atribui\u00e7\u00f5es do coordenador:<\/p>\n<ol>\n<li>Gerir as atividades acad\u00eamicas e administrativas do Neples;<\/li>\n<li>Cumprir ou viabilizar o cumprimento dos objetivos do Neples e das decis\u00f5es do Colegiado do PPGL concernentes ao N\u00facleo;<\/li>\n<\/ol>\n<p>III. Manter o Colegiado do PPGL informado, por meio de relat\u00f3rios, sobre todos os aspectos relacionados ao funcionamento do Neples;<\/p>\n<ol>\n<li>Manter permanente avalia\u00e7\u00e3o acerca das a\u00e7\u00f5es do Neples;<\/li>\n<li>Manter organizados e dispon\u00edveis os documentos, acervos e arquivos do Neples;<\/li>\n<li>Redigir os relat\u00f3rios referentes \u00e0s atividades acad\u00eamicas e administrativas do Neples e submet\u00ea-los \u00e0 aprecia\u00e7\u00e3o do Colegiado do PPGL.<\/li>\n<\/ol>\n<p>Art. 14\u00ba S\u00e3o atribui\u00e7\u00f5es do coordenador adjunto:<\/p>\n<ol>\n<li>Apoiar o coordenador, sempre que solicitado;<\/li>\n<li>Substituir o coordenador em seus impedimentos.<\/li>\n<\/ol>\n<p><strong>T\u00cdTULO VI <\/strong><\/p>\n<p><strong>DAS DISPOSI\u00c7\u00d5ES FINAIS E TRANSIT\u00d3RIAS<\/strong><\/p>\n<p>Art. 15\u00ba Os casos omissos ser\u00e3o resolvidos pela Coordena\u00e7\u00e3o do Neples, ouvido o Colegiado do PPGL, conforme o caso.<\/p>\n<p>Art. 16\u00ba O presente regimento s\u00f3 poder\u00e1 ser alterado mediante proposta da Coordena\u00e7\u00e3o ou de qualquer dos membros do Colegiado do PPGL, discutida e aprovada em reuni\u00e3o deste Colegiado.<\/p>\n<p>Art. 17\u00ba O presente regimento entra em vigor na data de sua aprova\u00e7\u00e3o.<\/p>\n<p>Vit\u00f3ria, 19 de outubro de 2019.<\/p>\n<p>S\u00e9rgio da Fonseca Amaral\u00a0(Coordenador)<\/p>\n<p>V\u00edtor Cei Santos (Coordenador-adjunto)<\/p>\n","protected":false},"excerpt":{"rendered":"<p>UNIVERSIDADE FEDERAL DO ESP\u00cdRITO SANTO CENTRO DE CI\u00caNCIAS HUMANAS E NATURAIS PROGRAMA DE P\u00d3S-GRADUA\u00c7\u00c3O EM LETRAS N\u00daCLEO DE ESTUDOS E PESQUISAS DA LITERATURA DO ESP\u00cdRITO SANTO REGIMENTO INTERNO DO N\u00daCLEO DE ESTUDOS E PESQUISAS DA LITERATURA DO ESP\u00cdRITO SANTO T\u00cdTULO &hellip; <a href=\"https:\/\/blog.ufes.br\/neples\/?page_id=2\">Continue lendo <span class=\"meta-nav\">&rarr;<\/span><\/a><\/p>\n","protected":false},"author":342,"featured_media":0,"parent":0,"menu_order":0,"comment_status":"closed","ping_status":"open","template":"","meta":{"_bbp_topic_count":0,"_bbp_reply_count":0,"_bbp_total_topic_count":0,"_bbp_total_reply_count":0,"_bbp_voice_count":0,"_bbp_anonymous_reply_count":0,"_bbp_topic_count_hidden":0,"_bbp_reply_count_hidden":0,"_bbp_forum_subforum_count":0,"_uag_custom_page_level_css":"","footnotes":""},"class_list":["post-2","page","type-page","status-publish","hentry"],"uagb_featured_image_src":{"full":false,"thumbnail":false,"medium":false,"medium_large":false,"large":false,"1536x1536":false,"2048x2048":false,"post-thumbnail":false},"uagb_author_info":{"display_name":"paulo.sodre","author_link":"https:\/\/blog.ufes.br\/neples\/?author=342"},"uagb_comment_info":0,"uagb_excerpt":"UNIVERSIDADE FEDERAL DO ESP\u00cdRITO SANTO CENTRO DE CI\u00caNCIAS HUMANAS E NATURAIS PROGRAMA DE P\u00d3S-GRADUA\u00c7\u00c3O EM LETRAS N\u00daCLEO DE ESTUDOS E PESQUISAS DA LITERATURA DO ESP\u00cdRITO SANTO REGIMENTO INTERNO DO N\u00daCLEO DE ESTUDOS E PESQUISAS DA LITERATURA DO ESP\u00cdRITO SANTO T\u00cdTULO &hellip; Continue lendo &rarr;","_links":{"self":[{"href":"https:\/\/blog.ufes.br\/neples\/index.php?rest_route=\/wp\/v2\/pages\/2","targetHints":{"allow":["GET"]}}],"collection":[{"href":"https:\/\/blog.ufes.br\/neples\/index.php?rest_route=\/wp\/v2\/pages"}],"about":[{"href":"https:\/\/blog.ufes.br\/neples\/index.php?rest_route=\/wp\/v2\/types\/page"}],"author":[{"embeddable":true,"href":"https:\/\/blog.ufes.br\/neples\/index.php?rest_route=\/wp\/v2\/users\/342"}],"replies":[{"embeddable":true,"href":"https:\/\/blog.ufes.br\/neples\/index.php?rest_route=%2Fwp%2Fv2%2Fcomments&post=2"}],"version-history":[{"count":2,"href":"https:\/\/blog.ufes.br\/neples\/index.php?rest_route=\/wp\/v2\/pages\/2\/revisions"}],"predecessor-version":[{"id":552,"href":"https:\/\/blog.ufes.br\/neples\/index.php?rest_route=\/wp\/v2\/pages\/2\/revisions\/552"}],"wp:attachment":[{"href":"https:\/\/blog.ufes.br\/neples\/index.php?rest_route=%2Fwp%2Fv2%2Fmedia&parent=2"}],"curies":[{"name":"wp","href":"https:\/\/api.w.org\/{rel}","templated":true}]}}