{"id":27,"date":"2019-12-12T23:06:29","date_gmt":"2019-12-13T02:06:29","guid":{"rendered":"http:\/\/blog.ufes.br\/netseca\/?page_id=27"},"modified":"2022-12-15T13:17:18","modified_gmt":"2022-12-15T16:17:18","slug":"apresentacao","status":"publish","type":"page","link":"https:\/\/blog.ufes.br\/netseca\/","title":{"rendered":"Apresenta\u00e7\u00e3o"},"content":{"rendered":"\n<h3 class=\"has-text-align-left has-black-color has-text-color wp-block-heading\"> <strong>O N\u00facleo <\/strong><\/h3>\n\n\n\n<p class=\"has-text-align-left\">Desde 2009, o Laborat\u00f3rio de Bioqu\u00edmica e Biologia Molecular, coordenado pela Prof\u00aa. Ta\u00eds Cristina Bastos Soares \u2013 CCENS\/UFES, e localizado no Pr\u00e9dio de Biotecnologia (CCAE\/UFES, Alegre\/ES) tem recebido recursos de diferentes \u00f3rg\u00e3os de fomento (Capes, FINEP, FAPES e CNPq) para execu\u00e7\u00e3o de pesquisas b\u00e1sicas e aplicadas envolvendo acessos do g\u00eanero <em>Coffea<\/em> entre outras esp\u00e9cies. Os recursos est\u00e3o sendo fundamentais para a condu\u00e7\u00e3o de pesquisas que possuem amplo escopo desde a caracteriza\u00e7\u00e3o molecular, visando \u00e0 caracteriza\u00e7\u00e3o do banco de germoplasma do cafeeiro do Incaper (Instituto Capixaba de Pesquisa, Assist\u00eancia T\u00e9cnica e Extens\u00e3o Rural), aos estudos de express\u00e3o g\u00eanica, visando compreender melhor os aspectos gen\u00e9ticos, bioqu\u00edmicos e fisiol\u00f3gicos, relacionados ao mecanismo de toler\u00e2ncia \u00e0 seca no cafeeiro. Os financiamentos dos projetos conduzidos pela equipe vinculada a esta proposta t\u00eam possibilitado, ainda, a forma\u00e7\u00e3o de recursos humanos em diferentes n\u00edveis: gradua\u00e7\u00e3o, mestrado e doutorado. Tamb\u00e9m, por meio de recursos CAPES (PNPD) e FAPES (DCR e Profix), p\u00f3s-doutorandos atuam e atuaram no referido Laborat\u00f3rio, garantindo a fixa\u00e7\u00e3o de doutores no ES.<\/p>\n\n\n\n<p>\nAo longo\ndestes quase nove anos, pesquisadores, de institui\u00e7\u00f5es do Esp\u00edrito\nSanto e de outros Estados, de distintas \u00e1reas do conhecimento, foram\nenvolvidos nas pesquisas acerca dos acessos de <em>Coffea<\/em>.\nDentre esses, destacam-se docentes e discentes da UFES Campus Alegre\ne pesquisadores da Embrapa Caf\u00e9, lotados no Incaper e na UFV, que\natuam nas \u00e1reas de biologia molecular (marcadores moleculares,\nepigen\u00e9tica e express\u00e3o g\u00eanica), fisiologia vegetal, fitotecnia,\ncultura de tecidos vegetais e melhoramento gen\u00e9tico. \n<\/p>\n\n\n\n<p>\nA\ncultura do cafeeiro tem uma import\u00e2ncia econ\u00f4mica substancial para\no PIB brasileiro e configura uma das principais commodities do\nBrasil. Dentre as mais de 124 esp\u00e9cies do g\u00eanero <em>Coffea<\/em>,\nsomente as esp\u00e9cies <em>C.\narabica<\/em>\ne <em>C.\ncanephora<\/em>\nt\u00eam grande import\u00e2ncia econ\u00f4mica. <em>Coffea<\/em>\n<em>canephora<\/em>\n\u00e9 a segunda esp\u00e9cie do g\u00eanero mais cultivada no mundo, e o\nEsp\u00edrito Santo se destaca como o maior produtor brasileiro desta\nesp\u00e9cie, designada no Estado como caf\u00e9 conilon. Com as previs\u00f5es\nde grandes mudan\u00e7as clim\u00e1ticas, sobretudo relacionadas com um\naumento da escassez de \u00e1gua, a busca por materiais mais adaptados \u00e0s\nvaria\u00e7\u00f5es clim\u00e1ticas, em especial \u00e0 seca, tem se destacado. No\nEsp\u00edrito Santo as crises h\u00eddricas ocorridas nos anos de 2015 e 2016\nlevaram a perda expressiva de produ\u00e7\u00e3o do conilon. Para auxiliar na\nescolha de gen\u00f3tipos importantes para toler\u00e2ncia \u00e0 seca e para\nprogramas de melhoramento gen\u00e9tico, destaca-se a biologia molecular\nna an\u00e1lise da express\u00e3o g\u00eanica, assim como as an\u00e1lises\nbioqu\u00edmicas e morfofisiol\u00f3gicas. Estas an\u00e1lises tornam poss\u00edvel\nestudar genes ou regi\u00f5es gen\u00f4micas relacionados ao controle de\ncaracteres de interesse agron\u00f4mico e concomitantemente avaliar a\nheran\u00e7a das caracter\u00edsticas, utilizando, por exemplo, cruzamentos\nrec\u00edprocos. O estresse por seca desencadeia uma s\u00e9rie de respostas\nde plantas, envolvendo cascatas transcricionais e intera\u00e7\u00f5es entre\nprodutos g\u00eanicos que causam uma mudan\u00e7a importante em toda a\nfisiologia, crescimento e desenvolvimento da planta. Caso haja\ninflu\u00eancia materna na resposta \u00e0 seca, \u00e9 poss\u00edvel identificar\ndiferen\u00e7as no cruzamento rec\u00edproco nas prog\u00eanies, sendo\ncontroladas pela m\u00e3e quando no cruzamento \u00e9 receptora do p\u00f3len com\no \u00f3vulo. \n<\/p>\n\n\n\n<p>\nEm uma\nparceria firmada entre UFES, Embrapa Caf\u00e9 e Incaper (EDITAL\nCNPq\/FAPES\nN\u00ba 012\/2009 \u2013 PRONEX, EDITAL FAPES\/SEAG N\u00ba 06\/2015 &#8211; PPE\nAGROPECU\u00c1RIA, e Edital Macroprograma 2 &#8211; Cons\u00f3rcio de Pesquisa\nCafeeira &#8211; Embrapa, Chamada 02) foram realizadas algumas pesquisas\ncom o caf\u00e9 conilon submetendo-os \u00e0 seca no intuito de selecionar\nplantas que sejam mais tolerantes. Em um dos trabalhos de campo, na\nfazenda experimental de Maril\u00e2ndia-ES, foi realizado o cruzamento\ndialelo rec\u00edproco, entre o clone suscet\u00edvel (109) e o tolerante \u00e0\nseca (120), cujas prog\u00eanies foram submetidas ao estresse h\u00eddrico.\nEstas prog\u00eanies foram utilizadas em estudos fisiol\u00f3gicos e\nbioqu\u00edmicos (dados em fase de publica\u00e7\u00e3o). Parte destes estudos\noriginou a tese de doutorado da estudante Franciele Barros de Souza\nSobreira intitulada \u201cRespostas morfofisiol\u00f3gicas e heran\u00e7a\nmaterna para toler\u00e2ncia \u00e0 seca em prog\u00eanies de caf\u00e9 conilon\u201d.\nOs dados obtidos destes estudos sugerem uma forte heran\u00e7a materna em\nrela\u00e7\u00e3o aos mecanismos de toler\u00e2ncia \u00e0 seca e nos motivou buscar\nnovas informa\u00e7\u00f5es relacionadas a estes mecanismos (EDITAL FAPES N\u00ba\n03\/2017- UNIVERSAL), visando identificar indiv\u00edduos superiores para\ntoler\u00e2ncia \u00e0 seca dentro dos gen\u00f3tipos pr\u00e9-selecionados,\nidentificar locus relacionados a caracter\u00edsticas morfofisiol\u00f3gicas\nenvolvidas em mecanismos de toler\u00e2ncia \u00e0 seca e verificar se a\nheran\u00e7a materna tem influ\u00eancia nas prog\u00eanies com superioridade\npara seca.<\/p>\n\n\n\n<p>\nCom base\nnos objetivos, metas e impactos obtidos at\u00e9 o momento,\nsolidificou-se a proposta \u201cN\u00facleo emergente de pesquisa para\nestudos dos mecanismos de toler\u00e2ncia \u00e0 seca no cafeeiro\u201d, a qual\npossui car\u00e1ter de pesquisa cient\u00edfica e experimental, incluindo as\nvertentes de pesquisa b\u00e1sica e aplicada. Considerando a import\u00e2ncia\ndestas pesquisas para o entendimento de aspectos importantes para a\ncultura do cafeeiro e dando continuidade a forma\u00e7\u00e3o de recursos\nhumanos, o N\u00facleo pretende se consolidar, ampliar as parcerias\nnacionais e internacionais. Neste pr\u00f3ximo m\u00eas de novembro, a\ncoordenadora desta proposta, Prof\u00aa Ta\u00eds, ficar\u00e1 um m\u00eas no Leibniz\nInstituto de Bioqu\u00edmica de Plantas (Alemanha), finalizando an\u00e1lises\nrelacionadas ao projeto desenvolvido durante o per\u00edodo sab\u00e1tico\n(PDE\/CNPq), que poder\u00e3o auxiliar no desenvolvimento desta proposta,\nal\u00e9m de solidificar uma parceria internacional. O N\u00facleo considera\nainda, que a transfer\u00eancia de tecnologia constitui uma meta muito\nimportante a ser atingida, e se compromete a transferir as\ninforma\u00e7\u00f5es para os cafeicultores capixabas.<\/p>\n","protected":false},"excerpt":{"rendered":"<div class=\"mh-excerpt\"><p>O N\u00facleo Desde 2009, o Laborat\u00f3rio de Bioqu\u00edmica e Biologia Molecular, coordenado pela Prof\u00aa. Ta\u00eds Cristina Bastos Soares \u2013 CCENS\/UFES, e localizado no Pr\u00e9dio de <a class=\"mh-excerpt-more\" href=\"https:\/\/blog.ufes.br\/netseca\/\" title=\"Apresenta\u00e7\u00e3o\">[leia mais&#8230;]<\/a><\/p>\n<\/div>","protected":false},"author":288,"featured_media":0,"parent":0,"menu_order":0,"comment_status":"closed","ping_status":"closed","template":"","meta":{"_bbp_topic_count":0,"_bbp_reply_count":0,"_bbp_total_topic_count":0,"_bbp_total_reply_count":0,"_bbp_voice_count":0,"_bbp_anonymous_reply_count":0,"_bbp_topic_count_hidden":0,"_bbp_reply_count_hidden":0,"_bbp_forum_subforum_count":0,"_uag_custom_page_level_css":"","footnotes":""},"class_list":["post-27","page","type-page","status-publish","hentry"],"uagb_featured_image_src":{"full":false,"thumbnail":false,"medium":false,"medium_large":false,"large":false,"1536x1536":false,"2048x2048":false,"mh-magazine-lite-slider":false,"mh-magazine-lite-content":false,"mh-magazine-lite-large":false,"mh-magazine-lite-medium":false,"mh-magazine-lite-small":false},"uagb_author_info":{"display_name":"paulo.lobato","author_link":"https:\/\/blog.ufes.br\/netseca\/author\/paulo_alexandre-lobato\/"},"uagb_comment_info":0,"uagb_excerpt":"O N\u00facleo Desde 2009, o Laborat\u00f3rio de Bioqu\u00edmica e Biologia Molecular, coordenado pela Prof\u00aa. Ta\u00eds Cristina Bastos Soares \u2013 CCENS\/UFES, e localizado no Pr\u00e9dio de [leia mais...]","_links":{"self":[{"href":"https:\/\/blog.ufes.br\/netseca\/wp-json\/wp\/v2\/pages\/27","targetHints":{"allow":["GET"]}}],"collection":[{"href":"https:\/\/blog.ufes.br\/netseca\/wp-json\/wp\/v2\/pages"}],"about":[{"href":"https:\/\/blog.ufes.br\/netseca\/wp-json\/wp\/v2\/types\/page"}],"author":[{"embeddable":true,"href":"https:\/\/blog.ufes.br\/netseca\/wp-json\/wp\/v2\/users\/288"}],"replies":[{"embeddable":true,"href":"https:\/\/blog.ufes.br\/netseca\/wp-json\/wp\/v2\/comments?post=27"}],"version-history":[{"count":9,"href":"https:\/\/blog.ufes.br\/netseca\/wp-json\/wp\/v2\/pages\/27\/revisions"}],"predecessor-version":[{"id":117,"href":"https:\/\/blog.ufes.br\/netseca\/wp-json\/wp\/v2\/pages\/27\/revisions\/117"}],"wp:attachment":[{"href":"https:\/\/blog.ufes.br\/netseca\/wp-json\/wp\/v2\/media?parent=27"}],"curies":[{"name":"wp","href":"https:\/\/api.w.org\/{rel}","templated":true}]}}