{"id":35,"date":"2019-12-12T23:08:05","date_gmt":"2019-12-13T02:08:05","guid":{"rendered":"http:\/\/blog.ufes.br\/netseca\/?page_id=35"},"modified":"2023-01-12T13:06:06","modified_gmt":"2023-01-12T16:06:06","slug":"publicacoes","status":"publish","type":"page","link":"https:\/\/blog.ufes.br\/netseca\/publicacoes\/","title":{"rendered":"Publica\u00e7\u00f5es"},"content":{"rendered":"\n<h4 class=\"wp-block-heading\">Artigos cient\u00edficos<\/h4>\n\n\n\n<p><\/p>\n\n\n\n<h4 class=\"wp-block-heading\">Disserta\u00e7\u00f5es e teses <\/h4>\n\n\n\n<p> ROBERTO, Carlos Eduardo de Oliveira. <strong>An\u00e1lise morfofisiol\u00f3gica e heran\u00e7a materna em prog\u00eanies de Coffea canephora para toler\u00e2ncia \u00e0 seca. <\/strong>2022 Tese (Doutorado em Produ\u00e7\u00e3o Vegetal) &#8211; Universidade Federal do Esp\u00edrito Santo. 2022. <\/p>\n\n\n\n<p>COSTA, Fabiano Santiliano<strong>. An\u00e1lise morfofisiol\u00f3gica, heran\u00e7a materna e express\u00e3o diferencial do gene CcGolS1 em prog\u00eanies de <em>Coffea canephora <\/em>para toler\u00e2ncia \u00e0 seca 2022. <\/strong>Tese (Doutorado em Gen\u00e9tica e Melhoramento) &#8211; Universidade Federal do Esp\u00edrito Santo. Alegre. 2022.<\/p>\n\n\n\n<p>SOBREIRA, Franciele Barros de Souza. <strong>Respostas morfofisiol\u00f3gicas e heran\u00e7a materna para toler\u00e2ncia \u00e0 seca em prog\u00eanies de caf\u00e9 conilon<\/strong>. 2017 Tese (Doutorado em Gen\u00e9tica e Melhoramento) &#8211; Universidade Federal do Esp\u00edrito Santo, Alegre. 2017.<\/p>\n\n\n\n<p>AGUIAR, Gabriella Silva de. An\u00e1lise da express\u00e3o de genes relacionados ao mecanismos de toler\u00e2ncia \u00e0 seca no cafeeiro. In\u00edcio: 2021 &#8211; 2025. (Doutorado em andamento)<\/p>\n\n\n\n<p>SOUZA, Lucimara Cruz de. <strong>Qualidade de <em>Coffea canephora<\/em> associada a an\u00e1lises agron\u00f4micas, f\u00edsico-qu\u00edmicas, sensoriais e moleculares.<\/strong> 2021. Tese (Doutorado em Gen\u00e9tica e Melhoramento) &#8211; Universidade Federal do Esp\u00edrito Santo, Alegre. 2021.<\/p>\n\n\n\n<h4 class=\"wp-block-heading\">Livros e Cap\u00edtulos de Livros<\/h4>\n\n\n\n<h4 class=\"wp-block-heading\"><\/h4>\n\n\n\n<h4 class=\"wp-block-heading\">Trabalhos apresentados em eventos<\/h4>\n\n\n\n<p>ROBERTO, C.E.O.; CRUZ, G.P.R.; CARVALHO, R.D.; SOUZA, M.C.; LOUREIRO, R.M.;SOBREIRA, F.B.S.; SOARES, T.C.B. An\u00e1lise da \u00e1rea foliar total em gen\u00f3tipos de Coffea canephora submetidos ao estresse h\u00eddrico. XXIV Encontro Latino Americano de Inicia\u00e7\u00e3o Cient\u00edfica, XX Encontro Latino Americano de P\u00f3s-Gradua\u00e7\u00e3o e X Encontro de Inicia\u00e7\u00e3o \u00e0 Doc\u00eancia .Universidade do Vale do Para\u00edba. S\u00e3o Jos\u00e9 dos Campos, 2021.<\/p>\n\n\n\n<p>SOBREIRA, F.B.S.; SANTILIANO, F.C.; S\u00cdRTOLI, G.F.; SILVA, M.M.C.; SOARES, T.C.B<strong>.<\/strong> Quantifica\u00e7\u00e3o de compostos fen\u00f3licos totais em caf\u00e9 conilon para estudo de toler\u00e2ncia \u00e0 seca. XXVI Encontro Latino Americano de Inicia\u00e7\u00e3o Cient\u00edfica, XXII Encontro Latino Americano de P\u00f3s-Gradua\u00e7\u00e3o e XII Encontro de Inicia\u00e7\u00e3o \u00e0 Doc\u00eancia .Universidade do Vale do Para\u00edba. S\u00e3o Jos\u00e9 dos Campos, 2022.<\/p>\n\n\n\n<p>VIEIRA, C.A.O.; SOUZA, M.C.; SOUZA, L.C.; SOBREIRA, F.B.S.; ROBERTO, C.E.O; SOARES, T.C. Variabilidade em gen\u00f3tipos de caf\u00e9 conilon para toler\u00e2ncia \u00e0 seca. XXIV Encontro Latino Americano de Inicia\u00e7\u00e3o Cient\u00edfica, XX Encontro Latino Americano de P\u00f3s-Gradua\u00e7\u00e3o e X Encontro de Inicia\u00e7\u00e3o \u00e0 Doc\u00eancia .Universidade do Vale do Para\u00edba. S\u00e3o Jos\u00e9 dos Campos, 2021.<\/p>\n\n\n\n<p>SOBREIRA, F.B.S.; SOARES, P.S.M.; ROBERTO, C.E.O.; DECHECHI, F.I.; SILVA, J.A.; SOARES, T.C.B. Par\u00e2metros morfol\u00f3gicos como ferramentas para sele\u00e7\u00e3o de gen\u00f3tipos de conilon tolerantes \u00e0 seca. XXIV Encontro Latino Americano de Inicia\u00e7\u00e3o Cient\u00edfica, XX Encontro Latino Americano de P\u00f3s-Gradua\u00e7\u00e3o e X Encontro de Inicia\u00e7\u00e3o \u00e0 Doc\u00eancia .Universidade do Vale do Para\u00edba. S\u00e3o Jos\u00e9 dos Campos, 2021.<\/p>\n\n\n\n<p>SOBREIRA, F.B.S.; SANTILIANO, F.C.; SOARES, P.S.; DECHECHI, F.I.; CARVALHO, I.O.M.; SOARES, T.C.B. Quantifica\u00e7\u00e3o de nitrog\u00eanio org\u00e2nico em gen\u00f3tipos de caf\u00e9 conilon para sele\u00e7\u00e3o de toler\u00e2ncia \u00e0 seca.XXVI Encontro Latino Americano de Inicia\u00e7\u00e3o Cient\u00edfica, XXII Encontro Latino Americano de P\u00f3s-Gradua\u00e7\u00e3o e XII Encontro de Inicia\u00e7\u00e3o \u00e0 Doc\u00eancia .Universidade do Vale do Para\u00edba. S\u00e3o Jos\u00e9 dos Campos, 2022.<\/p>\n","protected":false},"excerpt":{"rendered":"<div class=\"mh-excerpt\"><p>Artigos cient\u00edficos Disserta\u00e7\u00f5es e teses ROBERTO, Carlos Eduardo de Oliveira. An\u00e1lise morfofisiol\u00f3gica e heran\u00e7a materna em prog\u00eanies de Coffea canephora para toler\u00e2ncia \u00e0 seca. 2022 <a class=\"mh-excerpt-more\" href=\"https:\/\/blog.ufes.br\/netseca\/publicacoes\/\" title=\"Publica\u00e7\u00f5es\">[leia mais&#8230;]<\/a><\/p>\n<\/div>","protected":false},"author":288,"featured_media":0,"parent":0,"menu_order":0,"comment_status":"closed","ping_status":"closed","template":"","meta":{"_bbp_topic_count":0,"_bbp_reply_count":0,"_bbp_total_topic_count":0,"_bbp_total_reply_count":0,"_bbp_voice_count":0,"_bbp_anonymous_reply_count":0,"_bbp_topic_count_hidden":0,"_bbp_reply_count_hidden":0,"_bbp_forum_subforum_count":0,"_uag_custom_page_level_css":"","footnotes":""},"class_list":["post-35","page","type-page","status-publish","hentry"],"uagb_featured_image_src":{"full":false,"thumbnail":false,"medium":false,"medium_large":false,"large":false,"1536x1536":false,"2048x2048":false,"mh-magazine-lite-slider":false,"mh-magazine-lite-content":false,"mh-magazine-lite-large":false,"mh-magazine-lite-medium":false,"mh-magazine-lite-small":false},"uagb_author_info":{"display_name":"paulo.lobato","author_link":"https:\/\/blog.ufes.br\/netseca\/author\/paulo_alexandre-lobato\/"},"uagb_comment_info":0,"uagb_excerpt":"Artigos cient\u00edficos Disserta\u00e7\u00f5es e teses ROBERTO, Carlos Eduardo de Oliveira. An\u00e1lise morfofisiol\u00f3gica e heran\u00e7a materna em prog\u00eanies de Coffea canephora para toler\u00e2ncia \u00e0 seca. 2022 [leia mais...]","_links":{"self":[{"href":"https:\/\/blog.ufes.br\/netseca\/wp-json\/wp\/v2\/pages\/35","targetHints":{"allow":["GET"]}}],"collection":[{"href":"https:\/\/blog.ufes.br\/netseca\/wp-json\/wp\/v2\/pages"}],"about":[{"href":"https:\/\/blog.ufes.br\/netseca\/wp-json\/wp\/v2\/types\/page"}],"author":[{"embeddable":true,"href":"https:\/\/blog.ufes.br\/netseca\/wp-json\/wp\/v2\/users\/288"}],"replies":[{"embeddable":true,"href":"https:\/\/blog.ufes.br\/netseca\/wp-json\/wp\/v2\/comments?post=35"}],"version-history":[{"count":6,"href":"https:\/\/blog.ufes.br\/netseca\/wp-json\/wp\/v2\/pages\/35\/revisions"}],"predecessor-version":[{"id":150,"href":"https:\/\/blog.ufes.br\/netseca\/wp-json\/wp\/v2\/pages\/35\/revisions\/150"}],"wp:attachment":[{"href":"https:\/\/blog.ufes.br\/netseca\/wp-json\/wp\/v2\/media?parent=35"}],"curies":[{"name":"wp","href":"https:\/\/api.w.org\/{rel}","templated":true}]}}