{"id":102,"date":"2016-10-25T09:46:35","date_gmt":"2016-10-25T11:46:35","guid":{"rendered":"http:\/\/blog.ufes.br\/ngacb\/?page_id=102"},"modified":"2022-07-08T14:20:51","modified_gmt":"2022-07-08T17:20:51","slug":"publicacoes","status":"publish","type":"page","link":"https:\/\/blog.ufes.br\/ngacb\/?page_id=102","title":{"rendered":"Publica\u00e7\u00f5es"},"content":{"rendered":"<p style=\"text-align: center\">2022<\/p>\n<hr \/>\n<p>Quint\u00e3o et al. The evolutionary history of <em>Priolepis<\/em>\u00a0(Gobiidae) in the Atlantic Ocean. <a href=\"https:\/\/rdcu.be\/cRgd7\">Marine Biology<\/a>.<\/p>\n<p>Colombo et al. Integrative taxonomy solves taxonomic impasses: a case study from Epyrinae (Hymenoptera, Bethylidae) . <a href=\"https:\/\/doi.org\/10.1111\/syen.12544\">Systematic Entomology.<\/a><\/p>\n<p style=\"text-align: center\">2021<\/p>\n<hr \/>\n<p>Gatti et al. Gondwana breakup under the ephemeral look. <a href=\"https:\/\/onlinelibrary.wiley.com\/doi\/10.1111\/jzs.12477\">J Zool Syst Evol Res.<\/a><\/p>\n<p style=\"text-align: center\">2019<\/p>\n<hr \/>\n<p>Zanchetta; Rocha; Leite. Comparative phytogeography and demographic history of two marsupials of the Atlantic Forest in eastern Brazil. <a href=\"https:\/\/doi.org\/10.1111\/jzs.12280\" target=\"_blank\" rel=\"noopener noreferrer\">J Zool Syst Evol Res.<\/a><\/p>\n<p style=\"text-align: center\">2018<\/p>\n<hr \/>\n<p>Guimar\u00e3es; Loss; Costa. New records of the rare little rufous mouse opossum,\u00a0<em>Marmosa lepida\u00a0<\/em>(Thomas, 1888) (Mammalia, Didelphidae) in southeastern Amazonia, Brazil. <a href=\"https:\/\/checklist.pensoft.net\/articles.php?id=21395\">Check List.<\/a><\/p>\n<p>Abreu-J\u00fanior et al. Unveiling the identity of Kerr&#8217;s Atlantic tree rat, <em>Phyllomys kerri\u00a0<\/em>(Rodentia, Echimydae). <a href=\"https:\/\/doi.org\/10.1016\/j.mambio.2018.03.008\" target=\"_blank\" rel=\"noopener noreferrer\">Mammalian Biology.<\/a><\/p>\n<p>Machado et al. Phylogeny and biogeography of\u00a0<em>Phyllomys\u00a0<\/em>(Rodentia: Echimyidae) reveal a new species from the Cerrado and suggest Miocene connections of the Amazon and Atlantic Forest. <a href=\"https:\/\/doi.org\/10.1093\/jmammal\/gyy015\" target=\"_blank\" rel=\"noopener noreferrer\">Journal of Mammalogy.<\/a><\/p>\n<p>Dalapicolla; Leite. Historical connections among river basins and climatic changes explain the biogeographic history of a water rat. <a href=\"https:\/\/peerj.com\/articles\/5333\/\" target=\"_blank\" rel=\"noopener noreferrer\">Peer J.<\/a><\/p>\n<p>Guimar\u00e3es; Bolzan; Costa. Levantamento de pequenos mam\u00edferos n\u00e3o-voadores de Autazes, Amaz\u00f4nia, Brasil, incluindo novos t\u00e1xons e amplia\u00e7\u00f5es de distribui\u00e7\u00e3o. <a href=\"https:\/\/sbmz.org\/wp-content\/uploads\/2019\/05\/BolSBMz-82_Agosto-2018_Artigo_Guimaraes-et-al_Pequenos-mamiferos-n\u00e3o-voadores-de-Autazes-Brasil.pdf\" target=\"_blank\" rel=\"noopener noreferrer\">Boletim da Sociedade Brasileira de Mastozoologia.<\/a><\/p>\n<p>Alencar; Weicher; Azevedo. Opening Pandora&#8217;s box of Pristocerinae: molecular and morphological phylogenies of\u00a0<em>Apenesia\u00a0<\/em>(Hymenoptera, Bethylidae) reveal hidden genera. <a href=\"https:\/\/doi.org\/10.1111\/syen.12295\" target=\"_blank\" rel=\"noopener noreferrer\">Systematic Entomology.<\/a><\/p>\n<p style=\"text-align: center\">2017<\/p>\n<hr \/>\n<p>Rocha et al. Cryptic diversity in the\u00a0<em>Oecomys roberti\u00a0<\/em>complex: revalidation of\u00a0<em> Oecomys tapajinus\u00a0<\/em>(Rodentia, Cricetidae). <a href=\"https:\/\/doi.org\/10.1093\/jmammal\/gyx149\">Journal of Mammalogy.<\/a><\/p>\n<p>Martinelli et al. The use of Proteinase K to access genitalia morphology, vouchering and DNA extraction in minute wasps. <a href=\"http:\/\/www.scielo.br\/scielo.php?script=sci_arttext&amp;pid=S0001-37652017000401629&amp;lng=en&amp;nrm=iso\">Anais da Academia Brasileira de Ci\u00eancias.<\/a><\/p>\n<p style=\"text-align: center\">2016<\/p>\n<hr \/>\n<p>Leite et al<a href=\"http:\/\/www.pnas.org\/content\/113\/4\/1008\">.<\/a> Neotropical forest expansion during the last glacial period challenges refuge hypothesis.\u00a0<em><a href=\"http:\/\/www.pnas.org\/content\/113\/4\/1008\">Proceedings of the National Academy of Sciences of the United States of America<\/a>.<\/em><\/p>\n<p>Leite at al. (Reply to Raposo do Amaral et al) The &#8220;Atlantis Forest hypothesis&#8221; adds a new dimension to Atlantic Forest biogeography.\u00a0<em><a href=\"http:\/\/www.pnas.org\/content\/113\/15\/E2099\">Proceedings of the National Academy of Sciences of the United States of America<\/a>.<\/em><\/p>\n<p style=\"text-align: center\">2015<\/p>\n<hr \/>\n<p>Duda &amp; Costa. Morphological, morphometric and genetic variation among cryptic and sympatric species of southeastern South America three-striped opossums (<em>Monodelphis:\u00a0<\/em>Mammalia: Didelphidae).\u00a0<em><a href=\"http:\/\/biotaxa.org\/Zootaxa\/article\/view\/zootaxa.3936.4.2\">Zootaxa<\/a>.<\/em><\/p>\n<p>Leite; Kok; Weksler. Evolutionary affinities of the &#8220;Lost World&#8221; mouse suggest a late Pliocene connection between the Guiana and Brazilian shields.\u00a0<a href=\"http:\/\/onlinelibrary.wiley.com\/doi\/10.1111\/jbi.12461\/abstract\"><em>Journal of Biogeography.<\/em><\/a><\/p>\n<p>Loss et al. Range extension and first record of\u00a0<em>Euryzygomatomys spinosus\u00a0<\/em>(Rodentia, Echimydae) in the Brazilian Cerrado.\u00a0<em><a href=\"http:\/\/www.biotaxa.org\/cl\/article\/view\/11.5.1742\/15472\">Check list<\/a>.<\/em><\/p>\n<p>Rocha et al. DNA from owl pellet bones uncovers hidden biodiversity.\u00a0<em><a href=\"http:\/\/www.tandfonline.com\/doi\/full\/10.1080\/14772000.2015.1044048\">Systematics and Biodiversity<\/a>.<\/em><\/p>\n<p>Rocha et al. The Araguaia River as an important biogeographical divide for didelphid marsupials in Centre Brazil.\u00a0<a href=\"https:\/\/academic.oup.com\/jhered\/article\/106\/5\/593\/2961883\/The-Araguaia-River-as-an-Important-Biogeographical\"><em>Journal of Heredity.<\/em><\/a><\/p>\n<p style=\"text-align: center\">2014<\/p>\n<hr \/>\n<p>Colombi &amp; Fagundes. First record of\u00a0<em>Calomys cerqueirai\u00a0<\/em>(Rodentia: Phyllotini) in Esp\u00edrito Santo (Brazil) with description of the 2n=36,\u00a0FN<sub>A<\/sub>=66 karyotype. <a href=\"https:\/\/www.degruyter.com\/view\/j\/mamm.2015.79.issue-4\/mammalia-2014-0076\/mammalia-2014-0076.xml\"><em>Mammalia.<\/em><\/a><\/p>\n<p>Machado et al. Phylogeny and biogeography of tetralophodont rodents of the tribe Oryzomini (Cricetidae: Sigmodontinae).\u00a0<em><a href=\"http:\/\/onlinelibrary.wiley.com\/doi\/10.1111\/zsc.12041\/abstract\">Zoologica Scripta<\/a>.<\/em><\/p>\n<p>Rocha et al. Seasonal flooding regime and ecological traits influence genetic structure of two small rodents.<a href=\"http:\/\/onlinelibrary.wiley.com\/doi\/10.1002\/ece3.1336\/abstract\">\u00a0<\/a><em><a href=\"http:\/\/onlinelibrary.wiley.com\/doi\/10.1002\/ece3.1336\/abstract\">Ecology and Evolution<\/a>.<\/em><\/p>\n<p style=\"text-align: center\">2013<\/p>\n<hr \/>\n<p>Tonini; Costa; Carnaval. Phylogeographic structure is strong in the Atlantic Forest; predictive power of correlative paleodistribution models, not always.\u00a0<em><a href=\"http:\/\/onlinelibrary.wiley.com\/doi\/10.1111\/jzs.12014\/abstract\">Journal of Zoological Systematics and Evolutionary Research<\/a>.<\/em><\/p>\n<p>Ventura at al. The phylogenetic position of the enigmatic Atlantic forest-endemic spiny mouse\u00a0<em>Abrawayaomys\u00a0<\/em>(Rodentia: Sigmodontinae). <a href=\"http:\/\/zoologicalstudies.springeropen.com\/articles\/10.1186\/1810-522X-52-55\"><em>Zoological Studies.<\/em><\/a><\/p>\n<p style=\"text-align: center\">2012<\/p>\n<hr \/>\n<p>Agrizzi et al. Molecular diagnosis of Atlantic Forest mammals using mitochondrial DNA sequences: Didelphid Marsupials.\u00a0<em><a href=\"https:\/\/benthamopen.com\/ABSTRACT\/TOZJ-5-2\">The Open Zoology Journal<\/a>.<\/em><\/p>\n<p>Rocha et al. Highly conserved d-loop sequences in woolly mouse opossums\u00a0<em>Marmosa (Micoreus).\u00a0<\/em><em><a href=\"http:\/\/www.tandfonline.com\/doi\/full\/10.3109\/19401736.2012.660922\">Mitochondrial DNA<\/a>.<\/em><\/p>\n<p style=\"text-align: center\">2011<\/p>\n<hr \/>\n<p>Leite et al. Designation of a neotype for the Brazilian porcupine,\u00a0<em>Coendou prehensilis\u00a0<\/em>(Linnaeus, 1758).\u00a0<em><a href=\"http:\/\/www.mapress.com\/j\/zt\/article\/view\/10625\">Zootaxa<\/a>.<\/em><\/p>\n<p>Loss &amp; Leite. Evolutionary diversification of\u00a0<em>Phyllomys\u00a0<\/em>(Rodentia: Echimydae) in the Brazilian Atlantic Forest.\u00a0<a href=\"http:\/\/www.bioone.org\/doi\/abs\/10.1644\/10-MAMM-A-320.1\"><em>Journal of Mammalogy.<\/em><\/a><\/p>\n<p>L\u00f3ss; Costa; Leite. Geografic variation, phylogeny and systematic status of\u00a0<em>Gracilinanus microtarsus\u00a0<\/em>(mammalia: Didelphimorphia: Didelphidae).\u00a0<em><a href=\"http:\/\/www.mapress.com\/j\/zt\/article\/view\/10455\">Zootaxa<\/a>.<\/em><\/p>\n<p>Rocha et al. Small mammals of the mid-Araguaia River in central Brazil, with the description of a new species of climbing rat.\u00a0<em><a href=\"http:\/\/www.mapress.com\/j\/zt\/article\/view\/10615\">Zootaxa<\/a>.<\/em><\/p>\n<p style=\"text-align: center\">2010<\/p>\n<hr \/>\n<p>Colombi; Ramira; Fagundes. Testing the Rio Doce as a riverine barrier in shaping the Atlantic rainforest population divergence in the rodent\u00a0<em>Akodon cursor.<\/em>\u00a0<a href=\"http:\/\/www.scielo.br\/scielo.php?script=sci_abstract&amp;pid=S1415-47572010000400029&amp;lng=en&amp;nrm=iso&amp;tlng=en\"><em>Genetics and Molecular Biology.<\/em><em>\u00a0<\/em><\/a><\/p>\n","protected":false},"excerpt":{"rendered":"<p>2022 Quint\u00e3o et al. The evolutionary history of Priolepis\u00a0(Gobiidae) in the Atlantic Ocean. Marine Biology. Colombo et al. Integrative taxonomy solves taxonomic impasses: a case study from Epyrinae (Hymenoptera, Bethylidae) . Systematic Entomology. 2021 Gatti et al. Gondwana breakup under &hellip; <a href=\"https:\/\/blog.ufes.br\/ngacb\/?page_id=102\">Continue lendo <span class=\"meta-nav\">&rarr;<\/span><\/a><\/p>\n","protected":false},"author":277,"featured_media":0,"parent":0,"menu_order":0,"comment_status":"closed","ping_status":"closed","template":"","meta":{"_bbp_topic_count":0,"_bbp_reply_count":0,"_bbp_total_topic_count":0,"_bbp_total_reply_count":0,"_bbp_voice_count":0,"_bbp_anonymous_reply_count":0,"_bbp_topic_count_hidden":0,"_bbp_reply_count_hidden":0,"_bbp_forum_subforum_count":0,"_uag_custom_page_level_css":"","footnotes":""},"class_list":["post-102","page","type-page","status-publish","hentry"],"uagb_featured_image_src":{"full":false,"thumbnail":false,"medium":false,"medium_large":false,"large":false,"1536x1536":false,"2048x2048":false,"post-thumbnail":false,"large-feature":false,"small-feature":false},"uagb_author_info":{"display_name":"juliana.justino","author_link":"https:\/\/blog.ufes.br\/ngacb\/?author=277"},"uagb_comment_info":0,"uagb_excerpt":"2022 Quint\u00e3o et al. The evolutionary history of Priolepis\u00a0(Gobiidae) in the Atlantic Ocean. Marine Biology. Colombo et al. Integrative taxonomy solves taxonomic impasses: a case study from Epyrinae (Hymenoptera, Bethylidae) . Systematic Entomology. 2021 Gatti et al. Gondwana breakup under &hellip; Continue lendo &rarr;","_links":{"self":[{"href":"https:\/\/blog.ufes.br\/ngacb\/index.php?rest_route=\/wp\/v2\/pages\/102","targetHints":{"allow":["GET"]}}],"collection":[{"href":"https:\/\/blog.ufes.br\/ngacb\/index.php?rest_route=\/wp\/v2\/pages"}],"about":[{"href":"https:\/\/blog.ufes.br\/ngacb\/index.php?rest_route=\/wp\/v2\/types\/page"}],"author":[{"embeddable":true,"href":"https:\/\/blog.ufes.br\/ngacb\/index.php?rest_route=\/wp\/v2\/users\/277"}],"replies":[{"embeddable":true,"href":"https:\/\/blog.ufes.br\/ngacb\/index.php?rest_route=%2Fwp%2Fv2%2Fcomments&post=102"}],"version-history":[{"count":28,"href":"https:\/\/blog.ufes.br\/ngacb\/index.php?rest_route=\/wp\/v2\/pages\/102\/revisions"}],"predecessor-version":[{"id":225,"href":"https:\/\/blog.ufes.br\/ngacb\/index.php?rest_route=\/wp\/v2\/pages\/102\/revisions\/225"}],"wp:attachment":[{"href":"https:\/\/blog.ufes.br\/ngacb\/index.php?rest_route=%2Fwp%2Fv2%2Fmedia&parent=102"}],"curies":[{"name":"wp","href":"https:\/\/api.w.org\/{rel}","templated":true}]}}