{"id":83,"date":"2016-08-09T08:45:57","date_gmt":"2016-08-09T11:45:57","guid":{"rendered":"http:\/\/blog.ufes.br\/ngacb\/?page_id=83"},"modified":"2016-10-21T15:31:15","modified_gmt":"2016-10-21T17:31:15","slug":"inicio","status":"publish","type":"page","link":"https:\/\/blog.ufes.br\/ngacb\/","title":{"rendered":"In\u00edcio"},"content":{"rendered":"<p>O NGACB \u00e9 formado por laborat\u00f3rios de pesquisa na \u00e1rea de gen\u00e9tica no Departamento de Ci\u00eancias Biol\u00f3gicas da Universidade Federal do Esp\u00edrito Santo\/Campus de Goiabeiras.<\/p>\n<p>Criado em 2007 no Campus de Maru\u00edpe,\u00a0\u00a0v\u00e1rios projetos de pesquisa de gradua\u00e7\u00e3o e p\u00f3s-gradua\u00e7\u00e3o j\u00e1 foram e est\u00e3o sendo desenvolvidos, envolvendo diversos t\u00e1xons.<\/p>\n<p>Em Junho de 2016, o NGACB mudou para o Campus de Goiabeiras junto com o Departamento de Biologia.<\/p>\n<p>Objetivos:<\/p>\n<ol>\n<li>Desenvolver e divulgar pesquisas gen\u00e9ticas sobre esp\u00e9cies animais e vegetais, com \u00eanfase nas end\u00eamicas ou amea\u00e7adas de extin\u00e7\u00e3o, a fim de orientar planos de manejo, implementa\u00e7\u00e3o dos corredores ecol\u00f3gicos e determina\u00e7\u00e3o de \u00e1reas priorit\u00e1rias para conserva\u00e7\u00e3o da biodiversidade.<\/li>\n<li>Formar recursos humanos na utiliza\u00e7\u00e3o e aplica\u00e7\u00e3o de t\u00e9cnicas moleculares em estudos de biodiversidade e conserva\u00e7\u00e3o de esp\u00e9cies, principalmente atrav\u00e9s dos programas de p\u00f3s-gradua\u00e7\u00e3o em Ci\u00eancias Biol\u00f3gicas: Biologia Animal e Biologia Vegetal da UFES e de projetos de inicia\u00e7\u00e3o cient\u00edfica.<\/li>\n<li>Estabelecer parcerias com pesquisadores de outras institui\u00e7\u00f5es objetivando o interc\u00e2mbio de informa\u00e7\u00f5es, o aperfei\u00e7oamento de t\u00e9cnicas e o desenvolvimento de projetos em conjunto.<\/li>\n<\/ol>\n<p>Apoio:<\/p>\n<p>A implanta\u00e7\u00e3o do N\u00facleo contou com o apoio da UFES e do CEPF (Critical Ecosystem Partership Fund). Ag\u00eancias de fomento \u00e0 pesquisa, como o CNPQ, CAPES, FAPES tem contribu\u00eddo para o desenvolvimento dos projetos.<\/p>\n","protected":false},"excerpt":{"rendered":"<p>O NGACB \u00e9 formado por laborat\u00f3rios de pesquisa na \u00e1rea de gen\u00e9tica no Departamento de Ci\u00eancias Biol\u00f3gicas da Universidade Federal do Esp\u00edrito Santo\/Campus de Goiabeiras. Criado em 2007 no Campus de Maru\u00edpe,\u00a0\u00a0v\u00e1rios projetos de pesquisa de gradua\u00e7\u00e3o e p\u00f3s-gradua\u00e7\u00e3o j\u00e1 &hellip; <a href=\"https:\/\/blog.ufes.br\/ngacb\/\">Continue lendo <span class=\"meta-nav\">&rarr;<\/span><\/a><\/p>\n","protected":false},"author":277,"featured_media":0,"parent":0,"menu_order":0,"comment_status":"closed","ping_status":"closed","template":"","meta":{"_bbp_topic_count":0,"_bbp_reply_count":0,"_bbp_total_topic_count":0,"_bbp_total_reply_count":0,"_bbp_voice_count":0,"_bbp_anonymous_reply_count":0,"_bbp_topic_count_hidden":0,"_bbp_reply_count_hidden":0,"_bbp_forum_subforum_count":0,"_uag_custom_page_level_css":"","footnotes":""},"class_list":["post-83","page","type-page","status-publish","hentry"],"uagb_featured_image_src":{"full":false,"thumbnail":false,"medium":false,"medium_large":false,"large":false,"1536x1536":false,"2048x2048":false,"post-thumbnail":false,"large-feature":false,"small-feature":false},"uagb_author_info":{"display_name":"juliana.justino","author_link":"https:\/\/blog.ufes.br\/ngacb\/?author=277"},"uagb_comment_info":0,"uagb_excerpt":"O NGACB \u00e9 formado por laborat\u00f3rios de pesquisa na \u00e1rea de gen\u00e9tica no Departamento de Ci\u00eancias Biol\u00f3gicas da Universidade Federal do Esp\u00edrito Santo\/Campus de Goiabeiras. Criado em 2007 no Campus de Maru\u00edpe,\u00a0\u00a0v\u00e1rios projetos de pesquisa de gradua\u00e7\u00e3o e p\u00f3s-gradua\u00e7\u00e3o j\u00e1 &hellip; Continue lendo &rarr;","_links":{"self":[{"href":"https:\/\/blog.ufes.br\/ngacb\/index.php?rest_route=\/wp\/v2\/pages\/83","targetHints":{"allow":["GET"]}}],"collection":[{"href":"https:\/\/blog.ufes.br\/ngacb\/index.php?rest_route=\/wp\/v2\/pages"}],"about":[{"href":"https:\/\/blog.ufes.br\/ngacb\/index.php?rest_route=\/wp\/v2\/types\/page"}],"author":[{"embeddable":true,"href":"https:\/\/blog.ufes.br\/ngacb\/index.php?rest_route=\/wp\/v2\/users\/277"}],"replies":[{"embeddable":true,"href":"https:\/\/blog.ufes.br\/ngacb\/index.php?rest_route=%2Fwp%2Fv2%2Fcomments&post=83"}],"version-history":[{"count":1,"href":"https:\/\/blog.ufes.br\/ngacb\/index.php?rest_route=\/wp\/v2\/pages\/83\/revisions"}],"predecessor-version":[{"id":84,"href":"https:\/\/blog.ufes.br\/ngacb\/index.php?rest_route=\/wp\/v2\/pages\/83\/revisions\/84"}],"wp:attachment":[{"href":"https:\/\/blog.ufes.br\/ngacb\/index.php?rest_route=%2Fwp%2Fv2%2Fmedia&parent=83"}],"curies":[{"name":"wp","href":"https:\/\/api.w.org\/{rel}","templated":true}]}}