{"id":70,"date":"2014-09-15T18:15:51","date_gmt":"2014-09-15T21:15:51","guid":{"rendered":"http:\/\/blog.ufes.br\/paleontologia\/?page_id=70"},"modified":"2019-03-25T22:52:29","modified_gmt":"2019-03-26T01:52:29","slug":"publicacoes","status":"publish","type":"page","link":"https:\/\/blog.ufes.br\/paleontologia\/?page_id=70","title":{"rendered":"Publications"},"content":{"rendered":"<h5><span style=\"color: #333333\">Can&#8217;t get a PDF? Ask us: paleoufes(at)yahoo.com.br<\/span><\/h5>\n<hr \/>\n<h5><span style=\"color: #333333\"><strong>In press<\/strong><\/span><\/h5>\n<h5><span style=\"color: #333333\"><strong>Buchmann, R. &amp;<\/strong>\u00a0<strong>Rodrigues, T. <\/strong>The evolution of pneumatic foramina in pterosaur vertebrae. Anais da Academia Brasileira de Ci\u00eancias.<\/span><\/h5>\n<hr \/>\n<h5><span style=\"color: #333333\"><strong>2019<\/strong><\/span><\/h5>\n<h5><span style=\"color: #333333\">Souza, R. G., H\u00f6rmanseder, B. M., <strong>Figueiredo, R. G.<\/strong> &amp; Campos, D. A. 2019. Description of new dyrosaurid specimens from the Late Cretaceous\u2013Early Paleogene of New Jersey, United States, and comments on <em>Hyposaurus<\/em> systematics. Historical Biology, DOI: 10.1080\/08912963.2019.1593403. <a style=\"color: #333333\" href=\"https:\/\/www.tandfonline.com\/doi\/citedby\/10.1080\/08912963.2019.1593403\">PDF<\/a><\/span><\/h5>\n<h5><span style=\"color: #333333\">Holgado, B., P\u00eagas, R. V., Canudo, J. I., Fortuny, J., <strong>Rodrigues, T.<\/strong>, Company, J. &amp; Kellner, A. W. A. 2019. On a new crested pterodactyloid from the Early Cretaceous of the Iberian Peninsula and the radiation of the clade Anhangueria. Scientific Reports, v. 9, p. 4940. <a style=\"color: #333333\" href=\"https:\/\/www.nature.com\/articles\/s41598-019-41280-4\">PDF<\/a><\/span><\/h5>\n<hr \/>\n<h5><span style=\"color: #333333\"><strong>2018<\/strong><\/span><\/h5>\n<h5><span style=\"color: #333333\"><strong>Buchmann, R.<\/strong>, <strong>Rodrigues, T.<\/strong>, <strong>Polegario, S.<\/strong> &amp; Kellner, A. W. A. 2018. New information on the postcranial skeleton of the Thalassodrominae (Pterosauria, Pterodactyloidea, Tapejaridae). Historical Biology, v. 30, p. 1139-1149. <a style=\"color: #333333\" href=\"https:\/\/www.tandfonline.com\/doi\/abs\/10.1080\/08912963.2017.1343314?journalCode=ghbi20\">PDF<\/a><\/span><\/h5>\n<hr \/>\n<h5><span style=\"color: #333333\"><strong>2017<\/strong><\/span><\/h5>\n<h5 style=\"text-align: justify\"><span style=\"color: #333333\">Pinheiro, F. L. &amp; <strong>Rodrigues, T.<\/strong> 2017. <em>Anhanguera<\/em> taxonomy revisited: is our understanding of Santana Group pterosaur diversity biased by poor biological and stratigraphic control?. PeerJ, v. 5, p. e3285. <a style=\"color: #333333\" href=\"https:\/\/peerj.com\/articles\/3285\/\" target=\"_blank\" rel=\"noopener noreferrer\">PDF<\/a><\/span><\/h5>\n<h5 style=\"text-align: justify\"><span style=\"color: #333333\">Wang, X., Kellner, A. W. A., Jiang, S., Xin, C., Wang, Q., Ma, Y., Paidoula, Y., <strong>Rodrigues, T.<\/strong>, Chen, H., Say\u00e3o, J. M., Li, N., Zhang, J., Bantim, R. A. M., Meng, X., Zhang, X., Qiu, R. &amp; Zhou, Z. 2017. Egg accumulation with 3D embryos provides insight into the life history of a pterosaur. Science, v. 358, p. 1197-1201. <a style=\"color: #333333\" href=\"http:\/\/science.sciencemag.org\/content\/358\/6367\/1197\">PDF<\/a><\/span><\/h5>\n<div class=\"layout-cell layout-cell-11\">\n<h5 class=\"layout-cell-pad-5\"><b>Figueiredo, R.G<\/b>. 2017. O passado dos jacar\u00e9s. In: Marcelo Renan de Deus Santos; Yhuri Cardoso N\u00f3brega. (Org.). O jacar\u00e9 de papo amarelo: guia para educa\u00e7\u00e3o ambiental. 1ed.Vit\u00f3ria-ES: Instituto \u00daltimos Ref\u00fagios, p. 1-62.<\/h5>\n<\/div>\n<hr \/>\n<h5><span style=\"color: #333333\"><strong>2016<\/strong><\/span><\/h5>\n<h5 style=\"text-align: justify\"><span style=\"color: #333333\">Say\u00e3o, J. M., Bantim, R. A. M., Andrade, R. C. L. P., Lima, F. J., Saraiva, A. A. F., <strong>Figueiredo, R. G.<\/strong> &amp; Kellner, A. W. A. 2016. Paleohistology of <em>Susisuchus anatoceps<\/em> (Crocodylomorpha, Neosuchia): Comments on Growth Strategies and Lifestyle. Plos One, v. 11, p. e0155297-16. <a style=\"color: #333333\" href=\"http:\/\/journals.plos.org\/plosone\/article?id=10.1371\/journal.pone.0155297\">PDF<\/a><\/span><\/h5>\n<hr \/>\n<h5><span style=\"color: #333333\"><strong>2015<\/strong><\/span><\/h5>\n<h5 style=\"text-align: justify\"><span style=\"color: #333333\">Concei\u00e7\u00e3o, S. F., Oliveira, W., Falcon, J. E., Noronha, M., Elert, N., Borlini, P., Cabral, T. &amp; <strong>Rodrigues, T.<\/strong>\u00a02015. Jogo Corrida Paleontol\u00f3gica. In: Marina Bento Soares. (Org.). Paleontologia na sala de aula. 1ed. Porto Alegre: Ed. Imprensa Livre, p. 588-591. <a style=\"color: #333333\" href=\"https:\/\/www.paleontologianasaladeaula.com\/\" target=\"_blank\" rel=\"noopener noreferrer\">PDF<\/a><\/span><\/h5>\n<h5 style=\"text-align: justify\"><span style=\"color: #333333\">Wang, X., Kellner, A. W. A., Cheng, X., Jiang, S., Wang, Q., Say\u00e3o, J. M., <strong>Rodrigues, T.<\/strong>, Costa, F. R. ; Li, N., Meng, X., Zhou, Z.\u00a02015. Eggshell and Histology Provide Insight on the Life History of a Pterosaur with Two Functional Ovaries. Anais da Academia Brasileira de Ci\u00eancias, v. 87, p. 1599-1609. <a style=\"color: #333333\" href=\"http:\/\/www.scielo.br\/scielo.php?script=sci_arttext&amp;pid=S0001-37652015000401599\" target=\"_blank\" rel=\"noopener noreferrer\">PDF<\/a><\/span><\/h5>\n<h5 style=\"text-align: justify\"><span style=\"color: #333333\"><strong>Rodrigues, T.<\/strong>, Jiang, S., Cheng, X., Wang, X., Kellner, A. W. A. 2015. A new toothed pteranodontoid (Pterosauria, Pterodactyloidea) from the Jiufotang Formation (Lower Cretaceous, Aptian) of China and comments on <em>Liaoningopterus gui<\/em> Wang and Zhou, 2003. Historical Biology, v. 27, p. 782-795. <a style=\"color: #333333\" href=\"https:\/\/www.academia.edu\/13813641\/A_new_toothed_pteranodontoid_Pterosauria_Pterodactyloidea_from_the_Jiufotang_Formation_Lower_Cretaceous_Aptian_of_China_and_comments_on_Liaoningopterus_gui_Wang_and_Zhou_2003\">PDF<\/a><\/span><\/h5>\n<h5 style=\"text-align: justify\"><span style=\"color: #333333\">Dyke, G., Vremir, M., Brusatte, S. L., Bever, G. S., Buffetaut, E., Chapman, S., Csiki-Sava, Z., Kellner, A., Martin, E., Naish, D., Norell, M., \u0150si, A., Pinheiro, F. L., Prondvai, E., Rabi, M., <strong>Rodrigues, T.<\/strong>, Steel, L., Tong, H., Vila Nova, B., Witton, M. 2015.\u00a0<em>Thalassodromeus sebesensis<\/em> &#8211; a new name for an old turtle. Comment on <em>Thalassodromeus sebesensis<\/em>, an out of place and out of time Gondwanan tapejarid pterosaur, Grellet-Tinner and Codrea (online July 2014 DOI 10.1016\/j.gr.2014.06.002). Gondwana Research, v. 27, p. 1680-1682. <a style=\"color: #333333\" href=\"https:\/\/www.academia.edu\/27079393\/Thalassodromeus_sebesensis_A_new_name_for_an_old_turtle._Comment_on_Thalassodromeus_sebesensis_an_out_of_place_and_out_of_time_Gondwanan_tapejarid_pterosaur_Grellet-Tinner_and_Codrea_online_July_2014_DOI_10.1016_j.gr.2014.06.002_\">PDF<\/a><\/span><\/h5>\n<hr \/>\n<h5 style=\"text-align: justify\"><span style=\"color: #333333\"><strong>2014<\/strong><\/span><\/h5>\n<h5 style=\"text-align: justify\"><span style=\"color: #333333\">Sim\u00f5es, T., <strong>Figueiredo, R. G.<\/strong>, Delcourt, R., <strong>Rodrigues, T.<\/strong> (eds.) 2014. Boletim de Resumos: IX Simp\u00f3sio Brasileiro de Paleontologia de Vertebrados \/ Paleontologia em Destaque: Boletim Informativo da Sociedade Brasileira de Paleontologia. Edi\u00e7\u00e3o Especial Agosto\/2014. <a style=\"color: #333333\" href=\"https:\/\/ixsbpv.files.wordpress.com\/2013\/05\/boletim-de-resumos-sbpv-2014.pdf\" target=\"_blank\" rel=\"noopener noreferrer\">PDF<\/a><\/span><\/h5>\n<h5 style=\"text-align: justify\"><span style=\"color: #333333\">Wang, X., <strong>Rodrigues, T.<\/strong>, Jiang, S., Cheng, X., Kellner, A. W. A. 2014. An Early Cretaceous pterosaur with an unusual mandibular crest from China and a potential novel feeding strategy. Scientific Reports, v. 4, p. 6329. <a style=\"color: #333333\" href=\"http:\/\/www.nature.com\/srep\/2014\/140911\/srep06329\/full\/srep06329.html\" target=\"_blank\" rel=\"noopener noreferrer\">PDF<\/a><\/span><\/h5>\n<h5 style=\"text-align: justify\"><span style=\"color: #333333\">Wang, X., Kellner, A. W. A., Jiang, S., Wang, Q., Ma, Y., Paidoula, Y., Cheng, X., <strong>Rodrigues, T.<\/strong>, Meng, X., Zhang, J., Li, N. &amp; Zhou, Z. 2014. Sexually dimorphic tridimensionally preserved pterosaurs and their eggs from China. Current Biology, v. 24, n. 12, p. 1323\u20131330. <a style=\"color: #333333\" href=\"http:\/\/ac.els-cdn.com\/S0960982214005259\/1-s2.0-S0960982214005259-main.pdf?_tid=acf38454-1ce8-11e4-84e2-00000aab0f26&amp;acdnat=1407274818_6302f497982f8a64e6b83220a24ad7ac\" target=\"_blank\" rel=\"noopener noreferrer\">PDF<\/a><\/span><\/h5>\n<hr \/>\n<h5 style=\"text-align: justify\"><span style=\"color: #333333\"><strong>2013<\/strong><\/span><\/h5>\n<h5 style=\"text-align: justify\"><span style=\"color: #333333\"><strong>Rodrigues, T.<\/strong> &amp; Kellner, A.W.A. 2013. Taxonomic review of the <em>Ornithocheirus<\/em> complex (Pterosauria) from the Cretaceous of England. ZooKeys, v. 308, p. 1\u2013112. <a style=\"color: #333333\" href=\"http:\/\/www.pensoft.net\/journals\/zookeys\/article\/5559\/abstract\/taxonomic-review-of-the-ornithocheirus-complex-pterosauria-from-the-cretaceous-of-england\">PDF<\/a><\/span><\/h5>\n<h5 style=\"text-align: justify\"><span style=\"color: #333333\">Kellner, A. W. A., Campos, D. A., Say\u00e3o, J. M., Saraiva, A. A. F., <strong>Rodrigues, T.<\/strong>, Oliveira, G., Cruz, L. A., Costa, F. R., Silva, H. P. &amp; Ferreira, J. S. 2013. The largest flying reptile from Gondwana: a new specimen of <em>Tropeognathus<\/em> cf. <em>T. mesembrinus<\/em> Wellnhofer, 1987 (Pterodactyloidea, Anhangueridae) and other large pterosaurs from the Romualdo Formation, Lower Cretaceous, Brazil. Anais da Academia Brasileira de Ci\u00eancias, v. 85, 113\u2013135. <a style=\"color: #333333\" href=\"http:\/\/www.scielo.br\/scielo.php?script=sci_arttext&amp;pid=S0001-37652013000100113\" target=\"_blank\" rel=\"noopener noreferrer\">PDF<\/a><\/span><\/h5>\n<hr \/>\n<h5 style=\"text-align: justify\"><span style=\"color: #333333\"><strong><span style=\"line-height: 1.5\">2012<\/span><\/strong><\/span><\/h5>\n<h5 style=\"text-align: justify\"><span style=\"line-height: 1.5;color: #333333\">Pinheiro, A. E. P., <strong>Figueiredo, R. G.<\/strong> &amp; Riff, D. 2012. Diversidade, evolu\u00e7\u00e3o e biogeografia dos Crocodylomorpha da Am\u00e9rica do Sul e \u00c1frica durante o Mesozoico. In: Gallo, V., Silva, H. M. A., Brito, P. M. &amp; Figueiredo, F. J. (Org.). Paleontologia de Vertebrados: Rela\u00e7\u00f5es entre Am\u00e9rica do Sul e \u00c1frica. 1ed. Rio de Janeiro: Interci\u00eancia, 243-281.<br \/>\n<\/span><\/h5>\n<hr \/>\n<h5 style=\"text-align: justify\"><span style=\"line-height: 1.5;color: #333333\"><strong>2011<\/strong><\/span><\/h5>\n<h5 style=\"text-align: justify\"><span style=\"line-height: 1.5;color: #333333\"><strong>Figueiredo, R. G.<\/strong>; Moreira, J. K. R.; Saraiva, A. A. F. &amp; Kellner, A.W.A. 2011. Description of a new specimen of <em>Susisuchus anatoceps<\/em> (Crocodylomorpha: Mesoeucrocodylia) from the Crato Formation (Santana Group) with comments on Neosuchia. Zoological Journal of the Linnean Society, v. 163, p. 273-288. <a style=\"color: #333333\" href=\"http:\/\/onlinelibrary.wiley.com\/doi\/10.1111\/j.1096-3642.2011.00721.x\/abstract\" target=\"_blank\" rel=\"noopener noreferrer\">PDF<\/a><br \/>\n<\/span><\/h5>\n<h5 style=\"text-align: justify\"><span style=\"line-height: 1.5;color: #333333\"><strong>Figueiredo, R. G.<\/strong>; Kellner, A.W.A. ; Campos, D.A. &amp; Azevedo, S.A.K. 2011. A new cretaceous notosuchian (Mesoeucrocodylia) with bizarre dentition from Brazil. Zoological Journal of the Linnean Society, v. 163, p. S109-S115. <a style=\"color: #333333\" href=\"http:\/\/onlinelibrary.wiley.com\/doi\/10.1111\/j.1096-3642.2011.00711.x\/abstract\" target=\"_blank\" rel=\"noopener noreferrer\">PDF<\/a><br \/>\n<\/span><\/h5>\n<h5 style=\"text-align: justify\"><span style=\"line-height: 1.5;color: #333333\">Campos, D. A.; Oliveira, G. R.; <strong>Figueiredo, R. G.<\/strong>; Riff, D.; Azevedo, S.A.K.; Carvalho, L. B. &amp; Kellner, A.W.A. 2011. On a new peirosaurid crocodyliform from the Upper Cretaceous, Bauru Group, southeastern Brazil. Anais da Academia Brasileira de Ci\u00eancias, v. 83, p. 317-327. <a style=\"color: #333333\" href=\"http:\/\/www.scielo.br\/scielo.php?script=sci_arttext&amp;pid=S0001-37652011000100020\" target=\"_blank\" rel=\"noopener noreferrer\">PDF<\/a><br \/>\n<\/span><\/h5>\n<h5 style=\"text-align: justify\"><span style=\"line-height: 1.5;color: #333333\"><strong>Figueiredo, R. G.<\/strong> &amp; Pinheiro, A. E. P. 2011. Distribui\u00e7\u00e3o e considera\u00e7\u00f5es paleobiogeogr\u00e1ficas sobre os Crocodyliformes Cenoz\u00f3icos do Gondwana Ocidental: Eusuchia. In: Carvalho IS, Srivastava NK, Strochschoen O, Lana CC. (Org.). Paleontologia: Cen\u00e1rios de Vida. 1ed.Rio de Janeiro: Interci\u00eancia, 2011, v. 4, p. 415-428.<br \/>\n<\/span><\/h5>\n<h5 style=\"text-align: justify\"><span style=\"line-height: 1.5;color: #333333\">Pinheiro, A. E. P. &amp; <strong>Figueiredo, R. G.<\/strong> 2011. Distribui\u00e7\u00e3o e considera\u00e7\u00f5es paleobiogeogr\u00e1ficas sobre os Crocodyliformes Cenoz\u00f3icos do Gondwana Ocidental: Dyrosauridae e Sebecia. In: Carvalho IS, Srivastava NK, Strochschoen O, Lana CC. (Org.). Paleontologia: Cen\u00e1rios de Vida. 1ed. Rio de Janeiro: Interci\u00eancia, v. 4, p. 429-444.<br \/>\n<\/span><\/h5>\n<h5 style=\"text-align: justify\"><span style=\"color: #333333\"><span style=\"line-height: 1.5\">Kellner, A. W. A., Sim\u00f5es, T., Riff, D., Grillo, O. N., Romano, P. S. R., De Paula, H., Ramos, R., Carvalho, M., Say\u00e3o, J. M., Oliveira, G. R. &amp; <strong>Rodrigues, T.<\/strong> 2011. The oldest plesiosaur (Reptilia, Sauropterygia) from Antarctica. Polar Research, v. 30, 7265. <\/span><span style=\"line-height: 1.5\"><a style=\"color: #333333\" href=\"http:\/\/www.polarresearch.net\/index.php\/polar\/article\/view\/7265\" target=\"_blank\" rel=\"noopener noreferrer\">PDF<\/a><\/span><\/span><\/h5>\n<h5 style=\"text-align: justify\"><span style=\"color: #333333\"><strong>Rodrigues, T.<\/strong>, Kellner, A. W. A., Mader, B. J. &amp; Russell, D. A. 2011. New pterosaur specimens from the Kem Kem beds (Upper Cretaceous, Cenomanian) of Morocco. Rivista Italiana di Paleontologia e Stratigrafia, v. 117, 149\u2013160. <a style=\"color: #333333\" href=\"http:\/\/www.academia.edu\/2399228\/New_pterosaur_specimens_from_the_Kem_Kem_Beds_Upper_Cretaceous_Cenomanian_of_Morocco\" target=\"_blank\" rel=\"noopener noreferrer\">PDF<\/a><\/span><\/h5>\n<h5 style=\"text-align: justify\"><span style=\"color: #333333\">Kellner, A. W. A., <strong>Rodrigues, T.<\/strong> &amp; Costa, F. R. 2011. Short note on a pteranodontoid pterosaur (Pterodactyloidea) from western Queensland, Australia. Anais da Academia Brasileira de Ci\u00eancias, v. 83, 301\u2013308. <a style=\"color: #333333\" href=\"http:\/\/www.scielo.br\/scielo.php?script=sci_arttext&amp;pid=S0001-37652011000100018\" target=\"_blank\" rel=\"noopener noreferrer\">PDF<\/a><\/span><\/h5>\n<hr \/>\n<h5 style=\"text-align: justify\"><span style=\"color: #333333\"><strong>2010<\/strong><\/span><\/h5>\n<h5 style=\"text-align: justify\"><span style=\"color: #333333\">Wang, X., Kellner, A. W. A., Jiang, S., Cheng, X., Meng, X. &amp; <strong>Rodrigues, T.<\/strong> 2010. New long-tailed pterosaurs (Wukongopteridae) from western Liaoning, China. Anais da Academia Brasileira de Ci\u00eancias, v. 82, 1045-1062. <a style=\"color: #333333\" href=\"http:\/\/www.scielo.br\/scielo.php?script=sci_arttext&amp;pid=S0001-37652010000400024\" target=\"_blank\" rel=\"noopener noreferrer\">PDF<\/a><\/span><\/h5>\n<h5 style=\"text-align: justify\"><span style=\"color: #333333\"><strong>Rodrigues, T.<\/strong> &amp; Kellner, A.W.A. 2010. Note on the pterosaur material described by Woodward from the Rec\u00f4ncavo Basin, Lower Cretaceous, Brazil. Revista Brasileira de Paleontologia, v.13, 159\u2013164. <a style=\"color: #333333\" href=\"http:\/\/www.sbpbrasil.org\/revista\/edicoes\/13_2\/Artigo%208%20-Rodrigues%20&amp;%20Kellner.pdf\" target=\"_blank\" rel=\"noopener noreferrer\">PDF<\/a><\/span><\/h5>\n<hr \/>\n<h5 style=\"text-align: justify\"><span style=\"color: #333333\"><strong>2009<\/strong><\/span><\/h5>\n<h5 style=\"text-align: justify\"><span style=\"color: #333333\"><strong>Figueiredo, R. G.<\/strong> &amp; Kellner, A.W.A. 2009. A new crocodylomorph specimen from the Araripe basin (Crato Member, Santana Formation), northeastern Brazil. Palaeontologische Zeitschrift, v. 83, p. 323-331.<\/span><\/h5>\n<hr \/>\n<h5 style=\"text-align: justify\"><span style=\"color: #333333\"><strong>2008<\/strong><\/span><\/h5>\n<h5 style=\"text-align: justify\"><span style=\"color: #333333\"><strong>Rodrigues, T.<\/strong> &amp; Kellner, A.W.A. 2008. Review of the pterodactyloid pterosaur <em>Coloborhynchus<\/em>. Zitteliana B, v.28, 219\u2013228. <a style=\"color: #333333\" href=\"http:\/\/epub.ub.uni-muenchen.de\/12017\/1\/zitteliana_2008_b28_15.pdf\" target=\"_blank\" rel=\"noopener noreferrer\">PDF<\/a><\/span><\/h5>\n<h5 style=\"text-align: justify\"><span style=\"color: #333333\">\u00a0<\/span><\/h5>\n","protected":false},"excerpt":{"rendered":"<p>Can&#8217;t get a PDF? Ask us: paleoufes(at)yahoo.com.br In press Buchmann, R. &amp;\u00a0Rodrigues, T. The evolution of pneumatic foramina in pterosaur vertebrae. Anais da Academia Brasileira de Ci\u00eancias. 2019 Souza, R. G., H\u00f6rmanseder, B. M., Figueiredo, R. G. &amp; Campos, D. &hellip; <a href=\"https:\/\/blog.ufes.br\/paleontologia\/?page_id=70\">Continue lendo <span class=\"meta-nav\">&rarr;<\/span><\/a><\/p>\n","protected":false},"author":184,"featured_media":0,"parent":0,"menu_order":0,"comment_status":"closed","ping_status":"closed","template":"","meta":{"_bbp_topic_count":0,"_bbp_reply_count":0,"_bbp_total_topic_count":0,"_bbp_total_reply_count":0,"_bbp_voice_count":0,"_bbp_anonymous_reply_count":0,"_bbp_topic_count_hidden":0,"_bbp_reply_count_hidden":0,"_bbp_forum_subforum_count":0,"_uag_custom_page_level_css":"","footnotes":""},"class_list":["post-70","page","type-page","status-publish","hentry"],"uagb_featured_image_src":{"full":false,"thumbnail":false,"medium":false,"medium_large":false,"large":false,"1536x1536":false,"2048x2048":false,"post-thumbnail":false},"uagb_author_info":{"display_name":"Taissa Rodrigues","author_link":"https:\/\/blog.ufes.br\/paleontologia\/?author=184"},"uagb_comment_info":0,"uagb_excerpt":"Can&#8217;t get a PDF? Ask us: paleoufes(at)yahoo.com.br In press Buchmann, R. &amp;\u00a0Rodrigues, T. The evolution of pneumatic foramina in pterosaur vertebrae. Anais da Academia Brasileira de Ci\u00eancias. 2019 Souza, R. G., H\u00f6rmanseder, B. M., Figueiredo, R. G. &amp; Campos, D. &hellip; Continue lendo &rarr;","_links":{"self":[{"href":"https:\/\/blog.ufes.br\/paleontologia\/index.php?rest_route=\/wp\/v2\/pages\/70","targetHints":{"allow":["GET"]}}],"collection":[{"href":"https:\/\/blog.ufes.br\/paleontologia\/index.php?rest_route=\/wp\/v2\/pages"}],"about":[{"href":"https:\/\/blog.ufes.br\/paleontologia\/index.php?rest_route=\/wp\/v2\/types\/page"}],"author":[{"embeddable":true,"href":"https:\/\/blog.ufes.br\/paleontologia\/index.php?rest_route=\/wp\/v2\/users\/184"}],"replies":[{"embeddable":true,"href":"https:\/\/blog.ufes.br\/paleontologia\/index.php?rest_route=%2Fwp%2Fv2%2Fcomments&post=70"}],"version-history":[{"count":41,"href":"https:\/\/blog.ufes.br\/paleontologia\/index.php?rest_route=\/wp\/v2\/pages\/70\/revisions"}],"predecessor-version":[{"id":535,"href":"https:\/\/blog.ufes.br\/paleontologia\/index.php?rest_route=\/wp\/v2\/pages\/70\/revisions\/535"}],"wp:attachment":[{"href":"https:\/\/blog.ufes.br\/paleontologia\/index.php?rest_route=%2Fwp%2Fv2%2Fmedia&parent=70"}],"curies":[{"name":"wp","href":"https:\/\/api.w.org\/{rel}","templated":true}]}}