{"id":1001,"date":"2012-08-31T11:37:09","date_gmt":"2012-08-31T14:37:09","guid":{"rendered":"http:\/\/blog.ufes.br\/patri_lab\/?page_id=1001"},"modified":"2014-04-08T11:42:25","modified_gmt":"2014-04-08T14:42:25","slug":"subprojeto-estudo-de-metodologia-e-tecnica-de-representacao-identitaria-do-territorio","status":"publish","type":"page","link":"https:\/\/blog.ufes.br\/patri_lab\/linhas-de-pesquisa\/pesquisas-encerradas\/patrimonio-territorio-e-planejamento-espacial\/patrimonio-e-desenvolvimento-territorial\/subprojeto-estudo-de-metodologia-e-tecnica-de-representacao-identitaria-do-territorio\/","title":{"rendered":"Subprojeto: &#8220;Estudo de metodologia e t\u00e9cnica de representa\u00e7\u00e3o identit\u00e1ria do territ\u00f3rio&#8221;"},"content":{"rendered":"<p><a href=\"http:\/\/blog.ufes.br\/patri_lab\/files\/2012\/08\/dett_pater_cin-18.jpg\"><img loading=\"lazy\" decoding=\"async\" class=\"aligncenter size-full wp-image-1088\" alt=\"\" src=\"http:\/\/blog.ufes.br\/patri_lab\/files\/2012\/08\/dett_pater_cin-18.jpg\" width=\"480\" height=\"480\" srcset=\"https:\/\/blog.ufes.br\/patri_lab\/files\/2012\/08\/dett_pater_cin-18.jpg 480w, https:\/\/blog.ufes.br\/patri_lab\/files\/2012\/08\/dett_pater_cin-18-150x150.jpg 150w, https:\/\/blog.ufes.br\/patri_lab\/files\/2012\/08\/dett_pater_cin-18-300x300.jpg 300w\" sizes=\"auto, (max-width: 480px) 100vw, 480px\" \/><\/a><\/p>\n<p><strong>Informa\u00e7\u00e3o do trabalho:<\/strong>Subprojeto de Inicia\u00e7\u00e3o Cient\u00edfica. Edital: Edital PIBIC 2012\/2013<\/p>\n<p><strong>T\u00edtulo: <\/strong>Estudo de metodologia e t\u00e9cnica de representa\u00e7\u00e3o identit\u00e1ria do territ\u00f3rio.<\/p>\n<p><strong>Orientadora:<\/strong> Renata Hermanny de Almeida.<\/p>\n<p><strong>Bolsista:<\/strong> Deyva Figueira Pani<\/p>\n<p style=\"text-align: justify\"><strong>Resumo:<\/strong> O projeto proposto se insere e d\u00e1 continuidade \u00e0 pesquisa Patrim\u00f4nio &amp; Desenvolvimento Territorial, investiga\u00e7\u00e3o no campo conceitual e metodol\u00f3gico direcionada a uma mudan\u00e7a na abordagem de estruturas ambientais, territoriais e socioecon\u00f4micas particularmente reconhecidas como lugar privilegiado para a articula\u00e7\u00e3o das din\u00e2micas da perman\u00eancia de espa\u00e7os de valor patrimonial e da transforma\u00e7\u00e3o do territ\u00f3rio, em uma tripla dimens\u00e3o: social, econ\u00f4mica e ambiental. Com essa inten\u00e7\u00e3o, adota a categoria do patrim\u00f4nio territorial como figura de aproxima\u00e7\u00e3o ao lugar, e fundamento conceitual para a articula\u00e7\u00e3o entre Natureza, Cultura, Sociedade e Economia. Nessa segunda fase, a pesquisa adota como foco de investiga\u00e7\u00e3o um de seus tr\u00eas pressupostos iniciais &#8211; a natureza de consumo cultural e consenso social do culto contempor\u00e2neo do patrim\u00f4nio, ao qual \u00e9 poss\u00edvel inscrever n\u00e3o o campo patrimonial, mas a ind\u00fastria patrimonial. Seguindo referencia da escola territorialista italiana, a inten\u00e7\u00e3o \u00e9, por meio da cria\u00e7\u00e3o de atlas do patrim\u00f4nio territorial, concebido como representa\u00e7\u00e3o identit\u00e1ria do lugar, fornecer subsidio t\u00e9cnico-cient\u00edfico \u00e0 interpreta\u00e7\u00e3o e representa\u00e7\u00e3o de quadros cognitivos que evidenciem elementos constitutivos do territ\u00f3rio com potencial para serem considerados recursos de valor e elementos de fabula\u00e7\u00e3o de cen\u00e1rios estrat\u00e9gicos como instrumento de projeto para o territ\u00f3rio.<\/p>\n<p><strong>Palavras chave:<\/strong><em> Representa\u00e7\u00e3o identit\u00e1ria, Patrim\u00f4nio territorial, Escola territorialista italiana.<\/em><\/p>\n","protected":false},"excerpt":{"rendered":"<p>Informa\u00e7\u00e3o do trabalho:Subprojeto de Inicia\u00e7\u00e3o Cient\u00edfica. Edital: Edital PIBIC 2012\/2013 T\u00edtulo: Estudo de metodologia e t\u00e9cnica de representa\u00e7\u00e3o identit\u00e1ria do territ\u00f3rio. Orientadora: Renata Hermanny de Almeida. Bolsista: Deyva Figueira Pani Resumo: O projeto proposto se insere e d\u00e1 continuidade \u00e0 &hellip; <a href=\"https:\/\/blog.ufes.br\/patri_lab\/linhas-de-pesquisa\/pesquisas-encerradas\/patrimonio-territorio-e-planejamento-espacial\/patrimonio-e-desenvolvimento-territorial\/subprojeto-estudo-de-metodologia-e-tecnica-de-representacao-identitaria-do-territorio\/\">Continue lendo <span class=\"meta-nav\">&rarr;<\/span><\/a><\/p>\n","protected":false},"author":37,"featured_media":0,"parent":160,"menu_order":0,"comment_status":"open","ping_status":"open","template":"","meta":{"_bbp_topic_count":0,"_bbp_reply_count":0,"_bbp_total_topic_count":0,"_bbp_total_reply_count":0,"_bbp_voice_count":0,"_bbp_anonymous_reply_count":0,"_bbp_topic_count_hidden":0,"_bbp_reply_count_hidden":0,"_bbp_forum_subforum_count":0,"_uag_custom_page_level_css":"","footnotes":""},"class_list":["post-1001","page","type-page","status-publish","hentry"],"uagb_featured_image_src":{"full":false,"thumbnail":false,"medium":false,"medium_large":false,"large":false,"1536x1536":false,"2048x2048":false,"post-thumbnail":false},"uagb_author_info":{"display_name":"Bruno de Andrade","author_link":"https:\/\/blog.ufes.br\/patri_lab\/author\/bruno-andrade\/"},"uagb_comment_info":0,"uagb_excerpt":"Informa\u00e7\u00e3o do trabalho:Subprojeto de Inicia\u00e7\u00e3o Cient\u00edfica. Edital: Edital PIBIC 2012\/2013 T\u00edtulo: Estudo de metodologia e t\u00e9cnica de representa\u00e7\u00e3o identit\u00e1ria do territ\u00f3rio. Orientadora: Renata Hermanny de Almeida. Bolsista: Deyva Figueira Pani Resumo: O projeto proposto se insere e d\u00e1 continuidade \u00e0 &hellip; Continue lendo &rarr;","_links":{"self":[{"href":"https:\/\/blog.ufes.br\/patri_lab\/wp-json\/wp\/v2\/pages\/1001","targetHints":{"allow":["GET"]}}],"collection":[{"href":"https:\/\/blog.ufes.br\/patri_lab\/wp-json\/wp\/v2\/pages"}],"about":[{"href":"https:\/\/blog.ufes.br\/patri_lab\/wp-json\/wp\/v2\/types\/page"}],"author":[{"embeddable":true,"href":"https:\/\/blog.ufes.br\/patri_lab\/wp-json\/wp\/v2\/users\/37"}],"replies":[{"embeddable":true,"href":"https:\/\/blog.ufes.br\/patri_lab\/wp-json\/wp\/v2\/comments?post=1001"}],"version-history":[{"count":11,"href":"https:\/\/blog.ufes.br\/patri_lab\/wp-json\/wp\/v2\/pages\/1001\/revisions"}],"predecessor-version":[{"id":2758,"href":"https:\/\/blog.ufes.br\/patri_lab\/wp-json\/wp\/v2\/pages\/1001\/revisions\/2758"}],"up":[{"embeddable":true,"href":"https:\/\/blog.ufes.br\/patri_lab\/wp-json\/wp\/v2\/pages\/160"}],"wp:attachment":[{"href":"https:\/\/blog.ufes.br\/patri_lab\/wp-json\/wp\/v2\/media?parent=1001"}],"curies":[{"name":"wp","href":"https:\/\/api.w.org\/{rel}","templated":true}]}}