{"id":1733,"date":"2014-12-19T15:42:28","date_gmt":"2014-12-19T17:42:28","guid":{"rendered":"http:\/\/blog.ufes.br\/patri_lab\/?page_id=1733"},"modified":"2018-10-25T14:18:04","modified_gmt":"2018-10-25T17:18:04","slug":"pos-graduacao-representacao-para-projeto-experimento-de-abordagem-territorialista-italiana-em-santa-leopoldina-es","status":"publish","type":"page","link":"https:\/\/blog.ufes.br\/patri_lab\/linhas-de-pesquisa\/pesquisas-encerradas\/linha-de-pesquisa-sistemas-informacoes-tecnologias-e-metodologias-aplicacao-na-conservacao-e-intervencao-no-patrimonio\/pos-graduacao-representacao-para-projeto-experimento-de-abordagem-territorialista-italiana-em-santa-leopoldina-es\/","title":{"rendered":"[P\u00f3s-Gradua\u00e7\u00e3o] &#8220;Representa\u00e7\u00e3o para projeto. Experimento de abordagem territorialista italiana em Santa Leopoldina &#8211; ES&#8221;"},"content":{"rendered":"<div style=\"text-align: justify\">\n<p><strong><span class=\"token-ufes continua\">Autor:<\/span><\/strong>\u00a0Bruno Amaral de Andrade<\/p>\n<p><strong><span class=\"token-ufes continua\">Tipo:<\/span><\/strong>\u00a0Disserta\u00e7\u00e3o de mestrado acad\u00eamico<br \/>\n<strong><span class=\"token-ufes continua\">Data de publica\u00e7\u00e3o:<\/span><\/strong>\u00a014\/12\/2015<\/p>\n<p><strong><span class=\"token-ufes continua\">Orientador:\u00a0<\/span><\/strong><span class=\"token-ufes continua\">Renata Hermanny de Almeida<\/span><\/p>\n<\/div>\n<p style=\"text-align: justify\"><strong>Resumo:\u00a0<\/strong>A representa\u00e7\u00e3o da identidade do lugar, de que trata esta Disserta\u00e7\u00e3o de Mestrado, insere-se no estado da arte contempor\u00e2neo do h\u00edbrido Patrim\u00f4nio e Desenvolvimento, no conjunto de estudos avan\u00e7ados da denominada\u00a0<i>escola territorialista italiana,\u00a0<\/i>orientada para a formula\u00e7\u00e3o de subs\u00eddios metodol\u00f3gicos, t\u00e9cnicos e pr\u00e1ticos para processos de planejamento e gest\u00e3o do territ\u00f3rio. Para desenhar o territ\u00f3rio, que \u00e9 um organismo complexo e multidimensional, \u00e9 preciso conhec\u00ea-lo, atrav\u00e9s de morfologia perceptiva e de periodiza\u00e7\u00e3o hist\u00f3rica, com apoio de base imag\u00e9tica espec\u00edfica. A chamada abordagem territorialista italiana se trata de uma metodologia de pesquisa-interven\u00e7\u00e3o consolidada pela figura ic\u00f4nica de Alberto Magnaghi, a partir da cria\u00e7\u00e3o da escola territorialista italiana. O objetivo \u00e9 a fabula\u00e7\u00e3o de mapeamento de representa\u00e7\u00e3o da identidade, com o intuito de dar corpo ao retorno do lugar no projeto territorial. Este retorno determina uma peregrina\u00e7\u00e3o em disciplinas que possuem interface com o projeto em escala urbana e territorial, como geografia, hist\u00f3ria, e economia, para revelar a partitura, a biografia do lugar, muitas das vezes desconhecida ou n\u00e3o reconhecida pela comunidade local.<\/p>\n<p style=\"text-align: justify\">Palavras chave:\u00a0Representa\u00e7\u00e3o, Abordagem territorialista italiana, Santa Leopoldina.<\/p>\n<p><a href=\"http:\/\/www.arquitetura.ufes.br\/pt-br\/pos-graduacao\/PPGAU\/detalhes-da-tese?id=9448\" target=\"_blank\" rel=\"noopener\">Acesso ao documento<\/a><\/p>\n","protected":false},"excerpt":{"rendered":"<p>Autor:\u00a0Bruno Amaral de Andrade Tipo:\u00a0Disserta\u00e7\u00e3o de mestrado acad\u00eamico Data de publica\u00e7\u00e3o:\u00a014\/12\/2015 Orientador:\u00a0Renata Hermanny de Almeida Resumo:\u00a0A representa\u00e7\u00e3o da identidade do lugar, de que trata esta Disserta\u00e7\u00e3o de Mestrado, insere-se no estado da arte contempor\u00e2neo do h\u00edbrido Patrim\u00f4nio e Desenvolvimento, no &hellip; <a href=\"https:\/\/blog.ufes.br\/patri_lab\/linhas-de-pesquisa\/pesquisas-encerradas\/linha-de-pesquisa-sistemas-informacoes-tecnologias-e-metodologias-aplicacao-na-conservacao-e-intervencao-no-patrimonio\/pos-graduacao-representacao-para-projeto-experimento-de-abordagem-territorialista-italiana-em-santa-leopoldina-es\/\">Continue lendo <span class=\"meta-nav\">&rarr;<\/span><\/a><\/p>\n","protected":false},"author":175,"featured_media":0,"parent":2658,"menu_order":0,"comment_status":"open","ping_status":"open","template":"","meta":{"_bbp_topic_count":0,"_bbp_reply_count":0,"_bbp_total_topic_count":0,"_bbp_total_reply_count":0,"_bbp_voice_count":0,"_bbp_anonymous_reply_count":0,"_bbp_topic_count_hidden":0,"_bbp_reply_count_hidden":0,"_bbp_forum_subforum_count":0,"_uag_custom_page_level_css":"","footnotes":""},"class_list":["post-1733","page","type-page","status-publish","hentry"],"uagb_featured_image_src":{"full":false,"thumbnail":false,"medium":false,"medium_large":false,"large":false,"1536x1536":false,"2048x2048":false,"post-thumbnail":false},"uagb_author_info":{"display_name":"Damiany Nossa","author_link":"https:\/\/blog.ufes.br\/patri_lab\/author\/damiany-nossa\/"},"uagb_comment_info":0,"uagb_excerpt":"Autor:\u00a0Bruno Amaral de Andrade Tipo:\u00a0Disserta\u00e7\u00e3o de mestrado acad\u00eamico Data de publica\u00e7\u00e3o:\u00a014\/12\/2015 Orientador:\u00a0Renata Hermanny de Almeida Resumo:\u00a0A representa\u00e7\u00e3o da identidade do lugar, de que trata esta Disserta\u00e7\u00e3o de Mestrado, insere-se no estado da arte contempor\u00e2neo do h\u00edbrido Patrim\u00f4nio e Desenvolvimento, no &hellip; Continue lendo &rarr;","_links":{"self":[{"href":"https:\/\/blog.ufes.br\/patri_lab\/wp-json\/wp\/v2\/pages\/1733","targetHints":{"allow":["GET"]}}],"collection":[{"href":"https:\/\/blog.ufes.br\/patri_lab\/wp-json\/wp\/v2\/pages"}],"about":[{"href":"https:\/\/blog.ufes.br\/patri_lab\/wp-json\/wp\/v2\/types\/page"}],"author":[{"embeddable":true,"href":"https:\/\/blog.ufes.br\/patri_lab\/wp-json\/wp\/v2\/users\/175"}],"replies":[{"embeddable":true,"href":"https:\/\/blog.ufes.br\/patri_lab\/wp-json\/wp\/v2\/comments?post=1733"}],"version-history":[{"count":4,"href":"https:\/\/blog.ufes.br\/patri_lab\/wp-json\/wp\/v2\/pages\/1733\/revisions"}],"predecessor-version":[{"id":2672,"href":"https:\/\/blog.ufes.br\/patri_lab\/wp-json\/wp\/v2\/pages\/1733\/revisions\/2672"}],"up":[{"embeddable":true,"href":"https:\/\/blog.ufes.br\/patri_lab\/wp-json\/wp\/v2\/pages\/2658"}],"wp:attachment":[{"href":"https:\/\/blog.ufes.br\/patri_lab\/wp-json\/wp\/v2\/media?parent=1733"}],"curies":[{"name":"wp","href":"https:\/\/api.w.org\/{rel}","templated":true}]}}