{"id":186,"date":"2011-11-07T16:24:53","date_gmt":"2011-11-07T19:24:53","guid":{"rendered":"http:\/\/blog.ufes.br\/patrilab\/?page_id=186"},"modified":"2012-05-27T17:37:49","modified_gmt":"2012-05-27T20:37:49","slug":"rio-santa-maria-da-vitoria-patrimonio-protagonista-do-desenvolvimento-regional-de-santa-leopoldina","status":"publish","type":"page","link":"https:\/\/blog.ufes.br\/patri_lab\/linhas-de-pesquisa\/pesquisas-encerradas\/patrimonio-territorio-e-planejamento-espacial\/patrimonio-e-desenvolvimento-territorial\/rio-santa-maria-da-vitoria-patrimonio-protagonista-do-desenvolvimento-regional-de-santa-leopoldina\/","title":{"rendered":"Subprojeto: &#8220;Rio Santa Maria da Vit\u00f3ria, Patrim\u00f4nio Protagonista do desenvolvimento regional de Santa Leopoldina [ES]&#8221;"},"content":{"rendered":"<div class=\"mceTemp\">\n<dl>\n<dt><a href=\"http:\/\/blog.ufes.br\/patri_lab\/files\/2011\/11\/SL3.jpg\"><img loading=\"lazy\" decoding=\"async\" class=\"size-full wp-image-214\" src=\"http:\/\/blog.ufes.br\/patri_lab\/files\/2011\/11\/SL3.jpg\" alt=\"\" width=\"4912\" height=\"1080\" srcset=\"https:\/\/blog.ufes.br\/patri_lab\/files\/2011\/11\/SL3.jpg 4912w, https:\/\/blog.ufes.br\/patri_lab\/files\/2011\/11\/SL3-300x65.jpg 300w, https:\/\/blog.ufes.br\/patri_lab\/files\/2011\/11\/SL3-1024x225.jpg 1024w\" sizes=\"auto, (max-width: 4912px) 100vw, 4912px\" \/><\/a><\/dt>\n<\/dl>\n<\/div>\n<p><strong>Descri\u00e7\u00e3o:<\/strong>\u00a0Rio Santa Maria da Vit\u00f3ria, visto do distrito sede de Santa Leopoldina [ES], Setembro de 2011, foto panor\u00e2mica por Bruno Amaral de Andrade, acervo da Pesquisa.<\/p>\n<p><strong>Informa\u00e7\u00e3o do trabalho:<\/strong> Subprojeto de Inicia\u00e7\u00e3o Cient\u00edfica Edital: Edital PIBIC 2011\/2012<\/p>\n<p><strong>T\u00edtulo do Subprojeto:\u00a0<\/strong>Rio Santa Maria da Vit\u00f3ria, Patrim\u00f4nio Protagonista do desenvolvimento regional de Santa Leopoldina<\/p>\n<p><strong>Orientadora:\u00a0<\/strong>Renata Hermanny de Almeida<\/p>\n<p><strong>Bolsista:\u00a0<\/strong>Bruno Amaral de Andrade<\/p>\n<p><strong>Resumo:<\/strong> Adotando a hip\u00f3tese do projeto de pesquisa \u201cPatrim\u00f4nio &amp; Desenvolvimento Territorial\u201d de que frente \u00e0 natureza globalizada e centralizada dos processos de incorpora\u00e7\u00e3o do territ\u00f3rio \u00e9 necess\u00e1rio relacionar escalas espaciais, \u00e2mbitos temporais e processos sociais e econ\u00f4micos, em uma reflex\u00e3o e uma a\u00e7\u00e3o em que a totalidade esteja em permanente reconstitui\u00e7\u00e3o, este subprojeto se prop\u00f5e a investigar o papel do rio Santa Maria da Vit\u00f3ria enquanto patrim\u00f4nio protagonista de desenvolvimento regional. Para a condu\u00e7\u00e3o dessa an\u00e1lise, adota-se como refer\u00eancias conceituais as categorias espa\u00e7o, territ\u00f3rio, e regi\u00e3o, e para a compreens\u00e3o e periodiza\u00e7\u00e3o do processo de transforma\u00e7\u00e3o espacial, as vari\u00e1veis externo-interno, estado-mercado, velho-novo. A metodologia, conduzida por uma dupla abordagem sist\u00eamica e por cen\u00e1rios, est\u00e1 dividida em tr\u00eas etapas: aprofundamento na tem\u00e1tica, constitui\u00e7\u00e3o conceitual e reconhecimento do objeto, e identifica\u00e7\u00e3o e avalia\u00e7\u00e3o de vari\u00e1veis apropriadas a uma conserva\u00e7\u00e3o integrada, visando \u00e0 elabora\u00e7\u00e3o de poss\u00edveis cen\u00e1rios de re-conex\u00e3o da tr\u00edade ambiente-economia-sociedade.<\/p>\n<p><strong>Palavras chave:<\/strong> Rio Santa Maria da Vit\u00f3ria, Patrim\u00f4nio, Desenvolvimento Territorial, Santa Leopoldina (ES).<\/p>\n<p>Para ler o relat\u00f3rio parcial na \u00edntegra <a title=\"rp bruno\" href=\"http:\/\/www.slideshare.net\/patri_lab\/pibic-cn-pq-ufes-relatrioparcial-brunoandradefev2012\" target=\"_blank\">clique aqui<\/a>.<\/p>\n<p>Para acessar apresenta\u00e7\u00e3o em power point\u00a0correspondente ao relat\u00f3rio parcial entre dia 15 de Fevereiro de 2012, <a title=\"ppt bruno rl\" href=\"http:\/\/www.slideshare.net\/patri_lab\/subprojeto-bruno-rio-santa-maria-da-vitria-patrimnio-11928600\" target=\"_blank\">clique aqui e confira!<\/a><\/p>\n","protected":false},"excerpt":{"rendered":"<p>Descri\u00e7\u00e3o:\u00a0Rio Santa Maria da Vit\u00f3ria, visto do distrito sede de Santa Leopoldina [ES], Setembro de 2011, foto panor\u00e2mica por Bruno Amaral de Andrade, acervo da Pesquisa. Informa\u00e7\u00e3o do trabalho: Subprojeto de Inicia\u00e7\u00e3o Cient\u00edfica Edital: Edital PIBIC 2011\/2012 T\u00edtulo do Subprojeto:\u00a0Rio &hellip; <a href=\"https:\/\/blog.ufes.br\/patri_lab\/linhas-de-pesquisa\/pesquisas-encerradas\/patrimonio-territorio-e-planejamento-espacial\/patrimonio-e-desenvolvimento-territorial\/rio-santa-maria-da-vitoria-patrimonio-protagonista-do-desenvolvimento-regional-de-santa-leopoldina\/\">Continue lendo <span class=\"meta-nav\">&rarr;<\/span><\/a><\/p>\n","protected":false},"author":37,"featured_media":0,"parent":160,"menu_order":1,"comment_status":"open","ping_status":"closed","template":"","meta":{"_bbp_topic_count":0,"_bbp_reply_count":0,"_bbp_total_topic_count":0,"_bbp_total_reply_count":0,"_bbp_voice_count":0,"_bbp_anonymous_reply_count":0,"_bbp_topic_count_hidden":0,"_bbp_reply_count_hidden":0,"_bbp_forum_subforum_count":0,"_uag_custom_page_level_css":"","footnotes":""},"class_list":["post-186","page","type-page","status-publish","hentry"],"uagb_featured_image_src":{"full":false,"thumbnail":false,"medium":false,"medium_large":false,"large":false,"1536x1536":false,"2048x2048":false,"post-thumbnail":false},"uagb_author_info":{"display_name":"Bruno de Andrade","author_link":"https:\/\/blog.ufes.br\/patri_lab\/author\/bruno-andrade\/"},"uagb_comment_info":0,"uagb_excerpt":"Descri\u00e7\u00e3o:\u00a0Rio Santa Maria da Vit\u00f3ria, visto do distrito sede de Santa Leopoldina [ES], Setembro de 2011, foto panor\u00e2mica por Bruno Amaral de Andrade, acervo da Pesquisa. Informa\u00e7\u00e3o do trabalho: Subprojeto de Inicia\u00e7\u00e3o Cient\u00edfica Edital: Edital PIBIC 2011\/2012 T\u00edtulo do Subprojeto:\u00a0Rio &hellip; Continue lendo &rarr;","_links":{"self":[{"href":"https:\/\/blog.ufes.br\/patri_lab\/wp-json\/wp\/v2\/pages\/186","targetHints":{"allow":["GET"]}}],"collection":[{"href":"https:\/\/blog.ufes.br\/patri_lab\/wp-json\/wp\/v2\/pages"}],"about":[{"href":"https:\/\/blog.ufes.br\/patri_lab\/wp-json\/wp\/v2\/types\/page"}],"author":[{"embeddable":true,"href":"https:\/\/blog.ufes.br\/patri_lab\/wp-json\/wp\/v2\/users\/37"}],"replies":[{"embeddable":true,"href":"https:\/\/blog.ufes.br\/patri_lab\/wp-json\/wp\/v2\/comments?post=186"}],"version-history":[{"count":21,"href":"https:\/\/blog.ufes.br\/patri_lab\/wp-json\/wp\/v2\/pages\/186\/revisions"}],"predecessor-version":[{"id":190,"href":"https:\/\/blog.ufes.br\/patri_lab\/wp-json\/wp\/v2\/pages\/186\/revisions\/190"}],"up":[{"embeddable":true,"href":"https:\/\/blog.ufes.br\/patri_lab\/wp-json\/wp\/v2\/pages\/160"}],"wp:attachment":[{"href":"https:\/\/blog.ufes.br\/patri_lab\/wp-json\/wp\/v2\/media?parent=186"}],"curies":[{"name":"wp","href":"https:\/\/api.w.org\/{rel}","templated":true}]}}