{"id":25,"date":"2011-05-25T01:46:39","date_gmt":"2011-05-25T04:46:39","guid":{"rendered":"http:\/\/patrilab.wordpress.com\/?page_id=21"},"modified":"2012-04-19T13:26:35","modified_gmt":"2012-04-19T16:26:35","slug":"linhas-de-pesquisa","status":"publish","type":"page","link":"https:\/\/blog.ufes.br\/patri_lab\/linhas-de-pesquisa\/","title":{"rendered":"Pesquisa"},"content":{"rendered":"<ol>\n<li><strong>Interven\u00e7\u00e3o urbana e arquitetura da cidade<\/strong><\/li>\n<li><strong>Patrim\u00f4nio, territ\u00f3rio e planejamento espacial<\/strong><\/li>\n<\/ol>\n<p><span style=\"font-size: small\"><span style=\"line-height: 24px\"><strong><br \/>\n<\/strong><\/span><\/span><\/p>\n<p>&nbsp;<\/p>\n<p><a title=\"seminario ppgau\" href=\"http:\/\/www.slideshare.net\/patri_lab\/patrilab-pesquisas-seminrio-ppgau-maro-2012\" target=\"_blank\">Visualize aqui<\/a>\u00a0a apresenta\u00e7\u00e3o da profa. Renata no semin\u00e1rio do PPGAU\/DAU-UFES a cerca das linhas de pesquisa do Patri_Lab.<\/p>\n","protected":false},"excerpt":{"rendered":"<p>Interven\u00e7\u00e3o urbana e arquitetura da cidade Patrim\u00f4nio, territ\u00f3rio e planejamento espacial &nbsp; Visualize aqui\u00a0a apresenta\u00e7\u00e3o da profa. Renata no semin\u00e1rio do PPGAU\/DAU-UFES a cerca das linhas de pesquisa do Patri_Lab.<\/p>\n","protected":false},"author":37,"featured_media":0,"parent":0,"menu_order":3,"comment_status":"open","ping_status":"closed","template":"","meta":{"_bbp_topic_count":0,"_bbp_reply_count":0,"_bbp_total_topic_count":0,"_bbp_total_reply_count":0,"_bbp_voice_count":0,"_bbp_anonymous_reply_count":0,"_bbp_topic_count_hidden":0,"_bbp_reply_count_hidden":0,"_bbp_forum_subforum_count":0,"_uag_custom_page_level_css":"","footnotes":""},"class_list":["post-25","page","type-page","status-publish","hentry"],"uagb_featured_image_src":{"full":false,"thumbnail":false,"medium":false,"medium_large":false,"large":false,"1536x1536":false,"2048x2048":false,"post-thumbnail":false},"uagb_author_info":{"display_name":"Bruno de Andrade","author_link":"https:\/\/blog.ufes.br\/patri_lab\/author\/bruno-andrade\/"},"uagb_comment_info":0,"uagb_excerpt":"Interven\u00e7\u00e3o urbana e arquitetura da cidade Patrim\u00f4nio, territ\u00f3rio e planejamento espacial &nbsp; Visualize aqui\u00a0a apresenta\u00e7\u00e3o da profa. Renata no semin\u00e1rio do PPGAU\/DAU-UFES a cerca das linhas de pesquisa do Patri_Lab.","_links":{"self":[{"href":"https:\/\/blog.ufes.br\/patri_lab\/wp-json\/wp\/v2\/pages\/25","targetHints":{"allow":["GET"]}}],"collection":[{"href":"https:\/\/blog.ufes.br\/patri_lab\/wp-json\/wp\/v2\/pages"}],"about":[{"href":"https:\/\/blog.ufes.br\/patri_lab\/wp-json\/wp\/v2\/types\/page"}],"author":[{"embeddable":true,"href":"https:\/\/blog.ufes.br\/patri_lab\/wp-json\/wp\/v2\/users\/37"}],"replies":[{"embeddable":true,"href":"https:\/\/blog.ufes.br\/patri_lab\/wp-json\/wp\/v2\/comments?post=25"}],"version-history":[{"count":5,"href":"https:\/\/blog.ufes.br\/patri_lab\/wp-json\/wp\/v2\/pages\/25\/revisions"}],"predecessor-version":[{"id":2656,"href":"https:\/\/blog.ufes.br\/patri_lab\/wp-json\/wp\/v2\/pages\/25\/revisions\/2656"}],"wp:attachment":[{"href":"https:\/\/blog.ufes.br\/patri_lab\/wp-json\/wp\/v2\/media?parent=25"}],"curies":[{"name":"wp","href":"https:\/\/api.w.org\/{rel}","templated":true}]}}