{"id":258,"date":"2012-02-16T12:40:22","date_gmt":"2012-02-16T15:40:22","guid":{"rendered":"http:\/\/blog.ufes.br\/patri_lab\/?page_id=258"},"modified":"2012-03-08T22:56:59","modified_gmt":"2012-03-09T01:56:59","slug":"mapeamento-das-interfaces-entre-formas-socio-ambientais-e-usos-socio-economicos","status":"publish","type":"page","link":"https:\/\/blog.ufes.br\/patri_lab\/linhas-de-pesquisa\/pesquisas-encerradas\/patrimonio-territorio-e-planejamento-espacial\/projeto-de-pesquisa-parceria-labgest-enquadramento-e-desenvolvimento-subsidio-tecnico-cientifico-a-integracao-sociedade-e-territorio-na-gestao-da-bacia-do-rio-doce\/mapeamento-das-interfaces-entre-formas-socio-ambientais-e-usos-socio-economicos\/","title":{"rendered":"Subprojeto: &#8220;Mapeamento das interfaces entre formas s\u00f3cio-ambientais e usos s\u00f3cio-econ\u00f4micos&#8221;"},"content":{"rendered":"<div id=\"attachment_259\" style=\"width: 785px\" class=\"wp-caption alignleft\"><a href=\"http:\/\/blog.ufes.br\/patri_lab\/files\/2012\/02\/Matthew-Cusick_199.jpg\"><img loading=\"lazy\" decoding=\"async\" aria-describedby=\"caption-attachment-259\" class=\"size-full wp-image-259\" src=\"http:\/\/blog.ufes.br\/patri_lab\/files\/2012\/02\/Matthew-Cusick_199.jpg\" alt=\"\" width=\"775\" height=\"972\" srcset=\"https:\/\/blog.ufes.br\/patri_lab\/files\/2012\/02\/Matthew-Cusick_199.jpg 775w, https:\/\/blog.ufes.br\/patri_lab\/files\/2012\/02\/Matthew-Cusick_199-239x300.jpg 239w\" sizes=\"auto, (max-width: 775px) 100vw, 775px\" \/><\/a><p id=\"caption-attachment-259\" class=\"wp-caption-text\">Autor: Matthew Cusick. T\u00edtulo da obra: Geronimo, 2007<\/p><\/div>\n<p>&nbsp;<\/p>\n<p><a href=\"http:\/\/blog.ufes.br\/patri_lab\/files\/2012\/02\/Matthew-Cusick-2.jpg\"><img loading=\"lazy\" decoding=\"async\" class=\"alignleft size-full wp-image-467\" src=\"http:\/\/blog.ufes.br\/patri_lab\/files\/2012\/02\/Matthew-Cusick-2.jpg\" alt=\"\" width=\"675\" height=\"522\" srcset=\"https:\/\/blog.ufes.br\/patri_lab\/files\/2012\/02\/Matthew-Cusick-2.jpg 675w, https:\/\/blog.ufes.br\/patri_lab\/files\/2012\/02\/Matthew-Cusick-2-300x232.jpg 300w\" sizes=\"auto, (max-width: 675px) 100vw, 675px\" \/><\/a><\/p>\n<p>&nbsp;<\/p>\n<p><strong>T\u00edtulo do subprojeto:<\/strong> Mapeamento das interfaces entre formas s\u00f3cio-ambientais e usos s\u00f3cio-econ\u00f4micos<\/p>\n<p><strong>Orientadora:<\/strong> Renata Hermanny de Almeida<\/p>\n<p><strong>Bolsista:<\/strong> Irlan Lima Perini<\/p>\n<p><strong>Resumo:<\/strong> O Enquadramento de corpos d\u2019\u00e1gua, instrumento da Lei n\u00ba 9.433, de 1997, visa o estabelecimento do n\u00edvel de qualidade a ser alcan\u00e7ado ou mantido em segmento de corpo d\u2019\u00e1gua ao longo do tempo visando atender \u00e0s necessidades estabelecidas pela sociedade. Para a sua aplica\u00e7\u00e3o \u00e9 necess\u00e1rio considerar o meio envolvente, representado pelo uso e ocupa\u00e7\u00e3o do solo e seus atores sociais. Para tanto, faz-se necess\u00e1rio analisar o uso e ocupa\u00e7\u00e3o do solo atual, suas tend\u00eancias e as for\u00e7as que o comandam ou nele interferem, e identificar atores institucionais e n\u00e3o institucionais, seus n\u00edveis de atua\u00e7\u00e3o atual e potencial. Para a condu\u00e7\u00e3o dessa an\u00e1lise, parte-se para uma produ\u00e7\u00e3o cartogr\u00e1fica que promova a articula\u00e7\u00e3o de dados s\u00f3cio-ambientais e s\u00f3cio-econ\u00f4micos. O mapeamento ser\u00e1 conduzido pelo geoprocessamento, numa perspectiva de construir uma cartografia que possibilite o entendimento da rela\u00e7\u00e3o sociedade-territ\u00f3rio. Prop\u00f5e-se como resultado final deste subprojeto a produ\u00e7\u00e3o mapas anal\u00edticos e sint\u00e9ticos das \u00e1reas de estudo como subs\u00eddio para as reflex\u00f5es e decis\u00f5es relacionadas ao enquadramento de corpos d\u2019\u00e1gua e ao planejamento territorial.<\/p>\n<p><strong>Palavras chave:<\/strong> Cartografia; Sociedade; Planejamento territorial; Enquadramento de corpos d\u2019\u00e1gua; Geoprocessamento.<\/p>\n<p>Para ler o relat\u00f3rio parcial <a title=\"rp irlan\" href=\"http:\/\/www.slideshare.net\/patri_lab\/prppg-edital-ic20112012relatrioparcialirlanperinifev2012\" target=\"_blank\">clique aqui<\/a>.<\/p>\n","protected":false},"excerpt":{"rendered":"<p>&nbsp; &nbsp; T\u00edtulo do subprojeto: Mapeamento das interfaces entre formas s\u00f3cio-ambientais e usos s\u00f3cio-econ\u00f4micos Orientadora: Renata Hermanny de Almeida Bolsista: Irlan Lima Perini Resumo: O Enquadramento de corpos d\u2019\u00e1gua, instrumento da Lei n\u00ba 9.433, de 1997, visa o estabelecimento do &hellip; <a href=\"https:\/\/blog.ufes.br\/patri_lab\/linhas-de-pesquisa\/pesquisas-encerradas\/patrimonio-territorio-e-planejamento-espacial\/projeto-de-pesquisa-parceria-labgest-enquadramento-e-desenvolvimento-subsidio-tecnico-cientifico-a-integracao-sociedade-e-territorio-na-gestao-da-bacia-do-rio-doce\/mapeamento-das-interfaces-entre-formas-socio-ambientais-e-usos-socio-economicos\/\">Continue lendo <span class=\"meta-nav\">&rarr;<\/span><\/a><\/p>\n","protected":false},"author":37,"featured_media":0,"parent":458,"menu_order":1,"comment_status":"open","ping_status":"closed","template":"","meta":{"_bbp_topic_count":0,"_bbp_reply_count":0,"_bbp_total_topic_count":0,"_bbp_total_reply_count":0,"_bbp_voice_count":0,"_bbp_anonymous_reply_count":0,"_bbp_topic_count_hidden":0,"_bbp_reply_count_hidden":0,"_bbp_forum_subforum_count":0,"_uag_custom_page_level_css":"","footnotes":""},"class_list":["post-258","page","type-page","status-publish","hentry"],"uagb_featured_image_src":{"full":false,"thumbnail":false,"medium":false,"medium_large":false,"large":false,"1536x1536":false,"2048x2048":false,"post-thumbnail":false},"uagb_author_info":{"display_name":"Bruno de Andrade","author_link":"https:\/\/blog.ufes.br\/patri_lab\/author\/bruno-andrade\/"},"uagb_comment_info":0,"uagb_excerpt":"&nbsp; &nbsp; T\u00edtulo do subprojeto: Mapeamento das interfaces entre formas s\u00f3cio-ambientais e usos s\u00f3cio-econ\u00f4micos Orientadora: Renata Hermanny de Almeida Bolsista: Irlan Lima Perini Resumo: O Enquadramento de corpos d\u2019\u00e1gua, instrumento da Lei n\u00ba 9.433, de 1997, visa o estabelecimento do &hellip; Continue lendo &rarr;","_links":{"self":[{"href":"https:\/\/blog.ufes.br\/patri_lab\/wp-json\/wp\/v2\/pages\/258","targetHints":{"allow":["GET"]}}],"collection":[{"href":"https:\/\/blog.ufes.br\/patri_lab\/wp-json\/wp\/v2\/pages"}],"about":[{"href":"https:\/\/blog.ufes.br\/patri_lab\/wp-json\/wp\/v2\/types\/page"}],"author":[{"embeddable":true,"href":"https:\/\/blog.ufes.br\/patri_lab\/wp-json\/wp\/v2\/users\/37"}],"replies":[{"embeddable":true,"href":"https:\/\/blog.ufes.br\/patri_lab\/wp-json\/wp\/v2\/comments?post=258"}],"version-history":[{"count":7,"href":"https:\/\/blog.ufes.br\/patri_lab\/wp-json\/wp\/v2\/pages\/258\/revisions"}],"predecessor-version":[{"id":466,"href":"https:\/\/blog.ufes.br\/patri_lab\/wp-json\/wp\/v2\/pages\/258\/revisions\/466"}],"up":[{"embeddable":true,"href":"https:\/\/blog.ufes.br\/patri_lab\/wp-json\/wp\/v2\/pages\/458"}],"wp:attachment":[{"href":"https:\/\/blog.ufes.br\/patri_lab\/wp-json\/wp\/v2\/media?parent=258"}],"curies":[{"name":"wp","href":"https:\/\/api.w.org\/{rel}","templated":true}]}}