{"id":2639,"date":"2018-10-24T11:15:04","date_gmt":"2018-10-24T14:15:04","guid":{"rendered":"http:\/\/blog.ufes.br\/patri_lab\/?page_id=2639"},"modified":"2018-10-25T15:36:08","modified_gmt":"2018-10-25T18:36:08","slug":"pos-graduacao-delimitacao-de-areas-urbanas-de-interesse-patrimonial-na-politica-de-preservacao-no-estado-do-espirito-santo","status":"publish","type":"page","link":"https:\/\/blog.ufes.br\/patri_lab\/linhas-de-pesquisa\/pesquisas-encerradas\/patrimonio-territorio-e-planejamento-espacial\/pos-graduacao-delimitacao-de-areas-urbanas-de-interesse-patrimonial-na-politica-de-preservacao-no-estado-do-espirito-santo\/","title":{"rendered":"[P\u00f3s-gradua\u00e7\u00e3o] &#8220;Delimita\u00e7\u00e3o de \u00e1reas urbanas de interesse patrimonial na pol\u00edtica de preserva\u00e7\u00e3o no Estado do Esp\u00edrito Santo&#8221;"},"content":{"rendered":"<p><strong><span class=\"token-ufes continua\">Autora:<\/span>\u00a0<\/strong>Joyce Naara Pimenta Abreu<\/p>\n<p><strong><span class=\"token-ufes continua\">Tipo:<\/span><\/strong>\u00a0Disserta\u00e7\u00e3o de mestrado acad\u00eamico<br \/>\n<strong><span class=\"token-ufes continua\">Data de publica\u00e7\u00e3o:<\/span><\/strong>\u00a029\/05\/2017<\/p>\n<p><strong><span class=\"token-ufes continua\">Orientador:\u00a0<\/span><\/strong><span class=\"token-ufes continua\">Renata Hermanny de Almeida<\/span><\/p>\n<p><strong><span class=\"token-ufes continua\">Resumo:<\/span><\/strong>\u00a0A pesquisa se dedica \u00e0 investiga\u00e7\u00e3o da g\u00eanese da delimita\u00e7\u00e3o de s\u00edtios hist\u00f3ricos enquanto pr\u00e1tica adotada pelo Conselho Estadual de Cultura para preserva\u00e7\u00e3o do patrim\u00f4nio urbano no Esp\u00edrito Santo, com o objetivo de entender a metodologia adotada e sua vincula\u00e7\u00e3o ao percurso de atualiza\u00e7\u00e3o do conceito de patrim\u00f4nio. Faz isso por meio de investiga\u00e7\u00e3o de perspectiva hist\u00f3rica e te\u00f3rica acerca do conceito de patrim\u00f4nio cultural, especificamente na consolida\u00e7\u00e3o do patrim\u00f4nio urbano, e por meio de uma investiga\u00e7\u00e3o conceitual acerca da evolu\u00e7\u00e3o da delimita\u00e7\u00e3o de \u00e1reas urbanas patrimoniais no Brasil, por meio da pol\u00edtica preservacionista do IPHAN. Assim, a an\u00e1lise tem como fonte documental os processos de tombamento dos cinco s\u00edtios urbanos tombados no Esp\u00edrito Santo, a saber, Porto de S\u00e3o Mateus, Santa Leopoldina, S\u00e3o Pedro do Itabapoana, Muqui e Itapina. O desafio \u00e9 compreender e discutir aquilo que se delimita (objeto) e como se delimita (instrumentos e procedimentos). A inten\u00e7\u00e3o \u00e9 avaliar a correla\u00e7\u00e3o entre a delimita\u00e7\u00e3o de \u00e1reas urbanas e a evolu\u00e7\u00e3o do conceito de patrim\u00f4nio urbano, com particular interesse em sua autonomia enquanto objeto patrimonial. Especificamente, busca identificar objetivos, formas e procedimentos de delimita\u00e7\u00e3o, e entender mudan\u00e7as ocorridas na forma de apreens\u00e3o dos s\u00edtios hist\u00f3ricos na pol\u00edtica estadual de preserva\u00e7\u00e3o. Em que pesem as particularidades de cada s\u00edtio analisado, \u00e9 poss\u00edvel identificar a delimita\u00e7\u00e3o como uma pol\u00edtica consolidada de prote\u00e7\u00e3o dentro do Conselho Estadual de Cultura, em conson\u00e2ncia com a pol\u00edtica de preserva\u00e7\u00e3o nacional.<br \/>\nPalavras-chave: Patrim\u00f4nio urbano; Instrumentos de prote\u00e7\u00e3o; Preserva\u00e7\u00e3o urbana; S\u00edtios hist\u00f3ricos.<\/p>\n<p><a href=\"http:\/\/www.arquitetura.ufes.br\/pt-br\/pos-graduacao\/PPGAU\/detalhes-da-tese?id=11052\" target=\"_blank\" rel=\"noopener\">Acesso ao documento<\/a><\/p>\n<p>&nbsp;<\/p>\n","protected":false},"excerpt":{"rendered":"<p>Autora:\u00a0Joyce Naara Pimenta Abreu Tipo:\u00a0Disserta\u00e7\u00e3o de mestrado acad\u00eamico Data de publica\u00e7\u00e3o:\u00a029\/05\/2017 Orientador:\u00a0Renata Hermanny de Almeida Resumo:\u00a0A pesquisa se dedica \u00e0 investiga\u00e7\u00e3o da g\u00eanese da delimita\u00e7\u00e3o de s\u00edtios hist\u00f3ricos enquanto pr\u00e1tica adotada pelo Conselho Estadual de Cultura para preserva\u00e7\u00e3o do patrim\u00f4nio &hellip; <a href=\"https:\/\/blog.ufes.br\/patri_lab\/linhas-de-pesquisa\/pesquisas-encerradas\/patrimonio-territorio-e-planejamento-espacial\/pos-graduacao-delimitacao-de-areas-urbanas-de-interesse-patrimonial-na-politica-de-preservacao-no-estado-do-espirito-santo\/\">Continue lendo <span class=\"meta-nav\">&rarr;<\/span><\/a><\/p>\n","protected":false},"author":175,"featured_media":0,"parent":375,"menu_order":0,"comment_status":"closed","ping_status":"closed","template":"","meta":{"_bbp_topic_count":0,"_bbp_reply_count":0,"_bbp_total_topic_count":0,"_bbp_total_reply_count":0,"_bbp_voice_count":0,"_bbp_anonymous_reply_count":0,"_bbp_topic_count_hidden":0,"_bbp_reply_count_hidden":0,"_bbp_forum_subforum_count":0,"_uag_custom_page_level_css":"","footnotes":""},"class_list":["post-2639","page","type-page","status-publish","hentry"],"uagb_featured_image_src":{"full":false,"thumbnail":false,"medium":false,"medium_large":false,"large":false,"1536x1536":false,"2048x2048":false,"post-thumbnail":false},"uagb_author_info":{"display_name":"Damiany Nossa","author_link":"https:\/\/blog.ufes.br\/patri_lab\/author\/damiany-nossa\/"},"uagb_comment_info":0,"uagb_excerpt":"Autora:\u00a0Joyce Naara Pimenta Abreu Tipo:\u00a0Disserta\u00e7\u00e3o de mestrado acad\u00eamico Data de publica\u00e7\u00e3o:\u00a029\/05\/2017 Orientador:\u00a0Renata Hermanny de Almeida Resumo:\u00a0A pesquisa se dedica \u00e0 investiga\u00e7\u00e3o da g\u00eanese da delimita\u00e7\u00e3o de s\u00edtios hist\u00f3ricos enquanto pr\u00e1tica adotada pelo Conselho Estadual de Cultura para preserva\u00e7\u00e3o do patrim\u00f4nio &hellip; Continue lendo &rarr;","_links":{"self":[{"href":"https:\/\/blog.ufes.br\/patri_lab\/wp-json\/wp\/v2\/pages\/2639","targetHints":{"allow":["GET"]}}],"collection":[{"href":"https:\/\/blog.ufes.br\/patri_lab\/wp-json\/wp\/v2\/pages"}],"about":[{"href":"https:\/\/blog.ufes.br\/patri_lab\/wp-json\/wp\/v2\/types\/page"}],"author":[{"embeddable":true,"href":"https:\/\/blog.ufes.br\/patri_lab\/wp-json\/wp\/v2\/users\/175"}],"replies":[{"embeddable":true,"href":"https:\/\/blog.ufes.br\/patri_lab\/wp-json\/wp\/v2\/comments?post=2639"}],"version-history":[{"count":5,"href":"https:\/\/blog.ufes.br\/patri_lab\/wp-json\/wp\/v2\/pages\/2639\/revisions"}],"predecessor-version":[{"id":2697,"href":"https:\/\/blog.ufes.br\/patri_lab\/wp-json\/wp\/v2\/pages\/2639\/revisions\/2697"}],"up":[{"embeddable":true,"href":"https:\/\/blog.ufes.br\/patri_lab\/wp-json\/wp\/v2\/pages\/375"}],"wp:attachment":[{"href":"https:\/\/blog.ufes.br\/patri_lab\/wp-json\/wp\/v2\/media?parent=2639"}],"curies":[{"name":"wp","href":"https:\/\/api.w.org\/{rel}","templated":true}]}}