{"id":2718,"date":"2018-11-01T14:34:27","date_gmt":"2018-11-01T17:34:27","guid":{"rendered":"http:\/\/blog.ufes.br\/patri_lab\/?page_id=2718"},"modified":"2019-09-10T16:28:47","modified_gmt":"2019-09-10T19:28:47","slug":"monitores","status":"publish","type":"page","link":"https:\/\/blog.ufes.br\/patri_lab\/pesquisadores\/estudantes\/monitores\/","title":{"rendered":"Monitores"},"content":{"rendered":"<ul>\n<li><strong>Luenda A. Cardoso Santos<\/strong><\/li>\n<\/ul>\n<p>Graduanda em Arquitetura e Urbanismo da Universidade Federal do Esp\u00edrito Santo 2013-atual. \u00c9 monitora do Patri_Lab desde 2018.<\/p>\n<p>Curr\u00edculo lattes:\u00a0<a href=\"http:\/\/lattes.cnpq.br\/1999570094436884\" target=\"_blank\" rel=\"noopener noreferrer\">http:\/\/lattes.cnpq.br\/1999570094436884<\/a><\/p>\n<p>Endere\u00e7o eletr\u00f4nico: luendacardoso@hotmail.com<\/p>\n<ul>\n<li>Vitor de Toledo Nascimento<\/li>\n<\/ul>\n<p>Graduando em Arquitetura e Urbanismo da Universidade Federal do Esp\u00edrito Santo 2014-atual. \u00c9 monitora do Patri_Lab desde 2018.<\/p>\n<p>Curr\u00edculo lattes:\u00a0<a href=\"http:\/\/lattes.cnpq.br\/3579986894032456\" target=\"_blank\" rel=\"noopener noreferrer\">http:\/\/lattes.cnpq.br\/3579986894032456<\/a><\/p>\n<p>Endere\u00e7o eletr\u00f4nico: vitordetoledo@hotmail.com<\/p>\n","protected":false},"excerpt":{"rendered":"<p>Luenda A. Cardoso Santos Graduanda em Arquitetura e Urbanismo da Universidade Federal do Esp\u00edrito Santo 2013-atual. \u00c9 monitora do Patri_Lab desde 2018. Curr\u00edculo lattes:\u00a0http:\/\/lattes.cnpq.br\/1999570094436884 Endere\u00e7o eletr\u00f4nico: luendacardoso@hotmail.com Vitor de Toledo Nascimento Graduando em Arquitetura e Urbanismo da Universidade Federal do &hellip; <a href=\"https:\/\/blog.ufes.br\/patri_lab\/pesquisadores\/estudantes\/monitores\/\">Continue lendo <span class=\"meta-nav\">&rarr;<\/span><\/a><\/p>\n","protected":false},"author":175,"featured_media":0,"parent":15,"menu_order":2,"comment_status":"closed","ping_status":"closed","template":"","meta":{"_bbp_topic_count":0,"_bbp_reply_count":0,"_bbp_total_topic_count":0,"_bbp_total_reply_count":0,"_bbp_voice_count":0,"_bbp_anonymous_reply_count":0,"_bbp_topic_count_hidden":0,"_bbp_reply_count_hidden":0,"_bbp_forum_subforum_count":0,"_uag_custom_page_level_css":"","footnotes":""},"class_list":["post-2718","page","type-page","status-publish","hentry"],"uagb_featured_image_src":{"full":false,"thumbnail":false,"medium":false,"medium_large":false,"large":false,"1536x1536":false,"2048x2048":false,"post-thumbnail":false},"uagb_author_info":{"display_name":"Damiany Nossa","author_link":"https:\/\/blog.ufes.br\/patri_lab\/author\/damiany-nossa\/"},"uagb_comment_info":0,"uagb_excerpt":"Luenda A. Cardoso Santos Graduanda em Arquitetura e Urbanismo da Universidade Federal do Esp\u00edrito Santo 2013-atual. \u00c9 monitora do Patri_Lab desde 2018. Curr\u00edculo lattes:\u00a0http:\/\/lattes.cnpq.br\/1999570094436884 Endere\u00e7o eletr\u00f4nico: luendacardoso@hotmail.com Vitor de Toledo Nascimento Graduando em Arquitetura e Urbanismo da Universidade Federal do &hellip; Continue lendo &rarr;","_links":{"self":[{"href":"https:\/\/blog.ufes.br\/patri_lab\/wp-json\/wp\/v2\/pages\/2718","targetHints":{"allow":["GET"]}}],"collection":[{"href":"https:\/\/blog.ufes.br\/patri_lab\/wp-json\/wp\/v2\/pages"}],"about":[{"href":"https:\/\/blog.ufes.br\/patri_lab\/wp-json\/wp\/v2\/types\/page"}],"author":[{"embeddable":true,"href":"https:\/\/blog.ufes.br\/patri_lab\/wp-json\/wp\/v2\/users\/175"}],"replies":[{"embeddable":true,"href":"https:\/\/blog.ufes.br\/patri_lab\/wp-json\/wp\/v2\/comments?post=2718"}],"version-history":[{"count":6,"href":"https:\/\/blog.ufes.br\/patri_lab\/wp-json\/wp\/v2\/pages\/2718\/revisions"}],"predecessor-version":[{"id":2778,"href":"https:\/\/blog.ufes.br\/patri_lab\/wp-json\/wp\/v2\/pages\/2718\/revisions\/2778"}],"up":[{"embeddable":true,"href":"https:\/\/blog.ufes.br\/patri_lab\/wp-json\/wp\/v2\/pages\/15"}],"wp:attachment":[{"href":"https:\/\/blog.ufes.br\/patri_lab\/wp-json\/wp\/v2\/media?parent=2718"}],"curies":[{"name":"wp","href":"https:\/\/api.w.org\/{rel}","templated":true}]}}