{"id":296,"date":"2012-03-06T14:50:23","date_gmt":"2012-03-06T17:50:23","guid":{"rendered":"http:\/\/blog.ufes.br\/patri_lab\/?page_id=296"},"modified":"2012-03-16T17:12:51","modified_gmt":"2012-03-16T20:12:51","slug":"biblioteca","status":"publish","type":"page","link":"https:\/\/blog.ufes.br\/patri_lab\/biblioteca\/","title":{"rendered":"Biblioteca"},"content":{"rendered":"<p>Listagem das principais refer\u00eancias utilizadas nos projetos de pesquisa do laborat\u00f3rio, presentes em seu acervo:<\/p>\n<p>BASTOS,<strong> <\/strong>Maria Alice Junqueira. <strong>Brasil: Arquitetura ap\u00f3s 1950<\/strong>. S\u00e3o Paulo: Perspectiva, 2010. 429 p.<\/p>\n<p>BIENAL INTERNACIONAL DE ARQUITETURA E DESIGN DE S\u00c3O PAULO, 5., 2003, S\u00e3o Paulo.\u00a0F\u00f3rum de debates. S\u00e3o Paulo: [s.n.], 2003. 112p.<\/p>\n<p>BROWNE, Enrique. <strong>Outra arquitectura en Am\u00e9rica Latina<\/strong>. M\u00e9xico: Gustavo Gili, 1988. 170 p.<\/p>\n<p>BRUAND, Yves. <strong>Arquitetura contempor\u00e2nea no Brasil<\/strong>. 5 ed. S\u00e3o Paulo: Perspectiva, 2010. 398 p.<\/p>\n<p>Carta de Petr\u00f3polis. Caderno de Documentos n.\u00ba 3 \u2013 \u201cCartas Patrimoniais\u201d. IPHAN, Bras\u00edlia, 1995.<\/p>\n<p>CASTRIOTA, L. B. <strong>Alternativas contempor\u00e2neas para pol\u00edticas de preserva\u00e7\u00e3o. <\/strong>Revista Topos, Belo Horizonte, n. 1, jul.\/dez. 1999.<\/p>\n<p>CASTRIOTA, L. B. <strong>Patrim\u00f4nio Cultural: conceitos, pol\u00edticas, instrumentos<\/strong>. S\u00e3o Paulo: Annablume; Bleo Horizonte: IEDS, 2009.<\/p>\n<p>CASTRO, Sonia Rabello de. O Estado na Preserva\u00e7\u00e3o de Bens Culturais: O Tombamento. Rio de Janeiro: Renovar, 1991. 161p.<\/p>\n<p>CAUQUELIN, Anne. <strong>A inven\u00e7\u00e3o da Paisagem<\/strong>. S\u00e3o Paulo: Martins, 2007. 196p.<\/p>\n<p>CHOAY, Fran\u00e7oise. <strong>A alegoria do patrim\u00f4nio<\/strong>. S\u00e3o Paulo: Esta\u00e7\u00e3o Liberdade: Unesp, 2001.<\/p>\n<p>CHOAY, Fran\u00e7oise. <strong>O urbanismo: utopias e realidades, uma antologia.<\/strong> S\u00e3o Paulo: Perspectiva, 1979.<\/p>\n<p>COMPAGNON, Antoine. <strong>Os cinco paradoxos da modernidade. <\/strong>2\u00aa edi\u00e7\u00e3o. Belo Horizonte: UFMG, 2003.<\/p>\n<p>CURY, Isabelle (Org.). <strong>Cartas patrimoniais<\/strong>. 3\u00aa ed., Bras\u00edlia: Minist\u00e9rio da Cultura: Instituto do Patrim\u00f4nio Hist\u00f3rico, Art\u00edstico e Cultural.<\/p>\n<p>CURY, Isabelle (Org.). <strong>Cartas Patrimoniais<\/strong>. Rio de Janeiro: IPHAN, 2004.<\/p>\n<p>ENCONTRO NACIONAL DE ARQUITETOS SOBRE PRESERVA\u00c7\u00c3O DO PATRIM\u00d4NIO EDIFICADO, 3., 2008, Salvador.\u00a0Arquimem\u00f3ria 3 \u2013 Anais&#8230; Salvador: Departamento da Bahia do Instituto de Arquitetos do Brasil, 2008. 180p.<\/p>\n<p>FERNANDES, Ed\u00e9sio; RUGANI, Jurema M. (Org.). <strong>Cidade, mem\u00f3ria e legisla\u00e7\u00e3o: a preserva\u00e7\u00e3o do patrim\u00f4nio na perspectiva do direito urban\u00edstico.<\/strong> Belo Horizonte: IAB-MG, 2002.<\/p>\n<p>FRAMPTON, Kenneth. <strong>Hist\u00f3ria cr\u00edtica da arquitetura moderna.<\/strong> S\u00e3o Paulo: Martins Fontes, 1997. 455 p.<\/p>\n<p>GIOVANNONI, Gustavo. <strong>Vecchie citt\u00e0 ed edilizia nuova <\/strong>\/ Gustavo Giovannoni. \u2014 Torino : Unione Tipografico-Editrici Torinese, 1995.<\/p>\n<p>GRACIA, Francisco de. <strong>Construir en lo Construido: <\/strong>La arquitectura como Modificaci\u00f3n. 2 ed. Madrid: Editorial Nerea, 1992. 318 p.<\/p>\n<p>HARVEY, David. <strong>A produ\u00e7\u00e3o capitalista do espa\u00e7o<\/strong>. 2. ed. S\u00e3o Paulo: Annablume, 2006.<\/p>\n<p>HARVEY, David. <strong>Condi\u00e7\u00e3o p\u00f3s-moderna: uma pesquisa sobre as origens da mudan\u00e7a cultural. <\/strong>10. ed. &#8211; S\u00e3o Paulo: Loyola, 2001.<\/p>\n<p>HARVEY, David. <strong>Espa\u00e7os de esperan\u00e7a<\/strong>. 2. ed. S\u00e3o Paulo: Loyola, 2006.<\/p>\n<p>LAMAS, Jose Manuel Ressano Garcia. <strong>Morfologia urbana e desenho da cidade. <\/strong>3. ed. Lisboa: Funda\u00e7\u00e3o Calouste Gulbenkian, Minist\u00e9rio da Ci\u00eancia e do Ensino Superior, 2004.<\/p>\n<p>LIMA, E.F.W.; MALEQUE, M. R. <strong>Espa\u00e7o e cidade: conceitos e leituras. <\/strong>Rio de Janeiro: 7letras, 2007.<\/p>\n<p>MAGNAGHI, Alberto. <strong>Il progetto locale<\/strong>. 1\u00aa ed. Torino: Bollatti Boringhieri, 2000. 344 p.<\/p>\n<p>MIRANDA, Marcos Paulo de Souza. <strong>O estatuto da cidade e os novos instrumentos urban\u00edsticos de prote\u00e7\u00e3o ao patrim\u00f4nio cultural<\/strong>. Minist\u00e9rio P\u00fablico do Estado de Minas Gerais, Belo Horizonte, 2006.\u00a0 Dispon\u00edvel em: &lt;<a href=\"http:\/\/www.mp.mg.gov.br\/portal\/public\/interno\/arquivo\/id\/3449\" target=\"_blank\">www.mp.mg.gov.br\/portal\/public\/interno\/arquivo\/id\/3449<\/a>&gt;. Acesso em: 15 agosto 2011.<\/p>\n<p>MONTANER, Josep Maria. <strong>Depois do movimento moderno:<\/strong> Arquitetura da segunda metade do s\u00e9culo XX. Barcelona: Gustavo Gili, 2009. 270 p.<\/p>\n<p>MOURA, Ana Clara Mour\u00e3o. <strong>Geoprocessamento na gest\u00e3o e planejamento urbano<\/strong>. Belo Horizonte: Ed. da autora, 2005. 294p.<\/p>\n<p>NASLAVSKY, Guilah. <strong>Arquitetura Moderna em Pernambuco entre 1945-1970: uma produ\u00e7\u00e3o com identidade regional?<\/strong> Faculdade de Arquitetura e Urbanismo \u2013 USP.<\/p>\n<p>NOGUEIRA, Antonio Gilberto Ramos. <strong>Invent\u00e1rio e patrim\u00f4nio cultural no Brasil<\/strong>. Hist\u00f3ria, S\u00e3o Paulo, v. 26, n. 2, p. 257-268, 2007. Dispon\u00edvel em &lt; <a href=\"http:\/\/www.scielo.br\/pdf\/his\/v26n2\/a13v26n2.pdf\" target=\"_blank\">http:\/\/www.scielo.br\/pdf\/his\/v26n2\/a13v26n2.pdf<\/a>&gt;. Acesso em: 08 agosto 2011.<\/p>\n<p>ROWIE, Colin. <strong>Ciudad collage<\/strong>. 2. ed. Barcelona: GG Reprints, 1998. 182 p.<\/p>\n<p>SABAT\u00c9, Joaquin.<strong> Patrimonio y proyecto territorial<\/strong>. Espai Blau. 1. ed. Barcelona: Diputaci\u00f3n de Barcelona, 2004.<\/p>\n<p>SABAT\u00c9, Joaquin. SCHUSTER, J. Mark. <strong>Projectant l\u2019eix del Llobregat: paisatge cultural i desenvolupament regional<\/strong>.\u00a0 Designing the Llobregat Corridor: Cultural Landscape and Regional Development. 1.ed. Barcelona: Universitat Polit\u00e8cnica de Catalunya; City, Design and Development Group (Department of Urban Studies and Planning), Massachusetts Institute of Technology, 2001. 200 p.<\/p>\n<p>SANTOS, M. <strong>Por uma outra globaliza\u00e7\u00e3o: do pensamento \u00fanico \u00e0 consciencia universal. <\/strong>Rio de Janeiro: Record, 2008<\/p>\n<p>SANTOS, Milton. <strong>Metamorfoses do Espa\u00e7o Habitado. Fundamentos Te\u00f3ricos e Metodol\u00f3gicos da Geografia<\/strong>. 6. ed. S\u00e3o Paulo: Editora da Universidade de S\u00e3o Paulo, 2008.<\/p>\n<p>SANTOS, Milton. <strong>A Natureza do Espa\u00e7o: T\u00e9cnica e Tempo, Raz\u00e3o e Emo\u00e7\u00e3o<\/strong>. 4. ed. S\u00e3o Paulo: Editora da Universidade de S\u00e3o Paulo, 1996.<\/p>\n<p>SAQUET, Marcos Aur\u00e9lio. <strong>Abordagens e Concep\u00e7\u00f5es de Territ\u00f3rio<\/strong>. 2.ed. S\u00e3o Paulo: Express\u00e3o Popular, 2010. 200 p.<\/p>\n<p>SCHULZ, Christian Emanuel Norberg. <strong>Principles of modern architecture<\/strong>. United Kingdom: Andreas Papadakis Publisher, 2000. 136 p.<\/p>\n<p>SCHWARZ, Francisco. <strong>O munic\u00edpio de Santa Leopoldina<\/strong>. Vit\u00f3ria: Tra\u00e7o Certo Editora, 1992. 112 p.<\/p>\n<p>SERRA, Geraldo G. <strong>Pesquisa em arquitetura e urbanismo. guia pr\u00e1tico para o trabalho de pesquisadores em p\u00f3s-gradua\u00e7\u00e3o<\/strong><em>.<\/em> 1 ed. S\u00e3o Paulo: EDUSP, Mandarim, 2006. 256 p.<\/p>\n<p>SOUZA, Beth\u00e2nia Gon\u00e7alves de. <strong>Dialogando com a arquitetura de Ione e Fernando Marroquim<\/strong>. Monografia (Gradua\u00e7\u00e3o). Vit\u00f3ria: Departamento de Arquitetura e Urbanismo, Universidade Federal do Esp\u00edrito Santo, 2000.<\/p>\n<p>SOUZA, M.L., 2002.\u00a0 <strong>Mudar a cidade<\/strong>; uma introdu\u00e7\u00e3o cr\u00edtica ao planejamento e \u00e0 gest\u00e3o urbanos. Rio de Janeiro: Bertrand Brasil, 560 p.<\/p>\n<p>SPRING\u00a0 5.1.8. S\u00e3o Jos\u00e9 dos Campos, SP: INPE, 2011.\u00a0Dispon\u00edvel em: <a href=\"http:\/\/www.dpi.inpe.br\/spring\" target=\"_blank\">www.dpi.inpe.br\/spring<\/a>. Acesso em: novembro 2011.<\/p>\n<p>TELLES, M\u00e1rio Ferreira de Pragm\u00e1cio. <strong>Tombaram o Decreto Lei n\u00ba 25\/37?.<\/strong> IV ENECULT &#8211; Encontro de Estudos Multidisciplinares em Cultura, Salvador, 2008. Dispon\u00edvel em: &lt; <a href=\"http:\/\/www.cult.ufba.br\/enecult2008\/14298-03.pdf\" target=\"_blank\">http:\/\/www.cult.ufba.br\/enecult2008\/14298-03.pdf<\/a>&gt;. Acesso em: 18 julho 2011.<\/p>\n<p>VARGAS, Heliana Comin; CASTILHO, Ana Luisa Howard de(Org.).<strong> Interven\u00e7\u00f5es em Centros Urbanos: <\/strong>Objetivos, estrat\u00e9gias e resultados. 2\u00aa edi\u00e7\u00e3o. S\u00e3o Paulo: Manole, 2009.<\/p>\n<p>WAISMAN, Marina. El patrim\u00f4nio es la construcci\u00f3n de la ciudad.\u00a0<strong>Summa+,<\/strong> Buenos Aires, n. 23, p.92-96, fev. 1997.<\/p>\n<p>ZUCCONI, Guido (a cura di). Gustavo Giovannoni. <strong>Dal capitello all\u00e1 citt\u00e0.<\/strong> Milano: Editoriale Jaca Book SpA, 1997.<\/p>\n","protected":false},"excerpt":{"rendered":"<p>Listagem das principais refer\u00eancias utilizadas nos projetos de pesquisa do laborat\u00f3rio, presentes em seu acervo: BASTOS, Maria Alice Junqueira. Brasil: Arquitetura ap\u00f3s 1950. S\u00e3o Paulo: Perspectiva, 2010. 429 p. BIENAL INTERNACIONAL DE ARQUITETURA E DESIGN DE S\u00c3O PAULO, 5., 2003, &hellip; <a href=\"https:\/\/blog.ufes.br\/patri_lab\/biblioteca\/\">Continue lendo <span class=\"meta-nav\">&rarr;<\/span><\/a><\/p>\n","protected":false},"author":37,"featured_media":0,"parent":0,"menu_order":6,"comment_status":"open","ping_status":"open","template":"","meta":{"_bbp_topic_count":0,"_bbp_reply_count":0,"_bbp_total_topic_count":0,"_bbp_total_reply_count":0,"_bbp_voice_count":0,"_bbp_anonymous_reply_count":0,"_bbp_topic_count_hidden":0,"_bbp_reply_count_hidden":0,"_bbp_forum_subforum_count":0,"_uag_custom_page_level_css":"","footnotes":""},"class_list":["post-296","page","type-page","status-publish","hentry"],"uagb_featured_image_src":{"full":false,"thumbnail":false,"medium":false,"medium_large":false,"large":false,"1536x1536":false,"2048x2048":false,"post-thumbnail":false},"uagb_author_info":{"display_name":"Bruno de Andrade","author_link":"https:\/\/blog.ufes.br\/patri_lab\/author\/bruno-andrade\/"},"uagb_comment_info":0,"uagb_excerpt":"Listagem das principais refer\u00eancias utilizadas nos projetos de pesquisa do laborat\u00f3rio, presentes em seu acervo: BASTOS, Maria Alice Junqueira. Brasil: Arquitetura ap\u00f3s 1950. S\u00e3o Paulo: Perspectiva, 2010. 429 p. BIENAL INTERNACIONAL DE ARQUITETURA E DESIGN DE S\u00c3O PAULO, 5., 2003, &hellip; Continue lendo &rarr;","_links":{"self":[{"href":"https:\/\/blog.ufes.br\/patri_lab\/wp-json\/wp\/v2\/pages\/296","targetHints":{"allow":["GET"]}}],"collection":[{"href":"https:\/\/blog.ufes.br\/patri_lab\/wp-json\/wp\/v2\/pages"}],"about":[{"href":"https:\/\/blog.ufes.br\/patri_lab\/wp-json\/wp\/v2\/types\/page"}],"author":[{"embeddable":true,"href":"https:\/\/blog.ufes.br\/patri_lab\/wp-json\/wp\/v2\/users\/37"}],"replies":[{"embeddable":true,"href":"https:\/\/blog.ufes.br\/patri_lab\/wp-json\/wp\/v2\/comments?post=296"}],"version-history":[{"count":9,"href":"https:\/\/blog.ufes.br\/patri_lab\/wp-json\/wp\/v2\/pages\/296\/revisions"}],"predecessor-version":[{"id":300,"href":"https:\/\/blog.ufes.br\/patri_lab\/wp-json\/wp\/v2\/pages\/296\/revisions\/300"}],"wp:attachment":[{"href":"https:\/\/blog.ufes.br\/patri_lab\/wp-json\/wp\/v2\/media?parent=296"}],"curies":[{"name":"wp","href":"https:\/\/api.w.org\/{rel}","templated":true}]}}