{"id":327,"date":"2012-03-06T15:57:06","date_gmt":"2012-03-06T18:57:06","guid":{"rendered":"http:\/\/blog.ufes.br\/patri_lab\/?page_id=327"},"modified":"2014-04-08T12:28:56","modified_gmt":"2014-04-08T15:28:56","slug":"eventos","status":"publish","type":"page","link":"https:\/\/blog.ufes.br\/patri_lab\/eventos\/","title":{"rendered":"Eventos"},"content":{"rendered":"<p>&nbsp;<\/p>\n<p><strong>PR\u00d3XIMOS EVENTOS:<\/strong><\/p>\n<ul>\n<li><strong><a title=\"isufporto\" href=\"http:\/\/isuf2014.fe.up.pt\/\" target=\"_blank\">ISUF<\/a>\u00a0<\/strong>\u2013 06 a 09 de Julho de 2014, Porto, Portugal.<strong><br \/>\n<\/strong><\/li>\n<\/ul>\n<h5>&#8220;The\u00a0<strong>21st International Seminar on Urban Form &#8211; ISUF2014<\/strong>, hosted by the Faculty of Engineering of the University of Porto, will take place in Porto, Portugal, from 3 to 6 July 2014. The theme of the conference is \u2018Our common future in urban morphology\u2019. It reflects the key role of environment in the debate on the physical form of cities. But it also evokes the need to identify what are the fundamental issues that should be placed on the agenda of urban morphology for the next years.\u00a0 Indeed, \u2018Our common future in urban morphology\u2019 must involve a careful reflection on what should be our contribution as urban morphologists, how it could be part of wider integrated research on cities, and how this could be applied in day-to-day practice. Ten themes will structure this reflection: urban morphological theory; urban morphological methods and techniques; the evolution of urban form, agents of change; revisiting urban morphological classics; teaching urban form; comparative studies of urban form; multidisciplinarity in urban morphology; integrated approaches; and, finally, the relations between research and practice&#8221;.<\/h5>\n<ul>\n<li><a title=\"Shcu2014\" href=\"http:\/\/www.shcu2014.com.br\/\" target=\"_blank\"><strong>XIII SHCU <\/strong><\/a>\u2013 09 a 12 de Setembro de 2014, Brasilia.<\/li>\n<\/ul>\n<h5>&#8220;(&#8230;) o SHCU tem se caracterizado por equacionar, divulgar e estimular a constru\u00e7\u00e3o da historiografia da cidade e do urbanismo no \u00e2mbito de diversos programas de p\u00f3s-gradua\u00e7\u00e3o que reservam espa\u00e7o a esses temas. Por esta raz\u00e3o, \u00e9 aberto \u00e0s trocas disciplinares, acolhendo contribui\u00e7\u00f5es de campos de conhecimentos diversos, entre os quais a Hist\u00f3ria, a Geografia, a Sociologia, a Antropologia, entre outros. (&#8230;)\u00a0\u00c9 neste sentido que nos propomos a prosseguir este trabalho, dando-lhe continuidade no XIII\u00a0SHCU, cujo tema central se expressa no seu t\u00edtulo:\u00a0<em>Tempos e Escalas da Cidade e do Urbanismo&#8221;<\/em>.<\/h5>\n<ul>\n<li><strong><a title=\"enanparq 2014\" href=\"http:\/\/www.enanparq2014.com\/\" target=\"_blank\">III ENANPARQ<\/a>\u00a0<\/strong>\u2013 20 a 24 de Outubro de 2014, Bauru, SP.<\/li>\n<\/ul>\n<h5>&#8220;A tem\u00e1tica do III ENANPARQ \u201c<strong>arquitetura, cidade e projeto: uma constru\u00e7\u00e3o coletiva<\/strong>\u201d busca discutir, de modo transversal, interdisciplinar e inovador, a dimens\u00e3o estrat\u00e9gica do projeto, bem como os desdobramentos que articulam teoria e pr\u00e1tica e integram os processos hist\u00f3ricos e socioculturais que produzem a Arquitetura e a Cidade. (&#8230;)\u00a0O evento\u00a0 pretende reafirmar, no \u00e2mbito do Ensino, Pesquisa e Pr\u00e1tica Profissional e\u00a0 no contexto das mudan\u00e7as do padr\u00e3o de urbaniza\u00e7\u00e3o e de ampla democratiza\u00e7\u00e3o da sociedade brasileira, expressas nas manifesta\u00e7\u00f5es sociais recentes&#8221;.<\/h5>\n<ul>\n<li><strong style=\"font-size: 1em;line-height: 1.5em\"><a title=\"cicop\" href=\"http:\/\/www.cicop2014.com.br\/apresentacao\/?lang=pt\" target=\"_blank\">XII CICOP<\/a>\u00a0<\/strong>\u2013 21 a 24 de Outubro de 2014, Bauru, SP.<\/li>\n<\/ul>\n<h5>Congresso Internacional para Reabilita\u00e7\u00e3o do Patrim\u00f4nio Arquitet\u00f4nico e Edificado.\u00a0A DIMENS\u00c3O COTIDIANA DO PATRIM\u00d4NIO E DESAFIOS PARA SUA PRESERVA\u00c7\u00c3O.\u00a0Trata-se da 12a. edi\u00e7\u00e3o de importante e reconhecido evento de grande alcance internacional, j\u00e1 realizado em Buenos Aires, Cascais, Floren\u00e7a, Havana, Santiago do Chile, Sevilha, etc., que re\u00fane profissionais, professores, alunos e demais interessados na quest\u00e3o da gest\u00e3o, conserva\u00e7\u00e3o e prote\u00e7\u00e3o do patrim\u00f4nio hist\u00f3rico material e imaterial.\u00a0EuroMed2014 Conference<\/h5>\n<ul>\n<li><strong style=\"font-size: 1em;line-height: 1.5em\"><a title=\"EUROMED\" href=\"http:\/\/www.culturalheritage2014.eu\/\" target=\"_blank\">EUROMED 2014<\/a>:<\/strong>\u00a0\u2013 03 a 08 de Novembro de 2014, Lemessos, Cyprus.<\/li>\n<\/ul>\n<h5 align=\"JUSTIFY\">&#8220;5<sup>th<\/sup>\u00a0International Euro-Mediterranean Conference (EuroMed 2014). The venue of this event is at the entrance of the ancient city of Amathus, by Limassol.\u00a0Cyprus is the third largest Mediterranean island at the crossroads of three continents, located in one of the most famous archeological areas of the world. Its civilization starts around the 10<sup>th<\/sup>\u00a0millennium BC and has a high number of monuments and sites registered on the UNESCO WHL. Cyprus cultural heritage is the most important living treasure of its people. It is through this that its identity can be expressed and an awareness of its historical continuity through time can be created.\u00a0From 3rd to 8th of November 2014 we will have the opportunity to come together, exchange our know-how and experiences in the Cultural Heritage research as well as the current and future worldwide developments in this area&#8221;.<\/h5>\n<p>&nbsp;<\/p>\n<p><strong>EVENTOS PARTICIPADOS:<\/strong><\/p>\n<p>Eventos que os pesquisadores participaram com apresenta\u00e7\u00e3o de comunica\u00e7\u00e3o ou poster, e publica\u00e7\u00e3o de artigo.<\/p>\n<p>Semin\u00e1rios Internos:<\/p>\n<ul>\n<li><a title=\"I Seminario\" href=\"http:\/\/blog.ufes.br\/patri_lab\/2011\/10\/18\/i-seminario-interno-2\/\">I Semin\u00e1rio Interno 2011\/2<\/a><\/li>\n<\/ul>\n<p>Participa\u00e7\u00f5es em eventos nacionais e internacionais:<\/p>\n<ul>\n<li>Arquimem\u00f3ria 4: Salvador, Bahia. Realizado entre 14 e 17 de Maio de 2013.<\/li>\n<li>II ArqDoc: Bel\u00e9m, Par\u00e1. Realizado entre 26 e 28 de Novembro de 2012.<\/li>\n<li><span style=\"line-height: 24px\">II ENANPARQ: Natal, RN. Realizado entre 18 e 21 de Setembro de 2012. \u00a0<\/span><\/li>\n<li>Conpadre\/Incuna: Gij\u00f3n, Espanha [realizado em Setembro, 2012].<\/li>\n<li>Semin\u00e1rio Interno PPGAU\/UFES. Cemuni I, Centro de Artes, UFES. Mar\u00e7o, 2012.<\/li>\n<li><a title=\"Conpadre Udelar\/UPC\" href=\"http:\/\/conpadre.org\/conpadritos.htm\" target=\"_blank\">2\u00ba Semin\u00e1rio de Paisajes Culturales<\/a>: Conpadre n . 11\/2012 Udelar\/UPC.\u00a0Montevid\u00e9u, Uruguai. Janeiro, 2012.<\/li>\n<li><a title=\"Conpadre Unicamp\" href=\"http:\/\/conpadre.org\/conpadritos.htm\" target=\"_blank\">1\u00ba Semin\u00e1rio de Paisagem Cultural<\/a> &#8211; Conpadre n. 6\/2010 Unicamp. Campinas\/SP. Realizado em\u00a02010.<\/li>\n<li><a title=\"Arquimuseus\" href=\"http:\/\/www.arquimuseus.fau.ufrj.br\" target=\"_blank\">Arquimuseus <\/a>&#8211; Realizado em\u00a02010.<\/li>\n<\/ul>\n","protected":false},"excerpt":{"rendered":"<p>&nbsp; PR\u00d3XIMOS EVENTOS: ISUF\u00a0\u2013 06 a 09 de Julho de 2014, Porto, Portugal. &#8220;The\u00a021st International Seminar on Urban Form &#8211; ISUF2014, hosted by the Faculty of Engineering of the University of Porto, will take place in Porto, Portugal, from 3 &hellip; <a href=\"https:\/\/blog.ufes.br\/patri_lab\/eventos\/\">Continue lendo <span class=\"meta-nav\">&rarr;<\/span><\/a><\/p>\n","protected":false},"author":37,"featured_media":0,"parent":0,"menu_order":7,"comment_status":"open","ping_status":"open","template":"","meta":{"_bbp_topic_count":0,"_bbp_reply_count":0,"_bbp_total_topic_count":0,"_bbp_total_reply_count":0,"_bbp_voice_count":0,"_bbp_anonymous_reply_count":0,"_bbp_topic_count_hidden":0,"_bbp_reply_count_hidden":0,"_bbp_forum_subforum_count":0,"_uag_custom_page_level_css":"","footnotes":""},"class_list":["post-327","page","type-page","status-publish","hentry"],"uagb_featured_image_src":{"full":false,"thumbnail":false,"medium":false,"medium_large":false,"large":false,"1536x1536":false,"2048x2048":false,"post-thumbnail":false},"uagb_author_info":{"display_name":"Bruno de Andrade","author_link":"https:\/\/blog.ufes.br\/patri_lab\/author\/bruno-andrade\/"},"uagb_comment_info":1,"uagb_excerpt":"&nbsp; PR\u00d3XIMOS EVENTOS: ISUF\u00a0\u2013 06 a 09 de Julho de 2014, Porto, Portugal. &#8220;The\u00a021st International Seminar on Urban Form &#8211; ISUF2014, hosted by the Faculty of Engineering of the University of Porto, will take place in Porto, Portugal, from 3 &hellip; Continue lendo &rarr;","_links":{"self":[{"href":"https:\/\/blog.ufes.br\/patri_lab\/wp-json\/wp\/v2\/pages\/327","targetHints":{"allow":["GET"]}}],"collection":[{"href":"https:\/\/blog.ufes.br\/patri_lab\/wp-json\/wp\/v2\/pages"}],"about":[{"href":"https:\/\/blog.ufes.br\/patri_lab\/wp-json\/wp\/v2\/types\/page"}],"author":[{"embeddable":true,"href":"https:\/\/blog.ufes.br\/patri_lab\/wp-json\/wp\/v2\/users\/37"}],"replies":[{"embeddable":true,"href":"https:\/\/blog.ufes.br\/patri_lab\/wp-json\/wp\/v2\/comments?post=327"}],"version-history":[{"count":22,"href":"https:\/\/blog.ufes.br\/patri_lab\/wp-json\/wp\/v2\/pages\/327\/revisions"}],"predecessor-version":[{"id":1573,"href":"https:\/\/blog.ufes.br\/patri_lab\/wp-json\/wp\/v2\/pages\/327\/revisions\/1573"}],"wp:attachment":[{"href":"https:\/\/blog.ufes.br\/patri_lab\/wp-json\/wp\/v2\/media?parent=327"}],"curies":[{"name":"wp","href":"https:\/\/api.w.org\/{rel}","templated":true}]}}