{"id":335,"date":"2012-03-06T18:15:35","date_gmt":"2012-03-06T21:15:35","guid":{"rendered":"http:\/\/blog.ufes.br\/patri_lab\/?page_id=335"},"modified":"2013-05-20T11:53:51","modified_gmt":"2013-05-20T14:53:51","slug":"artigos","status":"publish","type":"page","link":"https:\/\/blog.ufes.br\/patri_lab\/publicacoes\/artigos\/","title":{"rendered":"Artigos"},"content":{"rendered":"<p>ANDRADE, Bruno Amaral de; PANI, Deyva Figueira; SILVA, Nat\u00e1lia O.L. da; \u00a0ALMEIDA, Renata Hermanny de. <a title=\"Artigo Andrade Pani Silva Hermanny\" href=\"http:\/\/pt.scribd.com\/doc\/142566390\/A-rede-hidrica-e-um-patrimonio-territorial-um-ensaio-de-representacao-identitaria-em-duas-bacias-hidrograficas-no-Espirito-Santo-Brasil\" target=\"_blank\">A rede h\u00eddrica e um patrim\u00f4nio territorial: um ensaio de representa\u00e7\u00e3o identit\u00e1ria em duas bacias hidrogr\u00e1ficas no Esp\u00edrito Santo &#8211; Brasil.<\/a>\u00a0In: Encontro Internacional sobre Preserva\u00e7\u00e3o do Patrim\u00f4nio Edificado, 4, 2013, Salvador- BA.\u00a0Anais Arquimem\u00f3ria 4, 2013.<\/p>\n<p>CASTIGLIONI, Lorena de Andrade;\u00a0\u00a0ALMEIDA, Renata Hermanny de. <a title=\"Artigo Castiglioni Hermanny\" href=\"http:\/\/pt.scribd.com\/doc\/142564735\/A-educacao-Patrimonial-na-perspectiva-da-gestao-do-patrimonio-edificado\" target=\"_blank\">A educa\u00e7\u00e3o patrimonial na perspectiva da gest\u00e3o do patrim\u00f4nio edificado<\/a>.\u00a0In: Encontro Internacional sobre Preserva\u00e7\u00e3o do Patrim\u00f4nio Edificado, 4, 2013, Salvador- BA.\u00a0Anais Arquimem\u00f3ria 4, 2013.<\/p>\n<p>SILVA, Jaqueline P. da; MAZZINI, Maisa;\u00a0ALMEIDA, Renata Hermanny de; QUEIROZ, Rodrigo Z. <a title=\"Artigo Silva Mazzini Hermanny Queiroz\" href=\"http:\/\/pt.scribd.com\/doc\/142561630\/Recurso-informacional-no-monitoramento-da-conservacao-da-ambiencia-de-Sitios-Historicos-Urbanos-Ensaio-no-Sitio-Historico-de-Santa-Leopoldina-ES\" target=\"_blank\">Recurso Informacional no monitoramento da conserva\u00e7\u00e3o da ambi\u00eancia de S\u00edtios Hist\u00f3ricos urbanos. Ensaio no S\u00edtio Hist\u00f3rico de Santa Leopoldina\/ES<\/a>. In: Encontro Internacional sobre Preserva\u00e7\u00e3o do Patrim\u00f4nio Edificado, 4, 2013, Salvador- BA.\u00a0Anais Arquimem\u00f3ria 4, 2013.<\/p>\n<p>MAZZINI, Maisa;\u00a0SILVA, Jaqueline P. da; ALMEIDA, Renata Hermanny de. <a title=\"Artigo Mazzini Silva Almeida\" href=\"http:\/\/pt.scribd.com\/doc\/139736133\/Tecnologias-digitais-e-pratica-projetual-em-preexistencia-critica-estudo-em-Sabara-MG\" target=\"_blank\">Tecnologias digitais e pr\u00e1tica projetual em preexist\u00eancia cr\u00edtica: estudo em Sabar\u00e1- MG<\/a>.\u00a0In: \u00a0\u00a0Semin\u00e1rio Nacional de Documenta\u00e7\u00e3o do Patrim\u00f4nio Arquitet\u00f4nico com o uso de Tecnologias Digitais,2, 2012, Bel\u00e9m &#8211; PA. Anais II Arq.Doc, 2012.<\/p>\n<p>SILVA, Giovanna Gon\u00e7alves;\u00a0ALMEIDA, Renata Hermanny de. <a title=\"Artigo Gon\u00e7alves Almeida\" href=\"http:\/\/pt.scribd.com\/doc\/139739962\/Modificando-preexistencias-criticas-experimentacoes-brasileiras-1950-2010\" target=\"_blank\">Modificando preexist\u00eancias cr\u00edticas: experimenta\u00e7\u00f5es brasileiras, 1950-2010<\/a>. In: Semin\u00e1rio de Hist\u00f3ria da Cidade e do Urbanismo, 12, 2012, Porto Alegre -RS. Anais: XII SHCU, 2012.<\/p>\n<p>SILVA, Jaqueline P. da; ALMEIDA, Renata Hermanny de. <a title=\"Artigo Silva Almeida\" href=\"http:\/\/pt.scribd.com\/doc\/139733905\/Elementos-constituintes-da-relacao-Antigo-Novo-a-partir-das-Cartas-Patrimoniais\" target=\"_blank\">Elementos constituintes da rela\u00e7\u00e3o Antigo\/Novo a partir das Cartas Patrimoniais<\/a>.\u00a0In: \u00a0Encontro da Associa\u00e7\u00e3o Nacional de Pesquisa e P\u00f3s-gradua\u00e7\u00e3o em Arquitetura e Urbanismo, 2, 2012, Natal -RN. Anais II ENANPARQ, 2012.<\/p>\n<p>ARRUDA, Fl\u00e1via Marcarine;\u00a0ALMEIDA, Renata Hermanny de. <a title=\"Artigo Arruda Almeida\" href=\"http:\/\/pt.scribd.com\/doc\/139728805\/A-insercao-de-%E2%80%9C-nova-arquitetura-%E2%80%9D-em-contexto-com-%E2%80%9C-preexistencia-critica-%E2%80%9D-estudo-da-obra-do-Escritorio-Marroquim-Arquitetos-Ltda\" target=\"_blank\">A inser\u00e7\u00e3o de &#8220;nova arquitura&#8221; em contexto com &#8220;preexist\u00eancia cr\u00edtica&#8221;: estudo da obra do Escrit\u00f3rio Marroquim Arquitetos Ltda.<\/a> In: \u00a0Encontro da Associa\u00e7\u00e3o Nacional de Pesquisa e P\u00f3s-gradua\u00e7\u00e3o em Arquitetura e Urbanismo, 2, 2012, Natal -RN.\u00a0Anais II ENANPARQ, 2012.<\/p>\n<p>CASTIGLIONI, Lorena de Andrade;\u00a0\u00a0ALMEIDA, Renata Hermanny de.<a title=\"Artigo Castiglioni Almeida\" href=\"http:\/\/pt.scribd.com\/doc\/139742127\/O-papel-do-envolvimento-da-sociedade-no-tombamento-de-Sitios-Historicos-urbanos-no-Espirito-Santo\" target=\"_blank\">O papel do envolvimento da sociedade no tombamento de S\u00edtios Hist\u00f3ricos urbanos no Espirito Santo.\u00a0In:<\/a> F\u00f3rum Mestres e Conselheiros &#8211; Patrim\u00f4nio, Turismo e Desenvolvimento Local, 4, 2012, Belo Horizonte-MG. Anais 4\u00ba F\u00f3rum Mestres e Conselheiros, 2012.<\/p>\n<p>ALMEIDA, Renata Hermanny de; ANDRADE, Bruno Amaral de.\u00a0<a title=\"Artigo Amleida&amp;Andrade\" href=\"http:\/\/conpadre.org\/conpadritos\/c11-2012\/art_48.pdf\" target=\"_blank\">Uma rota patrimonial para o rio Santa Maria da Vit\u00f3ria: instrumento de conserva\u00e7\u00e3o territorial<\/a>. In: SEMINARIO DE PAISAJES CULTURALES UDELAR\/UPC [Conpadre n.11\/2012], 2, 2012, Montevideo [Uruguay]. Actas&#8230; Montevideo: Red Conpadre, 2012. p. 01-15. Disponible en: &lt;www.conpadre.org&gt;. <a title=\"apresenta\u00e7\u00e3o conpadre bruno\" href=\"http:\/\/www.slideshare.net\/patri_lab\/conpadre-udelar-upc-almeidaandrade\" target=\"_blank\">Clique aqui<\/a> para acessar a apresenta\u00e7\u00e3o.<\/p>\n<p>BARCELLOS, L. N.; ALMEIDA, R. Hermanny de.\u00a0<a title=\"Artigo Barcellos&amp;Almeida\" href=\"http:\/\/conpadre.org\/conpadritos\/c11-2012\/art_46.pdf\" target=\"_blank\">Turismo na Revitaliza\u00e7\u00e3o de Centros Hist\u00f3ricos: o caso de Vit\u00f3ria\u00a0[ES], Brasil.\u00a0<\/a>In: SEMINARIO DE PAISAJES CULTURALES UDELAR\/UPC [Conpadre n.11\/2012], 2., 2012, Montevideo [Uruguay]. Actas&#8230; Montevideo: Red Conpadre, 2012. p. 01-17. Disponible en: &lt;www.conpadre.org&gt;. <a title=\"conpadre let\u00edcia\" href=\"http:\/\/www.slideshare.net\/patri_lab\/conpadre-letcia\" target=\"_blank\">Clique aqui<\/a> para acessar a apresenta\u00e7\u00e3o.<\/p>\n<p>CASADO, Tatiana C.; ALMEIDA, Renata Hermanny de.\u00a0<a title=\"Artigo Casado&amp;Almeida\" href=\"http:\/\/conpadre.org\/conpadritos\/c11-2012\/art_01.pdf\" target=\"_blank\">A constru\u00e7\u00e3o do patrim\u00f4nio cultural brasileiro na perspectiva do IPHAN<\/a>. In: SEMINARIO DE PAISAJES CULTURALES UDELAR\/UPC [Conpadre n.11\/2012], 2, 2012, Montevideo [Uruguay]. Actas&#8230; Montevideo: Red Conpadre, 2012. p. 01-15. Disponible en: &lt;www.conpadre.org&gt;. <a title=\"apresenta\u00e7\u00e3o casado&amp;almeida\" href=\"http:\/\/www.slideshare.net\/patri_lab\/apresentao-conpadre-2012casadoalmeida\" target=\"_blank\">Clique aqui <\/a>para acessar a apresenta\u00e7\u00e3o.<\/p>\n<p>DRAGO BONA, K; ALMEIDA, Renata Hermanny de.\u00a0<a title=\"Artigo Bona&amp;Almeida\" href=\"http:\/\/conpadre.org\/conpadritos\/c11-2012\/art_38.pdf\" target=\"_blank\">Patrim\u00f4nio Cultural Imaterial: Identidade de Alto Liberdade.<\/a>\u00a0In: SEMINARIO DE PAISAJES CULTURALES UDELAR\/UPC [Conpadre n.11\/2012], 2, 2012, Montevideo [Uruguay]. Actas&#8230; Montevideo: Red Conpadre, 2012. p. 01-12. Disponible en: &lt;www.conpadre.org&gt;. <a title=\"conpadre kamila&amp;almeida\" href=\"http:\/\/www.slideshare.net\/patri_lab\/apresentao-kamilaalmeida\" target=\"_blank\">Clique aqui <\/a>para acessar a apresenta\u00e7\u00e3o.<\/p>\n<p>SILVA, Jaqueline P. da; ALMEIDA, Renata Hermanny de; ANDRADE, Ana Carolina R.\u00a0<a title=\"Artigo Silva&amp;Almeida&amp;Andrade\" href=\"http:\/\/conpadre.org\/conpadritos\/c11-2012\/art_30.pdf\" target=\"_blank\">Nova arquitetura em Sabar\u00e1-MG: Recursos gr\u00e1ficos como suporte ao planejamento urbano<\/a>. In: SEMINARIO DE PAISAJES CULTURALES UDELAR\/UPC [Conpadre n.11\/2012], 2, 2012, Montevideo [Uruguay]. Actas&#8230;\u00a0 Montevideo: Red Conpadre, 2012. p. 01-11. Disponible en: &lt;www.conpadre.org&gt;. <a title=\"apresenta\u00e7\u00e3o conpadre jaque\" href=\"http:\/\/www.slideshare.net\/patri_lab\/apresentao-jaquealmeidaandrade\" target=\"_blank\">Clique aqui<\/a> para acessar a apresenta\u00e7\u00e3o.<\/p>\n<p>TAVEIRA, Elisa Machado; ALMEIDA, Renata Hermanny de. <a title=\"artigo taveira&amp;almeida\" href=\"http:\/\/www.xiconlab.eventos.dype.com.br\/resources\/anais\/3\/1308349065_ARQUIVO_xiclab_salvador_taveira&amp;hermanny.pdf\" target=\"_blank\">Avalia\u00e7\u00e3o do papel do uso e ocupa\u00e7\u00e3o do solo na constitui\u00e7\u00e3o de rela\u00e7\u00f5es de identidade social e pertencimento territorial em processos participativos voltados para a determina\u00e7\u00e3o de enquadramento de corpos d\u2019\u00e1gua<\/a>. Anais Eletr\u00f4nico do XI Congresso Luso Afro Brasileiro de Ci\u00eancias Sociais. Salvador, 07 a 10 de agosto de 2011.<\/p>\n<p>SILVA, Jaqueline Pugnal da; ALMEIDA, Renata Hermanny de. <a title=\"artigo rio silva&amp;almeida\" href=\"http:\/\/www.arquimuseus.arq.br\/anais-seminario_2010\/eixo_i\/p1-artigo-jaqueline-pugnal-da-silva-e-renata-hermanny-de-almei.pdf\" target=\"_blank\">A dial\u00e9tica do Antigo-Novo na arquitetura de museus a partir da interpreta\u00e7\u00e3o do Museu de Artes de S\u00e3o Paulo &#8211; MASP<\/a>. In: SEMIN\u00c1RIO INTERNACIONAL MUSEOGRAFIA E ARQUITETURA DE MUSEUS, 2., 2010, Rio de Janeiro. ANAIS do 2\u00ba Semin\u00e1rio Internacional Museografia e arquitetura de museus: identidades e comunica\u00e7\u00e3o. Rio de Janeiro: FAU\/PROARQ, 2010.<\/p>\n<p>SILVA, J. P. da. <a title=\"jaque conpadre 2012\" href=\"http:\/\/www.conpadre.org\/L&amp;E\/L&amp;E_v4_n2_2010\/01_p1-16.pdf\" target=\"_blank\">Crescimento urbano de Sabar\u00e1 [MG]: modifica\u00e7\u00e3o e conserva\u00e7\u00e3o da cidade segundo seus instrumentos legais de planejamento<\/a>. Labor &amp; Engenho, Campinas [Brasil], v. 4, n. 2, p. 1-16, 2010. Dispon\u00edvel em: &lt;www.conpadre.org&gt; e\u00a0&lt;www.labore.fec.unicamp.br&gt;. <a title=\"power point silva e almeida conpadre 2010\" href=\"http:\/\/www.slideshare.net\/patri_lab\/crescimento-urbano-de-sabar-mg-modificao-e-conservao-da-cidade-segundo-seus-instrumentos-legais-de-planejamento\" target=\"_blank\">Clique aqui<\/a> para acessar a apresenta\u00e7\u00e3o.<\/p>\n","protected":false},"excerpt":{"rendered":"<p>ANDRADE, Bruno Amaral de; PANI, Deyva Figueira; SILVA, Nat\u00e1lia O.L. da; \u00a0ALMEIDA, Renata Hermanny de. A rede h\u00eddrica e um patrim\u00f4nio territorial: um ensaio de representa\u00e7\u00e3o identit\u00e1ria em duas bacias hidrogr\u00e1ficas no Esp\u00edrito Santo &#8211; Brasil.\u00a0In: Encontro Internacional sobre Preserva\u00e7\u00e3o &hellip; <a href=\"https:\/\/blog.ufes.br\/patri_lab\/publicacoes\/artigos\/\">Continue lendo <span class=\"meta-nav\">&rarr;<\/span><\/a><\/p>\n","protected":false},"author":37,"featured_media":0,"parent":42,"menu_order":1,"comment_status":"open","ping_status":"open","template":"","meta":{"_bbp_topic_count":0,"_bbp_reply_count":0,"_bbp_total_topic_count":0,"_bbp_total_reply_count":0,"_bbp_voice_count":0,"_bbp_anonymous_reply_count":0,"_bbp_topic_count_hidden":0,"_bbp_reply_count_hidden":0,"_bbp_forum_subforum_count":0,"_uag_custom_page_level_css":"","footnotes":""},"class_list":["post-335","page","type-page","status-publish","hentry"],"uagb_featured_image_src":{"full":false,"thumbnail":false,"medium":false,"medium_large":false,"large":false,"1536x1536":false,"2048x2048":false,"post-thumbnail":false},"uagb_author_info":{"display_name":"Bruno de Andrade","author_link":"https:\/\/blog.ufes.br\/patri_lab\/author\/bruno-andrade\/"},"uagb_comment_info":0,"uagb_excerpt":"ANDRADE, Bruno Amaral de; PANI, Deyva Figueira; SILVA, Nat\u00e1lia O.L. da; \u00a0ALMEIDA, Renata Hermanny de. A rede h\u00eddrica e um patrim\u00f4nio territorial: um ensaio de representa\u00e7\u00e3o identit\u00e1ria em duas bacias hidrogr\u00e1ficas no Esp\u00edrito Santo &#8211; Brasil.\u00a0In: Encontro Internacional sobre Preserva\u00e7\u00e3o &hellip; Continue lendo &rarr;","_links":{"self":[{"href":"https:\/\/blog.ufes.br\/patri_lab\/wp-json\/wp\/v2\/pages\/335","targetHints":{"allow":["GET"]}}],"collection":[{"href":"https:\/\/blog.ufes.br\/patri_lab\/wp-json\/wp\/v2\/pages"}],"about":[{"href":"https:\/\/blog.ufes.br\/patri_lab\/wp-json\/wp\/v2\/types\/page"}],"author":[{"embeddable":true,"href":"https:\/\/blog.ufes.br\/patri_lab\/wp-json\/wp\/v2\/users\/37"}],"replies":[{"embeddable":true,"href":"https:\/\/blog.ufes.br\/patri_lab\/wp-json\/wp\/v2\/comments?post=335"}],"version-history":[{"count":28,"href":"https:\/\/blog.ufes.br\/patri_lab\/wp-json\/wp\/v2\/pages\/335\/revisions"}],"predecessor-version":[{"id":386,"href":"https:\/\/blog.ufes.br\/patri_lab\/wp-json\/wp\/v2\/pages\/335\/revisions\/386"}],"up":[{"embeddable":true,"href":"https:\/\/blog.ufes.br\/patri_lab\/wp-json\/wp\/v2\/pages\/42"}],"wp:attachment":[{"href":"https:\/\/blog.ufes.br\/patri_lab\/wp-json\/wp\/v2\/media?parent=335"}],"curies":[{"name":"wp","href":"https:\/\/api.w.org\/{rel}","templated":true}]}}