{"id":368,"date":"2012-03-07T16:33:12","date_gmt":"2012-03-07T19:33:12","guid":{"rendered":"http:\/\/blog.ufes.br\/patri_lab\/?page_id=368"},"modified":"2014-12-19T15:03:01","modified_gmt":"2014-12-19T17:03:01","slug":"patrimonio-territorio-e-planejamento-espacial","status":"publish","type":"page","link":"https:\/\/blog.ufes.br\/patri_lab\/linhas-de-pesquisa\/pesquisa-em-andamento\/patrimonio-territorio-e-planejamento-espacial\/","title":{"rendered":"Linha de pesquisa: &#8220;Patrim\u00f4nio, Territ\u00f3rio e Planejamento Espacial&#8221;"},"content":{"rendered":"<table width=\"100%\" border=\"0\">\n<tbody>\n<tr>\n<td colspan=\"4\"><strong>\u00c1rvore do conhecimento: <\/strong>Ci\u00eancias Sociais Aplicadas;\u00a0\u00a0 Arquitetura e Urbanismo;\u00a0\u00a0 Fundamentos de Arquitetura e Urbanismo;\u00a0\u00a0 Conserva\u00e7\u00e3o S\u00f3cio-Ambiental;\u00a0\u00a0Ci\u00eancias Sociais Aplicadas;\u00a0\u00a0 Arquitetura e Urbanismo;\u00a0\u00a0 Projeto de Arquitetura e Urbanismo;\u00a0\u00a0Ci\u00eancias Sociais Aplicadas;\u00a0\u00a0 Arquitetura e Urbanismo;\u00a0\u00a0 Planejamento regional;<\/td>\n<\/tr>\n<tr>\n<td colspan=\"4\">\u00a0<strong>Setores de aplica\u00e7\u00e3o: <\/strong>Desenvolvimento Rural, Desenvolvimento Urbano, Planejamento e Gest\u00e3o das Cidades, Inclusive Pol\u00edtica e Planejamento Habitacional<\/td>\n<\/tr>\n<tr>\n<td colspan=\"4\">\u00a0<strong>Objetivo: <\/strong><br \/>\nDesenvolver capacidade investigat\u00f3ria acerca das territorialidades s\u00f3cio-espa\u00e7o-temporais, em sua interface com o estudo e a proposi\u00e7\u00e3o, em uma perspectiva inter e multi disciplinar. A pesquisa atua nos \u00e2mbitos do conhecimento, da pr\u00e1tica e da gest\u00e3o, articulados na formula\u00e7\u00e3o de procedimentos e instrumentos de manuten\u00e7\u00e3o e atualiza\u00e7\u00e3o de bens de significa\u00e7\u00e3o patrimonial, compreendendo o entorno a que pertencem.<\/td>\n<\/tr>\n<\/tbody>\n<\/table>\n","protected":false},"excerpt":{"rendered":"<p>\u00c1rvore do conhecimento: Ci\u00eancias Sociais Aplicadas;\u00a0\u00a0 Arquitetura e Urbanismo;\u00a0\u00a0 Fundamentos de Arquitetura e Urbanismo;\u00a0\u00a0 Conserva\u00e7\u00e3o S\u00f3cio-Ambiental;\u00a0\u00a0Ci\u00eancias Sociais Aplicadas;\u00a0\u00a0 Arquitetura e Urbanismo;\u00a0\u00a0 Projeto de Arquitetura e Urbanismo;\u00a0\u00a0Ci\u00eancias Sociais Aplicadas;\u00a0\u00a0 Arquitetura e Urbanismo;\u00a0\u00a0 Planejamento regional; \u00a0Setores de aplica\u00e7\u00e3o: Desenvolvimento Rural, Desenvolvimento Urbano, &hellip; <a href=\"https:\/\/blog.ufes.br\/patri_lab\/linhas-de-pesquisa\/pesquisa-em-andamento\/patrimonio-territorio-e-planejamento-espacial\/\">Continue lendo <span class=\"meta-nav\">&rarr;<\/span><\/a><\/p>\n","protected":false},"author":37,"featured_media":0,"parent":56,"menu_order":0,"comment_status":"open","ping_status":"closed","template":"","meta":{"_bbp_topic_count":0,"_bbp_reply_count":0,"_bbp_total_topic_count":0,"_bbp_total_reply_count":0,"_bbp_voice_count":0,"_bbp_anonymous_reply_count":0,"_bbp_topic_count_hidden":0,"_bbp_reply_count_hidden":0,"_bbp_forum_subforum_count":0,"_uag_custom_page_level_css":"","footnotes":""},"class_list":["post-368","page","type-page","status-publish","hentry"],"uagb_featured_image_src":{"full":false,"thumbnail":false,"medium":false,"medium_large":false,"large":false,"1536x1536":false,"2048x2048":false,"post-thumbnail":false},"uagb_author_info":{"display_name":"Bruno de Andrade","author_link":"https:\/\/blog.ufes.br\/patri_lab\/author\/bruno-andrade\/"},"uagb_comment_info":0,"uagb_excerpt":"\u00c1rvore do conhecimento: Ci\u00eancias Sociais Aplicadas;\u00a0\u00a0 Arquitetura e Urbanismo;\u00a0\u00a0 Fundamentos de Arquitetura e Urbanismo;\u00a0\u00a0 Conserva\u00e7\u00e3o S\u00f3cio-Ambiental;\u00a0\u00a0Ci\u00eancias Sociais Aplicadas;\u00a0\u00a0 Arquitetura e Urbanismo;\u00a0\u00a0 Projeto de Arquitetura e Urbanismo;\u00a0\u00a0Ci\u00eancias Sociais Aplicadas;\u00a0\u00a0 Arquitetura e Urbanismo;\u00a0\u00a0 Planejamento regional; \u00a0Setores de aplica\u00e7\u00e3o: Desenvolvimento Rural, Desenvolvimento Urbano, &hellip; Continue lendo &rarr;","_links":{"self":[{"href":"https:\/\/blog.ufes.br\/patri_lab\/wp-json\/wp\/v2\/pages\/368","targetHints":{"allow":["GET"]}}],"collection":[{"href":"https:\/\/blog.ufes.br\/patri_lab\/wp-json\/wp\/v2\/pages"}],"about":[{"href":"https:\/\/blog.ufes.br\/patri_lab\/wp-json\/wp\/v2\/types\/page"}],"author":[{"embeddable":true,"href":"https:\/\/blog.ufes.br\/patri_lab\/wp-json\/wp\/v2\/users\/37"}],"replies":[{"embeddable":true,"href":"https:\/\/blog.ufes.br\/patri_lab\/wp-json\/wp\/v2\/comments?post=368"}],"version-history":[{"count":5,"href":"https:\/\/blog.ufes.br\/patri_lab\/wp-json\/wp\/v2\/pages\/368\/revisions"}],"predecessor-version":[{"id":1728,"href":"https:\/\/blog.ufes.br\/patri_lab\/wp-json\/wp\/v2\/pages\/368\/revisions\/1728"}],"up":[{"embeddable":true,"href":"https:\/\/blog.ufes.br\/patri_lab\/wp-json\/wp\/v2\/pages\/56"}],"wp:attachment":[{"href":"https:\/\/blog.ufes.br\/patri_lab\/wp-json\/wp\/v2\/media?parent=368"}],"curies":[{"name":"wp","href":"https:\/\/api.w.org\/{rel}","templated":true}]}}