{"id":378,"date":"2012-03-07T16:44:12","date_gmt":"2012-03-07T19:44:12","guid":{"rendered":"http:\/\/blog.ufes.br\/patri_lab\/?page_id=378"},"modified":"2012-03-09T14:08:48","modified_gmt":"2012-03-09T17:08:48","slug":"cidades-no-brasil-o-papel-do-passado-em-intervencoes-urbanas-1950-2010","status":"publish","type":"page","link":"https:\/\/blog.ufes.br\/patri_lab\/linhas-de-pesquisa\/pesquisas-encerradas\/cidades-no-brasil-o-papel-do-passado-em-intervencoes-urbanas-1950-2010\/","title":{"rendered":"Linha de pesquisa: &#8220;Interven\u00e7\u00e3o urbana e arquitetura da cidade&#8221;"},"content":{"rendered":"<p><strong>\u00c1rvore do conhecimento: <\/strong> Ci\u00eancias Sociais Aplicadas;\u00a0\u00a0 Arquitetura e Urbanismo;\u00a0\u00a0 Projeto de Arquitetura e Urbanismo;\u00a0\u00a0 Planejamento e Projeto do Espa\u00e7o Urbano;<\/p>\n<p><strong>Setores de aplica\u00e7\u00e3o: <\/strong>Desenvolvimento Urbano<\/p>\n<p><strong>Objetivo: <\/strong><br \/>\nA an\u00e1lise de interven\u00e7\u00f5es urbanas promovidas entre 1950 e 2010, est\u00e1 focalizada na problem\u00e1tica da rela\u00e7\u00e3o entre tempo e forma. \u00c9 seu objetivo compreender os paradoxos da cidade brasileira em temporalidades circunscritas pela rela\u00e7\u00e3o entre tradi\u00e7\u00e3o e inova\u00e7\u00e3o. Como procedimento, est\u00e3o previstos levantamento, identifica\u00e7\u00e3o, classifica\u00e7\u00e3o e an\u00e1lise te\u00f3rica e cr\u00edtica de opera\u00e7\u00f5es de interven\u00e7\u00e3o urbana, e nomea\u00e7\u00e3o e mapeamento de domin\u00e2ncias tem\u00e1ticas.<\/p>\n<p><strong>Pesquisadores anteriores:<\/strong> Bruno Amaral de Andrade, Tatiana Virg\u00edlio, Vanessa Imberti e <a title=\"Lattes Giovanna\" href=\"http:\/\/lattes.cnpq.br\/1727340962210237\" target=\"_blank\">Jaqueline Pugnal da Silva<\/a><\/p>\n<table width=\"100%\" border=\"0\">\n<tbody>\n<tr>\n<td colspan=\"4\"><\/td>\n<\/tr>\n<\/tbody>\n<\/table>\n","protected":false},"excerpt":{"rendered":"<p>\u00c1rvore do conhecimento: Ci\u00eancias Sociais Aplicadas;\u00a0\u00a0 Arquitetura e Urbanismo;\u00a0\u00a0 Projeto de Arquitetura e Urbanismo;\u00a0\u00a0 Planejamento e Projeto do Espa\u00e7o Urbano; Setores de aplica\u00e7\u00e3o: Desenvolvimento Urbano Objetivo: A an\u00e1lise de interven\u00e7\u00f5es urbanas promovidas entre 1950 e 2010, est\u00e1 focalizada na problem\u00e1tica &hellip; <a href=\"https:\/\/blog.ufes.br\/patri_lab\/linhas-de-pesquisa\/pesquisas-encerradas\/cidades-no-brasil-o-papel-do-passado-em-intervencoes-urbanas-1950-2010\/\">Continue lendo <span class=\"meta-nav\">&rarr;<\/span><\/a><\/p>\n","protected":false},"author":37,"featured_media":0,"parent":67,"menu_order":0,"comment_status":"open","ping_status":"closed","template":"","meta":{"_bbp_topic_count":0,"_bbp_reply_count":0,"_bbp_total_topic_count":0,"_bbp_total_reply_count":0,"_bbp_voice_count":0,"_bbp_anonymous_reply_count":0,"_bbp_topic_count_hidden":0,"_bbp_reply_count_hidden":0,"_bbp_forum_subforum_count":0,"_uag_custom_page_level_css":"","footnotes":""},"class_list":["post-378","page","type-page","status-publish","hentry"],"uagb_featured_image_src":{"full":false,"thumbnail":false,"medium":false,"medium_large":false,"large":false,"1536x1536":false,"2048x2048":false,"post-thumbnail":false},"uagb_author_info":{"display_name":"Bruno de Andrade","author_link":"https:\/\/blog.ufes.br\/patri_lab\/author\/bruno-andrade\/"},"uagb_comment_info":0,"uagb_excerpt":"\u00c1rvore do conhecimento: Ci\u00eancias Sociais Aplicadas;\u00a0\u00a0 Arquitetura e Urbanismo;\u00a0\u00a0 Projeto de Arquitetura e Urbanismo;\u00a0\u00a0 Planejamento e Projeto do Espa\u00e7o Urbano; Setores de aplica\u00e7\u00e3o: Desenvolvimento Urbano Objetivo: A an\u00e1lise de interven\u00e7\u00f5es urbanas promovidas entre 1950 e 2010, est\u00e1 focalizada na problem\u00e1tica &hellip; Continue lendo &rarr;","_links":{"self":[{"href":"https:\/\/blog.ufes.br\/patri_lab\/wp-json\/wp\/v2\/pages\/378","targetHints":{"allow":["GET"]}}],"collection":[{"href":"https:\/\/blog.ufes.br\/patri_lab\/wp-json\/wp\/v2\/pages"}],"about":[{"href":"https:\/\/blog.ufes.br\/patri_lab\/wp-json\/wp\/v2\/types\/page"}],"author":[{"embeddable":true,"href":"https:\/\/blog.ufes.br\/patri_lab\/wp-json\/wp\/v2\/users\/37"}],"replies":[{"embeddable":true,"href":"https:\/\/blog.ufes.br\/patri_lab\/wp-json\/wp\/v2\/comments?post=378"}],"version-history":[{"count":9,"href":"https:\/\/blog.ufes.br\/patri_lab\/wp-json\/wp\/v2\/pages\/378\/revisions"}],"predecessor-version":[{"id":380,"href":"https:\/\/blog.ufes.br\/patri_lab\/wp-json\/wp\/v2\/pages\/378\/revisions\/380"}],"up":[{"embeddable":true,"href":"https:\/\/blog.ufes.br\/patri_lab\/wp-json\/wp\/v2\/pages\/67"}],"wp:attachment":[{"href":"https:\/\/blog.ufes.br\/patri_lab\/wp-json\/wp\/v2\/media?parent=378"}],"curies":[{"name":"wp","href":"https:\/\/api.w.org\/{rel}","templated":true}]}}