{"id":42,"date":"2011-05-30T15:47:27","date_gmt":"2011-05-30T18:47:27","guid":{"rendered":"http:\/\/patrilab.wordpress.com\/?page_id=42"},"modified":"2012-03-06T18:35:56","modified_gmt":"2012-03-06T21:35:56","slug":"publicacoes","status":"publish","type":"page","link":"https:\/\/blog.ufes.br\/patri_lab\/publicacoes\/","title":{"rendered":"Publica\u00e7\u00f5es"},"content":{"rendered":"<p><span style=\"color: #000000\">Este espa\u00e7o \u00e9 destinado \u00e0s publica\u00e7\u00f5es em formato digital dos trabalhos produzidos no Patri_Lab.<\/span><\/p>\n<p>Clique em artigos ou relat\u00f3rios para acesso em hiperlink.<\/p>\n","protected":false},"excerpt":{"rendered":"<p>Este espa\u00e7o \u00e9 destinado \u00e0s publica\u00e7\u00f5es em formato digital dos trabalhos produzidos no Patri_Lab. Clique em artigos ou relat\u00f3rios para acesso em hiperlink.<\/p>\n","protected":false},"author":37,"featured_media":0,"parent":0,"menu_order":4,"comment_status":"open","ping_status":"closed","template":"","meta":{"_bbp_topic_count":0,"_bbp_reply_count":0,"_bbp_total_topic_count":0,"_bbp_total_reply_count":0,"_bbp_voice_count":0,"_bbp_anonymous_reply_count":0,"_bbp_topic_count_hidden":0,"_bbp_reply_count_hidden":0,"_bbp_forum_subforum_count":0,"_uag_custom_page_level_css":"","footnotes":""},"class_list":["post-42","page","type-page","status-publish","hentry"],"uagb_featured_image_src":{"full":false,"thumbnail":false,"medium":false,"medium_large":false,"large":false,"1536x1536":false,"2048x2048":false,"post-thumbnail":false},"uagb_author_info":{"display_name":"Bruno de Andrade","author_link":"https:\/\/blog.ufes.br\/patri_lab\/author\/bruno-andrade\/"},"uagb_comment_info":0,"uagb_excerpt":"Este espa\u00e7o \u00e9 destinado \u00e0s publica\u00e7\u00f5es em formato digital dos trabalhos produzidos no Patri_Lab. Clique em artigos ou relat\u00f3rios para acesso em hiperlink.","_links":{"self":[{"href":"https:\/\/blog.ufes.br\/patri_lab\/wp-json\/wp\/v2\/pages\/42","targetHints":{"allow":["GET"]}}],"collection":[{"href":"https:\/\/blog.ufes.br\/patri_lab\/wp-json\/wp\/v2\/pages"}],"about":[{"href":"https:\/\/blog.ufes.br\/patri_lab\/wp-json\/wp\/v2\/types\/page"}],"author":[{"embeddable":true,"href":"https:\/\/blog.ufes.br\/patri_lab\/wp-json\/wp\/v2\/users\/37"}],"replies":[{"embeddable":true,"href":"https:\/\/blog.ufes.br\/patri_lab\/wp-json\/wp\/v2\/comments?post=42"}],"version-history":[{"count":4,"href":"https:\/\/blog.ufes.br\/patri_lab\/wp-json\/wp\/v2\/pages\/42\/revisions"}],"predecessor-version":[{"id":345,"href":"https:\/\/blog.ufes.br\/patri_lab\/wp-json\/wp\/v2\/pages\/42\/revisions\/345"}],"wp:attachment":[{"href":"https:\/\/blog.ufes.br\/patri_lab\/wp-json\/wp\/v2\/media?parent=42"}],"curies":[{"name":"wp","href":"https:\/\/api.w.org\/{rel}","templated":true}]}}