{"id":47,"date":"2011-05-30T16:07:26","date_gmt":"2011-05-30T19:07:26","guid":{"rendered":"http:\/\/patrilab.wordpress.com\/?page_id=47"},"modified":"2015-01-06T10:49:22","modified_gmt":"2015-01-06T12:49:22","slug":"47-2","status":"publish","type":"page","link":"https:\/\/blog.ufes.br\/patri_lab\/47-2\/","title":{"rendered":"Laborat\u00f3rio"},"content":{"rendered":"<p style=\"text-align: justify\">O <a title=\"Patri_Lab\" href=\"http:\/\/dgp.cnpq.br\/buscaoperacional\/detalhegrupo.jsp?grupo=0392604QY7JT09\" target=\"_blank\">Patri_Lab<\/a> \u00e9 um l\u00f3cus de investiga\u00e7\u00e3o, proposi\u00e7\u00e3o e articula\u00e7\u00e3o t\u00e9cnico-cient\u00edfica e s\u00f3cio-cultural, conduzidas pela perspectiva da conserva\u00e7\u00e3o patrimonial e do desenvolvimento territorial. Atuando no \u00e2mbito da arquitetura e do urbanismo, tr\u00eas s\u00e3o seus principais campos de trabalho: reflex\u00e3o, proposi\u00e7\u00e3o, e gest\u00e3o. Nesse campo operativo, se prop\u00f5e a constituir: L\u00f3cus de forma\u00e7\u00e3o e especializa\u00e7\u00e3o profissional, visando a produ\u00e7\u00e3o, a amplia\u00e7\u00e3o e a difus\u00e3o de conhecimento hist\u00f3rico, te\u00f3rico e critico acerca do Patrim\u00f4nio, em sua condi\u00e7\u00e3o hist\u00f3rica, est\u00e9tica e social; e do Desenvolvimento territorial, em sua dimens\u00e3o ambiental, social e econ\u00f4mica. L\u00f3cus de elabora\u00e7\u00e3o de estudos, planos e projetos visando o aprofundamento te\u00f3rico e metodol\u00f3gico concernente \u00e0 formula\u00e7\u00e3o de estrat\u00e9gias, instrumentos e normas para conserva\u00e7\u00e3o do Patrim\u00f4nio e o Desenvolvimento sustent\u00e1vel do territ\u00f3rio. L\u00f3cus de discuss\u00e3o e critica da produ\u00e7\u00e3o e do consumo do espa\u00e7o, visando contribuir para a defini\u00e7\u00e3o de pol\u00edticas p\u00fablicas, na descentraliza\u00e7\u00e3o de decis\u00f5es e na articula\u00e7\u00e3o de atores e instrumentos de gest\u00e3o e desenvolvimento do Patrim\u00f4nio e do Territ\u00f3rio. L\u00f3cus de educa\u00e7\u00e3o patrimonial, visando participar na cria\u00e7\u00e3o, na produ\u00e7\u00e3o e na divulga\u00e7\u00e3o de material de perspectiva cultural e pedag\u00f3gica, seja em uma dimens\u00e3o t\u00e9cnico-cient\u00edfico, seja em uma dimens\u00e3o art\u00edstico-cultural.<\/p>\n<p style=\"text-align: justify\">Este blog \u00e9 uma plataforma virtual do trabalho desenvolvido e os eventos realizados no Patri_Lab. O l\u00f3cus f\u00edsico situa-se na Avenida Fernando Ferrari, 514, Cemuni III, Goiabeiras, UFES. CEP: 29075910. Telefone: 4009-7847. E-mail: patri_lab@car.ufes.br e patrilabufes@gmail.com \u00a9Patri_Lab 2012, Todos os direitos reservados.<\/p>\n","protected":false},"excerpt":{"rendered":"<p>O Patri_Lab \u00e9 um l\u00f3cus de investiga\u00e7\u00e3o, proposi\u00e7\u00e3o e articula\u00e7\u00e3o t\u00e9cnico-cient\u00edfica e s\u00f3cio-cultural, conduzidas pela perspectiva da conserva\u00e7\u00e3o patrimonial e do desenvolvimento territorial. Atuando no \u00e2mbito da arquitetura e do urbanismo, tr\u00eas s\u00e3o seus principais campos de trabalho: reflex\u00e3o, proposi\u00e7\u00e3o, &hellip; <a href=\"https:\/\/blog.ufes.br\/patri_lab\/47-2\/\">Continue lendo <span class=\"meta-nav\">&rarr;<\/span><\/a><\/p>\n","protected":false},"author":37,"featured_media":0,"parent":0,"menu_order":1,"comment_status":"open","ping_status":"closed","template":"","meta":{"_bbp_topic_count":0,"_bbp_reply_count":0,"_bbp_total_topic_count":0,"_bbp_total_reply_count":0,"_bbp_voice_count":0,"_bbp_anonymous_reply_count":0,"_bbp_topic_count_hidden":0,"_bbp_reply_count_hidden":0,"_bbp_forum_subforum_count":0,"_uag_custom_page_level_css":"","footnotes":""},"class_list":["post-47","page","type-page","status-publish","hentry"],"uagb_featured_image_src":{"full":false,"thumbnail":false,"medium":false,"medium_large":false,"large":false,"1536x1536":false,"2048x2048":false,"post-thumbnail":false},"uagb_author_info":{"display_name":"Bruno de Andrade","author_link":"https:\/\/blog.ufes.br\/patri_lab\/author\/bruno-andrade\/"},"uagb_comment_info":1,"uagb_excerpt":"O Patri_Lab \u00e9 um l\u00f3cus de investiga\u00e7\u00e3o, proposi\u00e7\u00e3o e articula\u00e7\u00e3o t\u00e9cnico-cient\u00edfica e s\u00f3cio-cultural, conduzidas pela perspectiva da conserva\u00e7\u00e3o patrimonial e do desenvolvimento territorial. Atuando no \u00e2mbito da arquitetura e do urbanismo, tr\u00eas s\u00e3o seus principais campos de trabalho: reflex\u00e3o, proposi\u00e7\u00e3o, &hellip; Continue lendo &rarr;","_links":{"self":[{"href":"https:\/\/blog.ufes.br\/patri_lab\/wp-json\/wp\/v2\/pages\/47","targetHints":{"allow":["GET"]}}],"collection":[{"href":"https:\/\/blog.ufes.br\/patri_lab\/wp-json\/wp\/v2\/pages"}],"about":[{"href":"https:\/\/blog.ufes.br\/patri_lab\/wp-json\/wp\/v2\/types\/page"}],"author":[{"embeddable":true,"href":"https:\/\/blog.ufes.br\/patri_lab\/wp-json\/wp\/v2\/users\/37"}],"replies":[{"embeddable":true,"href":"https:\/\/blog.ufes.br\/patri_lab\/wp-json\/wp\/v2\/comments?post=47"}],"version-history":[{"count":6,"href":"https:\/\/blog.ufes.br\/patri_lab\/wp-json\/wp\/v2\/pages\/47\/revisions"}],"predecessor-version":[{"id":1847,"href":"https:\/\/blog.ufes.br\/patri_lab\/wp-json\/wp\/v2\/pages\/47\/revisions\/1847"}],"wp:attachment":[{"href":"https:\/\/blog.ufes.br\/patri_lab\/wp-json\/wp\/v2\/media?parent=47"}],"curies":[{"name":"wp","href":"https:\/\/api.w.org\/{rel}","templated":true}]}}