{"id":478,"date":"2012-03-09T14:13:10","date_gmt":"2012-03-09T17:13:10","guid":{"rendered":"http:\/\/blog.ufes.br\/patri_lab\/?page_id=478"},"modified":"2019-09-10T16:07:47","modified_gmt":"2019-09-10T19:07:47","slug":"pos-graduacao","status":"publish","type":"page","link":"https:\/\/blog.ufes.br\/patri_lab\/pesquisadores\/estudantes\/pos-graduacao\/","title":{"rendered":"P\u00f3s-gradua\u00e7\u00e3o"},"content":{"rendered":"<h1 style=\"text-align: justify\"><span style=\"color: #000000\"><strong>\u00a02014-2016<\/strong><\/span><\/h1>\n<ul>\n<li><strong>Bruno Amaral de Andrade<\/strong><\/li>\n<\/ul>\n<p style=\"text-align: justify\">Mestrando pelo Programa de P\u00f3s-Gradua\u00e7\u00e3o em \u00a0Arquitetura e Urbanismo da\u00a0Universidade Federal do Esp\u00edrito Santo 2014-2016.\u00a0Graduado em Arquitetura e Urbanismo (UFES\/2012). \u00c9 pesquisador do Patri_Lab desde 2010.<\/p>\n<p style=\"text-align: justify\">Curr\u00edculo lattes:\u00a0<a title=\"lattes bruno\" href=\"http:\/\/lattes.cnpq.br\/2883004910881772\" target=\"_blank\" rel=\"noopener noreferrer\">http:\/\/lattes.cnpq.br\/2883004910881772<\/a><\/p>\n<p style=\"text-align: justify\">Endere\u00e7o eletr\u00f4nico: deandradebruno@outlook.com<\/p>\n<ul style=\"text-align: justify\">\n<li><strong>Luciana da Silva Florenzano<\/strong><\/li>\n<\/ul>\n<p style=\"text-align: justify\">Mestranda pelo Programa de P\u00f3s-Gradua\u00e7\u00e3o em \u00a0Arquitetura e Urbanismo da\u00a0Universidade Federal do Esp\u00edrito Santo 2014-2016.\u00a0Graduada em Arquitetura e Urbanismo (UFPA\/2011). \u00c9 pesquisadora do Patri_Lab desde 2014.<\/p>\n<p style=\"text-align: justify\">Curr\u00edculo Lattes:<a title=\"http:\/\/lattes.cnpq.br\/7735991428297241\" href=\"http:\/\/lattes.cnpq.br\/7735991428297241\">\u00a0http:\/\/lattes.cnpq.br\/7735991428297241<\/a><\/p>\n<p style=\"text-align: justify\">Endere\u00e7o eletr\u00f4nico:\u00a0lucianaflorenzano@gmail.com<\/p>\n<h1 style=\"text-align: justify\"><span style=\"color: #000000\"><strong>\u00a02015-2017<\/strong><\/span><\/h1>\n<ul style=\"text-align: justify\">\n<li><strong>Aline\u00a0Tessarolo Ruy<\/strong><\/li>\n<\/ul>\n<p>Mestranda pelo Programa de P\u00f3s-Gradua\u00e7\u00e3o em \u00a0Arquitetura e Urbanismo da\u00a0Universidade Federal do Esp\u00edrito Santo 2015-2017.\u00a0Graduada em Arquitetura e Urbanismo (UNIVIX-2014). \u00c9 pesquisadora do Patri_Lab desde 2015.<\/p>\n<p style=\"text-align: justify\">Curr\u00edculo Lattes:\u00a0<a title=\"Lattes Aline\" href=\"http:\/\/lattes.cnpq.br\/1919338650147537\" target=\"_blank\" rel=\"noopener noreferrer\">http:\/\/lattes.cnpq.br\/1919338650147537<\/a><\/p>\n<p style=\"text-align: justify\">Endere\u00e7o eletr\u00f4nico: aline.uv@gmail.com<\/p>\n<ul>\n<li><strong>Ang\u00e9lica\u00a0Maria Fonseca Dornelas<\/strong><\/li>\n<\/ul>\n<p>Mestranda pelo Programa de P\u00f3s-Gradua\u00e7\u00e3o em \u00a0Arquitetura e Urbanismo da\u00a0Universidade Federal do Esp\u00edrito Santo 2015-2017.\u00a0Graduada em Arquitetura e Urbanismo (UFES\/2014). \u00c9 pesquisadora do Patri_Lab desde 2015.<\/p>\n<p>Curr\u00edculo Lattes:\u00a0<a title=\"Lattes Angelica\" href=\"http:\/\/lattes.cnpq.br\/9322715647719155\" target=\"_blank\" rel=\"noopener noreferrer\">http:\/\/lattes.cnpq.br\/9322715647719155<\/a><\/p>\n<p>Endere\u00e7o eletr\u00f4nico: angelicadornelas@hotmail.com<\/p>\n<ul>\n<li><strong>Joyce\u00a0Naara Pimenta Abreu<\/strong><\/li>\n<\/ul>\n<p>Mestranda pelo Programa de P\u00f3s-Gradua\u00e7\u00e3o em \u00a0Arquitetura e Urbanismo da\u00a0Universidade Federal do Esp\u00edrito Santo 2015-2017.\u00a0Graduada em Arquitetura e Urbanismo (UFES-2007). \u00c9 pesquisadora do Patri_Lab desde 2015.<\/p>\n<p>Curr\u00edculo Lattes:\u00a0<a title=\"Lattes Joyce\" href=\"http:\/\/lattes.cnpq.br\/9905158054011516\" target=\"_blank\" rel=\"noopener noreferrer\">http:\/\/lattes.cnpq.br\/9905158054011516<\/a><\/p>\n<p>Endere\u00e7o eletr\u00f4nico: joyceabreu.arquiteta@gmail.com<\/p>\n<ul style=\"text-align: justify\">\n<li><strong>Let\u00edcia Nunes Barcellos\u00a0<\/strong><\/li>\n<\/ul>\n<p style=\"text-align: justify\">Mestranda pelo Programa de P\u00f3s-Gradua\u00e7\u00e3o em \u00a0Arquitetura e Urbanismo da\u00a0Universidade Federal do Esp\u00edrito Santo 2015-2017.\u00a0Graduada em Arquitetura e Urbanismo (UFES\/2012). \u00c9 pesquisadora do Patri_Lab desde 2015.<\/p>\n<p style=\"text-align: justify\">Curr\u00edculo Lattes:\u00a0<a title=\"Lattes Let\u00edcia\" href=\"http:\/\/lattes.cnpq.br\/7907088622420416\" target=\"_blank\" rel=\"noopener noreferrer\">http:\/\/lattes.cnpq.br\/7907088622420416<\/a><\/p>\n<p style=\"text-align: justify\">Endere\u00e7o eletr\u00f4nico:\u00a0leticiabarcellos@hotmail.com<\/p>\n<h1><strong>2016-2018<\/strong><\/h1>\n<ul>\n<li><strong>Mariana Pereira de Amorim<\/strong><\/li>\n<\/ul>\n<p>Mestranda pelo Programa de P\u00f3s-Gradua\u00e7\u00e3o em Arquitetura e Urbanismo da Universidade Federal do Esp\u00edrito Santo 2016-2018. Graduada em Arquitetura e Urbanismo (UNIVIX\/2014). \u00c9 pesquisadora do Patri_Lab desde 2016.<\/p>\n<p>Curr\u00edculo Lattes: <a href=\"http:\/\/lattes.cnpq.br\/5236849570004289\">http:\/\/lattes.cnpq.br\/5236849570004289<\/a><\/p>\n<p>Endere\u00e7o eletr\u00f4nico: marianapdeamorim@gmail.com<\/p>\n<ul>\n<li><strong>Vera Lucia Vieira Lima<\/strong><\/li>\n<\/ul>\n<p>Mestranda pelo Programa de P\u00f3s-Gradua\u00e7\u00e3o em \u00a0Arquitetura e Urbanismo da Universidade Federal do Esp\u00edrito Santo 2016-2018. Graduada em Arquitetura e Urbanismo (UNIVIX-2014). P\u00f3s-graduada em Administra\u00e7\u00e3o Educacional (Universidade Salgado de Oliveira-1994). Graduada em Pedagogia (Faculdade de Ci\u00eancias e Letras de Colatina-1990). \u00c9 pesquisadora do Patri_Lab desde 2016.<\/p>\n<p>Curr\u00edculo Lattes: <a href=\"http:\/\/lattes.cnpq.br\/5236849570004289\">http:\/\/lattes.cnpq.br\/5236849570004289<\/a><\/p>\n<p>Endere\u00e7o eletr\u00f4nico: veralyma@gmail.com<\/p>\n<h1><strong>\u00a02018-2020<\/strong><\/h1>\n<ul>\n<li><strong>Damiany Farina Nossa<\/strong><\/li>\n<\/ul>\n<p>Mestranda pelo Programa de P\u00f3s-Gradua\u00e7\u00e3o em Arquitetura e Urbanismo da Universidade Federal do Esp\u00edrito Santo 2018-2020. Graduada em Arquitetura e Urbanismo (UFES\/2018). T\u00e9cnica em Edifica\u00e7\u00f5es (IFES\/2009). \u00c9 pesquisadora do Patri_Lab desde 2014.<\/p>\n<p>Curr\u00edculo Lattes:\u00a0<a href=\"http:\/\/lattes.cnpq.br\/8295057062892311\" target=\"_blank\" rel=\"noopener noreferrer\">http:\/\/lattes.cnpq.br\/8295057062892311<\/a><\/p>\n<p>Endere\u00e7o eletr\u00f4nico: damianynossa@gmail.com<\/p>\n<ul>\n<li><strong>Luciano Correia Bernardo<\/strong><\/li>\n<\/ul>\n<p>Mestrando pelo Programa de P\u00f3s-Gradua\u00e7\u00e3o em Arquitetura e Urbanismo da Universidade Federal do Esp\u00edrito Santo 2018-2020. Graduado em Arquitetura e Urbanismo (Multivix\/2016). Professor da Faculdade Brasileira &#8211; Multivix. \u00c9 pesquisador do Patri_Lab desde 2018.<\/p>\n<p>Curr\u00edculo Lattes:\u00a0<a href=\"http:\/\/lattes.cnpq.br\/5700796692065677\" target=\"_blank\" rel=\"noopener noreferrer\">http:\/\/lattes.cnpq.br\/5700796692065677<\/a><\/p>\n<p>Endere\u00e7o eletr\u00f4nico: lcbernardo.arq@gmail.com<\/p>\n<ul>\n<li><strong>Mariana Paim Rodrigues<\/strong><\/li>\n<\/ul>\n<p>Mestranda pelo Programa de P\u00f3s-Gradua\u00e7\u00e3o em Arquitetura e Urbanismo da Universidade Federal do Esp\u00edrito Santo 2018-2020. Graduada em Arquitetura e Urbanismo (UFES\/2016). \u00c9 pesquisadora do Patri_Lab desde 2018.<\/p>\n<p>Curr\u00edculo Lattes:\u00a0<a href=\"http:\/\/lattes.cnpq.br\/1500650190939387\" target=\"_blank\" rel=\"noopener noreferrer\">http:\/\/lattes.cnpq.br\/1500650190939387<\/a><\/p>\n<p>Endere\u00e7o eletr\u00f4nico: marianapaimrodrigues@gmail.com<\/p>\n<ul>\n<li><strong>Miguel Brunoro Thom\u00e9<\/strong><\/li>\n<\/ul>\n<p>Mestrando pelo Programa de P\u00f3s-Gradua\u00e7\u00e3o em Arquitetura e Urbanismo da Universidade Federal do Esp\u00edrito Santo 2018-2020. Graduado em Arquitetura e Urbanismo (UFES\/2018). T\u00e9cnico em Eletrot\u00e9cnica (IFES\/2011). \u00c9 pesquisador do Patri_Lab desde 2014.<\/p>\n<p>Curr\u00edculo Lattes:\u00a0<a href=\"http:\/\/lattes.cnpq.br\/8235051320664298\" target=\"_blank\" rel=\"noopener noreferrer\">http:\/\/lattes.cnpq.br\/8235051320664298<\/a><\/p>\n<p>Endere\u00e7o eletr\u00f4nico: miguelbrunoro@gmail.com<\/p>\n<ul>\n<li><strong>Kamila Drago Bona<\/strong><\/li>\n<\/ul>\n<p>Mestranda pelo Programa de P\u00f3s-Gradua\u00e7\u00e3o em Arquitetura e Urbanismo da Universidade Federal do Esp\u00edrito Santo 2018-2020. Graduada em Arquitetura e Urbanismo (UFES\/2012). T\u00e9cnica em Edifica\u00e7\u00f5es (IFES\/2011). Professora do Centro Universit\u00e1rio do Esp\u00edrito Santo e da Universidade Federal do Esp\u00edrito Santo. \u00c9 pesquisadora do Patri_Lab desde 2018.<\/p>\n<p>Curr\u00edculo Lattes: <a href=\"http:\/\/lattes.cnpq.br\/6716073940186413\">http:\/\/lattes.cnpq.br\/6716073940186413<\/a><\/p>\n<p>Endere\u00e7o eletr\u00f4nico: kamiladb@yahoo.com.br<\/p>\n<h1><strong>2019-2021<\/strong><\/h1>\n<ul>\n<li><strong>Beatriz Mour\u00e3o Barcelos<\/strong><\/li>\n<\/ul>\n<p>Mestranda pelo Programa de P\u00f3s-Gradua\u00e7\u00e3o em Arquitetura e Urbanismo da Universidade Federal do Esp\u00edrito Santo 2019-2021. Graduada em Arquitetura e Urbanismo (UFES\/2017). \u00c9 pesquisadora do Patri_Lab desde 2019.<\/p>\n<p>Curr\u00edculo Lattes: <a href=\"http:\/\/lattes.cnpq.br\/6684601758466902\">http:\/\/lattes.cnpq.br\/6684601758466902<\/a><\/p>\n<p>Endere\u00e7o eletr\u00f4nico: beatrizmouraob@gmail.com<\/p>\n<ul>\n<li><strong>Maisa Mazzini<\/strong><\/li>\n<\/ul>\n<p>Mestranda pelo Programa de P\u00f3s-Gradua\u00e7\u00e3o em Arquitetura e Urbanismo da Universidade Federal do Esp\u00edrito Santo 2019-2021. Graduada em Arquitetura e Urbanismo (UFES\/2016). \u00c9 pesquisadora do Patri_Lab desde 2012.<\/p>\n<p>Curr\u00edculo Lattes: <a href=\"http:\/\/lattes.cnpq.br\/4917543217254488\">http:\/\/lattes.cnpq.br\/4917543217254488<\/a><\/p>\n<p>Endere\u00e7o eletr\u00f4nico: maisa_mazzini@hotmail.com<\/p>\n","protected":false},"excerpt":{"rendered":"<p>\u00a02014-2016 Bruno Amaral de Andrade Mestrando pelo Programa de P\u00f3s-Gradua\u00e7\u00e3o em \u00a0Arquitetura e Urbanismo da\u00a0Universidade Federal do Esp\u00edrito Santo 2014-2016.\u00a0Graduado em Arquitetura e Urbanismo (UFES\/2012). \u00c9 pesquisador do Patri_Lab desde 2010. Curr\u00edculo lattes:\u00a0http:\/\/lattes.cnpq.br\/2883004910881772 Endere\u00e7o eletr\u00f4nico: deandradebruno@outlook.com Luciana da Silva Florenzano &hellip; <a href=\"https:\/\/blog.ufes.br\/patri_lab\/pesquisadores\/estudantes\/pos-graduacao\/\">Continue lendo <span class=\"meta-nav\">&rarr;<\/span><\/a><\/p>\n","protected":false},"author":37,"featured_media":0,"parent":15,"menu_order":2,"comment_status":"open","ping_status":"open","template":"","meta":{"_bbp_topic_count":0,"_bbp_reply_count":0,"_bbp_total_topic_count":0,"_bbp_total_reply_count":0,"_bbp_voice_count":0,"_bbp_anonymous_reply_count":0,"_bbp_topic_count_hidden":0,"_bbp_reply_count_hidden":0,"_bbp_forum_subforum_count":0,"_uag_custom_page_level_css":"","footnotes":""},"class_list":["post-478","page","type-page","status-publish","hentry"],"uagb_featured_image_src":{"full":false,"thumbnail":false,"medium":false,"medium_large":false,"large":false,"1536x1536":false,"2048x2048":false,"post-thumbnail":false},"uagb_author_info":{"display_name":"Bruno de Andrade","author_link":"https:\/\/blog.ufes.br\/patri_lab\/author\/bruno-andrade\/"},"uagb_comment_info":0,"uagb_excerpt":"\u00a02014-2016 Bruno Amaral de Andrade Mestrando pelo Programa de P\u00f3s-Gradua\u00e7\u00e3o em \u00a0Arquitetura e Urbanismo da\u00a0Universidade Federal do Esp\u00edrito Santo 2014-2016.\u00a0Graduado em Arquitetura e Urbanismo (UFES\/2012). \u00c9 pesquisador do Patri_Lab desde 2010. Curr\u00edculo lattes:\u00a0http:\/\/lattes.cnpq.br\/2883004910881772 Endere\u00e7o eletr\u00f4nico: deandradebruno@outlook.com Luciana da Silva Florenzano &hellip; Continue lendo &rarr;","_links":{"self":[{"href":"https:\/\/blog.ufes.br\/patri_lab\/wp-json\/wp\/v2\/pages\/478","targetHints":{"allow":["GET"]}}],"collection":[{"href":"https:\/\/blog.ufes.br\/patri_lab\/wp-json\/wp\/v2\/pages"}],"about":[{"href":"https:\/\/blog.ufes.br\/patri_lab\/wp-json\/wp\/v2\/types\/page"}],"author":[{"embeddable":true,"href":"https:\/\/blog.ufes.br\/patri_lab\/wp-json\/wp\/v2\/users\/37"}],"replies":[{"embeddable":true,"href":"https:\/\/blog.ufes.br\/patri_lab\/wp-json\/wp\/v2\/comments?post=478"}],"version-history":[{"count":17,"href":"https:\/\/blog.ufes.br\/patri_lab\/wp-json\/wp\/v2\/pages\/478\/revisions"}],"predecessor-version":[{"id":2776,"href":"https:\/\/blog.ufes.br\/patri_lab\/wp-json\/wp\/v2\/pages\/478\/revisions\/2776"}],"up":[{"embeddable":true,"href":"https:\/\/blog.ufes.br\/patri_lab\/wp-json\/wp\/v2\/pages\/15"}],"wp:attachment":[{"href":"https:\/\/blog.ufes.br\/patri_lab\/wp-json\/wp\/v2\/media?parent=478"}],"curies":[{"name":"wp","href":"https:\/\/api.w.org\/{rel}","templated":true}]}}