{"id":15,"date":"2019-08-13T15:08:44","date_gmt":"2019-08-13T18:08:44","guid":{"rendered":"http:\/\/blog.ufes.br\/pdi2020-2029\/?page_id=15"},"modified":"2019-09-20T11:08:14","modified_gmt":"2019-09-20T14:08:14","slug":"galeria","status":"publish","type":"page","link":"https:\/\/blog.ufes.br\/pdi2020-2030\/galeria\/","title":{"rendered":"Galeria"},"content":{"rendered":"\n<ul class=\"wp-block-gallery columns-3 is-cropped wp-block-gallery-1 is-layout-flex wp-block-gallery-is-layout-flex\"><li class=\"blocks-gallery-item\"><figure><img loading=\"lazy\" decoding=\"async\" width=\"6016\" height=\"4000\" src=\"https:\/\/blog.ufes.br\/pdi2020-2029\/files\/2019\/09\/DSC_0672.jpg\" alt=\"\" data-id=\"82\" data-link=\"https:\/\/blog.ufes.br\/pdi2020-2029\/galeria\/dsc_0672\/\" class=\"wp-image-82\" \/><figcaption>Reuni\u00e3o para a forma\u00e7\u00e3o das Comiss\u00f5es Tem\u00e1ticas<\/figcaption><\/figure><\/li><li class=\"blocks-gallery-item\"><figure><img loading=\"lazy\" decoding=\"async\" width=\"6016\" height=\"4000\" src=\"https:\/\/blog.ufes.br\/pdi2020-2029\/files\/2019\/09\/DSC_0671.jpg\" alt=\"\" data-id=\"84\" data-link=\"https:\/\/blog.ufes.br\/pdi2020-2029\/galeria\/dsc_0671\/\" class=\"wp-image-84\" \/><figcaption>Reuni\u00e3o para forma\u00e7\u00e3o das Comiss\u00f5es Tem\u00e1ticas<\/figcaption><\/figure><\/li><li class=\"blocks-gallery-item\"><figure><img loading=\"lazy\" decoding=\"async\" width=\"6016\" height=\"4000\" src=\"https:\/\/blog.ufes.br\/pdi2020-2029\/files\/2019\/09\/DSC_0961.jpg\" alt=\"\" data-id=\"85\" data-link=\"https:\/\/blog.ufes.br\/pdi2020-2029\/galeria\/dsc_0961\/\" class=\"wp-image-85\" \/><figcaption>Apresenta\u00e7\u00e3o da metodologia para o Reitor, Vice-reitora e Pr\u00f3-reitor de Planejamento Institucional<\/figcaption><\/figure><\/li><li class=\"blocks-gallery-item\"><figure><img loading=\"lazy\" decoding=\"async\" width=\"4032\" height=\"3024\" src=\"https:\/\/blog.ufes.br\/pdi2020-2029\/files\/2019\/09\/IMG_9436.jpg\" alt=\"\" data-id=\"86\" data-link=\"https:\/\/blog.ufes.br\/pdi2020-2029\/galeria\/img_9436\/\" class=\"wp-image-86\" \/><figcaption>Fala do Reitor Reinaldo Centoducatte no evento de lan\u00e7amento do PDI 2020 &#8211; 2029<\/figcaption><\/figure><\/li><li class=\"blocks-gallery-item\"><figure><img loading=\"lazy\" decoding=\"async\" width=\"4032\" height=\"3024\" src=\"https:\/\/blog.ufes.br\/pdi2020-2029\/files\/2019\/09\/IMG_9448.jpg\" alt=\"\" data-id=\"87\" data-link=\"https:\/\/blog.ufes.br\/pdi2020-2029\/galeria\/img_9448\/\" class=\"wp-image-87\" \/><figcaption>Fala do Pr\u00f3-Reitor da Pr\u00f3-reitoria de Planejamento da UFSM, Frank Casado, no evento de lan\u00e7amento do PDI 2020 &#8211; 2029<\/figcaption><\/figure><\/li><li class=\"blocks-gallery-item\"><figure><img loading=\"lazy\" decoding=\"async\" width=\"4032\" height=\"3024\" src=\"https:\/\/blog.ufes.br\/pdi2020-2029\/files\/2019\/09\/IMG_9452.jpg\" alt=\"\" data-id=\"88\" data-link=\"https:\/\/blog.ufes.br\/pdi2020-2029\/galeria\/img_9452\/\" class=\"wp-image-88\" \/><figcaption>Fala do Coordenador de Planejamento da UFSM, Fernando Barbosa, no evento de lan\u00e7amento do PDI 2020 &#8211; 2029<\/figcaption><\/figure><\/li><li class=\"blocks-gallery-item\"><figure><img loading=\"lazy\" decoding=\"async\" width=\"960\" height=\"1280\" src=\"https:\/\/blog.ufes.br\/pdi2020-2029\/files\/2019\/09\/WhatsApp-Image-2019-08-29-at-16.32.021.jpeg\" alt=\"\" data-id=\"89\" data-link=\"https:\/\/blog.ufes.br\/pdi2020-2029\/galeria\/whatsapp-image-2019-08-29-at-16-32-021\/\" class=\"wp-image-89\" \/><figcaption>Fala do Presidente do Comit\u00ea Executivo do PDI 2020 &#8211; 2029, Pedro Paulo Modenesi, no evento de lan\u00e7amento do PDI UFES 2020 &#8211; 2029<\/figcaption><\/figure><\/li><\/ul>\n\n\n\n<p><\/p>\n","protected":false},"excerpt":{"rendered":"<div class=\"mh-excerpt\"><\/div>","protected":false},"author":367,"featured_media":0,"parent":0,"menu_order":0,"comment_status":"closed","ping_status":"closed","template":"","meta":{"_bbp_topic_count":0,"_bbp_reply_count":0,"_bbp_total_topic_count":0,"_bbp_total_reply_count":0,"_bbp_voice_count":0,"_bbp_anonymous_reply_count":0,"_bbp_topic_count_hidden":0,"_bbp_reply_count_hidden":0,"_bbp_forum_subforum_count":0,"_uag_custom_page_level_css":"","ngg_post_thumbnail":0,"footnotes":""},"class_list":["post-15","page","type-page","status-publish","hentry"],"uagb_featured_image_src":{"full":false,"thumbnail":false,"medium":false,"medium_large":false,"large":false,"1536x1536":false,"2048x2048":false,"mh-magazine-lite-slider":false,"mh-magazine-lite-content":false,"mh-magazine-lite-large":false,"mh-magazine-lite-medium":false,"mh-magazine-lite-small":false},"uagb_author_info":{"display_name":"vitorpompermayer","author_link":"https:\/\/blog.ufes.br\/pdi2020-2030\/author\/vitorpompermayer\/"},"uagb_comment_info":0,"uagb_excerpt":null,"_links":{"self":[{"href":"https:\/\/blog.ufes.br\/pdi2020-2030\/wp-json\/wp\/v2\/pages\/15","targetHints":{"allow":["GET"]}}],"collection":[{"href":"https:\/\/blog.ufes.br\/pdi2020-2030\/wp-json\/wp\/v2\/pages"}],"about":[{"href":"https:\/\/blog.ufes.br\/pdi2020-2030\/wp-json\/wp\/v2\/types\/page"}],"author":[{"embeddable":true,"href":"https:\/\/blog.ufes.br\/pdi2020-2030\/wp-json\/wp\/v2\/users\/367"}],"replies":[{"embeddable":true,"href":"https:\/\/blog.ufes.br\/pdi2020-2030\/wp-json\/wp\/v2\/comments?post=15"}],"version-history":[{"count":5,"href":"https:\/\/blog.ufes.br\/pdi2020-2030\/wp-json\/wp\/v2\/pages\/15\/revisions"}],"predecessor-version":[{"id":90,"href":"https:\/\/blog.ufes.br\/pdi2020-2030\/wp-json\/wp\/v2\/pages\/15\/revisions\/90"}],"wp:attachment":[{"href":"https:\/\/blog.ufes.br\/pdi2020-2030\/wp-json\/wp\/v2\/media?parent=15"}],"curies":[{"name":"wp","href":"https:\/\/api.w.org\/{rel}","templated":true}]}}