{"id":17,"date":"2019-08-13T15:08:44","date_gmt":"2019-08-13T18:08:44","guid":{"rendered":"http:\/\/blog.ufes.br\/pdi2020-2029\/?page_id=17"},"modified":"2020-10-27T18:49:52","modified_gmt":"2020-10-27T21:49:52","slug":"contato","status":"publish","type":"page","link":"https:\/\/blog.ufes.br\/pdi2020-2030\/contato\/","title":{"rendered":"Contato"},"content":{"rendered":"\n<p>pdi@ufes.br<\/p>\n\n\n\n<h2 class=\"wp-block-heading\"><strong>Secretaria<\/strong><\/h2>\n\n\n\n<p><a rel=\"noreferrer noopener\" target=\"_blank\" href=\"mailto:proplan@ufes.br\">proplan@ufes.br<\/a><\/p>\n\n\n\n<p>+55 (27) 4009-7755 <\/p>\n\n\n\n<p><\/p>\n\n\n\n<h2 class=\"wp-block-heading\"><strong>Bolsas PaEPE<\/strong> <\/h2>\n\n\n\n<p><a rel=\"noreferrer noopener\" target=\"_blank\" href=\"mailto:paepe.proplan@ufes.br\">paepe.proplan@ufes.br<\/a><\/p>\n\n\n\n<p>+55 (27) 4009-2231 <\/p>\n\n\n\n<p><\/p>\n\n\n\n<h2 class=\"wp-block-heading\"><strong>Departamento de Gest\u00e3o da Informa\u00e7\u00e3o<\/strong> <\/h2>\n\n\n\n<p><a rel=\"noreferrer noopener\" target=\"_blank\" href=\"mailto:dgi.proplan@ufes.br\">dgi.proplan@ufes.br<\/a><\/p>\n\n\n\n<p>+55 (27) 4009-2231<\/p>\n\n\n\n<p>+55 (27) 4009-2964 <\/p>\n\n\n\n<p><\/p>\n\n\n\n<h2 class=\"wp-block-heading\"><strong>Departamento de Planejamento e Or\u00e7amento<\/strong><\/h2>\n\n\n\n<p><a href=\"mailto:orcamento@ufes.br\">orcamento@ufes.br<\/a><\/p>\n\n\n\n<p>+55 (27) 4009-2283<\/p>\n\n\n\n<p>+55 (27) 4009-2214 <\/p>\n","protected":false},"excerpt":{"rendered":"<div class=\"mh-excerpt\"><p>pdi@ufes.br Secretaria proplan@ufes.br +55 (27) 4009-7755 Bolsas PaEPE paepe.proplan@ufes.br +55 (27) 4009-2231 Departamento de Gest\u00e3o da Informa\u00e7\u00e3o dgi.proplan@ufes.br +55 (27) 4009-2231 +55 (27) 4009-2964 Departamento <a class=\"mh-excerpt-more\" href=\"https:\/\/blog.ufes.br\/pdi2020-2030\/contato\/\" title=\"Contato\">[&#8230;]<\/a><\/p>\n<\/div>","protected":false},"author":367,"featured_media":0,"parent":0,"menu_order":0,"comment_status":"closed","ping_status":"closed","template":"","meta":{"_bbp_topic_count":0,"_bbp_reply_count":0,"_bbp_total_topic_count":0,"_bbp_total_reply_count":0,"_bbp_voice_count":0,"_bbp_anonymous_reply_count":0,"_bbp_topic_count_hidden":0,"_bbp_reply_count_hidden":0,"_bbp_forum_subforum_count":0,"_uag_custom_page_level_css":"","ngg_post_thumbnail":0,"footnotes":""},"class_list":["post-17","page","type-page","status-publish","hentry"],"uagb_featured_image_src":{"full":false,"thumbnail":false,"medium":false,"medium_large":false,"large":false,"1536x1536":false,"2048x2048":false,"mh-magazine-lite-slider":false,"mh-magazine-lite-content":false,"mh-magazine-lite-large":false,"mh-magazine-lite-medium":false,"mh-magazine-lite-small":false},"uagb_author_info":{"display_name":"vitorpompermayer","author_link":"https:\/\/blog.ufes.br\/pdi2020-2030\/author\/vitorpompermayer\/"},"uagb_comment_info":0,"uagb_excerpt":"pdi@ufes.br Secretaria proplan@ufes.br +55 (27) 4009-7755 Bolsas PaEPE paepe.proplan@ufes.br +55 (27) 4009-2231 Departamento de Gest\u00e3o da Informa\u00e7\u00e3o dgi.proplan@ufes.br +55 (27) 4009-2231 +55 (27) 4009-2964 Departamento [...]","_links":{"self":[{"href":"https:\/\/blog.ufes.br\/pdi2020-2030\/wp-json\/wp\/v2\/pages\/17","targetHints":{"allow":["GET"]}}],"collection":[{"href":"https:\/\/blog.ufes.br\/pdi2020-2030\/wp-json\/wp\/v2\/pages"}],"about":[{"href":"https:\/\/blog.ufes.br\/pdi2020-2030\/wp-json\/wp\/v2\/types\/page"}],"author":[{"embeddable":true,"href":"https:\/\/blog.ufes.br\/pdi2020-2030\/wp-json\/wp\/v2\/users\/367"}],"replies":[{"embeddable":true,"href":"https:\/\/blog.ufes.br\/pdi2020-2030\/wp-json\/wp\/v2\/comments?post=17"}],"version-history":[{"count":8,"href":"https:\/\/blog.ufes.br\/pdi2020-2030\/wp-json\/wp\/v2\/pages\/17\/revisions"}],"predecessor-version":[{"id":135,"href":"https:\/\/blog.ufes.br\/pdi2020-2030\/wp-json\/wp\/v2\/pages\/17\/revisions\/135"}],"wp:attachment":[{"href":"https:\/\/blog.ufes.br\/pdi2020-2030\/wp-json\/wp\/v2\/media?parent=17"}],"curies":[{"name":"wp","href":"https:\/\/api.w.org\/{rel}","templated":true}]}}