{"id":3,"date":"2021-01-26T15:29:21","date_gmt":"2021-01-26T18:29:21","guid":{"rendered":"http:\/\/blog.ufes.br\/poesi\/newsletter\/"},"modified":"2021-06-01T08:02:35","modified_gmt":"2021-06-01T11:02:35","slug":"newsletter","status":"publish","type":"page","link":"https:\/\/blog.ufes.br\/poesi\/","title":{"rendered":"Sobre o Poesi"},"content":{"rendered":"\n<p><span style=\"font-size: small\">O Poesi \u2013 Pol\u00edtica Espacial das Imagens e Cartografias \u00e9 um grupo de pesquisa criado em 2010 e registrado no <a href=\"http:\/\/dgp.cnpq.br\/dgp\/espelhogrupo\/6788\">Diret\u00f3rio dos Grupos de Pesquisa do CNPq<\/a>. Est\u00e1 sediado no Laborat\u00f3rio de Cartografia Geogr\u00e1fica e Geotecnologias do <a href=\"https:\/\/geografia.ufes.br\/\">Departamento de Geografia<\/a> do Centro de Ci\u00eancias Humanas e Naturais da Universidade Federal do Esp\u00edrito Santo-UFES e comp\u00f5e o Polo Vit\u00f3ria da <a href=\"https:\/\/www.geoimagens.net\/\">Rede Internacional de Pesquisa \u201cImagens, Geografias e Educa\u00e7\u00e3o\u201d<\/a>. <\/span><\/p>\n\n\n\n<p><span style=\"font-size: small\">O Poesi desenvolve pesquisas sobre a tem\u00e1tica da cartografia, seja da cartografia geogr\u00e1fica, seja da cartografia como anal\u00edtica. Seu escopo \u00e9 a investiga\u00e7\u00e3o das imagens cartogr\u00e1ficas na rela\u00e7\u00e3o com o pensamento sobre o espa\u00e7o no contempor\u00e2neo, tendo como referenciais a cartografia cr\u00edtica, a geografia e a filosofia da diferen\u00e7a. O Poesi se organiza em duas linhas de pesquisa: \u201clinguagens geogr\u00e1ficas\u201d e \u201cmapeamento colaborativo e participativo\u201d.<\/span><\/p>\n\n\n\n<p><span style=\"font-size: small\">Na linha de pesquisa \u201clinguagens geogr\u00e1ficas\u201d s\u00e3o desenvolvidos estudos sobre linguagens cartogr\u00e1fica e audiovisual com o prop\u00f3sito de pensar possibilidades metodol\u00f3gicas para pesquisas com Imagens na Geografia, visando problematizar os modos de pensar o espa\u00e7o herdados da Cartografia Moderna e suas conex\u00f5es com as pr\u00e1ticas geogr\u00e1ficas, educativas e escolares. J\u00e1 na linha de pesquisa \u201cmapeamento colaborativo e participativo\u201d s\u00e3o desenvolvidos estudos sobre as metodologias e pr\u00e1ticas de mapeamento, apropriadas pela sociedade e seus desdobramentos em pol\u00edticas espaciais.<\/span><\/p>\n","protected":false},"excerpt":{"rendered":"<p>O Poesi \u2013 Pol\u00edtica Espacial das Imagens e Cartografias \u00e9 um grupo de pesquisa criado em 2010 e registrado no Diret\u00f3rio dos Grupos de Pesquisa do CNPq. Est\u00e1 sediado no Laborat\u00f3rio de Cartografia Geogr\u00e1fica e Geotecnologias do Departamento de Geografia do Centro de Ci\u00eancias Humanas e Naturais da Universidade Federal do Esp\u00edrito Santo-UFES e comp\u00f5e &hellip; <a href=\"https:\/\/blog.ufes.br\/poesi\/\" class=\"more-link\">Continue lendo <span class=\"screen-reader-text\">Sobre o Poesi<\/span> <span class=\"meta-nav\">&rarr;<\/span><\/a><\/p>\n","protected":false},"author":3,"featured_media":0,"parent":0,"menu_order":0,"comment_status":"closed","ping_status":"closed","template":"","meta":{"_bbp_topic_count":0,"_bbp_reply_count":0,"_bbp_total_topic_count":0,"_bbp_total_reply_count":0,"_bbp_voice_count":0,"_bbp_anonymous_reply_count":0,"_bbp_topic_count_hidden":0,"_bbp_reply_count_hidden":0,"_bbp_forum_subforum_count":0,"_uag_custom_page_level_css":"","footnotes":""},"class_list":["post-3","page","type-page","status-publish","hentry"],"uagb_featured_image_src":{"full":false,"thumbnail":false,"medium":false,"medium_large":false,"large":false,"1536x1536":false,"2048x2048":false,"post-thumbnail":false},"uagb_author_info":{"display_name":"Adriano Moreno","author_link":"https:\/\/blog.ufes.br\/poesi\/author\/adriano_jose-abreu-moreno\/"},"uagb_comment_info":0,"uagb_excerpt":"O Poesi \u2013 Pol\u00edtica Espacial das Imagens e Cartografias \u00e9 um grupo de pesquisa criado em 2010 e registrado no Diret\u00f3rio dos Grupos de Pesquisa do CNPq. Est\u00e1 sediado no Laborat\u00f3rio de Cartografia Geogr\u00e1fica e Geotecnologias do Departamento de Geografia do Centro de Ci\u00eancias Humanas e Naturais da Universidade Federal do Esp\u00edrito Santo-UFES e comp\u00f5e&hellip;","_links":{"self":[{"href":"https:\/\/blog.ufes.br\/poesi\/wp-json\/wp\/v2\/pages\/3","targetHints":{"allow":["GET"]}}],"collection":[{"href":"https:\/\/blog.ufes.br\/poesi\/wp-json\/wp\/v2\/pages"}],"about":[{"href":"https:\/\/blog.ufes.br\/poesi\/wp-json\/wp\/v2\/types\/page"}],"author":[{"embeddable":true,"href":"https:\/\/blog.ufes.br\/poesi\/wp-json\/wp\/v2\/users\/3"}],"replies":[{"embeddable":true,"href":"https:\/\/blog.ufes.br\/poesi\/wp-json\/wp\/v2\/comments?post=3"}],"version-history":[{"count":7,"href":"https:\/\/blog.ufes.br\/poesi\/wp-json\/wp\/v2\/pages\/3\/revisions"}],"predecessor-version":[{"id":77,"href":"https:\/\/blog.ufes.br\/poesi\/wp-json\/wp\/v2\/pages\/3\/revisions\/77"}],"wp:attachment":[{"href":"https:\/\/blog.ufes.br\/poesi\/wp-json\/wp\/v2\/media?parent=3"}],"curies":[{"name":"wp","href":"https:\/\/api.w.org\/{rel}","templated":true}]}}