{"id":39,"date":"2021-01-28T10:06:02","date_gmt":"2021-01-28T13:06:02","guid":{"rendered":"http:\/\/blog.ufes.br\/poesi\/?page_id=39"},"modified":"2021-01-28T10:23:34","modified_gmt":"2021-01-28T13:23:34","slug":"links","status":"publish","type":"page","link":"https:\/\/blog.ufes.br\/poesi\/links\/","title":{"rendered":"Links"},"content":{"rendered":"\n<p><a href=\"https:\/\/www.geoimagens.net\/\">Rede Internacional de Pesquisa &#8220;Imagens, Geografias e Educa\u00e7\u00e3o&#8221;<\/a><\/p>\n\n\n\n<p><a href=\"https:\/\/6coloquioimagens.home.blog\/\">VI Col\u00f3quio Internacional &#8220;A educa\u00e7\u00e3o pelas imagens e suas geografias&#8221; &#8211; nov\/2021<\/a><\/p>\n\n\n\n<p><a href=\"https:\/\/makingmaps.net\/\">Making Maps: DIY Cartography<\/a><\/p>\n\n\n\n<p><a href=\"http:\/\/mappingthecommons.net\/pt\/info\">Mapping the Commons<\/a><\/p>\n","protected":false},"excerpt":{"rendered":"<p>Rede Internacional de Pesquisa &#8220;Imagens, Geografias e Educa\u00e7\u00e3o&#8221; VI Col\u00f3quio Internacional &#8220;A educa\u00e7\u00e3o pelas imagens e suas geografias&#8221; &#8211; nov\/2021 Making Maps: DIY Cartography Mapping the Commons<\/p>\n","protected":false},"author":415,"featured_media":0,"parent":0,"menu_order":3,"comment_status":"closed","ping_status":"closed","template":"","meta":{"_bbp_topic_count":0,"_bbp_reply_count":0,"_bbp_total_topic_count":0,"_bbp_total_reply_count":0,"_bbp_voice_count":0,"_bbp_anonymous_reply_count":0,"_bbp_topic_count_hidden":0,"_bbp_reply_count_hidden":0,"_bbp_forum_subforum_count":0,"_uag_custom_page_level_css":"","footnotes":""},"class_list":["post-39","page","type-page","status-publish","hentry"],"uagb_featured_image_src":{"full":false,"thumbnail":false,"medium":false,"medium_large":false,"large":false,"1536x1536":false,"2048x2048":false,"post-thumbnail":false},"uagb_author_info":{"display_name":"gisele.girardi","author_link":"https:\/\/blog.ufes.br\/poesi\/author\/gisele-girardi\/"},"uagb_comment_info":0,"uagb_excerpt":"Rede Internacional de Pesquisa &#8220;Imagens, Geografias e Educa\u00e7\u00e3o&#8221; VI Col\u00f3quio Internacional &#8220;A educa\u00e7\u00e3o pelas imagens e suas geografias&#8221; &#8211; nov\/2021 Making Maps: DIY Cartography Mapping the Commons","_links":{"self":[{"href":"https:\/\/blog.ufes.br\/poesi\/wp-json\/wp\/v2\/pages\/39","targetHints":{"allow":["GET"]}}],"collection":[{"href":"https:\/\/blog.ufes.br\/poesi\/wp-json\/wp\/v2\/pages"}],"about":[{"href":"https:\/\/blog.ufes.br\/poesi\/wp-json\/wp\/v2\/types\/page"}],"author":[{"embeddable":true,"href":"https:\/\/blog.ufes.br\/poesi\/wp-json\/wp\/v2\/users\/415"}],"replies":[{"embeddable":true,"href":"https:\/\/blog.ufes.br\/poesi\/wp-json\/wp\/v2\/comments?post=39"}],"version-history":[{"count":3,"href":"https:\/\/blog.ufes.br\/poesi\/wp-json\/wp\/v2\/pages\/39\/revisions"}],"predecessor-version":[{"id":46,"href":"https:\/\/blog.ufes.br\/poesi\/wp-json\/wp\/v2\/pages\/39\/revisions\/46"}],"wp:attachment":[{"href":"https:\/\/blog.ufes.br\/poesi\/wp-json\/wp\/v2\/media?parent=39"}],"curies":[{"name":"wp","href":"https:\/\/api.w.org\/{rel}","templated":true}]}}