{"id":509,"date":"2020-09-02T15:02:07","date_gmt":"2020-09-02T15:02:07","guid":{"rendered":"http:\/\/blog.ufes.br\/ramoncampos\/?page_id=509"},"modified":"2020-11-17T18:06:04","modified_gmt":"2020-11-17T18:06:04","slug":"fisica-a-earte","status":"publish","type":"page","link":"https:\/\/blog.ufes.br\/ramoncampos\/fisica-a-earte\/","title":{"rendered":"F\u00edsica A &#8211; EARTE"},"content":{"rendered":"\n<p style=\"font-size:19px\"><strong>P\u00e1gina<\/strong> <strong>central<\/strong> <strong>da Disciplina F\u00edsica A, c\u00f3digo DQF06978 no semestre 2020\/1 especial.<\/strong><\/p>\n\n\n\n<p>A Ementa da disciplina, <a rel=\"noreferrer noopener\" href=\"https:\/\/drive.google.com\/file\/d\/1dEvwsj7uVVjh0rQCJO4RANy3Dj7aMsX3\/view?usp=sharing\" target=\"_blank\">d<\/a><a rel=\"noreferrer noopener\" href=\"https:\/\/blog.ufes.br\/ramoncampos\/files\/2020\/09\/2020-1earte_Ramon_DQF06978_FI2Plano_de_EnsinoAssinado.pdf\" target=\"_blank\">ownload aqui<\/a>, <strong>deve ser lida atentamente<\/strong>. O cronograma de aulas s\u00edncronas n\u00e3o est\u00e1 fechado pois depende de detalhes a serem discutidos com a turma.<\/p>\n\n\n\n<p class=\"has-medium-font-size\"><strong>P\u00e1ginas das aulas semana a semana:<\/strong><\/p>\n\n\n\n<p style=\"font-size:12px\">Abaixo seguem os links para os conte\u00fados preparados para cada semana, bibliografias e listas de exerc\u00edcio.<\/p>\n\n\n\n<p><a href=\"https:\/\/blog.ufes.br\/ramoncampos\/2020\/09\/15\/fisica-a-earte-semana-1\/\" target=\"_blank\" rel=\"noreferrer noopener\">Semana 1 &#8211; 07 at\u00e9 11 de Setembro 2020<\/a> &#8211; Aqui apresentamos a proposta da disciplina e falamos sobre sistemas de medida.<\/p>\n\n\n\n<p><a href=\"https:\/\/blog.ufes.br\/ramoncampos\/2020\/09\/15\/fisica-a-earte-semana-2\" target=\"_blank\" rel=\"noreferrer noopener\">Semana 2 &#8211; 14 at\u00e9 18 de Setembro 2020<\/a> &#8211; Aqui falamos das ferramentas matem\u00e1tica que precisaremos no curso de F\u00edsica A.<\/p>\n\n\n\n<p><a rel=\"noreferrer noopener\" href=\"https:\/\/blog.ufes.br\/ramoncampos\/2020\/09\/25\/fisica-a-earte-semana-3-e-4\/\" target=\"_blank\">Semana 3 e 4 &#8211; 21 de Setembro at\u00e9 02 de Outubro 2020<\/a> &#8211; Aqui relacionamos as Leis de Newton e as equa\u00e7\u00f5es de movimento. <s>Daremos destaque para sistemas com polias e sistemas  girantes elementares.<\/s><\/p>\n\n\n\n<p><a href=\"https:\/\/blog.ufes.br\/ramoncampos\/2020\/09\/25\/fisica-a-earte-semana-3-e-4\/\">Semana 5 &#8211; 05 at\u00e9 09 de Outubro de 2020<\/a> &#8211; Sistemas girantes elementares. Com destaque para trajet\u00f3rias curvas. Faremos nossa primeira avalia\u00e7\u00e3o s\u00edncrona. Material disponibilizado diretamente no Google Class Room. Inclusive o Trabalho T2.<\/p>\n\n\n\n<p><a href=\"https:\/\/blog.ufes.br\/ramoncampos\/2020\/10\/08\/fisica-a-earte-semana-6e7\/\">Semana 6 &#8211; 12 at\u00e9 16 de Outubro de 2020<\/a> &#8211; Iniciaremos abordagem da mec\u00e2nica utilizando Energia. Daremos destaque aos conceitos de Trabalho, Energia Cin\u00e9tica e Pot\u00eancia.<\/p>\n\n\n\n<p><a href=\"https:\/\/blog.ufes.br\/ramoncampos\/2020\/10\/08\/fisica-a-earte-semana-6e7\/\">Semana 7 &#8211; 19 at\u00e9 23 de Outubro de 2020<\/a> &#8211; Dando continuidade aos conte\u00fados relacionados a energia, falaremos de Energia Conservativas e do princ\u00edpio da Conserva\u00e7\u00e3o da Energia.<\/p>\n\n\n\n<p><strong><a href=\"https:\/\/blog.ufes.br\/ramoncampos\/2020\/10\/30\/fisica-a-earte-semanas-8\/\" target=\"_blank\" rel=\"noreferrer noopener\">Semana 8 &#8211; 26 at\u00e9  30 de Outubro de 2020<\/a><\/strong> &#8211; Faremos duas aulas nesta semana. <strong> Ter\u00e7a Feira dia 27 de Outubro, <strong>18h &#8211; 19:30h<\/strong><\/strong> ser\u00e1 realizada a Avalia\u00e7\u00e3o S\u00edncrona 2 (A2). Neste mesmo dia ser\u00e1 dado in\u00edcio aos estudos de Colis\u00f5es, entre \u00e0s 19:45h e 21h. <strong>Quinta-Feira dia 29 de Outubro, <\/strong>faremos a aula sobre Centro de Massa e Sistemas de Muitas Part\u00edculas para concluir o estudo das colis\u00f5es.<\/p>\n\n\n\n<p><strong>Semana 9 &#8211; 02 at\u00e9  06 de Novembro de 2020<\/strong> &#8211; Fizemos duas aulas nesta semana. <strong> Ter\u00e7a Feira dia 3 de Novembro, <\/strong>foi realizada uma aula de exerc\u00edcios para prepara\u00e7\u00e3o da avalia\u00e7\u00e3o substitutiva.  <strong>Quinta-Feira dia 5 de Novembro, <\/strong>foram realizadas duas avalia\u00e7\u00f5es substitutivas referentes as avalia\u00e7\u00f5es s\u00edncronas A1 e A2.<\/p>\n\n\n\n<p><strong><a rel=\"noreferrer noopener\" href=\"https:\/\/blog.ufes.br\/ramoncampos\/2020\/11\/10\/fisica-a-earte-semanas-10\/\" target=\"_blank\">Semana 10 &#8211; 09 at\u00e9  13 de Novembro de 2020<\/a><\/strong> &#8211; Faremos duas aulas nesta semana. <strong> Ter\u00e7a Feira dia 10 de Novembro, <\/strong>ser\u00e1 realizada uma aula em que se avan\u00e7a no conte\u00fado de Sistemas com Muitas part\u00edculas.  <strong>Quinta-Feira dia 12 de Novembro, <\/strong>ser\u00e1 feita uma aula espec\u00edfica sobre o c\u00e1lculo da posi\u00e7\u00e3o do centro de massa em distribui\u00e7\u00f5es cont\u00ednuas de massa.<\/p>\n\n\n\n<p><strong><a rel=\"noreferrer noopener\" href=\"https:\/\/blog.ufes.br\/ramoncampos\/2020\/11\/17\/fisica-a-earte-semanas-11-ate-13\/\" target=\"_blank\">Semana 11 a 13 &#8211; 16 de Novembro at\u00e9  4 de Dezembro de 2020<\/a><\/strong> &#8211; Nessas semanas vamos avan\u00e7ar sobre elementos envolvendo corpos r\u00edgidos. Come\u00e7ando de Est\u00e1tica, passando por elementos cinem\u00e1tica da din\u00e2mica rotacional. <\/p>\n\n\n\n<p>&#8230;.<\/p>\n\n\n\n<p class=\"has-medium-font-size\"><strong>Metodologias de ensino modernas:<\/strong><\/p>\n\n\n\n<p style=\"font-size:12px\">Nessa se\u00e7\u00e3o mostro links sobre metodologias que tentaremos utilizar neste curso.<\/p>\n\n\n\n<ol class=\"wp-block-list\"><li><a rel=\"noreferrer noopener\" href=\"https:\/\/www.youtube.com\/watch?v=p-s28FKdccU&amp;t=32s\" target=\"_blank\">Sala de aula invertida<\/a> (Flipped Classroom).<\/li><li>Mapas conceituais: <a href=\"https:\/\/www.youtube.com\/watch?v=DVVW0pG8Ar4\">V\u00eddeo r\u00e1pido<\/a>; <a href=\"https:\/\/www.youtube.com\/watch?v=4lBT37SJ42c&amp;t=328s\">V\u00eddeo longo<\/a>.<\/li><li><a href=\"https:\/\/www.youtube.com\/watch?v=XoXr8bIaquk\">Mapas mentais.<\/a><\/li><li>Aprendizado atrav\u00e9s de problemas (Problem-Based Learnin).<\/li><li><\/li><\/ol>\n\n\n\n<p class=\"has-medium-font-size\"><strong>Aulas Expositivas,<\/strong><\/p>\n\n\n\n<p style=\"font-size:10px\"> para quem n\u00e3o vive sem isso:<\/p>\n\n\n\n<p>Lista de aulas ministradas na USP em 2017 pelo Professor livre-docente Marcelo Martinelli,  do Instituto de F\u00edsica da USP, <a rel=\"noreferrer noopener\" href=\"https:\/\/www.youtube.com\/playlist?list=PLAudUnJeNg4vmlyuv__uBgdOkzw4VSrcJ\" target=\"_blank\">acesse por aqui.<\/a> <br>Essas aulas s\u00e3o aquelas bem tradicionais com turma presente.<\/p>\n\n\n\n<p>Lista de aulas ministradas pelo  Professor Doutor Vanderlei Salvador, do Instituto de F\u00edsica de S\u00e3o Carlos \/ USP, em uma iniciativa do <a rel=\"noreferrer noopener\" href=\"http:\/\/cepof.ifsc.usp.br\/sobre\/historia-e-missao\" target=\"_blank\">CePOF<\/a> e <a rel=\"noreferrer noopener\" href=\"http:\/\/inct.cnpq.br\/\" target=\"_blank\">INCTA<\/a> , <a rel=\"noreferrer noopener\" href=\"https:\/\/www.youtube.com\/playlist?list=PLW5Hta-B_II4St0tuJxCIvi_a6Gi-Olw0\" target=\"_blank\">acesse as aulas por aqui.<\/a><\/p>\n\n\n\n<p>Aviso: As aulas n\u00e3o seguem exatamente a mesma organiza\u00e7\u00e3o de conte\u00fado entre elas e\/ou com a nossa proposta, mas s\u00e3o boas aulas e os conte\u00fados est\u00e3o presentes por ali.<\/p>\n\n\n\n<p class=\"has-medium-font-size\"><strong>Dicas para ter maior conforto estudando com menos papel:<\/strong><\/p>\n\n\n\n<ol class=\"wp-block-list\"><li>Se voc\u00ea l\u00ea muito PDF em celulares ou tablet cogite usar o leitor de <a href=\"https:\/\/play.google.com\/store\/apps\/details?id=com.adobe.reader&amp;hl=pt_BR\">PDF da Adobe<\/a>, ele possui uma fun\u00e7\u00e3o chamada <em>liquid<\/em> que converte PDF feito para telas grandes em formato ebook.<\/li><li>Se voc\u00ea quer organizar listas de tarefas, links de sites, criar notas escritas, notas faladas e outras mil coisas dif\u00edceis\/imposs\u00edveis de realizar no papel&#8230;voc\u00ea deveria cogitar usar o <a href=\"https:\/\/play.google.com\/store\/apps\/details?id=com.evernote&amp;hl=pt_BR\">Evernote<\/a>.<\/li><li>Se voc\u00ea escreve suas listas e precisa gerar um PDF, cogite usar o <a href=\"https:\/\/play.google.com\/store\/apps\/details?id=com.adobe.scan.android&amp;hl=pt_BR\">Adobe Scan<\/a>, ele possui uma ferramenta de convers\u00e3o e edi\u00e7\u00e3o de PDF a partir de fotos, anos luz mais sofisticado que uma mera fotografia.<\/li><\/ol>\n\n\n\n<h3><p><strong>Avalia\u00e7\u00f5es S\u00edncronas:<\/strong><\/p><\/h3>\n\n\n\n<ul class=\"wp-block-list\"><li>A1 &#8211; Cinem\u00e1tica e  Din\u00e2mica da part\u00edcula pontual &#8211; <a rel=\"noreferrer noopener\" href=\"https:\/\/forms.gle\/hR9jvbPJPL5osJ6x5\" target=\"_blank\">Enunciados<\/a> e <a rel=\"noreferrer noopener\" href=\"https:\/\/drive.google.com\/drive\/folders\/1nQDNTjDqhzz9IIFNbzLUf63br34xLILR\" target=\"_blank\">Gabarito<\/a>.<\/li><li>A2 &#8211; Trabalho, Energia e Colis\u00f5es &#8211; Enunciados e Gabarito.<\/li><li>A1 Sub &#8211; Enunciados e Gabarito.<\/li><li>A2 Sub &#8211; Enunciados e Gabarito.<\/li><\/ul>\n\n\n\n<p><\/p>\n","protected":false},"excerpt":{"rendered":"<p>P\u00e1gina central da Disciplina F\u00edsica A, c\u00f3digo DQF06978 no semestre 2020\/1 especial. A Ementa da disciplina, download aqui, deve ser lida atentamente. O cronograma de aulas s\u00edncronas n\u00e3o est\u00e1 fechado pois depende de detalhes a serem discutidos com a turma. &hellip; <a href=\"https:\/\/blog.ufes.br\/ramoncampos\/fisica-a-earte\/\">Continue lendo <span class=\"meta-nav\">&rarr;<\/span><\/a><\/p>\n","protected":false},"author":61,"featured_media":0,"parent":0,"menu_order":0,"comment_status":"closed","ping_status":"closed","template":"","meta":{"_bbp_topic_count":0,"_bbp_reply_count":0,"_bbp_total_topic_count":0,"_bbp_total_reply_count":0,"_bbp_voice_count":0,"_bbp_anonymous_reply_count":0,"_bbp_topic_count_hidden":0,"_bbp_reply_count_hidden":0,"_bbp_forum_subforum_count":0,"_uag_custom_page_level_css":"","footnotes":""},"class_list":["post-509","page","type-page","status-publish","hentry"],"uagb_featured_image_src":{"full":false,"thumbnail":false,"medium":false,"medium_large":false,"large":false,"1536x1536":false,"2048x2048":false,"post-thumbnail":false,"large-feature":false,"small-feature":false},"uagb_author_info":{"display_name":"Ramon Giostri Campos","author_link":"https:\/\/blog.ufes.br\/ramoncampos\/author\/ramon_giostri-campos\/"},"uagb_comment_info":0,"uagb_excerpt":"P\u00e1gina central da Disciplina F\u00edsica A, c\u00f3digo DQF06978 no semestre 2020\/1 especial. A Ementa da disciplina, download aqui, deve ser lida atentamente. O cronograma de aulas s\u00edncronas n\u00e3o est\u00e1 fechado pois depende de detalhes a serem discutidos com a turma. &hellip; Continue lendo &rarr;","_links":{"self":[{"href":"https:\/\/blog.ufes.br\/ramoncampos\/wp-json\/wp\/v2\/pages\/509","targetHints":{"allow":["GET"]}}],"collection":[{"href":"https:\/\/blog.ufes.br\/ramoncampos\/wp-json\/wp\/v2\/pages"}],"about":[{"href":"https:\/\/blog.ufes.br\/ramoncampos\/wp-json\/wp\/v2\/types\/page"}],"author":[{"embeddable":true,"href":"https:\/\/blog.ufes.br\/ramoncampos\/wp-json\/wp\/v2\/users\/61"}],"replies":[{"embeddable":true,"href":"https:\/\/blog.ufes.br\/ramoncampos\/wp-json\/wp\/v2\/comments?post=509"}],"version-history":[{"count":34,"href":"https:\/\/blog.ufes.br\/ramoncampos\/wp-json\/wp\/v2\/pages\/509\/revisions"}],"predecessor-version":[{"id":695,"href":"https:\/\/blog.ufes.br\/ramoncampos\/wp-json\/wp\/v2\/pages\/509\/revisions\/695"}],"wp:attachment":[{"href":"https:\/\/blog.ufes.br\/ramoncampos\/wp-json\/wp\/v2\/media?parent=509"}],"curies":[{"name":"wp","href":"https:\/\/api.w.org\/{rel}","templated":true}]}}