{"id":747,"date":"2021-02-01T19:53:57","date_gmt":"2021-02-01T19:53:57","guid":{"rendered":"http:\/\/blog.ufes.br\/ramoncampos\/?page_id=747"},"modified":"2021-02-03T16:47:42","modified_gmt":"2021-02-03T16:47:42","slug":"fundamentos-de-fisica-i-earte","status":"publish","type":"page","link":"https:\/\/blog.ufes.br\/ramoncampos\/fundamentos-de-fisica-i-earte\/","title":{"rendered":"Fundamentos de F\u00edsica I &#8211; EARTE"},"content":{"rendered":"\n<p style=\"font-size:19px\"><strong>P\u00e1gina<\/strong> <strong>central<\/strong> <strong>da Disciplina Fundamentos de F\u00edsica I, c\u00f3digo DQF13976 no semestre 2020\/e especial.<\/strong><\/p>\n\n\n\n<p>A Ementa da disciplina, <a rel=\"noreferrer noopener\" href=\"https:\/\/drive.google.com\/file\/d\/1dEvwsj7uVVjh0rQCJO4RANy3Dj7aMsX3\/view?usp=sharing\" target=\"_blank\">d<\/a><a href=\"http:\/\/blog.ufes.br\/ramoncampos\/files\/2021\/02\/2020.2-DQF13976-GE1_Plano_Ensino.pdf\" target=\"_blank\" rel=\"noreferrer noopener\">ownload aqui<\/a>, <strong>deve ser lida atentamente<\/strong>. O cronograma de aulas s\u00edncronas pode sofrer altera\u00e7\u00f5es conforme a necessidade.<\/p>\n\n\n\n<p class=\"has-medium-font-size\"><strong>P\u00e1ginas das aulas semana a semana:<\/strong><\/p>\n\n\n\n<p style=\"font-size:12px\">Abaixo seguem os links para os conte\u00fados preparados para cada semana, bibliografias e listas de exerc\u00edcio.<\/p>\n\n\n\n<p>Semana 1 &#8211; 01 de Fevereiro &#8211;  Aqui apresentamos a proposta da disciplina; 05 de Fevereiro falaremos um pouco sobre as ferramentas.<\/p>\n\n\n\n<p>Semana 2 &#8211;<\/p>\n\n\n\n<p>Semana 3 &#8211;<\/p>\n\n\n\n<p>Semana 4 &#8211;  26 de Fevereiro &#8211; Aula de Sexta- feira: Avalia\u00e7\u00e3o S\u00edncrona A1;<\/p>\n\n\n\n<p>Semana 5 &#8211;<\/p>\n\n\n\n<p>Semana 6 &#8211;<\/p>\n\n\n\n<p>Semana 7 &#8211;  19 de Mar\u00e7o &#8211; Aula de Sexta- feira: Avalia\u00e7\u00e3o S\u00edncrona A2;<\/p>\n\n\n\n<p>Semana 8 &#8211; 22 de Mar\u00e7o &#8211; Aula de segunda, reservada para ajuste do cronograma. Essa aula pode ser usada para muitas finalidades, inclusive avalia\u00e7\u00f5es substitutivas ou descanso sem aula.<\/p>\n\n\n\n<p>Semana 9 &#8211;<\/p>\n\n\n\n<p>Semana 10 &#8211;<\/p>\n\n\n\n<p>Semana 11 &#8211; 16 de Abril &#8211; Aula de Sexta- feira: Avalia\u00e7\u00e3o S\u00edncrona A3;<\/p>\n\n\n\n<p>Semana 12 &#8211;<\/p>\n\n\n\n<p>Semana 13 &#8211; <\/p>\n\n\n\n<p>Semana 14 &#8211; 07 de Maio &#8211; Aula de Sexta- feira: Avalia\u00e7\u00e3o S\u00edncrona A4;<\/p>\n\n\n\n<p>Semana 15 &#8211; Semana  reservada para ajuste do cronograma. Essas aulas pode ser usadas para muitas finalidades, inclusive avalia\u00e7\u00f5es substitutivas ou descanso sem aula;<\/p>\n\n\n\n<p>Semana 16 &#8211; Semana de Prova Final;<\/p>\n\n\n\n<p class=\"has-medium-font-size\"><strong>Metodologias de ensino modernas:<\/strong><\/p>\n\n\n\n<p style=\"font-size:12px\">Nessa se\u00e7\u00e3o mostro links sobre metodologias que tentaremos utilizar neste curso.<\/p>\n\n\n\n<ol class=\"wp-block-list\"><li><a rel=\"noreferrer noopener\" href=\"https:\/\/www.youtube.com\/watch?v=p-s28FKdccU&amp;t=32s\" target=\"_blank\">Sala de aula invertida<\/a> (Flipped Classroom).<\/li><li>Mapas conceituais: <a href=\"https:\/\/www.youtube.com\/watch?v=DVVW0pG8Ar4\">V\u00eddeo r\u00e1pido<\/a>; <a href=\"https:\/\/www.youtube.com\/watch?v=4lBT37SJ42c&amp;t=328s\">V\u00eddeo longo<\/a>.<\/li><li><a href=\"https:\/\/www.youtube.com\/watch?v=XoXr8bIaquk\">Mapas mentais.<\/a><\/li><li>Aprendizado atrav\u00e9s de problemas (Problem-Based Learnin).<\/li><\/ol>\n\n\n\n<p class=\"has-medium-font-size\"><strong>Aulas Expositivas,<\/strong><\/p>\n\n\n\n<p style=\"font-size:10px\"> para quem n\u00e3o vive sem isso:<\/p>\n\n\n\n<p>Lista de aulas ministradas na USP em 2017 pelo Professor livre-docente Marcelo Martinelli,  do Instituto de F\u00edsica da USP, <a rel=\"noreferrer noopener\" href=\"https:\/\/www.youtube.com\/playlist?list=PLAudUnJeNg4vmlyuv__uBgdOkzw4VSrcJ\" target=\"_blank\">acesse por aqui.<\/a> <br>Essas aulas s\u00e3o aquelas bem tradicionais com turma presente.<\/p>\n\n\n\n<p>Lista de aulas ministradas pelo  Professor doutor Vanderlei Salvador, do Instituto de F\u00edsica de S\u00e3o Carlos \/ USP, em uma iniciativa do <a rel=\"noreferrer noopener\" href=\"http:\/\/cepof.ifsc.usp.br\/sobre\/historia-e-missao\" target=\"_blank\">CePOF<\/a> e <a rel=\"noreferrer noopener\" href=\"http:\/\/inct.cnpq.br\/\" target=\"_blank\">INCTA<\/a> , <a rel=\"noreferrer noopener\" href=\"https:\/\/www.youtube.com\/playlist?list=PLW5Hta-B_II4St0tuJxCIvi_a6Gi-Olw0\" target=\"_blank\">acesse as aulas por aqui.<\/a><\/p>\n\n\n\n<p>Aviso: As aulas n\u00e3o seguem exatamente a mesma organiza\u00e7\u00e3o de conte\u00fado entre elas e\/ou com a nossa proposta, mas s\u00e3o boas aulas e os conte\u00fados est\u00e3o presentes por ali.<\/p>\n\n\n\n<p class=\"has-medium-font-size\"><strong>Dicas para ter maior conforto estudando com menos papel:<\/strong><\/p>\n\n\n\n<ol class=\"wp-block-list\"><li>Se voc\u00ea l\u00ea muito PDF em celulares ou tablet cogite usar o leitor de <a href=\"https:\/\/play.google.com\/store\/apps\/details?id=com.adobe.reader&amp;hl=pt_BR\">PDF da Adobe<\/a>, ele possui uma fun\u00e7\u00e3o chamada <em>liquid<\/em> que converte PDF feito para telas grandes em formato ebook.<\/li><li>Se voc\u00ea quer organizar listas de tarefas, links de sites, criar notas escritas, notas faladas e outras mil coisas dif\u00edceis\/imposs\u00edveis de realizar no papel&#8230;voc\u00ea deveria cogitar usar o <a href=\"https:\/\/play.google.com\/store\/apps\/details?id=com.evernote&amp;hl=pt_BR\">Evernote<\/a>.<\/li><li>Se voc\u00ea escreve suas listas e precisa gerar um PDF, cogite usar o <a href=\"https:\/\/play.google.com\/store\/apps\/details?id=com.adobe.scan.android&amp;hl=pt_BR\">Adobe Scan<\/a>, ele possui uma ferramenta de convers\u00e3o e edi\u00e7\u00e3o de PDF a partir de fotos, anos luz mais sofisticado que uma mera fotografia.<\/li><\/ol>\n\n\n\n<p class=\"has-medium-font-size\"><strong>Avalia\u00e7\u00f5es de semestres passados;<\/strong><\/p>\n\n\n\n<p style=\"font-size:10px\">algumas foram elaboradas para serem feitas em casa:<\/p>\n\n\n\n<p>Em constru\u00e7\u00e3o&#8230;<\/p>\n\n\n\n<p class=\"has-medium-font-size\"><strong>Avalia\u00e7\u00f5es de semestres 2020\/2 &#8211; ESPECIAL;<\/strong><\/p>\n\n\n\n<p style=\"font-size:10px\">apenas para centralizar a localiza\u00e7\u00e3o de enunciados e gabaritos.<\/p>\n\n\n\n<p>As postagem ocorrem conforme o semestre avan\u00e7a&#8230;<\/p>\n","protected":false},"excerpt":{"rendered":"<p>P\u00e1gina central da Disciplina Fundamentos de F\u00edsica I, c\u00f3digo DQF13976 no semestre 2020\/e especial. A Ementa da disciplina, download aqui, deve ser lida atentamente. O cronograma de aulas s\u00edncronas pode sofrer altera\u00e7\u00f5es conforme a necessidade. P\u00e1ginas das aulas semana a &hellip; <a href=\"https:\/\/blog.ufes.br\/ramoncampos\/fundamentos-de-fisica-i-earte\/\">Continue lendo <span class=\"meta-nav\">&rarr;<\/span><\/a><\/p>\n","protected":false},"author":61,"featured_media":0,"parent":0,"menu_order":0,"comment_status":"closed","ping_status":"closed","template":"","meta":{"_bbp_topic_count":0,"_bbp_reply_count":0,"_bbp_total_topic_count":0,"_bbp_total_reply_count":0,"_bbp_voice_count":0,"_bbp_anonymous_reply_count":0,"_bbp_topic_count_hidden":0,"_bbp_reply_count_hidden":0,"_bbp_forum_subforum_count":0,"_uag_custom_page_level_css":"","footnotes":""},"class_list":["post-747","page","type-page","status-publish","hentry"],"uagb_featured_image_src":{"full":false,"thumbnail":false,"medium":false,"medium_large":false,"large":false,"1536x1536":false,"2048x2048":false,"post-thumbnail":false,"large-feature":false,"small-feature":false},"uagb_author_info":{"display_name":"Ramon Giostri Campos","author_link":"https:\/\/blog.ufes.br\/ramoncampos\/author\/ramon_giostri-campos\/"},"uagb_comment_info":0,"uagb_excerpt":"P\u00e1gina central da Disciplina Fundamentos de F\u00edsica I, c\u00f3digo DQF13976 no semestre 2020\/e especial. A Ementa da disciplina, download aqui, deve ser lida atentamente. O cronograma de aulas s\u00edncronas pode sofrer altera\u00e7\u00f5es conforme a necessidade. P\u00e1ginas das aulas semana a &hellip; Continue lendo &rarr;","_links":{"self":[{"href":"https:\/\/blog.ufes.br\/ramoncampos\/wp-json\/wp\/v2\/pages\/747","targetHints":{"allow":["GET"]}}],"collection":[{"href":"https:\/\/blog.ufes.br\/ramoncampos\/wp-json\/wp\/v2\/pages"}],"about":[{"href":"https:\/\/blog.ufes.br\/ramoncampos\/wp-json\/wp\/v2\/types\/page"}],"author":[{"embeddable":true,"href":"https:\/\/blog.ufes.br\/ramoncampos\/wp-json\/wp\/v2\/users\/61"}],"replies":[{"embeddable":true,"href":"https:\/\/blog.ufes.br\/ramoncampos\/wp-json\/wp\/v2\/comments?post=747"}],"version-history":[{"count":6,"href":"https:\/\/blog.ufes.br\/ramoncampos\/wp-json\/wp\/v2\/pages\/747\/revisions"}],"predecessor-version":[{"id":764,"href":"https:\/\/blog.ufes.br\/ramoncampos\/wp-json\/wp\/v2\/pages\/747\/revisions\/764"}],"wp:attachment":[{"href":"https:\/\/blog.ufes.br\/ramoncampos\/wp-json\/wp\/v2\/media?parent=747"}],"curies":[{"name":"wp","href":"https:\/\/api.w.org\/{rel}","templated":true}]}}