{"id":2,"date":"2015-03-16T22:04:47","date_gmt":"2015-03-16T22:04:47","guid":{"rendered":"http:\/\/blog.ufes.br\/rcs\/?page_id=2"},"modified":"2015-03-23T18:21:48","modified_gmt":"2015-03-23T18:21:48","slug":"pagina-exemplo","status":"publish","type":"page","link":"https:\/\/blog.ufes.br\/rcs\/pagina-exemplo\/","title":{"rendered":"Disciplinas"},"content":{"rendered":"<p><a title=\"Fundamentos de Mec\u00e2nica Cl\u00e1ssica\" href=\"http:\/\/blog.ufes.br\/rcs\/pagina-exemplo\/fundamentos-de-mecanica-classica\/\">Fundamentos de Mec\u00e2nica Cl\u00e1ssica<\/a><\/p>\n<p><a title=\"F\u00edsica Moderna I\" href=\"http:\/\/blog.ufes.br\/rcs\/pagina-exemplo\/fisica-moderna-i\/\">F\u00edsica Moderna I<\/a><\/p>\n","protected":false},"excerpt":{"rendered":"<p>Fundamentos de Mec\u00e2nica Cl\u00e1ssica F\u00edsica Moderna I<\/p>\n","protected":false},"author":216,"featured_media":0,"parent":0,"menu_order":0,"comment_status":"open","ping_status":"open","template":"","meta":{"_bbp_topic_count":0,"_bbp_reply_count":0,"_bbp_total_topic_count":0,"_bbp_total_reply_count":0,"_bbp_voice_count":0,"_bbp_anonymous_reply_count":0,"_bbp_topic_count_hidden":0,"_bbp_reply_count_hidden":0,"_bbp_forum_subforum_count":0,"_uag_custom_page_level_css":"","footnotes":""},"class_list":["post-2","page","type-page","status-publish","hentry"],"uagb_featured_image_src":{"full":false,"thumbnail":false,"medium":false,"medium_large":false,"large":false,"1536x1536":false,"2048x2048":false,"post-thumbnail":false,"large-feature":false,"small-feature":false},"uagb_author_info":{"display_name":"Rodrigo","author_link":"https:\/\/blog.ufes.br\/rcs\/author\/rodrigo-c-silva\/"},"uagb_comment_info":1,"uagb_excerpt":"Fundamentos de Mec\u00e2nica Cl\u00e1ssica F\u00edsica Moderna I","_links":{"self":[{"href":"https:\/\/blog.ufes.br\/rcs\/wp-json\/wp\/v2\/pages\/2","targetHints":{"allow":["GET"]}}],"collection":[{"href":"https:\/\/blog.ufes.br\/rcs\/wp-json\/wp\/v2\/pages"}],"about":[{"href":"https:\/\/blog.ufes.br\/rcs\/wp-json\/wp\/v2\/types\/page"}],"author":[{"embeddable":true,"href":"https:\/\/blog.ufes.br\/rcs\/wp-json\/wp\/v2\/users\/216"}],"replies":[{"embeddable":true,"href":"https:\/\/blog.ufes.br\/rcs\/wp-json\/wp\/v2\/comments?post=2"}],"version-history":[{"count":5,"href":"https:\/\/blog.ufes.br\/rcs\/wp-json\/wp\/v2\/pages\/2\/revisions"}],"predecessor-version":[{"id":21,"href":"https:\/\/blog.ufes.br\/rcs\/wp-json\/wp\/v2\/pages\/2\/revisions\/21"}],"wp:attachment":[{"href":"https:\/\/blog.ufes.br\/rcs\/wp-json\/wp\/v2\/media?parent=2"}],"curies":[{"name":"wp","href":"https:\/\/api.w.org\/{rel}","templated":true}]}}