{"id":30,"date":"2015-03-13T12:13:38","date_gmt":"2015-03-13T12:13:38","guid":{"rendered":"http:\/\/blog.ufes.br\/rodrigodias\/?page_id=30"},"modified":"2015-03-15T20:02:18","modified_gmt":"2015-03-15T20:02:18","slug":"pesquisa","status":"publish","type":"page","link":"https:\/\/blog.ufes.br\/rodrigodias\/pesquisa\/","title":{"rendered":"Pesquisa"},"content":{"rendered":"<p style=\"text-align: center\">Nesta p\u00e1gina voc\u00ea encontra algumas informa\u00e7\u00f5es a respeito de minhas pesquisas, tais como: orienta\u00e7\u00f5es e artigos publicados, maiores detalhes est\u00e3o dispon\u00edveis no meu\u00a0<em>curriculum Lattes.<\/em><\/p>\n<p><a title=\"Artigos Publicados\" href=\"http:\/\/blog.ufes.br\/rodrigodias\/pesquisa\/artigos-publicados\/\">Artigos Publicados<\/a><\/p>\n<p><a title=\"Orienta\u00e7\u00f5es\" href=\"http:\/\/blog.ufes.br\/rodrigodias\/pesquisa\/orientacoes\/\">Orienta\u00e7\u00f5es<\/a><\/p>\n","protected":false},"excerpt":{"rendered":"<p>Nesta p\u00e1gina voc\u00ea encontra algumas informa\u00e7\u00f5es a respeito de minhas pesquisas, tais como: orienta\u00e7\u00f5es e artigos publicados, maiores detalhes est\u00e3o dispon\u00edveis no meu\u00a0curriculum Lattes. Artigos Publicados Orienta\u00e7\u00f5es<\/p>\n","protected":false},"author":214,"featured_media":0,"parent":0,"menu_order":0,"comment_status":"open","ping_status":"open","template":"","meta":{"_bbp_topic_count":0,"_bbp_reply_count":0,"_bbp_total_topic_count":0,"_bbp_total_reply_count":0,"_bbp_voice_count":0,"_bbp_anonymous_reply_count":0,"_bbp_topic_count_hidden":0,"_bbp_reply_count_hidden":0,"_bbp_forum_subforum_count":0,"_uag_custom_page_level_css":"","footnotes":""},"class_list":["post-30","page","type-page","status-publish","hentry"],"uagb_featured_image_src":{"full":false,"thumbnail":false,"medium":false,"medium_large":false,"large":false,"1536x1536":false,"2048x2048":false,"post-thumbnail":false},"uagb_author_info":{"display_name":"rodrigo.pereira","author_link":"https:\/\/blog.ufes.br\/rodrigodias\/author\/rodrigo-pereira\/"},"uagb_comment_info":1,"uagb_excerpt":"Nesta p\u00e1gina voc\u00ea encontra algumas informa\u00e7\u00f5es a respeito de minhas pesquisas, tais como: orienta\u00e7\u00f5es e artigos publicados, maiores detalhes est\u00e3o dispon\u00edveis no meu\u00a0curriculum Lattes. Artigos Publicados Orienta\u00e7\u00f5es","_links":{"self":[{"href":"https:\/\/blog.ufes.br\/rodrigodias\/wp-json\/wp\/v2\/pages\/30","targetHints":{"allow":["GET"]}}],"collection":[{"href":"https:\/\/blog.ufes.br\/rodrigodias\/wp-json\/wp\/v2\/pages"}],"about":[{"href":"https:\/\/blog.ufes.br\/rodrigodias\/wp-json\/wp\/v2\/types\/page"}],"author":[{"embeddable":true,"href":"https:\/\/blog.ufes.br\/rodrigodias\/wp-json\/wp\/v2\/users\/214"}],"replies":[{"embeddable":true,"href":"https:\/\/blog.ufes.br\/rodrigodias\/wp-json\/wp\/v2\/comments?post=30"}],"version-history":[{"count":6,"href":"https:\/\/blog.ufes.br\/rodrigodias\/wp-json\/wp\/v2\/pages\/30\/revisions"}],"predecessor-version":[{"id":90,"href":"https:\/\/blog.ufes.br\/rodrigodias\/wp-json\/wp\/v2\/pages\/30\/revisions\/90"}],"wp:attachment":[{"href":"https:\/\/blog.ufes.br\/rodrigodias\/wp-json\/wp\/v2\/media?parent=30"}],"curies":[{"name":"wp","href":"https:\/\/api.w.org\/{rel}","templated":true}]}}