{"id":60,"date":"2015-03-13T19:29:56","date_gmt":"2015-03-13T19:29:56","guid":{"rendered":"http:\/\/blog.ufes.br\/rodrigodias\/?page_id=60"},"modified":"2015-03-14T22:32:01","modified_gmt":"2015-03-14T22:32:01","slug":"links-interessantes","status":"publish","type":"page","link":"https:\/\/blog.ufes.br\/rodrigodias\/links-interessantes\/","title":{"rendered":"Links Interessantes"},"content":{"rendered":"<p>Sociedade Brasileira de F\u00edsica &#8211; \u00a0<a href=\"http:\/\/www.sbfisica.org.br\/v1\/\" target=\"_blank\">http:\/\/www.sbfisica.org.br\/v1\/<\/a><\/p>\n<p>Conselho Nacional de Desenvolvimento Cient\u00edfico e Tecnol\u00f3gico &#8211;\u00a0<a href=\"http:\/\/www.cnpq.br\" target=\"_blank\">http:\/\/www.cnpq.br\/<\/a><\/p>\n<p>Plataforma Lattes &#8211;\u00a0http:\/\/<a href=\"http:\/\/lattes.cnpq.br\/\" target=\"_blank\">lattes.cnpq.br\/<\/a><\/p>\n<p>Coordena\u00e7\u00e3o de Aperfei\u00e7oamento de Pessoal de N\u00edvel Superior &#8211;\u00a0<a href=\"http:\/\/www.capes.gov.br\/\">http:\/\/www.capes.gov.br\/<\/a><\/p>\n<p>Portal de Peri\u00f3dicos CAPES\/MEC &#8211;\u00a0<a href=\"http:\/\/www.periodicos.capes.gov.br\/\" target=\"_blank\">http:\/\/www.periodicos.capes.gov.br\/<\/a><\/p>\n<p>CAPES &#8211;\u00a0<a href=\"http:\/\/www.capes.gov.br\/\" target=\"_blank\">http:\/\/www.capes.gov.br\/<\/a><\/p>\n<p>CAPESWEBTV &#8211;\u00a0<a href=\"http:\/\/www.capeswebtv.com.br\/site\/\" target=\"_blank\">http:\/\/www.capeswebtv.com.br\/site\/<\/a><\/p>\n<p>Scientific Electronic Library Online &#8211;\u00a0<a href=\"http:\/\/www.scielo.org\/php\/index.php\" target=\"_blank\">http:\/\/www.scielo.org\/php\/index.php<\/a><\/p>\n<p>&nbsp;<\/p>\n","protected":false},"excerpt":{"rendered":"<p>Sociedade Brasileira de F\u00edsica &#8211; \u00a0http:\/\/www.sbfisica.org.br\/v1\/ Conselho Nacional de Desenvolvimento Cient\u00edfico e Tecnol\u00f3gico &#8211;\u00a0http:\/\/www.cnpq.br\/ Plataforma Lattes &#8211;\u00a0http:\/\/lattes.cnpq.br\/ Coordena\u00e7\u00e3o de Aperfei\u00e7oamento de Pessoal de N\u00edvel Superior &#8211;\u00a0http:\/\/www.capes.gov.br\/ Portal de Peri\u00f3dicos CAPES\/MEC &#8211;\u00a0http:\/\/www.periodicos.capes.gov.br\/ CAPES &#8211;\u00a0http:\/\/www.capes.gov.br\/ CAPESWEBTV &#8211;\u00a0http:\/\/www.capeswebtv.com.br\/site\/ Scientific Electronic Library Online &#8211;\u00a0http:\/\/www.scielo.org\/php\/index.php &hellip; <a href=\"https:\/\/blog.ufes.br\/rodrigodias\/links-interessantes\/\">Continue lendo <span class=\"meta-nav\">&rarr;<\/span><\/a><\/p>\n","protected":false},"author":214,"featured_media":0,"parent":0,"menu_order":3,"comment_status":"open","ping_status":"open","template":"","meta":{"_bbp_topic_count":0,"_bbp_reply_count":0,"_bbp_total_topic_count":0,"_bbp_total_reply_count":0,"_bbp_voice_count":0,"_bbp_anonymous_reply_count":0,"_bbp_topic_count_hidden":0,"_bbp_reply_count_hidden":0,"_bbp_forum_subforum_count":0,"_uag_custom_page_level_css":"","footnotes":""},"class_list":["post-60","page","type-page","status-publish","hentry"],"uagb_featured_image_src":{"full":false,"thumbnail":false,"medium":false,"medium_large":false,"large":false,"1536x1536":false,"2048x2048":false,"post-thumbnail":false},"uagb_author_info":{"display_name":"rodrigo.pereira","author_link":"https:\/\/blog.ufes.br\/rodrigodias\/author\/rodrigo-pereira\/"},"uagb_comment_info":1,"uagb_excerpt":"Sociedade Brasileira de F\u00edsica &#8211; \u00a0http:\/\/www.sbfisica.org.br\/v1\/ Conselho Nacional de Desenvolvimento Cient\u00edfico e Tecnol\u00f3gico &#8211;\u00a0http:\/\/www.cnpq.br\/ Plataforma Lattes &#8211;\u00a0http:\/\/lattes.cnpq.br\/ Coordena\u00e7\u00e3o de Aperfei\u00e7oamento de Pessoal de N\u00edvel Superior &#8211;\u00a0http:\/\/www.capes.gov.br\/ Portal de Peri\u00f3dicos CAPES\/MEC &#8211;\u00a0http:\/\/www.periodicos.capes.gov.br\/ CAPES &#8211;\u00a0http:\/\/www.capes.gov.br\/ CAPESWEBTV &#8211;\u00a0http:\/\/www.capeswebtv.com.br\/site\/ Scientific Electronic Library Online &#8211;\u00a0http:\/\/www.scielo.org\/php\/index.php &hellip; Continue lendo &rarr;","_links":{"self":[{"href":"https:\/\/blog.ufes.br\/rodrigodias\/wp-json\/wp\/v2\/pages\/60","targetHints":{"allow":["GET"]}}],"collection":[{"href":"https:\/\/blog.ufes.br\/rodrigodias\/wp-json\/wp\/v2\/pages"}],"about":[{"href":"https:\/\/blog.ufes.br\/rodrigodias\/wp-json\/wp\/v2\/types\/page"}],"author":[{"embeddable":true,"href":"https:\/\/blog.ufes.br\/rodrigodias\/wp-json\/wp\/v2\/users\/214"}],"replies":[{"embeddable":true,"href":"https:\/\/blog.ufes.br\/rodrigodias\/wp-json\/wp\/v2\/comments?post=60"}],"version-history":[{"count":6,"href":"https:\/\/blog.ufes.br\/rodrigodias\/wp-json\/wp\/v2\/pages\/60\/revisions"}],"predecessor-version":[{"id":63,"href":"https:\/\/blog.ufes.br\/rodrigodias\/wp-json\/wp\/v2\/pages\/60\/revisions\/63"}],"wp:attachment":[{"href":"https:\/\/blog.ufes.br\/rodrigodias\/wp-json\/wp\/v2\/media?parent=60"}],"curies":[{"name":"wp","href":"https:\/\/api.w.org\/{rel}","templated":true}]}}