{"id":7,"date":"2017-06-19T10:30:11","date_gmt":"2017-06-19T13:30:11","guid":{"rendered":"http:\/\/blog.ufes.br\/sed\/?page_id=7"},"modified":"2017-06-19T10:31:13","modified_gmt":"2017-06-19T13:31:13","slug":"o-projeto","status":"publish","type":"page","link":"https:\/\/blog.ufes.br\/sed\/o-projeto\/","title":{"rendered":"O Projeto"},"content":{"rendered":"<p>O Semin\u00e1rios de Equa\u00e7\u00f5es Diferenciais do Departamento de Matem\u00e1tica Aplicada do Ceunes\/UFES \u00e9 uma iniciativa de alguns docentes do departamento com o intuito de oferecer semin\u00e1rios e discutir temas de pesquisa atuais na \u00e1rea de Equa\u00e7\u00f5es Diferenciais, especialmente, EDPs el\u00edpticas e Equa\u00e7\u00f5es de Evolu\u00e7\u00e3o.<\/p>\n","protected":false},"excerpt":{"rendered":"<p>O Semin\u00e1rios de Equa\u00e7\u00f5es Diferenciais do Departamento de Matem\u00e1tica Aplicada do Ceunes\/UFES \u00e9 uma iniciativa de alguns docentes do departamento com o intuito de oferecer semin\u00e1rios e discutir temas de pesquisa atuais na \u00e1rea de Equa\u00e7\u00f5es Diferenciais, especialmente, EDPs el\u00edpticas e Equa\u00e7\u00f5es de Evolu\u00e7\u00e3o.<\/p>\n","protected":false},"author":306,"featured_media":0,"parent":0,"menu_order":0,"comment_status":"closed","ping_status":"closed","template":"","meta":{"_bbp_topic_count":0,"_bbp_reply_count":0,"_bbp_total_topic_count":0,"_bbp_total_reply_count":0,"_bbp_voice_count":0,"_bbp_anonymous_reply_count":0,"_bbp_topic_count_hidden":0,"_bbp_reply_count_hidden":0,"_bbp_forum_subforum_count":0,"_uag_custom_page_level_css":"","footnotes":""},"class_list":["post-7","page","type-page","status-publish","hentry"],"uagb_featured_image_src":{"full":false,"thumbnail":false,"medium":false,"medium_large":false,"large":false,"1536x1536":false,"2048x2048":false},"uagb_author_info":{"display_name":"Jamil","author_link":"https:\/\/blog.ufes.br\/sed\/author\/jamil_gomes-de-abreu-junior\/"},"uagb_comment_info":0,"uagb_excerpt":"O Semin\u00e1rios de Equa\u00e7\u00f5es Diferenciais do Departamento de Matem\u00e1tica Aplicada do Ceunes\/UFES \u00e9 uma iniciativa de alguns docentes do departamento com o intuito de oferecer semin\u00e1rios e discutir temas de pesquisa atuais na \u00e1rea de Equa\u00e7\u00f5es Diferenciais, especialmente, EDPs el\u00edpticas e Equa\u00e7\u00f5es de Evolu\u00e7\u00e3o.","_links":{"self":[{"href":"https:\/\/blog.ufes.br\/sed\/wp-json\/wp\/v2\/pages\/7","targetHints":{"allow":["GET"]}}],"collection":[{"href":"https:\/\/blog.ufes.br\/sed\/wp-json\/wp\/v2\/pages"}],"about":[{"href":"https:\/\/blog.ufes.br\/sed\/wp-json\/wp\/v2\/types\/page"}],"author":[{"embeddable":true,"href":"https:\/\/blog.ufes.br\/sed\/wp-json\/wp\/v2\/users\/306"}],"replies":[{"embeddable":true,"href":"https:\/\/blog.ufes.br\/sed\/wp-json\/wp\/v2\/comments?post=7"}],"version-history":[{"count":2,"href":"https:\/\/blog.ufes.br\/sed\/wp-json\/wp\/v2\/pages\/7\/revisions"}],"predecessor-version":[{"id":9,"href":"https:\/\/blog.ufes.br\/sed\/wp-json\/wp\/v2\/pages\/7\/revisions\/9"}],"wp:attachment":[{"href":"https:\/\/blog.ufes.br\/sed\/wp-json\/wp\/v2\/media?parent=7"}],"curies":[{"name":"wp","href":"https:\/\/api.w.org\/{rel}","templated":true}]}}