{"id":27,"date":"2012-05-09T20:03:39","date_gmt":"2012-05-09T20:03:39","guid":{"rendered":"http:\/\/www.showdefisica.org\/?page_id=27"},"modified":"2015-04-15T13:21:39","modified_gmt":"2015-04-15T16:21:39","slug":"equipe","status":"publish","type":"page","link":"https:\/\/blog.ufes.br\/showdefisica\/?page_id=27","title":{"rendered":"Equipe"},"content":{"rendered":"<p><strong>Coordenador<\/strong><br \/>\nProf Giuseppi Camiletti<\/p>\n<p><strong>Equipe de Apresenta\u00e7\u00e3o<\/strong><br \/>\nSilvia Guimar\u00e3es Suzart Silva<br \/>\nAna Paula de Oliveira<br \/>\nFelippe Leone Maia<br \/>\nAna Paula Jeakel<br \/>\nRodolfo Tartaglia<br \/>\nBernardo Amorim<br \/>\nRhayla Mendes Ferreira<\/p>\n<p><strong>Equipe em Treinamento<\/strong><br \/>\nCarolina Luzes<br \/>\nCarlos Vin\u00edcius B Barcelos<br \/>\nRaphael Pineschi<br \/>\nGabriel Silva Freitas<\/p>\n<p><strong>Equipe de Colabora\u00e7\u00e3o<\/strong><br \/>\nSyrios Gomes Silveira<br \/>\nSmile Ramos<br \/>\nThi\u00e9berson Gomes<\/p>\n<p><strong>Patrim\u00f4nio Hist\u00f3rico<\/strong><br \/>\nCarlos Alberto Schneider J\u00fanior<br \/>\nSandeco Ploft<br \/>\nKaroliny Fernandes Petzold<br \/>\nMayene Siman<br \/>\nNikolai Bassani Santos Neves<br \/>\nEstev\u00e3o Prezentino Sant&#8217;Anna<br \/>\nMatheus Modolo<br \/>\nVictor Valim Valentim<br \/>\nSandro Vieira Tamiasso<br \/>\nJaime Ferreira de Oliveira<br \/>\nJo\u00e3o Paulo Saloto<br \/>\nWanderson Souza e Silva<br \/>\nLuana Sim\u00f5es Barbosa<br \/>\nHamilton Dias Leite<\/p>\n","protected":false},"excerpt":{"rendered":"<p>Coordenador Prof Giuseppi Camiletti Equipe de Apresenta\u00e7\u00e3o Silvia Guimar\u00e3es Suzart Silva Ana Paula de Oliveira Felippe Leone Maia Ana Paula Jeakel Rodolfo Tartaglia Bernardo Amorim Rhayla Mendes Ferreira Equipe em Treinamento Carolina Luzes Carlos Vin\u00edcius B Barcelos Raphael Pineschi Gabriel &hellip; <a href=\"https:\/\/blog.ufes.br\/showdefisica\/?page_id=27\">Continue lendo <span class=\"meta-nav\">&rarr;<\/span><\/a><\/p>\n","protected":false},"author":144,"featured_media":0,"parent":0,"menu_order":0,"comment_status":"closed","ping_status":"open","template":"","meta":{"_bbp_topic_count":0,"_bbp_reply_count":0,"_bbp_total_topic_count":0,"_bbp_total_reply_count":0,"_bbp_voice_count":0,"_bbp_anonymous_reply_count":0,"_bbp_topic_count_hidden":0,"_bbp_reply_count_hidden":0,"_bbp_forum_subforum_count":0,"_uag_custom_page_level_css":"","footnotes":""},"class_list":["post-27","page","type-page","status-publish","hentry"],"uagb_featured_image_src":{"full":false,"thumbnail":false,"medium":false,"medium_large":false,"large":false,"1536x1536":false,"2048x2048":false,"post-thumbnail":false,"large-feature":false,"small-feature":false},"uagb_author_info":{"display_name":"Carlos Schneider","author_link":"https:\/\/blog.ufes.br\/showdefisica\/?author=144"},"uagb_comment_info":0,"uagb_excerpt":"Coordenador Prof Giuseppi Camiletti Equipe de Apresenta\u00e7\u00e3o Silvia Guimar\u00e3es Suzart Silva Ana Paula de Oliveira Felippe Leone Maia Ana Paula Jeakel Rodolfo Tartaglia Bernardo Amorim Rhayla Mendes Ferreira Equipe em Treinamento Carolina Luzes Carlos Vin\u00edcius B Barcelos Raphael Pineschi Gabriel &hellip; Continue lendo &rarr;","_links":{"self":[{"href":"https:\/\/blog.ufes.br\/showdefisica\/index.php?rest_route=\/wp\/v2\/pages\/27","targetHints":{"allow":["GET"]}}],"collection":[{"href":"https:\/\/blog.ufes.br\/showdefisica\/index.php?rest_route=\/wp\/v2\/pages"}],"about":[{"href":"https:\/\/blog.ufes.br\/showdefisica\/index.php?rest_route=\/wp\/v2\/types\/page"}],"author":[{"embeddable":true,"href":"https:\/\/blog.ufes.br\/showdefisica\/index.php?rest_route=\/wp\/v2\/users\/144"}],"replies":[{"embeddable":true,"href":"https:\/\/blog.ufes.br\/showdefisica\/index.php?rest_route=%2Fwp%2Fv2%2Fcomments&post=27"}],"version-history":[{"count":4,"href":"https:\/\/blog.ufes.br\/showdefisica\/index.php?rest_route=\/wp\/v2\/pages\/27\/revisions"}],"predecessor-version":[{"id":798,"href":"https:\/\/blog.ufes.br\/showdefisica\/index.php?rest_route=\/wp\/v2\/pages\/27\/revisions\/798"}],"wp:attachment":[{"href":"https:\/\/blog.ufes.br\/showdefisica\/index.php?rest_route=%2Fwp%2Fv2%2Fmedia&parent=27"}],"curies":[{"name":"wp","href":"https:\/\/api.w.org\/{rel}","templated":true}]}}