{"id":29,"date":"2012-05-09T20:04:58","date_gmt":"2012-05-09T20:04:58","guid":{"rendered":"http:\/\/www.showdefisica.org\/?page_id=29"},"modified":"2014-05-15T17:36:35","modified_gmt":"2014-05-15T20:36:35","slug":"contato","status":"publish","type":"page","link":"https:\/\/blog.ufes.br\/showdefisica\/?page_id=29","title":{"rendered":"Contato"},"content":{"rendered":"<p>Entre em contato com a equipe do Show de F\u00edsica pelo endere\u00e7o de e-mail:<\/p>\n<p><a href=\"mailto:showdefisica.ufes@gmail.com\">showdefisica.ufes@gmail.com<\/a><\/p>\n<p>Contato: (27) 4009 7951<br \/>\n(Seg a Sex &#8211; 9h \u00e0s 17h)<\/p>\n<p><a href=\"https:\/\/www.facebook.com\/showdefisica.ufes\"><img loading=\"lazy\" decoding=\"async\" class=\"alignleft  wp-image-318\" alt=\"\" src=\"http:\/\/blog.ufes.br\/showdefisica\/files\/2012\/06\/Facebook.png\" width=\"70\" height=\"50\" \/><\/a><\/p>\n","protected":false},"excerpt":{"rendered":"<p>Entre em contato com a equipe do Show de F\u00edsica pelo endere\u00e7o de e-mail: showdefisica.ufes@gmail.com Contato: (27) 4009 7951 (Seg a Sex &#8211; 9h \u00e0s 17h)<\/p>\n","protected":false},"author":144,"featured_media":0,"parent":0,"menu_order":0,"comment_status":"open","ping_status":"open","template":"","meta":{"_bbp_topic_count":0,"_bbp_reply_count":0,"_bbp_total_topic_count":0,"_bbp_total_reply_count":0,"_bbp_voice_count":0,"_bbp_anonymous_reply_count":0,"_bbp_topic_count_hidden":0,"_bbp_reply_count_hidden":0,"_bbp_forum_subforum_count":0,"_uag_custom_page_level_css":"","footnotes":""},"class_list":["post-29","page","type-page","status-publish","hentry"],"uagb_featured_image_src":{"full":false,"thumbnail":false,"medium":false,"medium_large":false,"large":false,"1536x1536":false,"2048x2048":false,"post-thumbnail":false,"large-feature":false,"small-feature":false},"uagb_author_info":{"display_name":"Carlos Schneider","author_link":"https:\/\/blog.ufes.br\/showdefisica\/?author=144"},"uagb_comment_info":3,"uagb_excerpt":"Entre em contato com a equipe do Show de F\u00edsica pelo endere\u00e7o de e-mail: showdefisica.ufes@gmail.com Contato: (27) 4009 7951 (Seg a Sex &#8211; 9h \u00e0s 17h)","_links":{"self":[{"href":"https:\/\/blog.ufes.br\/showdefisica\/index.php?rest_route=\/wp\/v2\/pages\/29","targetHints":{"allow":["GET"]}}],"collection":[{"href":"https:\/\/blog.ufes.br\/showdefisica\/index.php?rest_route=\/wp\/v2\/pages"}],"about":[{"href":"https:\/\/blog.ufes.br\/showdefisica\/index.php?rest_route=\/wp\/v2\/types\/page"}],"author":[{"embeddable":true,"href":"https:\/\/blog.ufes.br\/showdefisica\/index.php?rest_route=\/wp\/v2\/users\/144"}],"replies":[{"embeddable":true,"href":"https:\/\/blog.ufes.br\/showdefisica\/index.php?rest_route=%2Fwp%2Fv2%2Fcomments&post=29"}],"version-history":[{"count":3,"href":"https:\/\/blog.ufes.br\/showdefisica\/index.php?rest_route=\/wp\/v2\/pages\/29\/revisions"}],"predecessor-version":[{"id":779,"href":"https:\/\/blog.ufes.br\/showdefisica\/index.php?rest_route=\/wp\/v2\/pages\/29\/revisions\/779"}],"wp:attachment":[{"href":"https:\/\/blog.ufes.br\/showdefisica\/index.php?rest_route=%2Fwp%2Fv2%2Fmedia&parent=29"}],"curies":[{"name":"wp","href":"https:\/\/api.w.org\/{rel}","templated":true}]}}