{"id":475,"date":"2012-06-18T19:04:18","date_gmt":"2012-06-18T22:04:18","guid":{"rendered":"http:\/\/www.showdefisica.org\/?page_id=475"},"modified":"2014-05-15T17:31:11","modified_gmt":"2014-05-15T20:31:11","slug":"vistas","status":"publish","type":"page","link":"https:\/\/blog.ufes.br\/showdefisica\/?page_id=475","title":{"rendered":"Visitas"},"content":{"rendered":"<p>Prezado Professor Respons\u00e1vel<\/p>\n<p>As apresenta\u00e7\u00f5es do Show de F\u00edsica ocorrem no Audit\u00f3rio do CCE, no Campus de Goiabeiras das UFES, que possui capacidade para 200 pessoas sentadas. Ele \u00e9 destinado a alunos do nono ano do Ensino Fundamental e todas as s\u00e9ries do Ensino M\u00e9dio.<\/p>\n<p>Se voc\u00ea desejar agendar uma visita, envie uma mensagem para o nosso e-mail<a title=\"E-mail\" href=\"mailto:showdefisica.ufes@gmail.com\" target=\"_blank\">showdefisica.ufes@gmail.com<\/a>\u00a0informando:<br \/>\n1 \u2013 Seu nome e telefone;<br \/>\n2 \u2013 A escola em que trabalha;<br \/>\n3 \u2013 N\u00famero de alunos que pretende trazer;<br \/>\n4 \u2013 Seus hor\u00e1rios e dias dispon\u00edveis para a visita.<br \/>\n5 \u2013 Sua proposta de hor\u00e1rios ser\u00e1 analisada para a defini\u00e7\u00e3o da apresenta\u00e7\u00e3o e em seguida entraremos em contato via e-mail.<\/p>\n<p><strong>Question\u00e1rios de Avalia\u00e7\u00e3o<\/strong><\/p>\n<p>Ap\u00f3s marcada a visita, o Professor Respons\u00e1vel dever\u00e1 aplicar um question\u00e1rio aos seus estudantes\u00a0<strong>antes<\/strong>da participa\u00e7\u00e3o na apresenta\u00e7\u00e3o do Show\u00a0<a title=\"Question\u00e1rio Pr\u00e9-Show\" href=\"http:\/\/www.showdefisica.org\/visitas\/documentos\/previsita.pdf\" target=\"_blank\">[visualizar question\u00e1rio pr\u00e9-show]<\/a>\u00a0e dever\u00e1 traz\u00ea-los preenchido no dia da apresenta\u00e7\u00e3o para ser entregue \u00e0 nossa equipe.<\/p>\n<p>Ap\u00f3s a visita e o retorno \u00e0 sala de aula, o Professor Respons\u00e1vel dever\u00e1 aplicar um question\u00e1rio aos estudantes\u00a0<a title=\"Question\u00e1rio P\u00f3s-Show\" href=\"http:\/\/www.showdefisica.org\/visitas\/documentos\/posvisita.pdf\" target=\"_blank\">[visualizar question\u00e1rio p\u00f3s-show]<\/a>\u00a0e dever\u00e1 entreg\u00e1-los preenchidos em nossas m\u00e3os ou envi\u00e1-los para a nossa equipe, para o endere\u00e7o:<\/p>\n<p>A\/C da Equipe do Show de F\u00edsica<br \/>\nAv Fernado Ferrari, 514, Campus de Goiabeiras,<br \/>\nDepartamento de F\u00edsica \u2013 CCE\/UFES, Vit\u00f3ria \u2013 ES<br \/>\nCEP: 29075-910<\/p>\n<p>O objetivo do preenchimento e envio desses question\u00e1rios \u00e9 fornecer um\u00a0<em>feedback<\/em>\u00a0para a nossa equipe, permitindo uma melhora cont\u00ednua da apresenta\u00e7\u00e3o do Show.<\/p>\n<p><strong>Atividades p\u00f3s-Show<\/strong><\/p>\n<p><strong><\/strong>Opcionalmente, para os grupos que participam da apresenta\u00e7\u00e3o do Show de F\u00edsica da UFES, preparamos um conjunto de atividades a serem executadas pelo Professor Respons\u00e1vel e que est\u00e3o descritas a seguir:<\/p>\n<p>1 \u2013 Desenvolva uma atividade em sala de aula de constru\u00e7\u00e3o e\/ou explica\u00e7\u00e3o de alguns experimentos vistos durante o Show. As instru\u00e7\u00f5es est\u00e3o dispon\u00edveis no arquivo\u00a0<a title=\"Proposta de Atividade\" href=\"http:\/\/www.showdefisica.org\/visitas\/documentos\/atividades.pdf\" target=\"_blank\">proposta de atividade<\/a>.<\/p>\n<p>2 \u2013 Elabore um relat\u00f3rio sobre o desenvolvimento desta atividade, de acordo com as instru\u00e7\u00f5es no arquivo<a title=\"Baixar Relat\u00f3rio\" href=\"http:\/\/www.showdefisica.org\/visitas\/documentos\/relatorio.doc\" target=\"_blank\">relat\u00f3rio<\/a>, e nos envie pelo email do Show de F\u00edsica.<\/p>\n<p>O objetivo desta atividade \u00e9 fornecer um suporte ao Professor Respons\u00e1vel para o desenvolvimento de a\u00e7\u00f5es relacionadas \u00e0 visita ao Show de F\u00edsica junto aos seus alunos no retorno \u00e0 sala de aula. Tais atividades visam potencializar as a\u00e7\u00f5es do Show de F\u00edsica no sentido de motivar os estudantes para o estudo e entendimento dos Fen\u00f4menos F\u00edsicos vistos durante a apresenta\u00e7\u00e3o.<\/p>\n","protected":false},"excerpt":{"rendered":"<p>Prezado Professor Respons\u00e1vel As apresenta\u00e7\u00f5es do Show de F\u00edsica ocorrem no Audit\u00f3rio do CCE, no Campus de Goiabeiras das UFES, que possui capacidade para 200 pessoas sentadas. Ele \u00e9 destinado a alunos do nono ano do Ensino Fundamental e todas &hellip; <a href=\"https:\/\/blog.ufes.br\/showdefisica\/?page_id=475\">Continue lendo <span class=\"meta-nav\">&rarr;<\/span><\/a><\/p>\n","protected":false},"author":144,"featured_media":0,"parent":0,"menu_order":0,"comment_status":"closed","ping_status":"closed","template":"","meta":{"_bbp_topic_count":0,"_bbp_reply_count":0,"_bbp_total_topic_count":0,"_bbp_total_reply_count":0,"_bbp_voice_count":0,"_bbp_anonymous_reply_count":0,"_bbp_topic_count_hidden":0,"_bbp_reply_count_hidden":0,"_bbp_forum_subforum_count":0,"_uag_custom_page_level_css":"","footnotes":""},"class_list":["post-475","page","type-page","status-publish","hentry"],"uagb_featured_image_src":{"full":false,"thumbnail":false,"medium":false,"medium_large":false,"large":false,"1536x1536":false,"2048x2048":false,"post-thumbnail":false,"large-feature":false,"small-feature":false},"uagb_author_info":{"display_name":"Carlos Schneider","author_link":"https:\/\/blog.ufes.br\/showdefisica\/?author=144"},"uagb_comment_info":0,"uagb_excerpt":"Prezado Professor Respons\u00e1vel As apresenta\u00e7\u00f5es do Show de F\u00edsica ocorrem no Audit\u00f3rio do CCE, no Campus de Goiabeiras das UFES, que possui capacidade para 200 pessoas sentadas. Ele \u00e9 destinado a alunos do nono ano do Ensino Fundamental e todas &hellip; Continue lendo &rarr;","_links":{"self":[{"href":"https:\/\/blog.ufes.br\/showdefisica\/index.php?rest_route=\/wp\/v2\/pages\/475","targetHints":{"allow":["GET"]}}],"collection":[{"href":"https:\/\/blog.ufes.br\/showdefisica\/index.php?rest_route=\/wp\/v2\/pages"}],"about":[{"href":"https:\/\/blog.ufes.br\/showdefisica\/index.php?rest_route=\/wp\/v2\/types\/page"}],"author":[{"embeddable":true,"href":"https:\/\/blog.ufes.br\/showdefisica\/index.php?rest_route=\/wp\/v2\/users\/144"}],"replies":[{"embeddable":true,"href":"https:\/\/blog.ufes.br\/showdefisica\/index.php?rest_route=%2Fwp%2Fv2%2Fcomments&post=475"}],"version-history":[{"count":3,"href":"https:\/\/blog.ufes.br\/showdefisica\/index.php?rest_route=\/wp\/v2\/pages\/475\/revisions"}],"predecessor-version":[{"id":776,"href":"https:\/\/blog.ufes.br\/showdefisica\/index.php?rest_route=\/wp\/v2\/pages\/475\/revisions\/776"}],"wp:attachment":[{"href":"https:\/\/blog.ufes.br\/showdefisica\/index.php?rest_route=%2Fwp%2Fv2%2Fmedia&parent=475"}],"curies":[{"name":"wp","href":"https:\/\/api.w.org\/{rel}","templated":true}]}}