{"id":659,"date":"2013-02-28T17:45:29","date_gmt":"2013-02-28T20:45:29","guid":{"rendered":"http:\/\/www.showdefisica.org\/?page_id=659"},"modified":"2013-02-28T17:45:29","modified_gmt":"2013-02-28T20:45:29","slug":"benicio-goncalves","status":"publish","type":"page","link":"https:\/\/blog.ufes.br\/showdefisica\/?page_id=659","title":{"rendered":"Ben\u00edcio Gon\u00e7alves"},"content":{"rendered":"<p style=\"text-align: left\">Resultado do Question\u00e1rio respondido por 63 estudantes ap\u00f3s a visita do Show de F\u00edsica no dia 06 de Novembro de 2012:<\/p>\n<p style=\"text-align: left\"><a href=\"http:\/\/blog.ufes.br\/showdefisica\/files\/2013\/02\/BC_1.png\"><img loading=\"lazy\" decoding=\"async\" class=\"alignleft size-medium wp-image-660\" alt=\"BC_1\" src=\"http:\/\/blog.ufes.br\/showdefisica\/files\/2013\/02\/BC_1-300x149.png\" width=\"300\" height=\"149\" srcset=\"https:\/\/blog.ufes.br\/showdefisica\/files\/2013\/02\/BC_1-300x149.png 300w, https:\/\/blog.ufes.br\/showdefisica\/files\/2013\/02\/BC_1-500x249.png 500w, https:\/\/blog.ufes.br\/showdefisica\/files\/2013\/02\/BC_1.png 886w\" sizes=\"auto, (max-width: 300px) 100vw, 300px\" \/><\/a> <a href=\"http:\/\/blog.ufes.br\/showdefisica\/files\/2013\/02\/BC_2.png\"><img loading=\"lazy\" decoding=\"async\" class=\"alignright size-medium wp-image-661\" alt=\"BC_2\" src=\"http:\/\/blog.ufes.br\/showdefisica\/files\/2013\/02\/BC_2-300x159.png\" width=\"300\" height=\"159\" srcset=\"https:\/\/blog.ufes.br\/showdefisica\/files\/2013\/02\/BC_2-300x159.png 300w, https:\/\/blog.ufes.br\/showdefisica\/files\/2013\/02\/BC_2-500x266.png 500w, https:\/\/blog.ufes.br\/showdefisica\/files\/2013\/02\/BC_2.png 886w\" sizes=\"auto, (max-width: 300px) 100vw, 300px\" \/><\/a><\/p>\n<p>&nbsp;<\/p>\n<p style=\"text-align: center\">M\u00e9dia das notas dadas por esses alunos ao Show de F\u00edsica:\u00a0<strong><span style=\"font-size: 20px\">9,5<\/span><\/strong><\/p>\n","protected":false},"excerpt":{"rendered":"<p>Resultado do Question\u00e1rio respondido por 63 estudantes ap\u00f3s a visita do Show de F\u00edsica no dia 06 de Novembro de 2012: &nbsp; M\u00e9dia das notas dadas por esses alunos ao Show de F\u00edsica:\u00a09,5<\/p>\n","protected":false},"author":144,"featured_media":0,"parent":381,"menu_order":0,"comment_status":"open","ping_status":"closed","template":"","meta":{"_bbp_topic_count":0,"_bbp_reply_count":0,"_bbp_total_topic_count":0,"_bbp_total_reply_count":0,"_bbp_voice_count":0,"_bbp_anonymous_reply_count":0,"_bbp_topic_count_hidden":0,"_bbp_reply_count_hidden":0,"_bbp_forum_subforum_count":0,"_uag_custom_page_level_css":"","footnotes":""},"class_list":["post-659","page","type-page","status-publish","hentry"],"uagb_featured_image_src":{"full":false,"thumbnail":false,"medium":false,"medium_large":false,"large":false,"1536x1536":false,"2048x2048":false,"post-thumbnail":false,"large-feature":false,"small-feature":false},"uagb_author_info":{"display_name":"Carlos Schneider","author_link":"https:\/\/blog.ufes.br\/showdefisica\/?author=144"},"uagb_comment_info":2,"uagb_excerpt":"Resultado do Question\u00e1rio respondido por 63 estudantes ap\u00f3s a visita do Show de F\u00edsica no dia 06 de Novembro de 2012: &nbsp; M\u00e9dia das notas dadas por esses alunos ao Show de F\u00edsica:\u00a09,5","_links":{"self":[{"href":"https:\/\/blog.ufes.br\/showdefisica\/index.php?rest_route=\/wp\/v2\/pages\/659","targetHints":{"allow":["GET"]}}],"collection":[{"href":"https:\/\/blog.ufes.br\/showdefisica\/index.php?rest_route=\/wp\/v2\/pages"}],"about":[{"href":"https:\/\/blog.ufes.br\/showdefisica\/index.php?rest_route=\/wp\/v2\/types\/page"}],"author":[{"embeddable":true,"href":"https:\/\/blog.ufes.br\/showdefisica\/index.php?rest_route=\/wp\/v2\/users\/144"}],"replies":[{"embeddable":true,"href":"https:\/\/blog.ufes.br\/showdefisica\/index.php?rest_route=%2Fwp%2Fv2%2Fcomments&post=659"}],"version-history":[{"count":0,"href":"https:\/\/blog.ufes.br\/showdefisica\/index.php?rest_route=\/wp\/v2\/pages\/659\/revisions"}],"up":[{"embeddable":true,"href":"https:\/\/blog.ufes.br\/showdefisica\/index.php?rest_route=\/wp\/v2\/pages\/381"}],"wp:attachment":[{"href":"https:\/\/blog.ufes.br\/showdefisica\/index.php?rest_route=%2Fwp%2Fv2%2Fmedia&parent=659"}],"curies":[{"name":"wp","href":"https:\/\/api.w.org\/{rel}","templated":true}]}}