{"id":61,"date":"2018-05-21T00:57:39","date_gmt":"2018-05-21T03:57:39","guid":{"rendered":"http:\/\/blog.ufes.br\/tedesom\/?page_id=61"},"modified":"2019-01-22T23:21:13","modified_gmt":"2019-01-23T01:21:13","slug":"contato","status":"publish","type":"page","link":"https:\/\/blog.ufes.br\/tedesom\/contato\/","title":{"rendered":"Contato"},"content":{"rendered":"<p>Envie sua opini\u00e3o, sugest\u00e3o ou contribui\u00e7\u00e3o para o nosso correio eletr\u00f4nico:<\/p>\n<p>programatedesom@gmail.com<\/p>\n","protected":false},"excerpt":{"rendered":"<p>Envie sua opini\u00e3o, sugest\u00e3o ou contribui\u00e7\u00e3o para o nosso correio eletr\u00f4nico: programatedesom@gmail.com<\/p>\n","protected":false},"author":334,"featured_media":0,"parent":0,"menu_order":0,"comment_status":"closed","ping_status":"closed","template":"","meta":{"_bbp_topic_count":0,"_bbp_reply_count":0,"_bbp_total_topic_count":0,"_bbp_total_reply_count":0,"_bbp_voice_count":0,"_bbp_anonymous_reply_count":0,"_bbp_topic_count_hidden":0,"_bbp_reply_count_hidden":0,"_bbp_forum_subforum_count":0,"_uag_custom_page_level_css":"","footnotes":""},"class_list":["post-61","page","type-page","status-publish","hentry"],"uagb_featured_image_src":{"full":false,"thumbnail":false,"medium":false,"medium_large":false,"large":false,"1536x1536":false,"2048x2048":false,"post-thumbnail":false,"large-feature":false,"small-feature":false},"uagb_author_info":{"display_name":"luis.soares","author_link":"https:\/\/blog.ufes.br\/tedesom\/author\/luis-soares\/"},"uagb_comment_info":0,"uagb_excerpt":"Envie sua opini\u00e3o, sugest\u00e3o ou contribui\u00e7\u00e3o para o nosso correio eletr\u00f4nico: programatedesom@gmail.com","_links":{"self":[{"href":"https:\/\/blog.ufes.br\/tedesom\/wp-json\/wp\/v2\/pages\/61","targetHints":{"allow":["GET"]}}],"collection":[{"href":"https:\/\/blog.ufes.br\/tedesom\/wp-json\/wp\/v2\/pages"}],"about":[{"href":"https:\/\/blog.ufes.br\/tedesom\/wp-json\/wp\/v2\/types\/page"}],"author":[{"embeddable":true,"href":"https:\/\/blog.ufes.br\/tedesom\/wp-json\/wp\/v2\/users\/334"}],"replies":[{"embeddable":true,"href":"https:\/\/blog.ufes.br\/tedesom\/wp-json\/wp\/v2\/comments?post=61"}],"version-history":[{"count":3,"href":"https:\/\/blog.ufes.br\/tedesom\/wp-json\/wp\/v2\/pages\/61\/revisions"}],"predecessor-version":[{"id":137,"href":"https:\/\/blog.ufes.br\/tedesom\/wp-json\/wp\/v2\/pages\/61\/revisions\/137"}],"wp:attachment":[{"href":"https:\/\/blog.ufes.br\/tedesom\/wp-json\/wp\/v2\/media?parent=61"}],"curies":[{"name":"wp","href":"https:\/\/api.w.org\/{rel}","templated":true}]}}