{"id":67,"date":"2018-05-21T01:08:44","date_gmt":"2018-05-21T04:08:44","guid":{"rendered":"http:\/\/blog.ufes.br\/tedesom\/?page_id=67"},"modified":"2019-01-22T23:37:23","modified_gmt":"2019-01-23T01:37:23","slug":"sobre","status":"publish","type":"page","link":"https:\/\/blog.ufes.br\/tedesom\/sobre\/","title":{"rendered":"Sobre&#8230;"},"content":{"rendered":"<p style=\"text-align: center\"><strong>&#8230; o Teatro dos Desoprimidos<\/strong><\/p>\n<p style=\"text-align: center\">A tradi\u00e7\u00e3o teatral se manifesta por meio de dois g\u00eaneros b\u00e1sicos: a trag\u00e9dia e a com\u00e9dia. Ambos est\u00e3o relacionados com arranjos s\u00f3cio-hist\u00f3ricos baseados em tr\u00eas for\u00e7as desp\u00f3ticas produtoras de trag\u00e9dias sociais: a hierarquia, a polariza\u00e7\u00e3o e a explora\u00e7\u00e3o. Tedesom, Teatro dos Desoprimidos, opta pela com\u00e9dia como g\u00eanero a partir do qual as mais diversas manifesta\u00e7\u00f5es de polariza\u00e7\u00e3o, de hierarquia e de explora\u00e7\u00e3o s\u00e3o satirizadas. Seu procedimento teatral se baseia na par\u00f3dia em rela\u00e7\u00e3o \u00e0s for\u00e7as sociais respons\u00e1veis pelas trag\u00e9dias coletivas. Para tal, como teatro, o objetivo \u00e9 satirizar as citadas for\u00e7as desp\u00f3ticas encenadas diariamente no contexto nacional-mundial-real-virtual contempor\u00e2neo.<\/p>\n","protected":false},"excerpt":{"rendered":"<p>&#8230; o Teatro dos Desoprimidos A tradi\u00e7\u00e3o teatral se manifesta por meio de dois g\u00eaneros b\u00e1sicos: a trag\u00e9dia e a com\u00e9dia. Ambos est\u00e3o relacionados com arranjos s\u00f3cio-hist\u00f3ricos baseados em tr\u00eas for\u00e7as desp\u00f3ticas produtoras de trag\u00e9dias sociais: a hierarquia, a polariza\u00e7\u00e3o &hellip; <a href=\"https:\/\/blog.ufes.br\/tedesom\/sobre\/\">Continue lendo <span class=\"meta-nav\">&rarr;<\/span><\/a><\/p>\n","protected":false},"author":334,"featured_media":0,"parent":0,"menu_order":0,"comment_status":"closed","ping_status":"closed","template":"","meta":{"_bbp_topic_count":0,"_bbp_reply_count":0,"_bbp_total_topic_count":0,"_bbp_total_reply_count":0,"_bbp_voice_count":0,"_bbp_anonymous_reply_count":0,"_bbp_topic_count_hidden":0,"_bbp_reply_count_hidden":0,"_bbp_forum_subforum_count":0,"_uag_custom_page_level_css":"","footnotes":""},"class_list":["post-67","page","type-page","status-publish","hentry"],"uagb_featured_image_src":{"full":false,"thumbnail":false,"medium":false,"medium_large":false,"large":false,"1536x1536":false,"2048x2048":false,"post-thumbnail":false,"large-feature":false,"small-feature":false},"uagb_author_info":{"display_name":"luis.soares","author_link":"https:\/\/blog.ufes.br\/tedesom\/author\/luis-soares\/"},"uagb_comment_info":0,"uagb_excerpt":"&#8230; o Teatro dos Desoprimidos A tradi\u00e7\u00e3o teatral se manifesta por meio de dois g\u00eaneros b\u00e1sicos: a trag\u00e9dia e a com\u00e9dia. Ambos est\u00e3o relacionados com arranjos s\u00f3cio-hist\u00f3ricos baseados em tr\u00eas for\u00e7as desp\u00f3ticas produtoras de trag\u00e9dias sociais: a hierarquia, a polariza\u00e7\u00e3o &hellip; Continue lendo &rarr;","_links":{"self":[{"href":"https:\/\/blog.ufes.br\/tedesom\/wp-json\/wp\/v2\/pages\/67","targetHints":{"allow":["GET"]}}],"collection":[{"href":"https:\/\/blog.ufes.br\/tedesom\/wp-json\/wp\/v2\/pages"}],"about":[{"href":"https:\/\/blog.ufes.br\/tedesom\/wp-json\/wp\/v2\/types\/page"}],"author":[{"embeddable":true,"href":"https:\/\/blog.ufes.br\/tedesom\/wp-json\/wp\/v2\/users\/334"}],"replies":[{"embeddable":true,"href":"https:\/\/blog.ufes.br\/tedesom\/wp-json\/wp\/v2\/comments?post=67"}],"version-history":[{"count":3,"href":"https:\/\/blog.ufes.br\/tedesom\/wp-json\/wp\/v2\/pages\/67\/revisions"}],"predecessor-version":[{"id":142,"href":"https:\/\/blog.ufes.br\/tedesom\/wp-json\/wp\/v2\/pages\/67\/revisions\/142"}],"wp:attachment":[{"href":"https:\/\/blog.ufes.br\/tedesom\/wp-json\/wp\/v2\/media?parent=67"}],"curies":[{"name":"wp","href":"https:\/\/api.w.org\/{rel}","templated":true}]}}