{"id":69,"date":"2018-05-21T01:09:12","date_gmt":"2018-05-21T04:09:12","guid":{"rendered":"http:\/\/blog.ufes.br\/tedesom\/?page_id=69"},"modified":"2019-01-22T23:33:35","modified_gmt":"2019-01-23T01:33:35","slug":"eventos","status":"publish","type":"page","link":"https:\/\/blog.ufes.br\/tedesom\/eventos\/","title":{"rendered":"Eventos"},"content":{"rendered":"<p>Organizamos anualmente um evento intitulado Literatura e Revolu\u00e7\u00e3o.<\/p>\n<p>A primeira edi\u00e7\u00e3o (2017) foi um Col\u00f3quio Nacional, cujo subt\u00edtulo abarcou o tema &#8220;Ind\u00fastria cultural, biopol\u00edtica e imperialismo&#8221;.<\/p>\n<p><img loading=\"lazy\" decoding=\"async\" class=\"spotlight aligncenter\" src=\"https:\/\/scontent.fvix1-1.fna.fbcdn.net\/v\/t1.0-9\/23472090_1564355956990194_3046287618756765906_n.jpg?_nc_cat=106&amp;_nc_eui2=AeFdybyeA_znScJTtygj408nrSZ3bMcg_8naL_1QRn47-j9daa2SargBomv2h8SDPOQ3tNZJNdtFfVBtkHVpC4IJmo44PMX8MBvOAyjO-VdaPA&amp;_nc_ht=scontent.fvix1-1.fna&amp;oh=4244299b219e3f1681a721ab5fb70c3c&amp;oe=5CB522E2\" alt=\"Nenhuma descri\u00e7\u00e3o de foto dispon\u00edvel.\" width=\"266\" height=\"365\" \/><\/p>\n<p>A segunda edi\u00e7\u00e3o (2018), expandiu a estrutura do evento, motivo pelo qual foi nomeado I Congresso Internacional. O subtema foi &#8220;os espectros de Marx e o realismo est\u00e9tico. Imperialismo e independ\u00eancia nacional&#8221;<\/p>\n<p><img loading=\"lazy\" decoding=\"async\" class=\"spotlight aligncenter\" src=\"https:\/\/scontent.fvix1-1.fna.fbcdn.net\/v\/t1.0-9\/45691826_2029933987099053_275838789912363008_n.jpg?_nc_cat=104&amp;_nc_eui2=AeE3eXhxSvLemNT4nRyuACqnan8hAbqpjb_MA_wL9JyNqGW6m1z2MvKaLdydapa_ZmQ4KI1pmGw5Nlvu8BKXbt0FTBXvSKoEjHSTme81g-3vCg&amp;_nc_ht=scontent.fvix1-1.fna&amp;oh=0a95b6e4939c7154378bddbe9fd7138e&amp;oe=5CB8BAEC\" alt=\"\" width=\"298\" height=\"428\" \/><\/p>\n<p>A terceira edi\u00e7\u00e3o (2019), ou, II Congresso Internacional Literatura e Revolu\u00e7\u00e3o, abordar\u00e1 &#8220;o estatuto anticolonial da humanidade&#8221;.<\/p>\n","protected":false},"excerpt":{"rendered":"<p>Organizamos anualmente um evento intitulado Literatura e Revolu\u00e7\u00e3o. A primeira edi\u00e7\u00e3o (2017) foi um Col\u00f3quio Nacional, cujo subt\u00edtulo abarcou o tema &#8220;Ind\u00fastria cultural, biopol\u00edtica e imperialismo&#8221;. A segunda edi\u00e7\u00e3o (2018), expandiu a estrutura do evento, motivo pelo qual foi nomeado &hellip; <a href=\"https:\/\/blog.ufes.br\/tedesom\/eventos\/\">Continue lendo <span class=\"meta-nav\">&rarr;<\/span><\/a><\/p>\n","protected":false},"author":334,"featured_media":0,"parent":0,"menu_order":0,"comment_status":"closed","ping_status":"closed","template":"","meta":{"_bbp_topic_count":0,"_bbp_reply_count":0,"_bbp_total_topic_count":0,"_bbp_total_reply_count":0,"_bbp_voice_count":0,"_bbp_anonymous_reply_count":0,"_bbp_topic_count_hidden":0,"_bbp_reply_count_hidden":0,"_bbp_forum_subforum_count":0,"_uag_custom_page_level_css":"","footnotes":""},"class_list":["post-69","page","type-page","status-publish","hentry"],"uagb_featured_image_src":{"full":false,"thumbnail":false,"medium":false,"medium_large":false,"large":false,"1536x1536":false,"2048x2048":false,"post-thumbnail":false,"large-feature":false,"small-feature":false},"uagb_author_info":{"display_name":"luis.soares","author_link":"https:\/\/blog.ufes.br\/tedesom\/author\/luis-soares\/"},"uagb_comment_info":0,"uagb_excerpt":"Organizamos anualmente um evento intitulado Literatura e Revolu\u00e7\u00e3o. A primeira edi\u00e7\u00e3o (2017) foi um Col\u00f3quio Nacional, cujo subt\u00edtulo abarcou o tema &#8220;Ind\u00fastria cultural, biopol\u00edtica e imperialismo&#8221;. A segunda edi\u00e7\u00e3o (2018), expandiu a estrutura do evento, motivo pelo qual foi nomeado &hellip; Continue lendo &rarr;","_links":{"self":[{"href":"https:\/\/blog.ufes.br\/tedesom\/wp-json\/wp\/v2\/pages\/69","targetHints":{"allow":["GET"]}}],"collection":[{"href":"https:\/\/blog.ufes.br\/tedesom\/wp-json\/wp\/v2\/pages"}],"about":[{"href":"https:\/\/blog.ufes.br\/tedesom\/wp-json\/wp\/v2\/types\/page"}],"author":[{"embeddable":true,"href":"https:\/\/blog.ufes.br\/tedesom\/wp-json\/wp\/v2\/users\/334"}],"replies":[{"embeddable":true,"href":"https:\/\/blog.ufes.br\/tedesom\/wp-json\/wp\/v2\/comments?post=69"}],"version-history":[{"count":3,"href":"https:\/\/blog.ufes.br\/tedesom\/wp-json\/wp\/v2\/pages\/69\/revisions"}],"predecessor-version":[{"id":140,"href":"https:\/\/blog.ufes.br\/tedesom\/wp-json\/wp\/v2\/pages\/69\/revisions\/140"}],"wp:attachment":[{"href":"https:\/\/blog.ufes.br\/tedesom\/wp-json\/wp\/v2\/media?parent=69"}],"curies":[{"name":"wp","href":"https:\/\/api.w.org\/{rel}","templated":true}]}}