{"id":47,"date":"2018-06-18T01:54:54","date_gmt":"2018-06-18T04:54:54","guid":{"rendered":"http:\/\/blog.ufes.br\/thiagosilva\/?page_id=47"},"modified":"2018-08-04T03:09:41","modified_gmt":"2018-08-04T06:09:41","slug":"pesquisa","status":"publish","type":"page","link":"https:\/\/blog.ufes.br\/thiagosilva\/pesquisa\/","title":{"rendered":"Pesquisa"},"content":{"rendered":"<p><img loading=\"lazy\" decoding=\"async\" class=\"wp-image-53 aligncenter\" src=\"http:\/\/blog.ufes.br\/thiagosilva\/files\/2018\/06\/exemplo2.png\" alt=\"\" width=\"200\" height=\"162\" \/><\/p>\n<p>A minha pesquisa se concentra nas \u00e1reas de Geometria Alg\u00e9brica e Teoria de Singularidades.<\/p>\n<p>O maior interesse \u00e9 encontrar descri\u00e7\u00f5es alg\u00e9bricas para a equisingularidade bi-Lipschitz de fam\u00edlias de variedades anal\u00edticas (especialmente complexas), usando ferramentas de \u00c1lgebra Comutativa e Geometria Alg\u00e9brica. Na busca desta descri\u00e7\u00e3o, desenvolvemos algumas estruturas alg\u00e9bricas, e em si mesmas, tais estruturas apresentam quest\u00f5es interessantes a serem respondidas, e por isso, temos trabalhado tamb\u00e9m no desenvolvimento intr\u00ednseco dessas estruturas.<\/p>\n<p>Atualmente trabalho em colabora\u00e7\u00e3o com o prof. Terence Gaffney (Northeastern University), prof. Nivaldo Grulha Jr. (ICMC\/USP) e Profa. Miriam Pereira (UFPB).<\/p>\n<p>No \u00e2mbito da UFES, fa\u00e7o parte do Grupo de Folhea\u00e7\u00f5es e Singularidades, juntamente com os professores Leonardo C\u00e2mara e Maico Ribeiro.<\/p>\n<p>Link para o Curr\u00edculo Lattes <a href=\"http:\/\/lattes.cnpq.br\/5049713215002090\">aqui<\/a>.<\/p>\n<h4>ARTIGOS CONCLU\u00cdDOS<\/h4>\n<ol>\n<li>T. da Silva, N. G. Grulha Jr. and M. Pereira, <a href=\"https:\/\/link.springer.com\/article\/10.1007\/s00574-017-0067-3\"><em>The Bi-Lipschitz Equisingularity of Essentially Isolated Determinantal Singularities<\/em><\/a>, arXiv:1705.07180 [math.AG], (2017) (Accepted for publication in Bulletin of the Brazilian Mathematical Society, New Series (67));<\/li>\n<li>T. da Silva, <a href=\"https:\/\/arxiv.org\/abs\/1704.08664\"><em>Categorical Aspects of the Double Structure<\/em><\/a>, arXiv:1704.08664 [math.AG],\u00a0(2017).<\/li>\n<\/ol>\n<p>&nbsp;<\/p>\n<h4>PALESTRAS EM EVENTOS<\/h4>\n<div class=\"layout-cell layout-cell-11\">\n<ol>\n<li class=\"layout-cell-pad-5\">Singularity Theory group seminar &#8211; ICMC\/USP: <a href=\"http:\/\/sing.icmc.usp.br\/en\/singularityseminarspt\/91-the-infinitesimal-lipschitz-conditions\"><em>Infinitesimal Lipschitz conditions<\/em><\/a> \u00a0(2017);<\/li>\n<li>\n<div class=\"layout-cell layout-cell-11\">\n<div class=\"layout-cell-pad-5\">3rd Brazil-Mexico Meeting on Singularities &#8211; UNAM\/Mexico: <em><a href=\"http:\/\/www.matcuer.unam.mx\/3rdMeetingOnSingularities\/Talks.php#talks\">The Bi-Lipschitz Equisingularity on Determinantal Surfaces in C4<\/a>\u00a0<\/em>\u00a0(2017);<\/div>\n<\/div>\n<\/li>\n<li>I Encontro de Singularidades do Tri\u00e2ngulo Mineiro &#8211; UFTM: <em><a href=\"http:\/\/estm.icmc.usp.br\">Infinitesimal Lipschitz conditions<\/a>\u00a0<\/em>\u00a0(2018);<\/li>\n<li>Ciclo de Semin\u00e1rios PPGMAT-UFES: <a href=\"http:\/\/matematica.ufes.br\/pt-br\/pos-graduacao\/PPGMAT\"><em>Infinitesimal Lipschitz conditions<\/em><\/a>\u00a0(2018);<\/li>\n<li>15th International Workshop on Real and Complex Singularities &#8211; ICMC\/USP: <em><a href=\"http:\/\/www.worksing.icmc.usp.br\/main_site\/2018\/index.php\">Infinitesimal Lipschitz Conditions<\/a> (<\/em>2018).<\/li>\n<\/ol>\n<\/div>\n<div class=\"layout-cell layout-cell-11\">\n<h4><\/h4>\n<h4>TESE DE DOUTORADO<\/h4>\n<\/div>\n<p style=\"text-align: left\">T. da Silva, <em><a href=\"http:\/\/www.teses.usp.br\/teses\/disponiveis\/55\/55135\/tde-05022018-141238\/pt-br.php\">Bi-Lipschitz Invariant Geometry<\/a>,\u00a0<\/em>Instituto de Ci\u00eancias Matem\u00e1ticas e Computa\u00e7\u00e3o &#8211; USP (2018).<\/p>\n<p><img loading=\"lazy\" decoding=\"async\" class=\"alignnone wp-image-61\" src=\"http:\/\/blog.ufes.br\/thiagosilva\/files\/2018\/06\/foto_defesa.jpg\" alt=\"\" width=\"706\" height=\"500\" \/><\/p>\n<p>&nbsp;<\/p>\n","protected":false},"excerpt":{"rendered":"<div class=\"mh-excerpt\"><p>A minha pesquisa se concentra nas \u00e1reas de Geometria Alg\u00e9brica e Teoria de Singularidades. O maior interesse \u00e9 encontrar descri\u00e7\u00f5es alg\u00e9bricas para a equisingularidade bi-Lipschitz <a class=\"mh-excerpt-more\" href=\"https:\/\/blog.ufes.br\/thiagosilva\/pesquisa\/\" title=\"Pesquisa\">[&#8230;]<\/a><\/p>\n<\/div>","protected":false},"author":339,"featured_media":0,"parent":0,"menu_order":0,"comment_status":"closed","ping_status":"closed","template":"template-full.php","meta":{"_bbp_topic_count":0,"_bbp_reply_count":0,"_bbp_total_topic_count":0,"_bbp_total_reply_count":0,"_bbp_voice_count":0,"_bbp_anonymous_reply_count":0,"_bbp_topic_count_hidden":0,"_bbp_reply_count_hidden":0,"_bbp_forum_subforum_count":0,"_uag_custom_page_level_css":"","footnotes":""},"class_list":["post-47","page","type-page","status-publish","hentry"],"uagb_featured_image_src":{"full":false,"thumbnail":false,"medium":false,"medium_large":false,"large":false,"1536x1536":false,"2048x2048":false,"mh-magazine-lite-slider":false,"mh-magazine-lite-content":false,"mh-magazine-lite-large":false,"mh-magazine-lite-medium":false,"mh-magazine-lite-small":false},"uagb_author_info":{"display_name":"thiago.silva","author_link":"https:\/\/blog.ufes.br\/thiagosilva\/author\/thiago_filipe-da-silva\/"},"uagb_comment_info":0,"uagb_excerpt":"A minha pesquisa se concentra nas \u00e1reas de Geometria Alg\u00e9brica e Teoria de Singularidades. O maior interesse \u00e9 encontrar descri\u00e7\u00f5es alg\u00e9bricas para a equisingularidade bi-Lipschitz [...]","_links":{"self":[{"href":"https:\/\/blog.ufes.br\/thiagosilva\/wp-json\/wp\/v2\/pages\/47","targetHints":{"allow":["GET"]}}],"collection":[{"href":"https:\/\/blog.ufes.br\/thiagosilva\/wp-json\/wp\/v2\/pages"}],"about":[{"href":"https:\/\/blog.ufes.br\/thiagosilva\/wp-json\/wp\/v2\/types\/page"}],"author":[{"embeddable":true,"href":"https:\/\/blog.ufes.br\/thiagosilva\/wp-json\/wp\/v2\/users\/339"}],"replies":[{"embeddable":true,"href":"https:\/\/blog.ufes.br\/thiagosilva\/wp-json\/wp\/v2\/comments?post=47"}],"version-history":[{"count":16,"href":"https:\/\/blog.ufes.br\/thiagosilva\/wp-json\/wp\/v2\/pages\/47\/revisions"}],"predecessor-version":[{"id":120,"href":"https:\/\/blog.ufes.br\/thiagosilva\/wp-json\/wp\/v2\/pages\/47\/revisions\/120"}],"wp:attachment":[{"href":"https:\/\/blog.ufes.br\/thiagosilva\/wp-json\/wp\/v2\/media?parent=47"}],"curies":[{"name":"wp","href":"https:\/\/api.w.org\/{rel}","templated":true}]}}