{"id":2,"date":"2013-05-21T20:36:58","date_gmt":"2013-05-21T20:36:58","guid":{"rendered":"http:\/\/blog.ufes.br\/ticeducacao\/?page_id=2"},"modified":"2013-05-23T14:12:54","modified_gmt":"2013-05-23T14:12:54","slug":"pagina-exemplo","status":"publish","type":"page","link":"https:\/\/blog.ufes.br\/ticeducacao\/pagina-exemplo\/","title":{"rendered":"\u201cComo o Brasil pode vencer os obst\u00e1culos educacionais atuais"},"content":{"rendered":"<p>O Brasil s\u00f3 vencer\u00e1 os obst\u00e1culos educacionais investindo nas escolas de base,\u00a0onde o volume de indiv\u00edduos desta nova gera\u00e7\u00e3o tem sido crescente e onde estas novas tecnologias de hardware as tecnologias de software s\u00e3o assimiladas e absorvidas com mais facilidade pela \u201cGera\u00e7\u00e3o Z\u201d (como\u00a0 \u00e9 chamada esta nova gera\u00e7\u00e3o) em constante evolu\u00e7\u00e3o humana. Mas para isso \u00e9 necess\u00e1rio que tamb\u00e9m se invista na compet\u00eancia dos professores em utilizar as \u201cTecnologias de Informa\u00e7\u00e3o e Comunica\u00e7\u00e3o na Educa\u00e7\u00e3o. \u201d A\u00a0 forma como o sistema Educacional incorpora as TICs contribui diretamente a diminui\u00e7\u00e3o da exclus\u00e3o digital e social. (Neiva Barbosa Ferreira \u2013 UFJF \u2013 NEAD)<\/p>\n","protected":false},"excerpt":{"rendered":"<p>O Brasil s\u00f3 vencer\u00e1 os obst\u00e1culos educacionais investindo nas escolas de base,\u00a0onde o volume de indiv\u00edduos desta nova gera\u00e7\u00e3o tem sido crescente e onde estas novas tecnologias de hardware as tecnologias de software s\u00e3o assimiladas e absorvidas com mais facilidade &hellip; <a href=\"https:\/\/blog.ufes.br\/ticeducacao\/pagina-exemplo\/\">Continue lendo <span class=\"meta-nav\">&rarr;<\/span><\/a><\/p>\n","protected":false},"author":136,"featured_media":0,"parent":0,"menu_order":0,"comment_status":"open","ping_status":"open","template":"","meta":{"_bbp_topic_count":0,"_bbp_reply_count":0,"_bbp_total_topic_count":0,"_bbp_total_reply_count":0,"_bbp_voice_count":0,"_bbp_anonymous_reply_count":0,"_bbp_topic_count_hidden":0,"_bbp_reply_count_hidden":0,"_bbp_forum_subforum_count":0,"_uag_custom_page_level_css":"","footnotes":""},"class_list":["post-2","page","type-page","status-publish","hentry"],"uagb_featured_image_src":{"full":false,"thumbnail":false,"medium":false,"medium_large":false,"large":false,"1536x1536":false,"2048x2048":false,"post-thumbnail":false,"large-feature":false,"small-feature":false},"uagb_author_info":{"display_name":"Elton de Moura Junior","author_link":"https:\/\/blog.ufes.br\/ticeducacao\/author\/elton-moura\/"},"uagb_comment_info":13,"uagb_excerpt":"O Brasil s\u00f3 vencer\u00e1 os obst\u00e1culos educacionais investindo nas escolas de base,\u00a0onde o volume de indiv\u00edduos desta nova gera\u00e7\u00e3o tem sido crescente e onde estas novas tecnologias de hardware as tecnologias de software s\u00e3o assimiladas e absorvidas com mais facilidade &hellip; Continue lendo &rarr;","_links":{"self":[{"href":"https:\/\/blog.ufes.br\/ticeducacao\/wp-json\/wp\/v2\/pages\/2","targetHints":{"allow":["GET"]}}],"collection":[{"href":"https:\/\/blog.ufes.br\/ticeducacao\/wp-json\/wp\/v2\/pages"}],"about":[{"href":"https:\/\/blog.ufes.br\/ticeducacao\/wp-json\/wp\/v2\/types\/page"}],"author":[{"embeddable":true,"href":"https:\/\/blog.ufes.br\/ticeducacao\/wp-json\/wp\/v2\/users\/136"}],"replies":[{"embeddable":true,"href":"https:\/\/blog.ufes.br\/ticeducacao\/wp-json\/wp\/v2\/comments?post=2"}],"version-history":[{"count":6,"href":"https:\/\/blog.ufes.br\/ticeducacao\/wp-json\/wp\/v2\/pages\/2\/revisions"}],"predecessor-version":[{"id":6,"href":"https:\/\/blog.ufes.br\/ticeducacao\/wp-json\/wp\/v2\/pages\/2\/revisions\/6"}],"wp:attachment":[{"href":"https:\/\/blog.ufes.br\/ticeducacao\/wp-json\/wp\/v2\/media?parent=2"}],"curies":[{"name":"wp","href":"https:\/\/api.w.org\/{rel}","templated":true}]}}