{"id":49,"date":"2020-12-29T22:01:25","date_gmt":"2020-12-30T01:01:25","guid":{"rendered":"http:\/\/blog.ufes.br\/valdineicardoso\/?page_id=49"},"modified":"2020-12-29T22:59:00","modified_gmt":"2020-12-30T01:59:00","slug":"ensino","status":"publish","type":"page","link":"https:\/\/blog.ufes.br\/valdineicardoso\/","title":{"rendered":"Ensino"},"content":{"rendered":"\n<p>Projetos de Ensino coordenados<\/p>\n\n\n\n<figure class=\"wp-block-table\"><table><tbody><tr><td>2019<\/td><td>A Modelagem Matem\u00e1tica na Educa\u00e7\u00e3o Matem\u00e1tica como um caminho para ensinar e aprender Matem\u00e1tica B\u00e1sica<\/td><\/tr><tr><td><\/td><td>Descri\u00e7\u00e3o: Visa proporcionar aos envolvidos a oportunidade de compreender alguns conceitos matem\u00e1ticos necess\u00e1rios para o sucesso nos cursos de Licenciatura em F\u00edsica e Licenciatura em Matem\u00e1tica, por meio da elabora\u00e7\u00e3o e da resolu\u00e7\u00e3o de atividades de modelagem matem\u00e1tica, envolvendo temas de interesse dos estudantes envolvidos.<br><br>Situa\u00e7\u00e3o: Em andamento <br>Natureza: Projeto de ensino<br><br>\u00c9 um projeto em coopera\u00e7\u00e3o com: Institui\u00e7\u00e3o de Ensino.<br>O projeto possui a\u00e7\u00f5es inovadoras no(a): Gradua\u00e7\u00e3o.<br>Em rela\u00e7\u00e3o a tem\u00e1tica: Ensino e aprendizagem.<br>Objetivos e metas: Diminuir a reten\u00e7\u00e3o e a desist\u00eancia de estudantes, dos cursos de Licenciatura em Matem\u00e1tica e Licenciatura em F\u00edsica do CEUNES\/UFES nas disciplinas de Fundamentos de Matem\u00e1tica, T\u00f3picos de Matem\u00e1tica, C\u00e1lculo I, Geometria Anal\u00edtica e \u00c1lgebra Linear.<br>Alunos envolvidos: Ensino Fundamental (1\u00ba grau) (30); Ensino M\u00e9dio (2\u00ba grau) (30); Gradua\u00e7\u00e3o (10);<br>Integrantes: Valdinei Cezar Cardoso (Respons\u00e1vel); ;<\/td><\/tr><tr><td>2020-atual<\/td><td>M-Learing e Matem\u00e1tica: Aproximando a Universidade dos Estudantes<\/td><\/tr><tr><td><\/td><td>Situa\u00e7\u00e3o: Em andamento <br>Natureza: Projeto de ensino<br><br>\u00c9 um projeto em coopera\u00e7\u00e3o com: Institui\u00e7\u00e3o de Ensino.<br>O projeto possui a\u00e7\u00f5es inovadoras no(a): Gradua\u00e7\u00e3o.<br>Em rela\u00e7\u00e3o a tem\u00e1tica: Ensino e aprendizagem.<br>Objetivos e metas: Oferecimento de Monitoria via Whatsapp para estudantes de gradua\u00e7\u00e3o<br>Integrantes: Valdinei Cezar Cardoso (Respons\u00e1vel); ;<\/td><\/tr><\/tbody><\/table><\/figure>\n\n\n\n<p>Disciplinas ministradas<\/p>\n\n\n\n<p>2020 &#8211; Semestre 2<\/p>\n\n\n\n<p>DMA06968 &#8211; GEOMETRIA ANAL\u00cdTICA<br>DMA11162 &#8211; OFICINAS DE ENSINO-APRENDIZAGEM DA MATEM\u00c1TICA<br>DMA13760 &#8211; PCC2 &#8211; METODOLOGIA DE PESQUISA EDUCACIONAL<br>PGEB1062 &#8211; DID\u00c1TICA DA MATEM\u00c1TICA FRANCESA<br>\/\/<br>2020 &#8211; Semestre 1<\/p>\n\n\n\n<p>DMA10853 &#8211; INSTRUMENTA\u00c7\u00c3O PARA O ENSINO DA MATEM\u00c1TICA<br>DMA05698 &#8211; LABORAT\u00d3RIO DE MATEM\u00c1TICA<br>PGEB1061 &#8211; EDUCA\u00c7\u00c3O MATEM\u00c1TICA E TECNOLOGIAS DIGITAIS<br>PGEB1056 &#8211; ESTUDOS INDEPENDENTES<br>PGEB1035 &#8211; PROJETOS DE DISSERTA\u00c7\u00c3O I<br>\/\/<br>2019 &#8211; Semestre 2<\/p>\n\n\n\n<p>DMA11162 &#8211; OFICINAS DE ENSINO-APRENDIZAGEM DA MATEM\u00c1TICA<br>DMA13760 &#8211; PCC2 &#8211; METODOLOGIA DE PESQUISA EDUCACIONAL<br>\/\/<br>2019 &#8211; Semestre 1<\/p>\n\n\n\n<p>DMA06962 &#8211; C\u00c1LCULO I<br>DMA09925 &#8211; LABORAT\u00d3RIO DE MATEM\u00c1TICA<br>DMA13757 &#8211; PCC1 &#8211; PROJETO DE NIVELAMENTO DE MATEM\u00c1TICA NO ENSINO FUNDAMENTAL<br>\/\/<br>2018 &#8211; Semestre 2<\/p>\n\n\n\n<p>DMA10122 &#8211; L\u00d3GICA<br>DMA10123 &#8211; FUNDAMENTOS DE MATEM\u00c1TICA<br>DMA11162 &#8211; OFICINAS DE ENSINO-APRENDIZAGEM DA MATEM\u00c1TICA<br>\/\/<br>2018 &#8211; Semestre 1<\/p>\n\n\n\n<p>DMA06962 &#8211; C\u00c1LCULO I<br>DMA09925 &#8211; LABORAT\u00d3RIO DE MATEM\u00c1TICA<\/p>\n\n\n\n<p>\/\/<br>2017 &#8211; Semestre 2<\/p>\n\n\n\n<p>DMA06968 &#8211; GEOMETRIA ANAL\u00cdTICA<br>DMA10123 &#8211; FUNDAMENTOS DE MATEM\u00c1TICA<\/p>\n","protected":false},"excerpt":{"rendered":"<div class=\"mh-excerpt\"><p>Projetos de Ensino coordenados 2019 A Modelagem Matem\u00e1tica na Educa\u00e7\u00e3o Matem\u00e1tica como um caminho para ensinar e aprender Matem\u00e1tica B\u00e1sica Descri\u00e7\u00e3o: Visa proporcionar aos envolvidos <a class=\"mh-excerpt-more\" href=\"https:\/\/blog.ufes.br\/valdineicardoso\/\" title=\"Ensino\">[&#8230;]<\/a><\/p>\n<\/div>","protected":false},"author":326,"featured_media":0,"parent":0,"menu_order":0,"comment_status":"closed","ping_status":"closed","template":"","meta":{"_bbp_topic_count":0,"_bbp_reply_count":0,"_bbp_total_topic_count":0,"_bbp_total_reply_count":0,"_bbp_voice_count":0,"_bbp_anonymous_reply_count":0,"_bbp_topic_count_hidden":0,"_bbp_reply_count_hidden":0,"_bbp_forum_subforum_count":0,"_uag_custom_page_level_css":"","footnotes":""},"class_list":["post-49","page","type-page","status-publish","hentry"],"uagb_featured_image_src":{"full":false,"thumbnail":false,"medium":false,"medium_large":false,"large":false,"1536x1536":false,"2048x2048":false,"mh-magazine-lite-slider":false,"mh-magazine-lite-content":false,"mh-magazine-lite-large":false,"mh-magazine-lite-medium":false,"mh-magazine-lite-small":false},"uagb_author_info":{"display_name":"valdinei.cardoso","author_link":"https:\/\/blog.ufes.br\/valdineicardoso\/author\/valdinei-cardoso\/"},"uagb_comment_info":0,"uagb_excerpt":"Projetos de Ensino coordenados 2019 A Modelagem Matem\u00e1tica na Educa\u00e7\u00e3o Matem\u00e1tica como um caminho para ensinar e aprender Matem\u00e1tica B\u00e1sica Descri\u00e7\u00e3o: Visa proporcionar aos envolvidos [...]","_links":{"self":[{"href":"https:\/\/blog.ufes.br\/valdineicardoso\/wp-json\/wp\/v2\/pages\/49","targetHints":{"allow":["GET"]}}],"collection":[{"href":"https:\/\/blog.ufes.br\/valdineicardoso\/wp-json\/wp\/v2\/pages"}],"about":[{"href":"https:\/\/blog.ufes.br\/valdineicardoso\/wp-json\/wp\/v2\/types\/page"}],"author":[{"embeddable":true,"href":"https:\/\/blog.ufes.br\/valdineicardoso\/wp-json\/wp\/v2\/users\/326"}],"replies":[{"embeddable":true,"href":"https:\/\/blog.ufes.br\/valdineicardoso\/wp-json\/wp\/v2\/comments?post=49"}],"version-history":[{"count":2,"href":"https:\/\/blog.ufes.br\/valdineicardoso\/wp-json\/wp\/v2\/pages\/49\/revisions"}],"predecessor-version":[{"id":68,"href":"https:\/\/blog.ufes.br\/valdineicardoso\/wp-json\/wp\/v2\/pages\/49\/revisions\/68"}],"wp:attachment":[{"href":"https:\/\/blog.ufes.br\/valdineicardoso\/wp-json\/wp\/v2\/media?parent=49"}],"curies":[{"name":"wp","href":"https:\/\/api.w.org\/{rel}","templated":true}]}}